{"id":33011,"date":"2022-10-25T18:02:46","date_gmt":"2022-10-25T10:02:46","guid":{"rendered":"https:\/\/pandamech.com\/product\/banana-tanker-trailer-for-sale"},"modified":"2025-11-10T18:06:52","modified_gmt":"2025-11-10T10:06:52","slug":"banana-tanker-trailer-for-sale","status":"publish","type":"product","link":"https:\/\/www.pandamech.com\/france\/product\/banana-tanker-trailer-for-sale\/","title":{"rendered":"3 Axle Banana Tanker Trailer For Sale"},"content":{"rendered":"<p>La remorque en ciment est \u00e9galement appel\u00e9e <span style=\"color: #0000ff;\"><a style=\"color: #0000ff;\" href=\"https:\/\/www.pandamech.com\/france\/product\/bulk-powder-tanker-p00149p1-html\/\" target=\"_blank\" rel=\"noopener\">camion-citerne \u00e0 poudre<\/a><\/span>, La remorque porteuse de ciment. Elle est utilis\u00e9e pour \u00e9conomiser beaucoup de mat\u00e9riaux d'emballage et de co\u00fbts de main-d'\u0153uvre (avant l'invention de la remorque porteuse de ciment, elle \u00e9tait utilis\u00e9e pour la construction de ciment en sacs). On voit souvent dans les entrep\u00f4ts de ciment, les chantiers de construction, les cimenteries des remorques \u00e0 ciment en forme de banane.<\/p>\n<p>La remorque-citerne \u00e0 ciment est compos\u00e9e d'un ch\u00e2ssis sp\u00e9cial, d'un r\u00e9servoir, d'un syst\u00e8me de tuyauterie, d'un syst\u00e8me de d\u00e9charge et d'un syst\u00e8me de d\u00e9placement. <span style=\"color: #0000ff;\"><a style=\"color: #0000ff;\" href=\"https:\/\/www.pandamech.com\/product\/3-axle-55-ton-cement-bulker-trailer\/\" target=\"_blank\" rel=\"noopener\">remorques \u00e0 ciment<\/a><\/span> avec des capacit\u00e9s diff\u00e9rentes.<\/p>\n<h2>Vid\u00e9o de la remorque du camion-citerne \u00e0 bananes<\/h2>\n<p><iframe title=\"Lecteur vid\u00e9o YouTube\" src=\"https:\/\/www.youtube.com\/embed\/WKV9Z7bKZ8o\" width=\"800\" height=\"533\" frameborder=\"0\" allowfullscreen=\"allowfullscreen\"><\/iframe><\/p>\n<h2>Caract\u00e9ristiques de la remorque-citerne \u00e0 bananes<\/h2>\n<ul>\n<li>1. <a class=\"wpil_keyword_link\" title=\"Remorque de ciment\" href=\"https:\/\/www.pandamech.com\/france\/category\/pneumatic-trailer\/cement-tanker\/\" target=\"_blank\" rel=\"noopener\" data-wpil-keyword-link=\"linked\">Remorque de ciment<\/a> Le r\u00e9servoir est fabriqu\u00e9 en acier r\u00e9sistant \u00e0 l'usure, ce qui lui conf\u00e8re une dur\u00e9e de vie plus longue que les mat\u00e9riaux ordinaires.<\/li>\n<li>2. Il est tr\u00e8s important de proc\u00e9der \u00e0 des essais stricts de soudage, d'\u00e9tanch\u00e9it\u00e9 \u00e0 l'air et de fuite d'air du r\u00e9servoir.<\/li>\n<li>3. Le compresseur d'air est s\u00e9lectionn\u00e9 parmi les marques Weichai, Fuda et d'autres marques r\u00e9put\u00e9es dans le pays et \u00e0 l'\u00e9tranger afin de garantir sa durabilit\u00e9.<\/li>\n<li>4. Le syst\u00e8me de tuyauterie est \u00e9quip\u00e9 d'une soufflerie raisonnable et d'un dispositif anti-usure, de sorte que le processus de d\u00e9chargement est plus fluide et plus rapide.<\/li>\n<\/ul>\n<p style=\"text-align: center;\"><a class=\"product_button\" href=\"#elementor-action%3Aaction%3Dpopup%3Aopen%26settings%3DeyJpZCI6Ijk5MDciLCJ0b2dnbGUiOmZhbHNlfQ%3D%3D\">Cliquez pour plus de d\u00e9tails<\/a><\/p>\n<h2>Sp\u00e9cification de la remorque-citerne \u00e0 bananes<\/h2>\n<table style=\"width: 800px;\" border=\"1\" cellspacing=\"1\" cellpadding=\"1\">\n<tbody>\n<tr>\n<td width=\"221\" height=\"40\">Marque<\/td>\n<td width=\"515\">PANDA Mech banana tank truck trailer<\/td>\n<\/tr>\n<tr>\n<td width=\"221\" height=\"40\">Moteur<\/td>\n<td width=\"515\">WeiCai Deutz diesel moto<\/td>\n<\/tr>\n<tr>\n<td width=\"221\" height=\"40\">Compresseur<\/td>\n<td width=\"515\">SK 12m3<\/td>\n<\/tr>\n<tr>\n<td width=\"221\" height=\"40\">Couvercle de trou d'homme<\/td>\n<td width=\"515\">2 \u00e0 4 ensembles de 300 mm de diam\u00e8tre<\/td>\n<\/tr>\n<tr>\n<td width=\"221\" height=\"40\">Soupape de d\u00e9charge<\/td>\n<td width=\"515\">Valve \u00e0 disque de 4\u2033 (4\u2033 disc valve)<\/td>\n<\/tr>\n<tr>\n<td width=\"221\" height=\"40\">Mat\u00e9riau du r\u00e9servoir<\/td>\n<td width=\"515\">Acier \u00e0 haute r\u00e9sistance de 5 ou 6 mm<\/td>\n<\/tr>\n<tr>\n<td width=\"221\" height=\"40\">Structure<\/td>\n<td width=\"515\">Q330 acier \u00e0 haute teneur en carbone<\/td>\n<\/tr>\n<tr>\n<td width=\"221\" height=\"40\">Train d'atterrissage<\/td>\n<td width=\"515\">JOST 28T<\/td>\n<\/tr>\n<tr>\n<td width=\"221\" height=\"40\">Suspension<\/td>\n<td width=\"515\">Suspension m\u00e9canique ou suspension pneumatique<\/td>\n<\/tr>\n<tr>\n<td width=\"221\" height=\"40\">Essieu<\/td>\n<td width=\"515\">Essieu 2\/3\/4, essieux 13,16,20 tonnes, BPW ou SAF<\/td>\n<\/tr>\n<tr>\n<td width=\"221\" height=\"40\">Pneu<\/td>\n<td width=\"515\">12R22.5, 385\/65R22.5, 13R22.5, 12.00R24, 315\/80R22.5<\/td>\n<\/tr>\n<tr>\n<td width=\"221\" height=\"40\">Goupille royale<\/td>\n<td width=\"515\">JOST 2\u2033 ou 3.5 type d\u00e9tachable<\/td>\n<\/tr>\n<\/tbody>\n<\/table>\n<p style=\"text-align: center;\"><a class=\"product_button\" href=\"#elementor-action%3Aaction%3Dpopup%3Aopen%26settings%3DeyJpZCI6Ijk5MDciLCJ0b2dnbGUiOmZhbHNlfQ%3D%3D\">Cliquez pour plus de d\u00e9tails<\/a><\/p>\n<h2>Dessin d'une remorque-citerne \u00e0 bananes<\/h2>\n<p><img decoding=\"async\" class=\"alignnone size-full\" src=\"https:\/\/pandamech.com\/wp-content\/uploads\/2022\/06\/50-ton-cement-bulk-trailer-for-sale.jpg\" alt=\"dessin d&#039;un vraquier de ciment\" title=\"\"><\/p>\n<h2>2 Axle banana tanker trailer images<\/h2>\n<p><img fetchpriority=\"high\" decoding=\"async\" class=\"alignnone\" src=\"https:\/\/pandamech.com\/wp-content\/uploads\/2022\/10\/25cbm-2axle-bulker-7.jpg\" alt=\"Remorque de transport de ciment \u00e0 2 essieux en forme de banane pour la vente Indon\u00e9sie\" width=\"750\" height=\"400\" title=\"\"><\/p>\n<p>Remorque-citerne \u00e0 poudre en forme de banane \u00e0 2 essieux<\/p>\n<p><img decoding=\"async\" class=\"alignnone size-full\" src=\"https:\/\/pandamech.com\/wp-content\/uploads\/2022\/10\/25cbm-2axle-bulker-8.jpg\" alt=\"Remorque \u00e0 ciment \u00e0 2 essieux \u00e0 vendre\" title=\"\"><\/p>\n<p>Remorque banane 2 essieux \u00e0 vendre<\/p>\n<h2>3 Axle banana tanker trailer images<\/h2>\n<p><img decoding=\"async\" class=\"alignnone\" src=\"https:\/\/pandamech.com\/wp-content\/uploads\/2021\/08\/8-107.jpg\" alt=\"Citerne \u00e0 ciment en forme de banane \u00e0 vendre Indon\u00e9sie\" width=\"750\" title=\"\"><\/p>\n<p>Fournisseur de camion-citerne banane \u00e0 3 essieux<\/p>\n<p><img decoding=\"async\" class=\"alignnone size-full\" src=\"https:\/\/pandamech.com\/wp-content\/uploads\/2021\/08\/7-127.jpg\" alt=\"transporteur de vrac sec de type banane \u00e0 vendre\" width=\"750\" title=\"\"><\/p>\n<p>Fabricant de camions-citernes \u00e0 bananes \u00e0 3 essieux<\/p>\n<h2>4 Axle banana tanker trailer images<\/h2>\n<p><img decoding=\"async\" class=\"alignnone\" src=\"https:\/\/pandamech.com\/wp-content\/uploads\/2022\/10\/4axle-bulk-trailer-9.jpg\" alt=\"Remorque de camion de ciment \u00e0 4 essieux fabricant Indon\u00e9sie\" width=\"750\" height=\"400\" title=\"\"><\/p>\n<p>Remorque banane 4 essieux \u00e0 vendre<\/p>\n<p><img decoding=\"async\" class=\"alignnone size-full\" src=\"https:\/\/pandamech.com\/wp-content\/uploads\/2022\/10\/4axle-bulk-trailer-10.jpg\" alt=\"Fournisseur de remorques \u00e0 4 essieux pour le transport du ciment\" title=\"\"><\/p>\n<p>Fabricant de remorques banane \u00e0 4 essieux<\/p>\n<p>En rapport : <span style=\"color: #0000ff;\"><a style=\"color: #0000ff;\" href=\"https:\/\/www.pandamech.com\/france\/product\/2-axle-30-ton-bulk-cement-tanker-trailer\/\" target=\"_blank\" rel=\"noopener\">Bulker \u00e0 ciment de 30 tonnes<\/a><\/span>, <span style=\"color: #0000ff;\"><a style=\"color: #0000ff;\" href=\"https:\/\/www.pandamech.com\/france\/product\/58-60m3-bulk-cement-tanker\/\" target=\"_blank\" rel=\"noopener\">Remorque \u00e0 ciment de 70 tonnes<\/a><\/span><\/p>\n<p style=\"text-align: center;\"><a class=\"product_button\" href=\"#elementor-action%3Aaction%3Dpopup%3Aopen%26settings%3DeyJpZCI6Ijk5MDciLCJ0b2dnbGUiOmZhbHNlfQ%3D%3D\">Obtenir un devis imm\u00e9diat<\/a><\/p>\n<h2>Transport maritime d'une remorque-citerne \u00e0 bananes<\/h2>\n<p>Nous commandons le Freightliner \u00e0 l'avance, avant que la production ne soit achev\u00e9e, et proc\u00e9dons \u00e0 une inspection une fois la production achev\u00e9e. La remorque-citerne \u00e0 bananes inspect\u00e9e vous sera exp\u00e9di\u00e9e dans les d\u00e9lais les plus brefs.<\/p>\n<p>Afin d'\u00e9viter que la peinture de la remorque-citerne \u00e0 bananes ne soit corrod\u00e9e par l'eau de mer, nous pulv\u00e9risons une couche de cire sur la surface de la remorque-citerne \u00e0 bananes avant le transport.<\/p>\n<p>Nous envelopperons tous les moteurs diesel de la remorque banane d'un tissu imperm\u00e9able.<\/p>\n<p><img decoding=\"async\" class=\"alignnone size-full wp-image-33093\" src=\"https:\/\/pandamech.com\/wp-content\/uploads\/2022\/10\/cement-trailer-3-1.jpg\" alt=\"transport de ciment par camion-citerne\" width=\"750\" height=\"400\" title=\"\"><\/p>\n<p style=\"text-align: center;\"><a class=\"product_button\" href=\"#elementor-action%3Aaction%3Dpopup%3Aopen%26settings%3DeyJpZCI6Ijk5MDciLCJ0b2dnbGUiOmZhbHNlfQ%3D%3D\">Obtenir un devis imm\u00e9diat<\/a><\/p>\n<h2>Panda Mech<\/h2>\n<p>Panda Mech est un fabricant chinois de remorques-citernes \u00e0 bananes. Nous fournissons des remorques bananes \u00e0 vendre. Les fabricants de Panda Mech ont connu le succ\u00e8s en Asie du Sud-Est, au Moyen-Orient, en Afrique et en Am\u00e9rique du Sud, notamment aux Philippines, en Tanzanie, etc...<\/p>\n<p><a href=\"https:\/\/www.pandamech.com\/france\/contact-us\/\" target=\"_blank\" rel=\"noopener\"><img loading=\"lazy\" decoding=\"async\" class=\"alignnone\" src=\"https:\/\/pandamech.com\/wp-content\/uploads\/2021\/08\/quotation.jpg\" alt=\"remorque banani\u00e8re Indon\u00e9sie devis\" width=\"864\" height=\"213\" title=\"\"><\/a><\/p>","protected":false},"excerpt":{"rendered":"<p>Type : camion-citerne en forme de banane<\/p>\n<p>Gamme de prix : $16 900-32 500<\/p>\n<p>D\u00e9lai de livraison : 7-25 jours<\/p>\n<p>D\u00e9chargement plus rapide : &gt;1,5 tonne\/min<\/p>\n<p>Application : transport de ciment, de particules de PVC, de cendres volantes, de mat\u00e9riaux granulaires, etc.<\/p>","protected":false},"featured_media":58323,"template":"","meta":{"_acf_changed":false,"_kad_blocks_custom_css":"","_kad_blocks_head_custom_js":"","_kad_blocks_body_custom_js":"","_kad_blocks_footer_custom_js":"","_kad_post_transparent":"default","_kad_post_title":"","_kad_post_layout":"default","_kad_post_sidebar_id":"","_kad_post_content_style":"default","_kad_post_vertical_padding":"default","_kad_post_feature":"","_kad_post_feature_position":"","_kad_post_header":false,"_kad_post_footer":false,"_kad_post_classname":""},"product_brand":[],"product_cat":[101],"product_tag":[],"class_list":{"0":"post-33011","1":"product","2":"type-product","3":"status-publish","4":"has-post-thumbnail","6":"product_cat-cement-tanker","8":"first","9":"instock","10":"sold-individually","11":"shipping-taxable","12":"purchasable","13":"product-type-simple","14":"entry","15":"content-bg","16":"loop-entry"},"acf":[],"taxonomy_info":{"product_cat":[{"value":101,"label":"Cement Tanker For Sale"}]},"featured_image_src_large":["https:\/\/www.pandamech.com\/wp-content\/uploads\/2022\/10\/bulk-cement-trailer-3-500x500.jpg",500,500,true],"author_info":[],"comment_info":"","_links":{"self":[{"href":"https:\/\/www.pandamech.com\/france\/wp-json\/wp\/v2\/product\/33011","targetHints":{"allow":["GET"]}}],"collection":[{"href":"https:\/\/www.pandamech.com\/france\/wp-json\/wp\/v2\/product"}],"about":[{"href":"https:\/\/www.pandamech.com\/france\/wp-json\/wp\/v2\/types\/product"}],"version-history":[{"count":1,"href":"https:\/\/www.pandamech.com\/france\/wp-json\/wp\/v2\/product\/33011\/revisions"}],"predecessor-version":[{"id":91284,"href":"https:\/\/www.pandamech.com\/france\/wp-json\/wp\/v2\/product\/33011\/revisions\/91284"}],"wp:featuredmedia":[{"embeddable":true,"href":"https:\/\/www.pandamech.com\/france\/wp-json\/wp\/v2\/media\/58323"}],"wp:attachment":[{"href":"https:\/\/www.pandamech.com\/france\/wp-json\/wp\/v2\/media?parent=33011"}],"wp:term":[{"taxonomy":"product_brand","embeddable":true,"href":"https:\/\/www.pandamech.com\/france\/wp-json\/wp\/v2\/product_brand?post=33011"},{"taxonomy":"product_cat","embeddable":true,"href":"https:\/\/www.pandamech.com\/france\/wp-json\/wp\/v2\/product_cat?post=33011"},{"taxonomy":"product_tag","embeddable":true,"href":"https:\/\/www.pandamech.com\/france\/wp-json\/wp\/v2\/product_tag?post=33011"}],"curies":[{"name":"wp","href":"https:\/\/api.w.org\/{rel}","templated":true}]}}