{"id":32711,"date":"2022-10-18T17:52:10","date_gmt":"2022-10-18T09:52:10","guid":{"rendered":"https:\/\/pandamech.com\/product\/40-ton-drop-side-wall-semi-trailer"},"modified":"2025-08-23T01:07:29","modified_gmt":"2025-08-22T17:07:29","slug":"40-ton-drop-side-wall-semi-trailer","status":"publish","type":"product","link":"https:\/\/www.pandamech.com\/france\/product\/40-ton-drop-side-wall-semi-trailer\/","title":{"rendered":"Semi-remorque \u00e0 parois lat\u00e9rales tombantes de 40 tonnes"},"content":{"rendered":"<p>La remorque \u00e0 parois lat\u00e9rales PANDA a un large \u00e9ventail d'utilisations, conteneurs, cargaisons en vrac, y compris les sacs de ciment, les sacs agricoles, les tuiles, les sacs g\u00e9ants, les bobines d'acier, etc.<\/p>\n<p>La capacit\u00e9 de charge du PANDA <a href=\"https:\/\/www.pandamech.com\/france\/category\/cargo-trailer\/side-wall-trailer\/\" target=\"_blank\" rel=\"noopener\"><span style=\"color: #0000ff;\">remorques \u00e0 parois lat\u00e9rales<\/span><\/a> sont relativement robustes, le mod\u00e8le normal peut atteindre environ 70 tonnes, ce qui permet de charger facilement une cargaison.<\/p>\n<h2>Caract\u00e9ristiques de la remorque \u00e0 parois lat\u00e9rales abaiss\u00e9es de 40 tonnes<\/h2>\n<ul>\n<li>1. la plupart des gens choisissent <a href=\"https:\/\/www.pandamech.com\/france\/product\/3-axle-40ft-dropside-flatbed-trailers\/\" target=\"_blank\" rel=\"noopener\"><span style=\"color: #0000ff;\">Remorque de 40 pieds \u00e0 ridelles<\/span><\/a>, mais la taille peut \u00eatre personnalis\u00e9e en fonction de vos besoins.<\/li>\n<li>2. L'\u00e9paisseur du d\u00e9flecteur lat\u00e9ral peut \u00eatre comprise entre 600 et 1000 mm.<\/li>\n<li>3. le nombre d'essieux peut \u00eatre de 2\/3\/4 essieux pour le chargement de diff\u00e9rents poids de cargaison.<\/li>\n<li>4. Le corps est en acier \u00e0 haute r\u00e9sistance.<\/li>\n<li>5. Utilisation flexible, plus adapt\u00e9e aux entreprises de logistique.<\/li>\n<\/ul>\n<p style=\"text-align: center;\"><a class=\"product_button\" href=\"#elementor-action%3Aaction%3Dpopup%3Aopen%26settings%3DeyJpZCI6Ijk5MDciLCJ0b2dnbGUiOmZhbHNlfQ%3D%3D\">Cliquez pour plus de d\u00e9tails<\/a><\/p>\n<h2>Sp\u00e9cifications de la remorque \u00e0 parois lat\u00e9rales abaiss\u00e9es de 40 tonnes<\/h2>\n<table style=\"width: 800px;\" border=\"1\" cellspacing=\"1\" cellpadding=\"1\">\n<tbody>\n<tr>\n<td width=\"216\" height=\"36\">Fabricant<\/td>\n<td width=\"493\">Remorque Panda Mech \u00e0 plateau et \u00e0 parois lat\u00e9rales<\/td>\n<\/tr>\n<tr>\n<td height=\"36\">Poutre principale<\/td>\n<td width=\"493\">Acier Q345 ; la plaque centrale est de 8 mm ; la plaque inf\u00e9rieure est de 16 mm.<\/td>\n<\/tr>\n<tr>\n<td height=\"36\">Faisceau lat\u00e9ral<\/td>\n<td width=\"493\">16# acier \u00e0 cannelures<\/td>\n<\/tr>\n<tr>\n<td height=\"36\">Goupille royale<\/td>\n<td width=\"493\">2 ou 3,5 broches de traction<\/td>\n<\/tr>\n<tr>\n<td height=\"36\">Plancher<\/td>\n<td width=\"493\">Plaque d'acier diamant\u00e9e de 3 mm<\/td>\n<\/tr>\n<tr>\n<td height=\"36\">Suspension<\/td>\n<td width=\"493\">Suspension m\u00e9canique ou pneumatique<\/td>\n<\/tr>\n<tr>\n<td height=\"36\">Essieu<\/td>\n<td width=\"493\">3 essieux Fuwa Brand<\/td>\n<\/tr>\n<tr>\n<td height=\"36\">Jante de roue<\/td>\n<td width=\"493\">Jante en acier 9.0-22.5<\/td>\n<\/tr>\n<tr>\n<td height=\"36\">Pneu<\/td>\n<td width=\"493\">Spe:12R22.5 ; Nombre de pneus:12 pi\u00e8ces<\/td>\n<\/tr>\n<tr>\n<td height=\"36\">Valve de frein<\/td>\n<td width=\"493\">Marque KTL\/WEBCO<\/td>\n<\/tr>\n<tr>\n<td height=\"36\">Lumi\u00e8re<\/td>\n<td width=\"493\">Feu arri\u00e8re avec clignotant, feu stop, feu lat\u00e9ral, etc.<\/td>\n<\/tr>\n<tr>\n<td height=\"36\">Engrenage principal<\/td>\n<td width=\"493\">28T Man\u0153uvre manuelle, Train d'atterrissage renforc\u00e9<\/td>\n<\/tr>\n<\/tbody>\n<\/table>\n<p style=\"text-align: center;\"><a class=\"product_button\" href=\"#elementor-action%3Aaction%3Dpopup%3Aopen%26settings%3DeyJpZCI6Ijk5MDciLCJ0b2dnbGUiOmZhbHNlfQ%3D%3D\">Obtenir un devis imm\u00e9diat<\/a><\/p>\n<h2>Dessin d'une remorque de 40 tonnes \u00e0 parois lat\u00e9rales abaiss\u00e9es<\/h2>\n<p><img decoding=\"async\" class=\"alignnone size-full\" src=\"https:\/\/pandamech.com\/wp-content\/uploads\/2022\/06\/40ft-dropside-trailers-drawing.jpg\" alt=\"Dessin d&#039;une remorque cargo de 40 pieds \u00e0 parois lat\u00e9rales\" title=\"\"><\/p>\n<p>Dessin d'une remorque de camion \u00e0 plateau de 40 pieds<\/p>\n<h2>Application pour remorque \u00e0 parois lat\u00e9rales abaiss\u00e9es de 40 tonnes<\/h2>\n<p>La remorque de transport \u00e0 ridelles est g\u00e9n\u00e9ralement utilis\u00e9e pour le transport de marchandises en vrac. Elle est principalement utilis\u00e9e pour les transports longue distance. En g\u00e9n\u00e9ral, la remorque de transport \u00e0 parois lat\u00e9rales avec une petite porte peut transporter de 30 \u00e0 80 tonnes.<\/p>\n<p>S'il s'agit d'une grande quantit\u00e9 de transport ou de besoins diff\u00e9rents, nous pouvons la personnaliser ou mettre en place une remorque plate-forme pour certains v\u00e9hicules d\u00e9form\u00e9s.<\/p>\n<h2>40 Ton drop side wall trailer images<\/h2>\n<p><img decoding=\"async\" class=\"alignnone size-full\" src=\"https:\/\/pandamech.com\/wp-content\/uploads\/2022\/10\/dropside-trailer-7.jpg\" alt=\"Remorque cargo \u00e0 3 essieux\" title=\"\"><\/p>\n<p>Fabricant de remorques de transport de marchandises 40t \u00e0 parois lat\u00e9rales<\/p>\n<p><img decoding=\"async\" class=\"alignnone size-full\" src=\"https:\/\/pandamech.com\/wp-content\/uploads\/2022\/10\/dropside-trailer-8.jpg\" alt=\"Semi-remorque \u00e0 trois essieux \u00e0 parois lat\u00e9rales \u00e0 vendre\" title=\"\"><\/p>\n<p>Fournisseur de semi-remorques hogh sideboard<\/p>\n<p><img decoding=\"async\" class=\"alignnone size-full\" src=\"https:\/\/pandamech.com\/wp-content\/uploads\/2022\/10\/dropside-trailer-9.jpg\" alt=\"fabricant de remorques plates-formes \u00e0 ridelles\" title=\"\"><\/p>\n<p>tandem axle 40t side wall bulk cargo trailer for sale - <span style=\"color: #0000ff;\"><a style=\"color: #0000ff;\" href=\"https:\/\/www.pandamech.com\/france\/product\/60-ton-drop-side-wall-trailer\/\" target=\"_blank\" rel=\"noopener\">Remorque \u00e0 parois lat\u00e9rales de 60 tonnes<\/a><\/span><\/p>\n<p>En rapport : <span style=\"color: #0000ff;\"><a style=\"color: #0000ff;\" href=\"https:\/\/www.pandamech.com\/france\/category\/tipper-trailer\/side-tipper\/\" target=\"_blank\" rel=\"noopener\">benne lat\u00e9rale<\/a><\/span>, <a href=\"https:\/\/www.pandamech.com\/france\/category\/tipper-trailer\/semi-dump-trailer\/\" target=\"_blank\" rel=\"noopener\"><span style=\"color: #0000ff;\">camion \u00e0 benne basculante remorque<\/span><\/a><\/p>\n<p style=\"text-align: center;\"><a class=\"product_button\" href=\"#elementor-action%3Aaction%3Dpopup%3Aopen%26settings%3DeyJpZCI6Ijk5MDciLCJ0b2dnbGUiOmZhbHNlfQ%3D%3D\">Obtenir un devis imm\u00e9diat<\/a><\/p>\n<h2>Panda Mech<\/h2>\n<p>Nous sommes un fabricant chinois de remorques \u00e0 parois lat\u00e9rales tombantes de 40 tonnes. Nous fournissons des remorques \u00e0 parois lat\u00e9rales inclin\u00e9es de 40 tonnes pour la vente. Nous pouvons la personnaliser selon vos besoins. Les fabricants de Panda Mech ont connu le succ\u00e8s en Asie du Sud-Est, au Moyen-Orient, en Afrique et en Am\u00e9rique du Sud, tels que les Philippines, la Tanzanie, etc...<\/p>\n<p><a href=\"\/france\/contact-us\/\" rel=\"nofollow\"><img decoding=\"async\" src=\"https:\/\/pandamech.com\/wp-content\/uploads\/u_file\/db8ce19fe3.jpg\" alt=\"Remorques de 40 tonnes pour le transport de marchandises en vrac \u00e0 vendre\" title=\"\"><\/a><\/p>","protected":false},"excerpt":{"rendered":"<p>Mod\u00e8le : remorque \u00e0 parois lat\u00e9rales de 40 tonnes<\/p>\n<p>Fourchette de prix : 8 500-26 500 USD<\/p>\n<p>D\u00e9lai de livraison : 7-25 jours<\/p>\n<p>Application : conteneurs de transport, mat\u00e9riaux de construction<\/p>\n<p>Poids de la charge : 40 tonnes<\/p>","protected":false},"featured_media":58351,"template":"","meta":{"_acf_changed":false,"_kad_blocks_custom_css":"","_kad_blocks_head_custom_js":"","_kad_blocks_body_custom_js":"","_kad_blocks_footer_custom_js":"","_kad_post_transparent":"default","_kad_post_title":"","_kad_post_layout":"default","_kad_post_sidebar_id":"","_kad_post_content_style":"default","_kad_post_vertical_padding":"default","_kad_post_feature":"","_kad_post_feature_position":"","_kad_post_header":false,"_kad_post_footer":false,"_kad_post_classname":""},"product_brand":[],"product_cat":[75],"product_tag":[],"class_list":{"0":"post-32711","1":"product","2":"type-product","3":"status-publish","4":"has-post-thumbnail","6":"product_cat-side-wall-trailer","8":"first","9":"instock","10":"sold-individually","11":"shipping-taxable","12":"purchasable","13":"product-type-simple","14":"entry","15":"content-bg","16":"loop-entry"},"acf":[],"taxonomy_info":{"product_cat":[{"value":75,"label":"Drop Side Trailer"}]},"featured_image_src_large":["https:\/\/www.pandamech.com\/wp-content\/uploads\/2022\/10\/dropside-trailer-1-500x500.jpg",500,500,true],"author_info":[],"comment_info":"","_links":{"self":[{"href":"https:\/\/www.pandamech.com\/france\/wp-json\/wp\/v2\/product\/32711","targetHints":{"allow":["GET"]}}],"collection":[{"href":"https:\/\/www.pandamech.com\/france\/wp-json\/wp\/v2\/product"}],"about":[{"href":"https:\/\/www.pandamech.com\/france\/wp-json\/wp\/v2\/types\/product"}],"version-history":[{"count":1,"href":"https:\/\/www.pandamech.com\/france\/wp-json\/wp\/v2\/product\/32711\/revisions"}],"predecessor-version":[{"id":91288,"href":"https:\/\/www.pandamech.com\/france\/wp-json\/wp\/v2\/product\/32711\/revisions\/91288"}],"wp:featuredmedia":[{"embeddable":true,"href":"https:\/\/www.pandamech.com\/france\/wp-json\/wp\/v2\/media\/58351"}],"wp:attachment":[{"href":"https:\/\/www.pandamech.com\/france\/wp-json\/wp\/v2\/media?parent=32711"}],"wp:term":[{"taxonomy":"product_brand","embeddable":true,"href":"https:\/\/www.pandamech.com\/france\/wp-json\/wp\/v2\/product_brand?post=32711"},{"taxonomy":"product_cat","embeddable":true,"href":"https:\/\/www.pandamech.com\/france\/wp-json\/wp\/v2\/product_cat?post=32711"},{"taxonomy":"product_tag","embeddable":true,"href":"https:\/\/www.pandamech.com\/france\/wp-json\/wp\/v2\/product_tag?post=32711"}],"curies":[{"name":"wp","href":"https:\/\/api.w.org\/{rel}","templated":true}]}}