{"id":32600,"date":"2022-10-11T17:19:40","date_gmt":"2022-10-11T09:19:40","guid":{"rendered":"https:\/\/pandamech.com\/product\/42-cbm-dump-semi-trailer"},"modified":"2025-08-23T01:07:29","modified_gmt":"2025-08-22T17:07:29","slug":"5-axle-tipper-trailer-for-sale","status":"publish","type":"product","link":"https:\/\/www.pandamech.com\/france\/product\/5-axle-tipper-trailer-for-sale\/","title":{"rendered":"Remorque \u00e0 benne basculante \u00e0 5 essieux \u00e0 vendre"},"content":{"rendered":"<p>La semi-remorque \u00e0 benne basculante \u00e0 5 essieux est une semi-remorque courante \u00e0 Madagascar, qui est riche en ressources min\u00e9rales. La semi-remorque \u00e0 benne basculante \u00e0 5 essieux est principalement utilis\u00e9e pour transporter du sable, des petites pierres ou des roches.<\/p>\n<p>La semi-remorque \u00e0 benne basculante \u00e0 5 essieux a une capacit\u00e9 de chargement de 40 tonnes, 50 tonnes, 60 tonnes, 70 tonnes, 80 tonnes. <a class=\"wpil_keyword_link\" title=\"semi-remorque \u00e0 benne basculante\" href=\"https:\/\/www.pandamech.com\/france\/category\/tipper-trailer\/\" target=\"_blank\" rel=\"noopener\" data-wpil-keyword-link=\"linked\">semi-remorque \u00e0 benne basculante<\/a> se distingue des autres.<\/p>\n<p>Bien s\u00fbr, si vous avez besoin d'une plus grande capacit\u00e9 de charge ou d'une configuration distincte, nous pouvons personnaliser la semi-remorque \u00e0 benne basculante \u00e0 5 essieux pour r\u00e9pondre \u00e0 vos besoins, la semi-remorque \u00e0 benne basculante \u00e0 5 essieux commune \u00e9tant disponible en forme de U et en forme de rocher. \uff08Or peut-\u00eatre avez-vous besoin de <a class=\"wpil_keyword_link\" title=\"basculeur de conteneurs\" href=\"https:\/\/www.pandamech.com\/category\/container-chassis\/tipping-skeleton\/\" target=\"_blank\" rel=\"noopener\" data-wpil-keyword-link=\"linked\">basculeur de conteneurs<\/a> remorques, remorques \u00e0 plateau de 40 pieds)<\/p>\n<h2>Remorque basculante \u00e0 5 essieux images<\/h2>\n<p><img fetchpriority=\"high\" decoding=\"async\" class=\"alignnone size-full wp-image-37706\" src=\"https:\/\/pandamech.com\/wp-content\/uploads\/2022\/10\/7-2.jpg\" alt=\"Remorque \u00e0 benne basculante \u00e0 5 essieux \u00e0 vendre\" width=\"600\" height=\"338\" title=\"\"><\/p>\n<p><img decoding=\"async\" class=\"alignnone size-full wp-image-37707\" src=\"https:\/\/pandamech.com\/wp-content\/uploads\/2022\/10\/8-3.jpg\" alt=\"Remorque \u00e0 benne basculante \u00e0 5 essieux \u00e0 vendre\" width=\"600\" height=\"360\" title=\"\"><\/p>\n<p><img decoding=\"async\" class=\"alignnone size-full wp-image-37708\" src=\"https:\/\/pandamech.com\/wp-content\/uploads\/2022\/10\/9-3.jpg\" alt=\"Remorque \u00e0 benne basculante \u00e0 5 essieux \u00e0 vendre\" width=\"600\" height=\"360\" title=\"\"><\/p>\n<h2>Dessin d'une remorque basculante \u00e0 5 essieux<\/h2>\n<p><img loading=\"lazy\" decoding=\"async\" class=\"alignnone size-full wp-image-37703\" src=\"https:\/\/pandamech.com\/wp-content\/uploads\/2022\/10\/5-axle-tipper-trailer.jpg\" alt=\"Remorque \u00e0 benne basculante \u00e0 5 essieux \u00e0 vendre dessin\" width=\"750\" height=\"222\" title=\"\"><\/p>\n<p>Dessin d'une semi-remorque basculante \u00e0 5 essieux<\/p>\n<p>&nbsp;<\/p>\n<p style=\"text-align: center;\"><a class=\"product_button\" href=\"#elementor-action%3Aaction%3Dpopup%3Aopen%26settings%3DeyJpZCI6Ijk5MDciLCJ0b2dnbGUiOmZhbHNlfQ%3D%3D\">Obtenir un devis imm\u00e9diat<\/a><\/p>\n<h2>Sp\u00e9cifications des remorques \u00e0 benne basculante \u00e0 5 essieux<\/h2>\n<table style=\"width: 800px;\" border=\"1\" cellspacing=\"1\" cellpadding=\"1\">\n<tbody>\n<tr>\n<td width=\"208\" height=\"33\">Fabricant<\/td>\n<td width=\"598\">Panda Mech 5 axle tipper trailer for sale<\/td>\n<\/tr>\n<tr>\n<td height=\"33\">Essieu<\/td>\n<td>5 essieux<\/td>\n<\/tr>\n<tr>\n<td height=\"33\">Syst\u00e8me hydraulique<\/td>\n<td>Cylindre hydraulique HYVA<\/td>\n<\/tr>\n<tr>\n<td height=\"33\">Cylindre<\/td>\n<td>175, 191, 202, 214 \/ 4TG, 5TG<\/td>\n<\/tr>\n<tr>\n<td height=\"33\">Suspension<\/td>\n<td>M\u00e9canique, air, ressort<\/td>\n<\/tr>\n<tr>\n<td height=\"33\">Kingpin<\/td>\n<td>JOST 2\u2033 ou 3.5 type d\u00e9tachable<\/td>\n<\/tr>\n<tr>\n<td height=\"33\">Train d'atterrissage<\/td>\n<td>JOST 28T<\/td>\n<\/tr>\n<tr>\n<td height=\"33\">Syst\u00e8me de freinage<\/td>\n<td>ABS ou EBS (en option)<\/td>\n<\/tr>\n<tr>\n<td height=\"33\">Pneu<\/td>\n<td>12R 22.5 315\/80 R22.5<\/td>\n<\/tr>\n<tr>\n<td height=\"33\">Chambres de frein<\/td>\n<td>T30\/30<\/td>\n<\/tr>\n<\/tbody>\n<\/table>\n<p style=\"text-align: center;\"><a class=\"product_button\" href=\"#elementor-action%3Aaction%3Dpopup%3Aopen%26settings%3DeyJpZCI6Ijk5MDciLCJ0b2dnbGUiOmZhbHNlfQ%3D%3D\">Cliquez pour plus de d\u00e9tails<\/a><\/p>\n<h2>Caract\u00e9ristiques de la remorque basculante \u00e0 5 essieux<\/h2>\n<ul>\n<li>1. Large \u00e9ventail d'applications, favorisant le progr\u00e8s et le d\u00e9veloppement de l'industrie.<\/li>\n<li>2. Diff\u00e9rents syst\u00e8mes de suspension sont disponibles : suspension pneumatique, suspension \u00e0 point unique, suspension m\u00e9canique. Nous vous fournirons la meilleure configuration.<\/li>\n<li>3. Lumi\u00e8re LED de haute qualit\u00e9.<\/li>\n<\/ul>\n<p style=\"text-align: center;\"><a class=\"product_button\" href=\"#elementor-action%3Aaction%3Dpopup%3Aopen%26settings%3DeyJpZCI6Ijk5MDciLCJ0b2dnbGUiOmZhbHNlfQ%3D%3D\">Cliquez pour plus de d\u00e9tails<\/a><\/p>\n<h2>Panda Mech<\/h2>\n<p>Panda Mech est un fabricant chinois de remorques de camion \u00e0 benne basculante \u00e0 5 essieux. Nous fournissons des remorques de camion \u00e0 benne basculante 42 CBM \u00e0 vendre. Les fabricants de Panda Mech ont connu le succ\u00e8s en Asie du Sud-Est, au Moyen-Orient, en Afrique et en Am\u00e9rique du Sud, tels que les Philippines, la Tanzanie, le Nigeria, etc...<\/p>\n<p><a href=\"\/france\/contact-us\/\" rel=\"nofollow\"><img loading=\"lazy\" decoding=\"async\" class=\"alignnone\" src=\"https:\/\/pandamech.com\/wp-content\/uploads\/u_file\/db8ce19fe3.jpg\" alt=\"Remorque semi-remorque \u00e0 benne basculante \u00e0 5 essieux pour la vente devis\" width=\"864\" height=\"213\" title=\"\"><\/a><\/p>","protected":false},"excerpt":{"rendered":"<p>Mod\u00e8le : remorque \u00e0 benne basculante \u00e0 5 essieux<\/p>\n<p>Gamme de prix : $19 900-32 000<\/p>\n<p>D\u00e9lai de livraison : 7-25 jours<\/p>\n<p>Application : transport de charbon, de minerais, de pierres.<\/p>\n<p>Angle d'inclinaison : 45<\/p>\n<p>Syst\u00e8me hydraulique : Cylindre HYVA<\/p>","protected":false},"featured_media":58075,"template":"","meta":{"_acf_changed":false,"_kad_blocks_custom_css":"","_kad_blocks_head_custom_js":"","_kad_blocks_body_custom_js":"","_kad_blocks_footer_custom_js":"","_kad_post_transparent":"default","_kad_post_title":"","_kad_post_layout":"default","_kad_post_sidebar_id":"","_kad_post_content_style":"default","_kad_post_vertical_padding":"default","_kad_post_feature":"","_kad_post_feature_position":"","_kad_post_header":false,"_kad_post_footer":false,"_kad_post_classname":""},"product_brand":[],"product_cat":[172],"product_tag":[],"class_list":{"0":"post-32600","1":"product","2":"type-product","3":"status-publish","4":"has-post-thumbnail","6":"product_cat-dump-truck-trailer","8":"first","9":"instock","10":"sold-individually","11":"shipping-taxable","12":"purchasable","13":"product-type-simple","14":"entry","15":"content-bg","16":"loop-entry"},"acf":[],"taxonomy_info":{"product_cat":[{"value":172,"label":"Dump Truck Trailer"}]},"featured_image_src_large":["https:\/\/www.pandamech.com\/wp-content\/uploads\/2022\/10\/1-2-500x500.jpg",500,500,true],"author_info":[],"comment_info":"","_links":{"self":[{"href":"https:\/\/www.pandamech.com\/france\/wp-json\/wp\/v2\/product\/32600","targetHints":{"allow":["GET"]}}],"collection":[{"href":"https:\/\/www.pandamech.com\/france\/wp-json\/wp\/v2\/product"}],"about":[{"href":"https:\/\/www.pandamech.com\/france\/wp-json\/wp\/v2\/types\/product"}],"version-history":[{"count":1,"href":"https:\/\/www.pandamech.com\/france\/wp-json\/wp\/v2\/product\/32600\/revisions"}],"predecessor-version":[{"id":91295,"href":"https:\/\/www.pandamech.com\/france\/wp-json\/wp\/v2\/product\/32600\/revisions\/91295"}],"wp:featuredmedia":[{"embeddable":true,"href":"https:\/\/www.pandamech.com\/france\/wp-json\/wp\/v2\/media\/58075"}],"wp:attachment":[{"href":"https:\/\/www.pandamech.com\/france\/wp-json\/wp\/v2\/media?parent=32600"}],"wp:term":[{"taxonomy":"product_brand","embeddable":true,"href":"https:\/\/www.pandamech.com\/france\/wp-json\/wp\/v2\/product_brand?post=32600"},{"taxonomy":"product_cat","embeddable":true,"href":"https:\/\/www.pandamech.com\/france\/wp-json\/wp\/v2\/product_cat?post=32600"},{"taxonomy":"product_tag","embeddable":true,"href":"https:\/\/www.pandamech.com\/france\/wp-json\/wp\/v2\/product_tag?post=32600"}],"curies":[{"name":"wp","href":"https:\/\/api.w.org\/{rel}","templated":true}]}}