{"id":32588,"date":"2022-10-03T18:03:48","date_gmt":"2022-10-03T10:03:48","guid":{"rendered":"https:\/\/pandamech.com\/product\/2-3-4-axle-tipping-trailer"},"modified":"2025-08-23T01:07:30","modified_gmt":"2025-08-22T17:07:30","slug":"3-axle-tipping-trailer-for-sale","status":"publish","type":"product","link":"https:\/\/www.pandamech.com\/france\/product\/3-axle-tipping-trailer-for-sale\/","title":{"rendered":"Semi-remorque benne \u00e0 3 essieux \u00e0 vendre"},"content":{"rendered":"<p>Les remorques \u00e0 benne basculante \u00e0 trois essieux ont fait progresser l'industrie du transport. Pour ceux qui souhaitent transporter des c\u00e9r\u00e9ales, du sable, des mat\u00e9riaux de construction, des petites pierres, de l'asphalte, de la bauxite, du mangan\u00e8se, des agr\u00e9gats, des graviers, etc., les remorques \u00e0 benne basculante peuvent facilement effectuer toutes ces t\u00e2ches.<\/p>\n<p>PANDA MECH donne la priorit\u00e9 \u00e0 la s\u00e9lection des mat\u00e9riaux de carrosserie en fonction du chargement que vous transportez et de la charge requise afin de d\u00e9terminer le meilleur mat\u00e9riau \u00e0 utiliser.<\/p>\n<h2>Semi-remorque \u00e0 benne basculante \u00e0 3 essieux images<\/h2>\n<p><img fetchpriority=\"high\" decoding=\"async\" class=\"alignnone wp-image-32382 size-full\" src=\"https:\/\/pandamech.com\/wp-content\/uploads\/2022\/10\/tipper-trailer-8.jpg\" alt=\"Benne basculante \u00e0 3 essieux \u00e0 vendre\" width=\"750\" height=\"400\" title=\"\"><\/p>\n<p>Semi-remorque basculante \u00e0 3 essieux \u00e0 vendre<\/p>\n<p><img decoding=\"async\" class=\"alignnone wp-image-32381 size-full\" src=\"https:\/\/pandamech.com\/wp-content\/uploads\/2022\/10\/tipper-trailer-7.jpg\" alt=\"Semi-remorque benne basculante \u00e0 3 essieux \u00e0 vendre\" width=\"750\" height=\"399\" title=\"\"><\/p>\n<p>Semi-remorques basculantes \u00e0 3 essieux \u00e0 vendre<\/p>\n<p><img decoding=\"async\" class=\"alignnone wp-image-32383 size-full\" src=\"https:\/\/pandamech.com\/wp-content\/uploads\/2022\/10\/tipper-trailer-9.jpg\" alt=\"benne basculante \u00e0 trois essieux bennes basculantes \u00e0 vendre\" width=\"750\" height=\"399\" title=\"\"><\/p>\n<p>Semi-remorques \u00e0 benne basculante \u00e0 trois essieux \u00e0 vendre<\/p>\n<p>En rapport : <span style=\"color: #0000ff;\"><a style=\"color: #0000ff;\" href=\"https:\/\/www.pandamech.com\/product\/42-cbm-dump-semi-trailer\/\" target=\"_blank\" rel=\"noopener\">Remorque \u00e0 benne 42 cbm<\/a><\/span>, <a href=\"https:\/\/www.pandamech.com\/france\/product\/aggregate-tipping-trailers-for-sale\/\" target=\"_blank\" rel=\"noopener\"><span style=\"color: #0000ff;\">Remorque \u00e0 benne basculante pour agr\u00e9gats<\/span><\/a><\/p>\n<h2>Vid\u00e9o de la semi-remorque \u00e0 benne basculante \u00e0 3 essieux<\/h2>\n<p><iframe title=\"Lecteur vid\u00e9o YouTube\" src=\"https:\/\/www.youtube.com\/embed\/uV4awegJhLI\" width=\"800\" height=\"533\" frameborder=\"0\" allowfullscreen=\"allowfullscreen\"><\/iframe><\/p>\n<h2>Sp\u00e9cification de la semi-remorque \u00e0 benne basculante \u00e0 3 essieux<\/h2>\n<table style=\"width: 800px;\" border=\"1\" cellspacing=\"1\" cellpadding=\"1\">\n<tbody>\n<tr>\n<td width=\"208\" height=\"33\">Fabricant<\/td>\n<td width=\"598\">Panda Mech 3 Axle tipper truck trailer<\/td>\n<\/tr>\n<tr>\n<td height=\"33\">Essieu<\/td>\n<td>3 essieux<\/td>\n<\/tr>\n<tr>\n<td height=\"33\">Syst\u00e8me hydraulique<\/td>\n<td>Cylindre hydraulique HYVA<\/td>\n<\/tr>\n<tr>\n<td height=\"33\">Cylindre<\/td>\n<td>175, 191, 202, 214 \/ 4TG, 5TG<\/td>\n<\/tr>\n<tr>\n<td height=\"33\">Suspension<\/td>\n<td>M\u00e9canique, air, ressort<\/td>\n<\/tr>\n<tr>\n<td height=\"33\">Kingpin<\/td>\n<td>JOST 2\u2033 ou 3.5 type d\u00e9tachable<\/td>\n<\/tr>\n<tr>\n<td height=\"33\">Train d'atterrissage<\/td>\n<td>JOST 28T<\/td>\n<\/tr>\n<tr>\n<td height=\"33\">Syst\u00e8me de freinage<\/td>\n<td>ABS ou EBS (en option)<\/td>\n<\/tr>\n<tr>\n<td height=\"33\">Pneu<\/td>\n<td>12R 22.5 315\/80 R22.5<\/td>\n<\/tr>\n<tr>\n<td height=\"33\">Chambres de frein<\/td>\n<td>T30\/30<\/td>\n<\/tr>\n<\/tbody>\n<\/table>\n<p style=\"text-align: center;\"><a class=\"product_button\" href=\"#elementor-action%3Aaction%3Dpopup%3Aopen%26settings%3DeyJpZCI6Ijk5MDciLCJ0b2dnbGUiOmZhbHNlfQ%3D%3D\">Cliquez pour plus de d\u00e9tails<\/a><\/p>\n<h2>Dessin d'une semi-remorque \u00e0 benne basculante \u00e0 3 essieux<\/h2>\n<p><img loading=\"lazy\" decoding=\"async\" class=\"wp-image-32569 size-full\" src=\"https:\/\/pandamech.com\/wp-content\/uploads\/2022\/08\/tipper-semi-trailer-3.jpg\" alt=\"Semi-remorques \u00e0 benne basculante \u00e0 3 essieux \u00e0 vendre dessin\" width=\"800\" height=\"460\" title=\"\"><\/p>\n<p>Dessin d'une remorque de camion basculant \u00e0 3 essieux<\/p>\n<p style=\"text-align: center;\"><a class=\"product_button\" href=\"#elementor-action%3Aaction%3Dpopup%3Aopen%26settings%3DeyJpZCI6Ijk5MDciLCJ0b2dnbGUiOmZhbHNlfQ%3D%3D\">Obtenir un devis imm\u00e9diat<\/a><\/p>\n<h2>Semi-remorque \u00e0 benne basculante \u00e0 3 essieux<\/h2>\n<ul>\n<li>1. Soudage automatique avanc\u00e9 du m\u00e9tal et processus avanc\u00e9 de sablage et de peinture pour le pr\u00e9traitement.<\/li>\n<li>2. Marquage tr\u00e8s visible selon la norme SABS.<\/li>\n<li>3. Large \u00e9ventail d'applications, favorisant le progr\u00e8s et le d\u00e9veloppement de l'industrie.<\/li>\n<\/ul>\n<p style=\"text-align: center;\"><a class=\"product_button\" href=\"#elementor-action%3Aaction%3Dpopup%3Aopen%26settings%3DeyJpZCI6Ijk5MDciLCJ0b2dnbGUiOmZhbHNlfQ%3D%3D\">Cliquez pour plus de d\u00e9tails<\/a><\/p>\n<h2>Panda Mech<\/h2>\n<p>Panda Mech est un fabricant chinois de semi-remorques basculantes \u00e0 3 essieux. Nous fournissons des semi-remorques basculantes \u00e0 3 essieux \u00e0 vendre. Les fabricants de Panda Mech ont connu le succ\u00e8s en Asie du Sud-Est, au Moyen-Orient, en Afrique et en Am\u00e9rique du Sud, tels que les Philippines, la Tanzanie, le Nigeria, etc...<\/p>\n<p><a href=\"\/france\/contact-us\/\" rel=\"nofollow\"><img loading=\"lazy\" decoding=\"async\" class=\"alignnone\" src=\"https:\/\/pandamech.com\/wp-content\/uploads\/u_file\/db8ce19fe3.jpg\" alt=\"Devis remorque semi-remorque basculante \u00e0 3 essieux\" width=\"864\" height=\"213\" title=\"\"><\/a><\/p>","protected":false},"excerpt":{"rendered":"<p>Mod\u00e8le : remorque \u00e0 benne basculante \u00e0 3 essieux<\/p>\n<p>Fourchette de prix : 12 500-39 000 USD<\/p>\n<p>D\u00e9lai de livraison : 7-25 jours<\/p>\n<p>Application : transport de charbon, de minerai, de mat\u00e9riaux de construction<\/p>\n<p>Angle d'inclinaison : 45<\/p>\n<p>Syst\u00e8me hydraulique : Cylindre HYVA<\/p>","protected":false},"featured_media":58431,"template":"","meta":{"_acf_changed":false,"_kad_blocks_custom_css":"","_kad_blocks_head_custom_js":"","_kad_blocks_body_custom_js":"","_kad_blocks_footer_custom_js":"","_kad_post_transparent":"default","_kad_post_title":"","_kad_post_layout":"default","_kad_post_sidebar_id":"","_kad_post_content_style":"default","_kad_post_vertical_padding":"default","_kad_post_feature":"","_kad_post_feature_position":"","_kad_post_header":false,"_kad_post_footer":false,"_kad_post_classname":""},"product_brand":[],"product_cat":[172],"product_tag":[],"class_list":{"0":"post-32588","1":"product","2":"type-product","3":"status-publish","4":"has-post-thumbnail","6":"product_cat-dump-truck-trailer","8":"first","9":"instock","10":"sold-individually","11":"shipping-taxable","12":"purchasable","13":"product-type-simple","14":"entry","15":"content-bg","16":"loop-entry"},"acf":[],"taxonomy_info":{"product_cat":[{"value":172,"label":"Dump Truck Trailer"}]},"featured_image_src_large":["https:\/\/www.pandamech.com\/wp-content\/uploads\/2022\/10\/tipper-trailer-4-500x500.jpg",500,500,true],"author_info":[],"comment_info":"","_links":{"self":[{"href":"https:\/\/www.pandamech.com\/france\/wp-json\/wp\/v2\/product\/32588","targetHints":{"allow":["GET"]}}],"collection":[{"href":"https:\/\/www.pandamech.com\/france\/wp-json\/wp\/v2\/product"}],"about":[{"href":"https:\/\/www.pandamech.com\/france\/wp-json\/wp\/v2\/types\/product"}],"version-history":[{"count":1,"href":"https:\/\/www.pandamech.com\/france\/wp-json\/wp\/v2\/product\/32588\/revisions"}],"predecessor-version":[{"id":91301,"href":"https:\/\/www.pandamech.com\/france\/wp-json\/wp\/v2\/product\/32588\/revisions\/91301"}],"wp:featuredmedia":[{"embeddable":true,"href":"https:\/\/www.pandamech.com\/france\/wp-json\/wp\/v2\/media\/58431"}],"wp:attachment":[{"href":"https:\/\/www.pandamech.com\/france\/wp-json\/wp\/v2\/media?parent=32588"}],"wp:term":[{"taxonomy":"product_brand","embeddable":true,"href":"https:\/\/www.pandamech.com\/france\/wp-json\/wp\/v2\/product_brand?post=32588"},{"taxonomy":"product_cat","embeddable":true,"href":"https:\/\/www.pandamech.com\/france\/wp-json\/wp\/v2\/product_cat?post=32588"},{"taxonomy":"product_tag","embeddable":true,"href":"https:\/\/www.pandamech.com\/france\/wp-json\/wp\/v2\/product_tag?post=32588"}],"curies":[{"name":"wp","href":"https:\/\/api.w.org\/{rel}","templated":true}]}}