{"id":32587,"date":"2022-10-02T18:03:47","date_gmt":"2022-10-02T10:03:47","guid":{"rendered":"https:\/\/pandamech.com\/product\/100-ton-tipper-transport-trailer"},"modified":"2025-08-23T01:07:30","modified_gmt":"2025-08-22T17:07:30","slug":"100-ton-tipper-transport-trailer","status":"publish","type":"product","link":"https:\/\/www.pandamech.com\/france\/product\/100-ton-tipper-transport-trailer\/","title":{"rendered":"Remorque de transport \u00e0 benne basculante de 100 tonnes"},"content":{"rendered":"<p>PANDA est un fabricant de remorque basculante tr\u00e8s r\u00e9put\u00e9 en Chine et est engag\u00e9 dans cette industrie depuis plus de 20 ans. Nous savons \u00e0 quel point la conception et les d\u00e9tails sont importants pour une remorque basculante durable, c'est pourquoi nous d\u00e9pensons beaucoup de main d'\u0153uvre et de ressources pour am\u00e9liorer la qualit\u00e9 de la remorque basculante chaque ann\u00e9e, ce qui nous a valu les \u00e9loges de nombreux clients.<\/p>\n<p><span style=\"color: #0000ff;\"><a style=\"color: #0000ff;\" href=\"https:\/\/www.pandamech.com\/france\/category\/tipper-trailer\/semi-dump-trailer\/\" target=\"_blank\" rel=\"noopener\">Semi-remorque \u00e0 benne basculante<\/a><\/span> La remorque \u00e0 benne basculante PANDA MECH se compose de plusieurs parties, telles que la carrosserie, le ch\u00e2ssis, les axes de traction, les pneus, la suspension, les essieux, le c\u00e2blage, les lumi\u00e8res LED, les ailes, les poutrelles de s\u00e9curit\u00e9, etc. Nous avons appliqu\u00e9 un traitement sp\u00e9cial aux zones souvent sujettes \u00e0 l'usure, ce qui assure \u00e0 la remorque \u00e0 benne basculante PANDA MECH une dur\u00e9e de vie plus longue qu'une remorque \u00e0 benne basculante ordinaire.<\/p>\n<h2>Caract\u00e9ristiques de la semi-remorque \u00e0 benne basculante de 100 tonnes<\/h2>\n<ul>\n<li>1. Soudage automatique avanc\u00e9 du m\u00e9tal et processus avanc\u00e9 de sablage et de peinture pour le pr\u00e9traitement.<\/li>\n<li>2. Marquage tr\u00e8s visible selon la norme SABS.<\/li>\n<li>3. Large \u00e9ventail d'applications, favorisant le progr\u00e8s et le d\u00e9veloppement de l'industrie.<\/li>\n<\/ul>\n<p style=\"text-align: center;\"><a class=\"product_button\" href=\"#elementor-action%3Aaction%3Dpopup%3Aopen%26settings%3DeyJpZCI6Ijk5MDciLCJ0b2dnbGUiOmZhbHNlfQ%3D%3D\">Cliquez pour plus de d\u00e9tails<\/a><\/p>\n<h2>Vid\u00e9o de la remorque de la semi-remorque \u00e0 benne basculante<\/h2>\n<p><iframe title=\"Lecteur vid\u00e9o YouTube\" src=\"https:\/\/www.youtube.com\/embed\/uV4awegJhLI\" width=\"800\" height=\"533\" frameborder=\"0\" allowfullscreen=\"allowfullscreen\"><\/iframe><\/p>\n<h2>Sp\u00e9cification de la semi-remorque \u00e0 benne basculante de 100 tonnes<\/h2>\n<table style=\"width: 800px;\" border=\"1\" cellspacing=\"1\" cellpadding=\"1\">\n<tbody>\n<tr>\n<td width=\"208\" height=\"33\">Fabricant<\/td>\n<td width=\"598\">Panda Mech Semi-remorque \u00e0 benne basculante de 100 tonnes<\/td>\n<\/tr>\n<tr>\n<td height=\"33\">Essieu<\/td>\n<td>3 essieux, essieux triples<\/td>\n<\/tr>\n<tr>\n<td height=\"33\">Syst\u00e8me hydraulique<\/td>\n<td>Cylindre hydraulique HYVA<\/td>\n<\/tr>\n<tr>\n<td height=\"33\">Cylindre<\/td>\n<td>175, 191, 202, 214 \/ 4TG, 5TG<\/td>\n<\/tr>\n<tr>\n<td height=\"33\">Suspension<\/td>\n<td>M\u00e9canique, air, ressort<\/td>\n<\/tr>\n<tr>\n<td height=\"33\">Kingpin<\/td>\n<td>JOST 2\u2033 ou 3.5 type d\u00e9tachable<\/td>\n<\/tr>\n<tr>\n<td height=\"33\">Train d'atterrissage<\/td>\n<td>JOST 28T<\/td>\n<\/tr>\n<tr>\n<td height=\"33\">Syst\u00e8me de freinage<\/td>\n<td>ABS ou EBS (en option)<\/td>\n<\/tr>\n<tr>\n<td height=\"33\">Pneu<\/td>\n<td>12R 22.5 315\/80 R22.5<\/td>\n<\/tr>\n<tr>\n<td height=\"33\">Chambres de frein<\/td>\n<td>T30\/30<\/td>\n<\/tr>\n<\/tbody>\n<\/table>\n<p style=\"text-align: center;\"><a class=\"product_button\" href=\"#elementor-action%3Aaction%3Dpopup%3Aopen%26settings%3DeyJpZCI6Ijk5MDciLCJ0b2dnbGUiOmZhbHNlfQ%3D%3D\">Cliquez pour plus de d\u00e9tails<\/a><\/p>\n<h2>Dessin d'une semi-remorque \u00e0 benne basculante de 100 tonnes<\/h2>\n<p><img decoding=\"async\" style=\"width: 800px;\" src=\"https:\/\/pandamech.com\/wp-content\/uploads\/2022\/08\/tipper-semi-trailer-3.jpg\" alt=\"Dessin d&#039;une remorque de camion-benne de 100 tonnes \u00e0 3 essieux\" height=\"420\" title=\"\"><\/p>\n<h2>Semi-remorque \u00e0 benne basculante 100 tonnes images<\/h2>\n<div class=\"mceTemp\"><\/div>\n<p><img decoding=\"async\" class=\"alignnone size-full\" style=\"font-size: 16px;\" src=\"https:\/\/pandamech.com\/wp-content\/uploads\/2022\/10\/4axle-60t-tipper-12.jpg\" alt=\"Semi-remorque \u00e0 benne basculante hydraulique 4 essieux de 100 tonnes \u00e0 vendre\" title=\"\"><\/p>\n<p>Remorques de transport \u00e0 benne basculante 100 Ton \u00e0 vendre - <span style=\"color: #0000ff;\"><a style=\"color: #0000ff;\" href=\"https:\/\/www.pandamech.com\/france\/product\/aggregate-tipping-trailers-for-sale\/\" target=\"_blank\" rel=\"noopener\">Remorque basculante pour agr\u00e9gats<\/a><\/span><\/p>\n<p><img fetchpriority=\"high\" decoding=\"async\" class=\"alignnone size-full wp-image-32398\" src=\"https:\/\/pandamech.com\/wp-content\/uploads\/2022\/10\/4axle-60t-tipper-8.jpg\" alt=\"semi-remorque \u00e0 benne basculante\" width=\"750\" height=\"400\" title=\"\"><\/p>\n<p>Remorques \u00e0 4 essieux 100 tonnes pour camions \u00e0 benne basculante \u00e0 vendre<\/p>\n<p><img decoding=\"async\" class=\"alignnone size-full\" src=\"https:\/\/pandamech.com\/wp-content\/uploads\/2022\/10\/4axle-60t-tipper-11.jpg\" alt=\"Semi-v\u00e9hicule de transport \u00e0 benne basculante de 100 tonnes\" title=\"\"><\/p>\n<p>Fabricant de remorques \u00e0 benne basculante \u00e0 4 essieux de 100 tonnes pour service intensif<\/p>\n<p>En rapport : <span style=\"color: #0000ff;\"><a style=\"color: #0000ff;\" href=\"https:\/\/www.pandamech.com\/france\/product\/80-ton-dump-truck-trailer\/\" target=\"_blank\" rel=\"noopener\">Semi-remorque \u00e0 benne basculante de 80 tonnes<\/a><\/span>, <a href=\"https:\/\/www.pandamech.com\/france\/product\/4-axle-tipper-trailer-for-sale\/\" target=\"_blank\" rel=\"noopener\"><span style=\"color: #0000ff;\">Remorque de camion \u00e0 benne basculante \u00e0 4 essieux<\/span><\/a><\/p>\n<p style=\"text-align: center;\"><a class=\"product_button\" href=\"#elementor-action%3Aaction%3Dpopup%3Aopen%26settings%3DeyJpZCI6Ijk5MDciLCJ0b2dnbGUiOmZhbHNlfQ%3D%3D\">Obtenir un devis imm\u00e9diat<\/a><\/p>\n<h2>Panda Mech<\/h2>\n<p>Panda Mech est un fabricant de semi-remorque basculante 4 essieux 100 tonnes en Chine. Nous fournissons des semi-remorques \u00e0 benne basculante 4 essieux de 100 tonnes \u00e0 vendre. Les fabricants de Panda Mech ont connu le succ\u00e8s en Asie du Sud-Est, au Moyen-Orient, en Afrique et en Am\u00e9rique du Sud, tels que les Philippines, la Tanzanie, le Nigeria, etc...<\/p>\n<p><a href=\"\/france\/contact-us\/\" rel=\"nofollow\"><img decoding=\"async\" src=\"https:\/\/pandamech.com\/wp-content\/uploads\/u_file\/db8ce19fe3.jpg\" alt=\"100 tonnes benne transport transport semi v\u00e9hicule devis\" title=\"\"><\/a><\/p>\n<p>En rapport :<\/p>\n<p><span style=\"color: #0000ff;\"><a style=\"color: #0000ff;\" href=\"https:\/\/www.pandamech.com\/france\/product\/40-ton-half-round-end-dump-trailer\/\" target=\"_blank\" rel=\"noopener\">Semi-remorque \u00e0 benne basculante de 40 tonnes<\/a><\/span><\/p>","protected":false},"excerpt":{"rendered":"<p>Mod\u00e8le : remorque \u00e0 benne basculante de 100 tonnes<\/p>\n<p>Fourchette de prix : 17 500-39 000 USD<\/p>\n<p>D\u00e9lai de livraison : 7-25 jours<\/p>\n<p>Application : transport de charbon, de minerai, de mat\u00e9riaux de construction<\/p>\n<p>Angle d'inclinaison : 45<\/p>\n<p>Syst\u00e8me hydraulique : Cylindre HYVA<\/p>","protected":false},"featured_media":58167,"template":"","meta":{"_acf_changed":false,"_kad_blocks_custom_css":"","_kad_blocks_head_custom_js":"","_kad_blocks_body_custom_js":"","_kad_blocks_footer_custom_js":"","_kad_post_transparent":"default","_kad_post_title":"","_kad_post_layout":"default","_kad_post_sidebar_id":"","_kad_post_content_style":"default","_kad_post_vertical_padding":"default","_kad_post_feature":"","_kad_post_feature_position":"","_kad_post_header":false,"_kad_post_footer":false,"_kad_post_classname":""},"product_brand":[],"product_cat":[172],"product_tag":[],"class_list":{"0":"post-32587","1":"product","2":"type-product","3":"status-publish","4":"has-post-thumbnail","6":"product_cat-dump-truck-trailer","8":"first","9":"instock","10":"sold-individually","11":"shipping-taxable","12":"purchasable","13":"product-type-simple","14":"entry","15":"content-bg","16":"loop-entry"},"acf":[],"taxonomy_info":{"product_cat":[{"value":172,"label":"Dump Truck Trailer"}]},"featured_image_src_large":["https:\/\/www.pandamech.com\/wp-content\/uploads\/2022\/10\/4axle-60t-tipper-3-500x500.jpg",500,500,true],"author_info":[],"comment_info":"","_links":{"self":[{"href":"https:\/\/www.pandamech.com\/france\/wp-json\/wp\/v2\/product\/32587","targetHints":{"allow":["GET"]}}],"collection":[{"href":"https:\/\/www.pandamech.com\/france\/wp-json\/wp\/v2\/product"}],"about":[{"href":"https:\/\/www.pandamech.com\/france\/wp-json\/wp\/v2\/types\/product"}],"version-history":[{"count":1,"href":"https:\/\/www.pandamech.com\/france\/wp-json\/wp\/v2\/product\/32587\/revisions"}],"predecessor-version":[{"id":91302,"href":"https:\/\/www.pandamech.com\/france\/wp-json\/wp\/v2\/product\/32587\/revisions\/91302"}],"wp:featuredmedia":[{"embeddable":true,"href":"https:\/\/www.pandamech.com\/france\/wp-json\/wp\/v2\/media\/58167"}],"wp:attachment":[{"href":"https:\/\/www.pandamech.com\/france\/wp-json\/wp\/v2\/media?parent=32587"}],"wp:term":[{"taxonomy":"product_brand","embeddable":true,"href":"https:\/\/www.pandamech.com\/france\/wp-json\/wp\/v2\/product_brand?post=32587"},{"taxonomy":"product_cat","embeddable":true,"href":"https:\/\/www.pandamech.com\/france\/wp-json\/wp\/v2\/product_cat?post=32587"},{"taxonomy":"product_tag","embeddable":true,"href":"https:\/\/www.pandamech.com\/france\/wp-json\/wp\/v2\/product_tag?post=32587"}],"curies":[{"name":"wp","href":"https:\/\/api.w.org\/{rel}","templated":true}]}}