{"id":32586,"date":"2022-11-17T14:10:46","date_gmt":"2022-11-17T06:10:46","guid":{"rendered":"https:\/\/pandamech.com\/product\/80-ton-dump-truck-trailer"},"modified":"2025-08-23T01:07:08","modified_gmt":"2025-08-22T17:07:08","slug":"80-ton-dump-truck-trailer","status":"publish","type":"product","link":"https:\/\/www.pandamech.com\/france\/product\/80-ton-dump-truck-trailer\/","title":{"rendered":"Remorque de camion-benne de 80 tonnes"},"content":{"rendered":"<p>La remorque basculante est g\u00e9n\u00e9ralement disponible en alliage d'aluminium et non en acier, pour certains mat\u00e9riaux rugueux, le transport de ferraille, etc., nous ne pouvons pas utiliser la remorque basculante en alliage d'aluminium, nous avons besoin d'utiliser une caisse en acier plus r\u00e9sistante. Les ing\u00e9nieurs de panda Mech sont heureux de vous fournir des mots raisonnables de besoins de personnalisation selon vos besoins, de sorte qu'il puisse mieux atteindre son objectif de transport. Trouver la bonne configuration de la remorque \u00e0 benne basculante, c'est \u00e9conomiser des co\u00fbts dans une large mesure.<\/p>\n<h2>Remorque de camion-benne de 80 tonnes<\/h2>\n<ul>\n<li>1. Soudage automatique avanc\u00e9 du m\u00e9tal et processus avanc\u00e9 de sablage et de peinture pour le pr\u00e9traitement.<\/li>\n<li>2. Marquage tr\u00e8s visible selon la norme SABS.<\/li>\n<li>3. Large \u00e9ventail d'applications, favorisant le progr\u00e8s et le d\u00e9veloppement de l'industrie.<\/li>\n<\/ul>\n<p style=\"text-align: center;\"><a class=\"product_button\" href=\"#elementor-action%3Aaction%3Dpopup%3Aopen%26settings%3DeyJpZCI6Ijk5MDciLCJ0b2dnbGUiOmZhbHNlfQ%3D%3D\">Cliquez pour plus de d\u00e9tails<\/a><\/p>\n<h2>Diff\u00e9rents types de semi-remorques \u00e0 benne basculante vid\u00e9o<\/h2>\n<p><iframe title=\"Lecteur vid\u00e9o YouTube\" src=\"https:\/\/www.youtube.com\/embed\/uV4awegJhLI\" width=\"800\" height=\"533\" frameborder=\"0\" allowfullscreen=\"allowfullscreen\"><\/iframe><\/p>\n<h2>Sp\u00e9cification de la remorque de camion-benne de 80 tonnes<\/h2>\n<table style=\"width: 800px;\" border=\"1\" cellspacing=\"1\" cellpadding=\"1\">\n<tbody>\n<tr>\n<td width=\"208\" height=\"33\">Fabricant<\/td>\n<td width=\"598\">Panda Mech 80 Ton benne basculante remorque<\/td>\n<\/tr>\n<tr>\n<td height=\"33\">Essieu<\/td>\n<td>4 essieux, essieu tandem<\/td>\n<\/tr>\n<tr>\n<td height=\"33\">Syst\u00e8me hydraulique<\/td>\n<td>Cylindre hydraulique HYVA<\/td>\n<\/tr>\n<tr>\n<td height=\"33\">Cylindre<\/td>\n<td>175, 191, 202, 214 \/ 4TG, 5TG<\/td>\n<\/tr>\n<tr>\n<td height=\"33\">Suspension<\/td>\n<td>M\u00e9canique, air, ressort<\/td>\n<\/tr>\n<tr>\n<td height=\"33\">Kingpin<\/td>\n<td>JOST 2\u2033 ou 3.5 type d\u00e9tachable<\/td>\n<\/tr>\n<tr>\n<td height=\"33\">Train d'atterrissage<\/td>\n<td>JOST 28T<\/td>\n<\/tr>\n<tr>\n<td height=\"33\">Syst\u00e8me de freinage<\/td>\n<td>ABS ou EBS (en option)<\/td>\n<\/tr>\n<tr>\n<td height=\"33\">Pneu<\/td>\n<td>12R 22.5 315\/80 R22.5<\/td>\n<\/tr>\n<tr>\n<td height=\"33\">Chambres de frein<\/td>\n<td>T30\/30<\/td>\n<\/tr>\n<\/tbody>\n<\/table>\n<p style=\"text-align: center;\"><a class=\"product_button\" href=\"#elementor-action%3Aaction%3Dpopup%3Aopen%26settings%3DeyJpZCI6Ijk5MDciLCJ0b2dnbGUiOmZhbHNlfQ%3D%3D\">Cliquez pour plus de d\u00e9tails<\/a><\/p>\n<h2>Images de la remorque du camion benne de 80 tonnes<\/h2>\n<p><img fetchpriority=\"high\" decoding=\"async\" class=\"size-full wp-image-32403\" src=\"https:\/\/pandamech.com\/wp-content\/uploads\/2022\/10\/4axle-60t-tipper-13.jpg\" alt=\"Benne 60t \u00e0 4 essieux 13\" width=\"750\" height=\"400\" title=\"\"><\/p>\n<p>Remorques pour camion-benne de 80 tonnes \u00e0 vendre<\/p>\n<p><img decoding=\"async\" class=\"alignnone size-full\" src=\"https:\/\/pandamech.com\/wp-content\/uploads\/2022\/10\/4axle-60t-tipper-12.jpg\" alt=\"4 essieux 80 tonnes remorque camion benne \u00e0 vendre\" title=\"\"><\/p>\n<p>4 essieux 80 tonnes <a href=\"https:\/\/www.pandamech.com\/france\/category\/tipper-trailer\/semi-dump-trailer\/\" target=\"_blank\" rel=\"noopener\"><span style=\"color: #0000ff;\">remorques de camions \u00e0 benne basculante<\/span><\/a> \u00e0 vendre<\/p>\n<p><img decoding=\"async\" class=\"alignnone size-full\" src=\"https:\/\/pandamech.com\/wp-content\/uploads\/2022\/10\/4axle-60t-tipper-11.jpg\" alt=\"Semi-remorque de transport \u00e0 benne basculante de 80 tonnes\" title=\"\"><\/p>\n<p>Tracteur remorque 80 tonnes \u00e0 4 essieux, fabricant de remorques basculantes<\/p>\n<div class=\"mceTemp\"><\/div>\n<p>En rapport : <a href=\"https:\/\/www.pandamech.com\/france\/product\/100-ton-tipper-transport-trailer\/\" target=\"_blank\" rel=\"noopener\"><span style=\"color: #0000ff;\">Semi-remorque \u00e0 benne basculante de 100 tonnes<\/span><\/a>, <a href=\"https:\/\/www.pandamech.com\/france\/product\/70-ton-tipper-semi-trailer\/\" target=\"_blank\" rel=\"noopener\"><span style=\"color: #0000ff;\">Remorque de camion benne de 70 tonnes<\/span><\/a><\/p>\n<p style=\"text-align: center;\"><a class=\"product_button\" href=\"#elementor-action%3Aaction%3Dpopup%3Aopen%26settings%3DeyJpZCI6Ijk5MDciLCJ0b2dnbGUiOmZhbHNlfQ%3D%3D\">Obtenir un devis imm\u00e9diat<\/a><\/p>\n<h2>Panda Mech<\/h2>\n<p>Panda Mech est un fabricant chinois de semi-remorques basculantes 80 tonnes \u00e0 4 essieux. Nous fournissons des semi-remorques \u00e0 benne basculante 80 tonnes \u00e0 4 essieux pour la vente. Les fabricants de Panda Mech ont connu le succ\u00e8s en Asie du Sud-Est, au Moyen-Orient, en Afrique et en Am\u00e9rique du Sud, tels que les Philippines, la Tanzanie, le Nigeria, le Nigeria, etc... (Voir aussi...) <span style=\"color: #0000ff;\"><a style=\"color: #0000ff;\" href=\"https:\/\/www.pandamech.com\/france\/product\/50-ton-high-side-end-dump-trailer\/\" target=\"_blank\" rel=\"noopener\">Remorque \u00e0 benne basculante de 50 tonnes<\/a><\/span>, <span style=\"color: #0000ff;\"><a style=\"color: #0000ff;\" href=\"https:\/\/www.pandamech.com\/france\/product\/70-ton-tipper-semi-trailer\/\" target=\"_blank\" rel=\"noopener\">Remorque \u00e0 benne basculante de 70 tonnes<\/a><\/span>)<\/p>\n<p><a href=\"\/france\/contact-us\/\" rel=\"nofollow\"><img decoding=\"async\" src=\"https:\/\/pandamech.com\/wp-content\/uploads\/u_file\/db8ce19fe3.jpg\" alt=\"Devis d&#039;un camion-benne de 80 tonnes pour le transport d&#039;un semi-remorque\" title=\"\"><\/a><\/p>","protected":false},"excerpt":{"rendered":"<p>Mod\u00e8le : remorque \u00e0 benne basculante de 80 tonnes<\/p>\n<p>Fourchette de prix : 15 500-38 500 USD<\/p>\n<p>D\u00e9lai de livraison : 7-25 jours<\/p>\n<p>Application : transport de charbon, de minerai, de mat\u00e9riaux de construction<\/p>\n<p>Angle d'inclinaison : 45<\/p>\n<p>Syst\u00e8me hydraulique : Cylindre HYVA<\/p>","protected":false},"featured_media":58170,"template":"","meta":{"_acf_changed":false,"_kad_blocks_custom_css":"","_kad_blocks_head_custom_js":"","_kad_blocks_body_custom_js":"","_kad_blocks_footer_custom_js":"","_kad_post_transparent":"default","_kad_post_title":"","_kad_post_layout":"default","_kad_post_sidebar_id":"","_kad_post_content_style":"default","_kad_post_vertical_padding":"default","_kad_post_feature":"","_kad_post_feature_position":"","_kad_post_header":false,"_kad_post_footer":false,"_kad_post_classname":""},"product_brand":[],"product_cat":[172],"product_tag":[],"class_list":{"0":"post-32586","1":"product","2":"type-product","3":"status-publish","4":"has-post-thumbnail","6":"product_cat-dump-truck-trailer","8":"first","9":"instock","10":"sold-individually","11":"shipping-taxable","12":"purchasable","13":"product-type-simple","14":"entry","15":"content-bg","16":"loop-entry"},"acf":[],"taxonomy_info":{"product_cat":[{"value":172,"label":"Dump Truck Trailer"}]},"featured_image_src_large":["https:\/\/www.pandamech.com\/wp-content\/uploads\/2022\/10\/4axle-60t-tipper-6-500x500.jpg",500,500,true],"author_info":[],"comment_info":"","_links":{"self":[{"href":"https:\/\/www.pandamech.com\/france\/wp-json\/wp\/v2\/product\/32586","targetHints":{"allow":["GET"]}}],"collection":[{"href":"https:\/\/www.pandamech.com\/france\/wp-json\/wp\/v2\/product"}],"about":[{"href":"https:\/\/www.pandamech.com\/france\/wp-json\/wp\/v2\/types\/product"}],"version-history":[{"count":1,"href":"https:\/\/www.pandamech.com\/france\/wp-json\/wp\/v2\/product\/32586\/revisions"}],"predecessor-version":[{"id":91273,"href":"https:\/\/www.pandamech.com\/france\/wp-json\/wp\/v2\/product\/32586\/revisions\/91273"}],"wp:featuredmedia":[{"embeddable":true,"href":"https:\/\/www.pandamech.com\/france\/wp-json\/wp\/v2\/media\/58170"}],"wp:attachment":[{"href":"https:\/\/www.pandamech.com\/france\/wp-json\/wp\/v2\/media?parent=32586"}],"wp:term":[{"taxonomy":"product_brand","embeddable":true,"href":"https:\/\/www.pandamech.com\/france\/wp-json\/wp\/v2\/product_brand?post=32586"},{"taxonomy":"product_cat","embeddable":true,"href":"https:\/\/www.pandamech.com\/france\/wp-json\/wp\/v2\/product_cat?post=32586"},{"taxonomy":"product_tag","embeddable":true,"href":"https:\/\/www.pandamech.com\/france\/wp-json\/wp\/v2\/product_tag?post=32586"}],"curies":[{"name":"wp","href":"https:\/\/api.w.org\/{rel}","templated":true}]}}