{"id":32585,"date":"2023-04-08T09:03:45","date_gmt":"2023-04-08T01:03:45","guid":{"rendered":"https:\/\/pandamech.com\/product\/50-ton-tipper-truck-trailer"},"modified":"2025-08-24T13:53:51","modified_gmt":"2025-08-24T05:53:51","slug":"18-wheeler-dump-trailer-for-sale","status":"publish","type":"product","link":"https:\/\/www.pandamech.com\/france\/product\/18-wheeler-dump-trailer-for-sale\/","title":{"rendered":"Remorque \u00e0 benne basculante 18 roues \u00e0 vendre"},"content":{"rendered":"<p>Les remorques \u00e0 benne basculante \u00e0 18 roues sont fabriqu\u00e9es en acier \u00e0 haute r\u00e9sistance. Il y a 12 roues dans les semi-remorques et 6 roues dans les tracteurs. La remorque \u00e0 benne basculante \u00e0 18 roues est principalement utilis\u00e9e pour transporter des pierres, du charbon, du sable et des d\u00e9blais. Elles sont principalement utilis\u00e9es dans le secteur de la construction.<\/p>\n<p>Le v\u00e9hicule \u00e0 18 roues <a class=\"wpil_keyword_link\" title=\"remorque \u00e0 benne basculante\" href=\"https:\/\/www.pandamech.com\/france\/category\/tipper-trailer\/semi-dump-trailer\/\" target=\"_blank\" rel=\"noopener\" data-wpil-keyword-link=\"linked\">remorque \u00e0 benne basculante<\/a> peut transporter jusqu'\u00e0 150 tonnes de marchandises. Si vous avez besoin d'une plus grande capacit\u00e9, nous pouvons l'adapter \u00e0 vos besoins.<\/p>\n<h2>18 Wheeler dump trailer images<\/h2>\n<p><img fetchpriority=\"high\" decoding=\"async\" class=\"alignnone\" src=\"https:\/\/pandamech.com\/wp-content\/uploads\/2022\/10\/tipper-trailer-10.jpg\" alt=\"18 wheelers tri axle dump truck trailers for sale\" width=\"750\" height=\"400\" title=\"\"><br \/>\nV\u00e9hicules \u00e0 18 roues \u00e0 3 essieux <a class=\"wpil_keyword_link\" title=\"remorque de camion-benne\" href=\"https:\/\/www.pandamech.com\/france\/category\/dump-truck-trailer\/\" target=\"_blank\" rel=\"noopener\" data-wpil-keyword-link=\"linked\">remorque de camion-benne<\/a> \u00e0 vendre<\/p>\n<p><img decoding=\"async\" class=\"alignnone\" src=\"https:\/\/pandamech.com\/wp-content\/uploads\/2022\/10\/tipper-trailer-9.jpg\" alt=\"Semi-remorque \u00e0 benne basculante 18 roues \u00e0 vendre\" width=\"750\" height=\"399\" title=\"\"><br \/>\n18 wheelers dump tractor trailers for sale<\/p>\n<p><img decoding=\"async\" class=\"alignnone\" src=\"https:\/\/pandamech.com\/wp-content\/uploads\/2022\/10\/tipper-trailer-8.jpg\" alt=\"Remorque \u00e0 benne basculante 18 roues \u00e0 vendre\" width=\"750\" height=\"400\" title=\"\"><br \/>\nremorque \u00e0 benne basculante 18 roues \u00e0 vendre<\/p>\n<p>(En rapport : <span style=\"color: #0000ff;\"><a style=\"color: #0000ff;\" href=\"https:\/\/www.pandamech.com\/france\/product\/4-axle-tipper-trailer-for-sale\/\" target=\"_blank\" rel=\"noopener\">Remorque \u00e0 benne basculante \u00e0 4 essieux<\/a><\/span>, <a href=\"https:\/\/www.pandamech.com\/france\/product\/a-double-tipper-trailer-p00251p1-html\/\" target=\"_blank\" rel=\"noopener\"><span style=\"color: #0000ff;\">remorque basculante \u00e0 barre d'attelage<\/span><\/a>)<\/p>\n<p style=\"text-align: center;\"><a class=\"product_button\" href=\"#elementor-action%3Aaction%3Dpopup%3Aopen%26settings%3DeyJpZCI6Ijk5MDciLCJ0b2dnbGUiOmZhbHNlfQ%3D%3D\">Obtenir un devis imm\u00e9diat<\/a><\/p>\n<h2>Vid\u00e9o de la remorque de la semi-remorque \u00e0 benne basculante<\/h2>\n<p><iframe title=\"Lecteur vid\u00e9o YouTube\" src=\"https:\/\/www.youtube.com\/embed\/uV4awegJhLI\" width=\"800\" height=\"533\" frameborder=\"0\" allowfullscreen=\"allowfullscreen\"><\/iframe><\/p>\n<h2>Sp\u00e9cification de la remorque \u00e0 benne basculante 18 roues<\/h2>\n<table style=\"width: 800px;\" border=\"1\" cellspacing=\"1\" cellpadding=\"1\">\n<tbody>\n<tr>\n<td width=\"208\" height=\"33\">Fabricant<\/td>\n<td width=\"598\">Panda Mech remorque \u00e0 benne basculante 18 roues \u00e0 3 essieux<\/td>\n<\/tr>\n<tr>\n<td height=\"33\">Capacit\u00e9<\/td>\n<td>50 -150 tonnes<\/td>\n<\/tr>\n<tr>\n<td height=\"33\">Dimension<\/td>\n<td>8500*2500*3500mm<\/td>\n<\/tr>\n<tr>\n<td height=\"33\">Essieu<\/td>\n<td>3 essieux, essieux triples<\/td>\n<\/tr>\n<tr>\n<td height=\"33\">Syst\u00e8me hydraulique<\/td>\n<td>Cylindre hydraulique HYVA<\/td>\n<\/tr>\n<tr>\n<td height=\"33\">Cylindre<\/td>\n<td>175, 191, 202, 214 \/ 4TG, 5TG<\/td>\n<\/tr>\n<tr>\n<td height=\"33\">Suspension<\/td>\n<td>M\u00e9canique, air, ressort<\/td>\n<\/tr>\n<tr>\n<td height=\"33\">Kingpin<\/td>\n<td>JOST 2\u2033 ou 3.5 type d\u00e9tachable<\/td>\n<\/tr>\n<tr>\n<td height=\"33\">Train d'atterrissage<\/td>\n<td>JOST 28T<\/td>\n<\/tr>\n<tr>\n<td height=\"33\">Syst\u00e8me de freinage<\/td>\n<td>ABS ou EBS (en option)<\/td>\n<\/tr>\n<tr>\n<td height=\"33\">Pneu<\/td>\n<td>12R 22.5 315\/80 R22.5<\/td>\n<\/tr>\n<tr>\n<td height=\"33\">Chambres de frein<\/td>\n<td>T30\/30<\/td>\n<\/tr>\n<\/tbody>\n<\/table>\n<p style=\"text-align: center;\"><a class=\"product_button\" href=\"#elementor-action%3Aaction%3Dpopup%3Aopen%26settings%3DeyJpZCI6Ijk5MDciLCJ0b2dnbGUiOmZhbHNlfQ%3D%3D\">Cliquez pour plus de d\u00e9tails<\/a><\/p>\n<h2>Dessin d'une remorque \u00e0 benne basculante 18 roues<\/h2>\n<p><img loading=\"lazy\" decoding=\"async\" class=\"alignnone\" style=\"width: 800px;\" src=\"https:\/\/pandamech.com\/wp-content\/uploads\/2022\/08\/tipper-semi-trailer-3.jpg\" alt=\"Dessin de la remorque du camion \u00e0 benne basculante \u00e0 18 roues\" width=\"800\" height=\"420\" title=\"\"><\/p>\n<h2>Caract\u00e9ristiques de la remorque \u00e0 benne basculante 18 roues<\/h2>\n<ul>\n<li>1. Soudage automatique avanc\u00e9 du m\u00e9tal et processus avanc\u00e9 de sablage et de peinture pour le pr\u00e9traitement.<\/li>\n<li>2. Marquage tr\u00e8s visible selon la norme SABS.<\/li>\n<li>3. Large \u00e9ventail d'applications, favorisant le progr\u00e8s et le d\u00e9veloppement de l'industrie.<\/li>\n<\/ul>\n<p style=\"text-align: center;\"><a class=\"product_button\" href=\"#elementor-action%3Aaction%3Dpopup%3Aopen%26settings%3DeyJpZCI6Ijk5MDciLCJ0b2dnbGUiOmZhbHNlfQ%3D%3D\">Cliquez pour plus de d\u00e9tails<\/a><\/p>\n<h2>Panda Mech<\/h2>\n<p>Panda Mech est un fabricant chinois de remorques \u00e0 benne basculante 18 roues. Nous fournissons des remorques \u00e0 benne basculante 18 roues \u00e0 vendre. Les fabricants de Panda Mech ont connu le succ\u00e8s en Asie du Sud-Est, au Moyen-Orient, en Afrique et en Am\u00e9rique du Sud, tels que les Philippines, la Tanzanie, le Nig\u00e9ria, etc...<\/p>\n<p><a href=\"\/france\/contact-us\/\" rel=\"nofollow\"><img loading=\"lazy\" decoding=\"async\" class=\"alignnone\" src=\"https:\/\/pandamech.com\/wp-content\/uploads\/u_file\/db8ce19fe3.jpg\" alt=\"Devis pour une remorque \u00e0 benne basculante \u00e0 18 roues\" width=\"864\" height=\"213\" title=\"\"><\/a><\/p>\n<p>En rapport :<\/p>\n<p><a href=\"https:\/\/www.pandamech.com\/france\/product\/50-yard-dump-trailer-for-sale\/\">Remorque \u00e0 benne basculante de 50 m\u00e8tres \u00e0 vendre<\/a><\/p>","protected":false},"excerpt":{"rendered":"<p>Mod\u00e8le : remorque \u00e0 benne basculante 18 roues<\/p>\n<p>Fourchette de prix : 14 500-28 500 USD<\/p>\n<p>D\u00e9lai de livraison : 7-25 jours<\/p>\n<p>Application : transport de charbon, de minerai, de mat\u00e9riaux de construction<\/p>\n<p>Angle d'inclinaison : 45<\/p>\n<p>Syst\u00e8me hydraulique : Cylindre HYVA<\/p>","protected":false},"featured_media":58428,"template":"","meta":{"_acf_changed":false,"_kad_blocks_custom_css":"","_kad_blocks_head_custom_js":"","_kad_blocks_body_custom_js":"","_kad_blocks_footer_custom_js":"","_kad_post_transparent":"default","_kad_post_title":"","_kad_post_layout":"default","_kad_post_sidebar_id":"","_kad_post_content_style":"default","_kad_post_vertical_padding":"default","_kad_post_feature":"","_kad_post_feature_position":"","_kad_post_header":false,"_kad_post_footer":false,"_kad_post_classname":""},"product_brand":[],"product_cat":[172],"product_tag":[],"class_list":{"0":"post-32585","1":"product","2":"type-product","3":"status-publish","4":"has-post-thumbnail","6":"product_cat-dump-truck-trailer","8":"first","9":"instock","10":"sold-individually","11":"shipping-taxable","12":"purchasable","13":"product-type-simple","14":"entry","15":"content-bg","16":"loop-entry"},"acf":[],"taxonomy_info":{"product_cat":[{"value":172,"label":"Dump Truck Trailer"}]},"featured_image_src_large":["https:\/\/www.pandamech.com\/wp-content\/uploads\/2022\/10\/tipper-trailer-1-500x500.jpg",500,500,true],"author_info":[],"comment_info":"","_links":{"self":[{"href":"https:\/\/www.pandamech.com\/france\/wp-json\/wp\/v2\/product\/32585","targetHints":{"allow":["GET"]}}],"collection":[{"href":"https:\/\/www.pandamech.com\/france\/wp-json\/wp\/v2\/product"}],"about":[{"href":"https:\/\/www.pandamech.com\/france\/wp-json\/wp\/v2\/types\/product"}],"version-history":[{"count":2,"href":"https:\/\/www.pandamech.com\/france\/wp-json\/wp\/v2\/product\/32585\/revisions"}],"predecessor-version":[{"id":91530,"href":"https:\/\/www.pandamech.com\/france\/wp-json\/wp\/v2\/product\/32585\/revisions\/91530"}],"wp:featuredmedia":[{"embeddable":true,"href":"https:\/\/www.pandamech.com\/france\/wp-json\/wp\/v2\/media\/58428"}],"wp:attachment":[{"href":"https:\/\/www.pandamech.com\/france\/wp-json\/wp\/v2\/media?parent=32585"}],"wp:term":[{"taxonomy":"product_brand","embeddable":true,"href":"https:\/\/www.pandamech.com\/france\/wp-json\/wp\/v2\/product_brand?post=32585"},{"taxonomy":"product_cat","embeddable":true,"href":"https:\/\/www.pandamech.com\/france\/wp-json\/wp\/v2\/product_cat?post=32585"},{"taxonomy":"product_tag","embeddable":true,"href":"https:\/\/www.pandamech.com\/france\/wp-json\/wp\/v2\/product_tag?post=32585"}],"curies":[{"name":"wp","href":"https:\/\/api.w.org\/{rel}","templated":true}]}}