{"id":32584,"date":"2022-10-01T18:03:44","date_gmt":"2022-10-01T10:03:44","guid":{"rendered":"https:\/\/pandamech.com\/product\/38-ton-tipper-semi-trailer"},"modified":"2025-08-23T01:07:30","modified_gmt":"2025-08-22T17:07:30","slug":"38-ton-tipper-semi-trailer","status":"publish","type":"product","link":"https:\/\/www.pandamech.com\/france\/product\/38-ton-tipper-semi-trailer\/","title":{"rendered":"Semi-remorque benne de 38 tonnes"},"content":{"rendered":"<p>Si vous avez des briques, des d\u00e9monstrations, du sable, des d\u00e9chets de construction, des d\u00e9chets de mat\u00e9riaux de grande taille qui doivent \u00eatre transport\u00e9s, la remorque \u00e0 benne basculante Panda Mech est un bon choix. Une remorque \u00e0 benne basculante de qualit\u00e9 avec son propre design unique augmente la vitesse de d\u00e9chargement et am\u00e9liore l'efficacit\u00e9 dans une large mesure, favorisant ainsi l'ach\u00e8vement rapide des projets, l'\u00e9conomie des co\u00fbts et l'augmentation des profits.<\/p>\n<h2>Semi-remorque \u00e0 benne basculante de 38 tonnes<\/h2>\n<ul>\n<li>1. Soudage automatique avanc\u00e9 du m\u00e9tal et processus avanc\u00e9 de sablage et de peinture pour le pr\u00e9traitement.<\/li>\n<li>2. Les lignes adoptent toutes des lampes LED de pointe pour une longue dur\u00e9e de vie.<\/li>\n<li>3. Apr\u00e8s la production de chaque remorque \u00e0 benne basculante, celle-ci est soumise \u00e0 plusieurs processus de test.<\/li>\n<\/ul>\n<p style=\"text-align: center;\"><a class=\"product_button\" href=\"#elementor-action%3Aaction%3Dpopup%3Aopen%26settings%3DeyJpZCI6Ijk5MDciLCJ0b2dnbGUiOmZhbHNlfQ%3D%3D\">Cliquez pour plus de d\u00e9tails<\/a><\/p>\n<h2>Vid\u00e9o de la remorque de la semi-remorque \u00e0 benne basculante<\/h2>\n<p><iframe title=\"Lecteur vid\u00e9o YouTube\" src=\"https:\/\/www.youtube.com\/embed\/uV4awegJhLI\" width=\"800\" height=\"533\" frameborder=\"0\" allowfullscreen=\"allowfullscreen\"><\/iframe><\/p>\n<h2>Sp\u00e9cification de la remorque du camion-benne de 38 tonnes<\/h2>\n<table style=\"width: 800px;\" border=\"1\" cellspacing=\"1\" cellpadding=\"1\">\n<tbody>\n<tr>\n<td width=\"208\" height=\"33\">Fabricant<\/td>\n<td width=\"598\">Panda Mech 38 tonnes remorque camion benne<\/td>\n<\/tr>\n<tr>\n<td height=\"33\">Essieu<\/td>\n<td>3 essieux, essieux triples<\/td>\n<\/tr>\n<tr>\n<td height=\"33\">Syst\u00e8me hydraulique<\/td>\n<td>Cylindre hydraulique HYVA<\/td>\n<\/tr>\n<tr>\n<td height=\"33\">Cylindre<\/td>\n<td>175, 191, 202, 214 \/ 4TG, 5TG<\/td>\n<\/tr>\n<tr>\n<td height=\"33\">Suspension<\/td>\n<td>M\u00e9canique, air, ressort<\/td>\n<\/tr>\n<tr>\n<td height=\"33\">Kingpin<\/td>\n<td>JOST 2\u2033 ou 3.5 type d\u00e9tachable<\/td>\n<\/tr>\n<tr>\n<td height=\"33\">Train d'atterrissage<\/td>\n<td>JOST 28T<\/td>\n<\/tr>\n<tr>\n<td height=\"33\">Syst\u00e8me de freinage<\/td>\n<td>ABS ou EBS (en option)<\/td>\n<\/tr>\n<tr>\n<td height=\"33\">Pneu<\/td>\n<td>12R 22.5 315\/80 R22.5<\/td>\n<\/tr>\n<tr>\n<td height=\"33\">Chambres de frein<\/td>\n<td>T30\/30<\/td>\n<\/tr>\n<\/tbody>\n<\/table>\n<p style=\"text-align: center;\"><a class=\"product_button\" href=\"#elementor-action%3Aaction%3Dpopup%3Aopen%26settings%3DeyJpZCI6Ijk5MDciLCJ0b2dnbGUiOmZhbHNlfQ%3D%3D\">Cliquez pour plus de d\u00e9tails<\/a><\/p>\n<h2>Dessin de la remorque d'un camion-benne de 38 tonnes<\/h2>\n<p><img decoding=\"async\" style=\"width: 800px;\" src=\"https:\/\/pandamech.com\/wp-content\/uploads\/2022\/08\/tipper-semi-trailer-3.jpg\" alt=\"Semi-remorque de transport de sable et de gravier 30-150 tonnes dessin\" height=\"420\" title=\"\"><\/p>\n<h2>Remorque de camion benne de 38 tonnes images<\/h2>\n<p><img decoding=\"async\" class=\"alignnone size-full\" src=\"https:\/\/pandamech.com\/wp-content\/uploads\/2022\/10\/2axle-dump-7.jpg\" alt=\"Semi-remorque benne de 38 tonnes\" title=\"\"><br \/>\nSemi-remorques \u00e0 benne basculante de 38 tonnes \u00e0 2 essieux \u00e0 vendre<\/p>\n<p><img decoding=\"async\" class=\"alignnone size-full\" src=\"https:\/\/pandamech.com\/wp-content\/uploads\/2022\/10\/2axle-dump-8.jpg\" alt=\"Remorque camion benne de 38 tonnes \u00e0 2 essieux\" title=\"\"><br \/>\n2 essieux 38 tonnes <a href=\"https:\/\/www.pandamech.com\/france\/category\/tipper-trailer\/semi-dump-trailer\/\" target=\"_blank\" rel=\"noopener\"><span style=\"color: #0000ff;\">fabricant de semi-remorques \u00e0 benne basculante<\/span><\/a><\/p>\n<p><img decoding=\"async\" class=\"alignnone size-full\" src=\"https:\/\/pandamech.com\/wp-content\/uploads\/2022\/10\/2axle-dump-9.jpg\" alt=\"Semi-remorque benne de 38 tonnes\" title=\"\"><br \/>\nSemi-remorques de 38 tonnes pour camions \u00e0 benne basculante<\/p>\n<p>En rapport : <span style=\"color: #0000ff;\"><a style=\"color: #0000ff;\" href=\"https:\/\/www.pandamech.com\/product\/dump-truck-p00128p1-html\/\" target=\"_blank\" rel=\"noopener\">Remorque \u00e0 benne de 60 tonnes<\/a><\/span>, <a href=\"https:\/\/www.pandamech.com\/france\/product\/40-ton-half-round-end-dump-trailer\/\" target=\"_blank\" rel=\"noopener\"><span style=\"color: #0000ff;\">Remorque \u00e0 benne de 40 tonnes<\/span><\/a><\/p>\n<p style=\"text-align: center;\"><a class=\"product_button\" href=\"#elementor-action%3Aaction%3Dpopup%3Aopen%26settings%3DeyJpZCI6Ijk5MDciLCJ0b2dnbGUiOmZhbHNlfQ%3D%3D\">Obtenir un devis imm\u00e9diat<\/a><\/p>\n<h2>Panda Mech<\/h2>\n<p>Panda Mech est un fabricant chinois de semi-remorques pour camions \u00e0 benne basculante de 38 tonnes. Nous fournissons des semi-remorques pour camion \u00e0 benne basculante de 38 tonnes \u00e0 vendre. Les fabricants de Panda Mech ont connu le succ\u00e8s en Asie du Sud-Est, au Moyen-Orient, en Afrique et en Am\u00e9rique du Sud, tels que les Philippines, la Tanzanie, le Nig\u00e9ria, etc...<\/p>\n<p><a href=\"\/france\/contact-us\/\" rel=\"nofollow\"><img decoding=\"async\" src=\"https:\/\/pandamech.com\/wp-content\/uploads\/u_file\/db8ce19fe3.jpg\" alt=\"Remorque de transport pour camion-benne de 38 tonnes \u00e0 vendre\" title=\"\"><\/a><\/p>","protected":false},"excerpt":{"rendered":"<p>Mod\u00e8le : remorque \u00e0 benne basculante de 38 tonnes<\/p>\n<p>Fourchette de prix : 12.800-27.500 USD<\/p>\n<p>D\u00e9lai de livraison : 7-25 jours<\/p>\n<p>Application : transport de charbon, de minerai, de mat\u00e9riaux de construction<\/p>\n<p>Angle d'inclinaison : 45<\/p>\n<p>Syst\u00e8me hydraulique : Cylindre HYVA<\/p>","protected":false},"featured_media":58119,"template":"","meta":{"_acf_changed":false,"_kad_blocks_custom_css":"","_kad_blocks_head_custom_js":"","_kad_blocks_body_custom_js":"","_kad_blocks_footer_custom_js":"","_kad_post_transparent":"default","_kad_post_title":"","_kad_post_layout":"default","_kad_post_sidebar_id":"","_kad_post_content_style":"default","_kad_post_vertical_padding":"default","_kad_post_feature":"","_kad_post_feature_position":"","_kad_post_header":false,"_kad_post_footer":false,"_kad_post_classname":""},"product_brand":[],"product_cat":[172],"product_tag":[],"class_list":{"0":"post-32584","1":"product","2":"type-product","3":"status-publish","4":"has-post-thumbnail","6":"product_cat-dump-truck-trailer","8":"first","9":"instock","10":"sold-individually","11":"shipping-taxable","12":"purchasable","13":"product-type-simple","14":"entry","15":"content-bg","16":"loop-entry"},"acf":[],"taxonomy_info":{"product_cat":[{"value":172,"label":"Dump Truck Trailer"}]},"featured_image_src_large":["https:\/\/www.pandamech.com\/wp-content\/uploads\/2022\/10\/2axle-dump-2-500x500.jpg",500,500,true],"author_info":[],"comment_info":"","_links":{"self":[{"href":"https:\/\/www.pandamech.com\/france\/wp-json\/wp\/v2\/product\/32584","targetHints":{"allow":["GET"]}}],"collection":[{"href":"https:\/\/www.pandamech.com\/france\/wp-json\/wp\/v2\/product"}],"about":[{"href":"https:\/\/www.pandamech.com\/france\/wp-json\/wp\/v2\/types\/product"}],"version-history":[{"count":1,"href":"https:\/\/www.pandamech.com\/france\/wp-json\/wp\/v2\/product\/32584\/revisions"}],"predecessor-version":[{"id":91303,"href":"https:\/\/www.pandamech.com\/france\/wp-json\/wp\/v2\/product\/32584\/revisions\/91303"}],"wp:featuredmedia":[{"embeddable":true,"href":"https:\/\/www.pandamech.com\/france\/wp-json\/wp\/v2\/media\/58119"}],"wp:attachment":[{"href":"https:\/\/www.pandamech.com\/france\/wp-json\/wp\/v2\/media?parent=32584"}],"wp:term":[{"taxonomy":"product_brand","embeddable":true,"href":"https:\/\/www.pandamech.com\/france\/wp-json\/wp\/v2\/product_brand?post=32584"},{"taxonomy":"product_cat","embeddable":true,"href":"https:\/\/www.pandamech.com\/france\/wp-json\/wp\/v2\/product_cat?post=32584"},{"taxonomy":"product_tag","embeddable":true,"href":"https:\/\/www.pandamech.com\/france\/wp-json\/wp\/v2\/product_tag?post=32584"}],"curies":[{"name":"wp","href":"https:\/\/api.w.org\/{rel}","templated":true}]}}