{"id":32564,"date":"2025-07-10T11:09:05","date_gmt":"2025-07-10T03:09:05","guid":{"rendered":"https:\/\/pandamech.com\/product\/sand-gravel-dump-trailer"},"modified":"2025-09-12T10:33:18","modified_gmt":"2025-09-12T02:33:18","slug":"22-24-26-28-30-ft-end-dump-trailer-for-sale","status":"publish","type":"product","link":"https:\/\/www.pandamech.com\/france\/product\/22-24-26-28-30-ft-end-dump-trailer-for-sale\/","title":{"rendered":"22\/24\/26\/28\/30 Ft End Dump Trailer \u00e0 vendre"},"content":{"rendered":"<p>PANDA MECH a consacr\u00e9 beaucoup de main-d'\u0153uvre et de ressources \u00e0 la recherche et au d\u00e9veloppement de nos remorques \u00e0 benne basculante de 22\/24\/26\/28\/30 pieds, afin de garantir une efficacit\u00e9 et une conformit\u00e9 optimales. En utilisant des mat\u00e9riaux tr\u00e8s r\u00e9sistants et durables, nous r\u00e9pondons \u00e0 une gamme vari\u00e9e de besoins de transport pour les remorques \u00e0 benne basculante.<\/p>\n<p>Simultan\u00e9ment, nos 22\/24\/26\/28\/30 Ft <span style=\"color: #0000ff;\"><a style=\"color: #0000ff;\" href=\"https:\/\/www.pandamech.com\/france\/category\/tipper-trailer\/semi-dump-trailer\/\" target=\"_blank\" rel=\"noopener\">remorques \u00e0 benne basculante<\/a><\/span> permettent un d\u00e9chargement rapide tout en supportant des charges importantes. Toutefois, il est essentiel que le d\u00e9chargement de ces remorques \u00e0 benne basculante soit effectu\u00e9 par un op\u00e9rateur prudent, car une manipulation incorrecte peut pr\u00e9senter des risques potentiels.<\/p>\n<h2>22\/24\/26\/28\/30 Remorque \u00e0 benne basculante \u00e0 bouts ronds images<\/h2>\n<p><img fetchpriority=\"high\" decoding=\"async\" class=\"alignnone\" src=\"https:\/\/pandamech.com\/wp-content\/uploads\/2022\/10\/25cbm-tipper-7.jpg\" alt=\"22\/24\/26\/28\/30 Ft end dump trailer For Sale\" width=\"750\" height=\"400\" title=\"\"><br \/>\n3 extr\u00e9mit\u00e9 de l'essieu <a class=\"wpil_keyword_link\" title=\"remorque de camion-benne\" href=\"https:\/\/www.pandamech.com\/france\/category\/dump-truck-trailer\/\" target=\"_blank\" rel=\"noopener\" data-wpil-keyword-link=\"linked\">remorque de camion-benne<\/a> fournisseur<\/p>\n<p><img decoding=\"async\" class=\"alignnone wp-image-42250\" style=\"font-weight: bold; font-family: var(--global-body-font-family);\" src=\"https:\/\/pandamech.com\/wp-content\/uploads\/2021\/09\/2224262830-ft-end-dump-trailer-for-sale.jpg\" alt=\"Remorque \u00e0 benne basculante 22\/24\/26\/28\/30 ft \u00e0 vendre\" width=\"750\" height=\"563\" title=\"\"><\/p>\n<p>Remorque \u00e0 benne basculante 22\/24\/26\/28\/30 ft \u00e0 vendre<br \/>\nFabricant de remorques \u00e0 benne basculante<\/p>\n<p>En rapport : <span style=\"color: #0000ff;\"><a style=\"color: #0000ff;\" href=\"https:\/\/www.pandamech.com\/france\/product\/40-ton-half-round-end-dump-trailer\/\" target=\"_blank\" rel=\"noopener\">Remorque \u00e0 benne basculante de 40 tonnes<\/a><\/span>, <a href=\"https:\/\/www.pandamech.com\/france\/product\/80-ton-dump-truck-trailer\/\" target=\"_blank\" rel=\"noopener\"><span style=\"color: #0000ff;\">Remorque de camion-benne de 80 tonnes<\/span><\/a><\/p>\n<p style=\"text-align: center;\"><a class=\"product_button\" href=\"#elementor-action%3Aaction%3Dpopup%3Aopen%26settings%3DeyJpZCI6Ijk5MDciLCJ0b2dnbGUiOmZhbHNlfQ%3D%3D\">Obtenir un devis imm\u00e9diat<\/a><\/p>\n<h2>22\/24\/26\/28\/30 Vid\u00e9o sur les remorques \u00e0 benne basculante<\/h2>\n<p><iframe title=\"Lecteur vid\u00e9o YouTube\" src=\"https:\/\/www.youtube.com\/embed\/9CVtJSS1v64\" width=\"750\" height=\"450\" frameborder=\"0\" allowfullscreen=\"allowfullscreen\"><span data-mce-type=\"bookmark\" style=\"display: inline-block; width: 0px; overflow: hidden; line-height: 0;\" class=\"mce_SELRES_start\"><\/span><\/iframe><\/p>\n<h2>22\/24\/26\/28\/30 Sp\u00e9cification de la remorque \u00e0 benne basculante en bout de champ<\/h2>\n<table style=\"width: 750px;\" border=\"1\" cellspacing=\"1\" cellpadding=\"1\">\n<tbody>\n<tr>\n<td width=\"208\" height=\"33\">Fabricant<\/td>\n<td width=\"598\">Panda Mech<\/td>\n<\/tr>\n<tr>\n<td height=\"33\">Capacit\u00e9<\/td>\n<td>40-100 tonnes<\/td>\n<\/tr>\n<tr>\n<td height=\"33\">Dimension<\/td>\n<td>6 705-9 150*2500*3450-3650mm (\u00e0 titre indicatif)<\/td>\n<\/tr>\n<tr>\n<td height=\"33\">Essieu<\/td>\n<td>3 essieux<\/td>\n<\/tr>\n<tr>\n<td height=\"33\">Syst\u00e8me hydraulique<\/td>\n<td>Cylindre hydraulique HYVA<\/td>\n<\/tr>\n<tr>\n<td height=\"33\">Cylindre<\/td>\n<td>175, 191, 202, 214 \/ 4TG, 5TG<\/td>\n<\/tr>\n<tr>\n<td height=\"33\">Suspension<\/td>\n<td>M\u00e9canique, air, ressort<\/td>\n<\/tr>\n<tr>\n<td height=\"33\">Kingpin<\/td>\n<td>JOST 2\u2033 ou 3.5 type d\u00e9tachable<\/td>\n<\/tr>\n<tr>\n<td height=\"33\">Train d'atterrissage<\/td>\n<td>JOST 28T<\/td>\n<\/tr>\n<tr>\n<td height=\"33\">Syst\u00e8me de freinage<\/td>\n<td>ABS ou EBS (en option)<\/td>\n<\/tr>\n<tr>\n<td height=\"33\">Pneu<\/td>\n<td>12R 22.5 315\/80 R22.5<\/td>\n<\/tr>\n<tr>\n<td height=\"33\">Chambres de frein<\/td>\n<td>T30\/30<\/td>\n<\/tr>\n<\/tbody>\n<\/table>\n<p style=\"text-align: center;\"><a class=\"product_button\" href=\"#elementor-action%3Aaction%3Dpopup%3Aopen%26settings%3DeyJpZCI6Ijk5MDciLCJ0b2dnbGUiOmZhbHNlfQ%3D%3D\">Cliquez pour plus de d\u00e9tails<\/a><\/p>\n<h3>22\/24\/26\/28\/30 Dimension de la remorque \u00e0 benne basculante en bout de champ<\/h3>\n<p><strong>Dimension de la remorque \u00e0 benne basculante 22Ft<\/strong>Dimensions : 6,705 \u00d7 2,500 \u00d7 3,450mm (\u00e0 titre indicatif)<\/p>\n<p><strong>Dimensions de la remorque \u00e0 benne basculante de 24 pieds<\/strong>Dimensions : 7 315 \u00d7 2 500 \u00d7 3 450 mm (\u00e0 titre indicatif uniquement)<\/p>\n<p><strong>Dimensions de la remorque \u00e0 benne basculante 26Ft<\/strong>Dimensions : 7,925 \u00d7 2,500 \u00d7 3,550mm (\u00e0 titre indicatif)<\/p>\n<p><strong>Dimension de la remorque \u00e0 benne basculante de 28 pieds<\/strong>Dimensions : 8 440 \u00d7 2 500 \u00d7 3 550 mm (\u00e0 titre indicatif uniquement)<\/p>\n<p><strong>Dimension de la remorque \u00e0 benne basculante de 30 pieds<\/strong>Dimensions : 9 150 \u00d7 2 500 \u00d7 3 650 mm (\u00e0 titre indicatif uniquement)<\/p>\n<h2>22\/24\/26\/28\/30 Dessin d'une remorque \u00e0 benne basculante de type Ft end<\/h2>\n<p><img decoding=\"async\" class=\"alignnone\" style=\"width: 800px;\" src=\"https:\/\/pandamech.com\/wp-content\/uploads\/2022\/08\/tipper-semi-trailer-3.jpg\" alt=\"22\/24\/26\/28\/30 Dessin d&#039;une remorque \u00e0 benne basculante de type Ft end\" width=\"800\" height=\"420\" title=\"\"><\/p>\n<h2>22\/24\/26\/28\/30 Caract\u00e9ristiques de la remorque \u00e0 benne basculante \u00e0 l'extr\u00e9mit\u00e9 des pieds<\/h2>\n<p><strong>Supports<\/strong><\/p>\n<p>Les supports redessin\u00e9s r\u00e9partissent les contraintes et r\u00e9sistent \u00e0 la fatigue. Panda Mech applique des goussets plus \u00e9pais, des transitions de rayon et des contr\u00f4les non destructifs pour \u00e9viter les fissures en cas de cycles lourds.<\/p>\n<p><strong>Knock-Off<\/strong><\/p>\n<p>Le m\u00e9canisme de d\u00e9brayage de pr\u00e9cision prot\u00e8ge la bo\u00eete dans des angles s\u00fbrs. Panda Mech ajuste les tol\u00e9rances d'actionnement et utilise des goupilles tremp\u00e9es pour un d\u00e9sengagement fiable et r\u00e9p\u00e9table.<\/p>\n<p><strong>Arbre de basculement<\/strong><\/p>\n<p>L'arbre de basculement robuste stabilise le corps pendant le levage, ce qui am\u00e9liore la durabilit\u00e9 et la s\u00e9curit\u00e9. Panda Mech traite thermiquement les arbres et sp\u00e9cifie des roulements surdimensionn\u00e9s pour une longue dur\u00e9e de vie.<\/p>\n<p><strong>Syst\u00e8me de fixation<\/strong><\/p>\n<p>La porte arri\u00e8re \u00e0 verrouillage automatique augmente l'efficacit\u00e9 ; les tringleries r\u00e9glables maintiennent l'alignement. Panda Mech con\u00e7oit des points d'entretien sans outil et des pi\u00e8ces de rechange standardis\u00e9es pour des remplacements rapides.<\/p>\n<p style=\"text-align: center;\"><a class=\"product_button\" href=\"#elementor-action%3Aaction%3Dpopup%3Aopen%26settings%3DeyJpZCI6Ijk5MDciLCJ0b2dnbGUiOmZhbHNlfQ%3D%3D\">Cliquez pour plus de d\u00e9tails<\/a><\/p>\n<h2>Panda Mech<\/h2>\n<p>Panda Mech est un fabricant de remorques \u00e0 benne basculante de 22\/24\/26\/28\/30 Ft en Chine. Nous fournissons des remorques \u00e0 benne basculante 22\/24\/26\/28\/30 Ft \u00e0 vendre. Les fabricants de Panda Mech ont connu le succ\u00e8s en Asie du Sud-Est, au Moyen-Orient, en Afrique et en Am\u00e9rique du Sud, tels que les Philippines, la Tanzanie, le Nigeria, etc...<\/p>\n<p><a href=\"\/france\/contact-us\/\" rel=\"nofollow\"><img loading=\"lazy\" decoding=\"async\" class=\"alignnone\" src=\"https:\/\/pandamech.com\/wp-content\/uploads\/u_file\/db8ce19fe3.jpg\" alt=\"22\/24\/26\/28\/30 Devis remorque \u00e0 benne basculante Ft end\" width=\"864\" height=\"213\" title=\"\"><\/a><\/p>\n<h2>Quel est le prix d'une remorque \u00e0 benne basculante de 22\/24\/26\/28\/30 pieds ?<\/h2>\n<ul>\n<li><strong data-start=\"0\" data-end=\"10\"><strong data-start=\"0\" data-end=\"10\">Remorque \u00e0 benne basculante de 22 pieds<\/strong><\/strong><strong data-start=\"0\" data-end=\"10\">:<\/strong> USD <strong data-start=\"15\" data-end=\"33\" data-is-only-node=\"\">$12,500-15,500<\/strong><\/li>\n<li><strong data-start=\"36\" data-end=\"46\">Remorque \u00e0 benne basculante de 24 pieds :<\/strong> USD <strong data-start=\"51\" data-end=\"69\">$13 000-16 500<\/strong><\/li>\n<li><strong data-start=\"72\" data-end=\"82\">Remorque \u00e0 benne basculante de 26 pieds :<\/strong> USD <strong data-start=\"87\" data-end=\"105\">$13,800-17,800<\/strong><\/li>\n<li><strong data-start=\"108\" data-end=\"118\">Remorque \u00e0 benne basculante de 28 pieds :<\/strong> USD <strong data-start=\"123\" data-end=\"141\">$15 000-22 000<\/strong><\/li>\n<li><strong data-start=\"144\" data-end=\"154\">Remorque \u00e0 benne basculante de 30 pieds :<\/strong> USD <strong data-start=\"159\" data-end=\"177\">$16 500-24 000<\/strong><\/li>\n<\/ul>\n<p>(Pour r\u00e9f\u00e9rence uniquement)<\/p>\n<h2 data-start=\"1817\" data-end=\"1863\">Combien une remorque \u00e0 benne basculante de 30 pieds peut-elle transporter ?<\/h2>\n<p><strong data-start=\"0\" data-end=\"20\" data-is-only-node=\"\">Environ 30 tonnes<\/strong> sur la route dans la plupart des march\u00e9s.<\/p>\n<h2 data-start=\"1817\" data-end=\"1863\">Quelles sont les dimensions et la capacit\u00e9 d'une remorque \u00e0 benne basculante de 28 pieds ?<\/h2>\n<p>8 440 \u00d7 2 500 \u00d7 3 550 mm (\u00e0 titre indicatif)<\/p>","protected":false},"excerpt":{"rendered":"<p>Mod\u00e8le : 22\/24\/26\/28\/30 Ft benne basculante<\/p>\n<p>Fourchette de prix : 12.500-28.500 USD<\/p>\n<p>D\u00e9lai de livraison : 7-25 jours<\/p>\n<p>Application : transport de charbon, de minerai, de mat\u00e9riaux de construction<\/p>\n<p>Angle d'inclinaison : 45<\/p>\n<p>Syst\u00e8me hydraulique : Cylindre HYVA<\/p>","protected":false},"featured_media":58103,"template":"","meta":{"_acf_changed":false,"_kad_blocks_custom_css":"","_kad_blocks_head_custom_js":"","_kad_blocks_body_custom_js":"","_kad_blocks_footer_custom_js":"","_kad_post_transparent":"default","_kad_post_title":"","_kad_post_layout":"default","_kad_post_sidebar_id":"","_kad_post_content_style":"default","_kad_post_vertical_padding":"default","_kad_post_feature":"","_kad_post_feature_position":"","_kad_post_header":false,"_kad_post_footer":false,"_kad_post_classname":""},"product_brand":[],"product_cat":[106],"product_tag":[],"class_list":{"0":"post-32564","1":"product","2":"type-product","3":"status-publish","4":"has-post-thumbnail","6":"product_cat-semi-dump-trailer","8":"first","9":"instock","10":"sold-individually","11":"shipping-taxable","12":"purchasable","13":"product-type-simple","14":"entry","15":"content-bg","16":"loop-entry"},"acf":[],"taxonomy_info":{"product_cat":[{"value":106,"label":"End Dump Trailer"}]},"featured_image_src_large":["https:\/\/www.pandamech.com\/wp-content\/uploads\/2022\/10\/25cbm-tipper-2-500x500.jpg",500,500,true],"author_info":[],"comment_info":"","_links":{"self":[{"href":"https:\/\/www.pandamech.com\/france\/wp-json\/wp\/v2\/product\/32564","targetHints":{"allow":["GET"]}}],"collection":[{"href":"https:\/\/www.pandamech.com\/france\/wp-json\/wp\/v2\/product"}],"about":[{"href":"https:\/\/www.pandamech.com\/france\/wp-json\/wp\/v2\/types\/product"}],"version-history":[{"count":4,"href":"https:\/\/www.pandamech.com\/france\/wp-json\/wp\/v2\/product\/32564\/revisions"}],"predecessor-version":[{"id":91601,"href":"https:\/\/www.pandamech.com\/france\/wp-json\/wp\/v2\/product\/32564\/revisions\/91601"}],"wp:featuredmedia":[{"embeddable":true,"href":"https:\/\/www.pandamech.com\/france\/wp-json\/wp\/v2\/media\/58103"}],"wp:attachment":[{"href":"https:\/\/www.pandamech.com\/france\/wp-json\/wp\/v2\/media?parent=32564"}],"wp:term":[{"taxonomy":"product_brand","embeddable":true,"href":"https:\/\/www.pandamech.com\/france\/wp-json\/wp\/v2\/product_brand?post=32564"},{"taxonomy":"product_cat","embeddable":true,"href":"https:\/\/www.pandamech.com\/france\/wp-json\/wp\/v2\/product_cat?post=32564"},{"taxonomy":"product_tag","embeddable":true,"href":"https:\/\/www.pandamech.com\/france\/wp-json\/wp\/v2\/product_tag?post=32564"}],"curies":[{"name":"wp","href":"https:\/\/api.w.org\/{rel}","templated":true}]}}