{"id":32312,"date":"2022-09-26T15:26:50","date_gmt":"2022-09-26T07:26:50","guid":{"rendered":"https:\/\/pandamech.com\/product\/24-25m-platform-truck-semi-container-trailer"},"modified":"2025-08-23T01:07:30","modified_gmt":"2025-08-22T17:07:30","slug":"24-25m-platform-truck-semi-container-trailer","status":"publish","type":"product","link":"https:\/\/www.pandamech.com\/france\/product\/24-25m-platform-truck-semi-container-trailer\/","title":{"rendered":"Remorque porte-conteneurs \u00e0 plate-forme extensible 24\/25M"},"content":{"rendered":"<p>La remorque \u00e0 plateau extensible de PANDA MECH est disponible dans des longueurs allant de 12,5 \u00e0 24 m\u00e8tres et est con\u00e7ue pour transporter des marchandises extra-longues telles que des rails longs, des tuyaux et parfois des conteneurs et des marchandises en vrac. La remorque \u00e0 plateau extensible peut de pr\u00e9f\u00e9rence atteindre 80 ft.<\/p>\n<p>La longueur de la remorque \u00e0 plateau extensible peut \u00eatre personnalis\u00e9e pour r\u00e9pondre \u00e0 diff\u00e9rents besoins en mati\u00e8re de transport et, gr\u00e2ce \u00e0 la flexibilit\u00e9 de la remorque \u00e0 plateau extensible, la longueur de la remorque \u00e0 plateau extensible peut \u00eatre adapt\u00e9e \u00e0 diff\u00e9rents besoins. <span style=\"color: #0000ff;\"><a style=\"color: #0000ff;\" href=\"https:\/\/www.pandamech.com\/france\/category\/cargo-trailer\/flatbed-semi-trailer\/\" target=\"_blank\" rel=\"noopener\">semi-remorque \u00e0 plateau<\/a><\/span>, Il peut transporter presque tous les types de cargaisons longues.<\/p>\n<h2>Caract\u00e9ristiques du camion semi-remorque \u00e0 plate-forme extensible 24\/25M<\/h2>\n<ul>\n<li>1. Haute r\u00e9sistance \u00e0 la corrosion.<\/li>\n<li>2. Capacit\u00e9 de charge \u00e9lev\u00e9e et grande souplesse de chargement et de d\u00e9chargement.<\/li>\n<li>3. Faible co\u00fbt d'entretien.<\/li>\n<li>4. Longue dur\u00e9e de vie.<\/li>\n<li>5. Poids l\u00e9ger permettant de charger plus de marchandises.<\/li>\n<\/ul>\n<p style=\"text-align: center;\"><a class=\"product_button\" href=\"#elementor-action%3Aaction%3Dpopup%3Aopen%26settings%3DeyJpZCI6Ijk5MDciLCJ0b2dnbGUiOmZhbHNlfQ%3D%3D\">Cliquez pour plus de d\u00e9tails<\/a><\/p>\n<h2>Semi-remorque \u00e0 plate-forme extensible 24\/25M - sp\u00e9cifications<\/h2>\n<table style=\"width: 800px;\" border=\"1\" cellspacing=\"1\" cellpadding=\"1\">\n<tbody>\n<tr>\n<td width=\"297\">Essieux<\/td>\n<td width=\"484\">3 essieux, marque BPW\/SAF\/FUWA<\/td>\n<\/tr>\n<tr>\n<td width=\"297\">Dimensions<\/td>\n<td width=\"484\">12500-24000\/12500*2500*1500 mm<\/td>\n<\/tr>\n<tr>\n<td width=\"297\">Longueur maximale<\/td>\n<td width=\"484\">80ft<\/td>\n<\/tr>\n<tr>\n<td width=\"297\">Plancher<\/td>\n<td width=\"484\">Plaque quadrill\u00e9e de 3 mm<\/td>\n<\/tr>\n<tr>\n<td width=\"297\">Poids<\/td>\n<td width=\"484\">7-8,5 tonnes<\/td>\n<\/tr>\n<tr>\n<td width=\"297\">Verrouillage par rotation<\/td>\n<td width=\"484\">4-8 s\u00e9ries<\/td>\n<\/tr>\n<tr>\n<td width=\"297\">Mat\u00e9riau<\/td>\n<td width=\"484\">Poutrelles principales Q345B, aile sup\u00e9rieure : 14mm, milieu : 8mm, bas : 16mm<\/td>\n<\/tr>\n<tr>\n<td width=\"297\">Goupille royale<\/td>\n<td width=\"484\">2 pouces ou 3,5 pouces Marque JOST<\/td>\n<\/tr>\n<tr>\n<td width=\"297\">Suspension<\/td>\n<td width=\"484\">M\u00e9canique, suspension avec airbag<\/td>\n<\/tr>\n<tr>\n<td width=\"297\" height=\"36\">Pneu<\/td>\n<td width=\"484\">11.00R20, 12.00R20, 12R22.5, 385\/65R22.5 Triangle\/Hankook\/ marque Bridgestone<\/td>\n<\/tr>\n<\/tbody>\n<\/table>\n<p style=\"text-align: center;\"><a class=\"product_button\" href=\"#elementor-action%3Aaction%3Dpopup%3Aopen%26settings%3DeyJpZCI6Ijk5MDciLCJ0b2dnbGUiOmZhbHNlfQ%3D%3D\">Obtenir un devis imm\u00e9diat<\/a><\/p>\n<h2>Camion semi-remorque \u00e0 plate-forme extensible 24\/25M images<\/h2>\n<p><img decoding=\"async\" class=\"alignnone size-full\" title=\"tri essieu extensible plateau semi camion tracteur remorque\" src=\"https:\/\/pandamech.com\/wp-content\/uploads\/2022\/09\/Extendable-flatbed-8.jpg\" alt=\"Semi-remorque \u00e0 plateau extensible \u00e0 3 essieux\" \/><\/p>\n<p>Semi-remorque \u00e0 plateau extensible \u00e0 3 essieux pour la vente<\/p>\n<p><img decoding=\"async\" class=\"alignnone size-full\" title=\"Semi-remorque \u00e0 plate-forme extensible \u00e0 3 essieux\" src=\"https:\/\/pandamech.com\/wp-content\/uploads\/2022\/09\/Extendable-flatbed-7.jpg\" alt=\"Semi-remorque \u00e0 plate-forme extensible \u00e0 3 essieux\" \/><\/p>\n<p>tandem stretch flat deck <a class=\"wpil_keyword_link\" title=\"remorque porte-conteneurs\" href=\"https:\/\/www.pandamech.com\/france\/category\/container-chassis\/\" target=\"_blank\" rel=\"noopener\" data-wpil-keyword-link=\"linked\">remorque porte-conteneurs<\/a><\/p>\n<p>En rapport : <a href=\"https:\/\/www.pandamech.com\/france\/product\/20-ft-flat-bed-truck-trailer\/\" target=\"_blank\" rel=\"noopener\"><span style=\"color: #0000ff;\">Remorque conteneur \u00e0 plat de 20 pieds<\/span><\/a>, <a href=\"https:\/\/www.pandamech.com\/france\/product\/4-axle-platform-truck-trailer\/\" target=\"_blank\" rel=\"noopener\"><span style=\"color: #0000ff;\">Remorque \u00e0 plate-forme \u00e0 4 essieux<\/span><\/a>, <a href=\"https:\/\/www.pandamech.com\/france\/product\/3-axle-platform-semi-trailer\/\" target=\"_blank\" rel=\"noopener\"><span style=\"color: #0000ff;\">Remorque de camion \u00e0 plate-forme \u00e0 3 essieux<\/span><\/a><\/p>\n<p style=\"text-align: center;\"><a class=\"product_button\" href=\"#elementor-action%3Aaction%3Dpopup%3Aopen%26settings%3DeyJpZCI6Ijk5MDciLCJ0b2dnbGUiOmZhbHNlfQ%3D%3D\">Cliquez pour plus de d\u00e9tails<\/a><\/p>\n<h2>Transport d'un camion semi-remorque \u00e0 plateau extensible<\/h2>\n<p>Pour le transport de la semi-remorque \u00e0 plateau extensible de 24\/25 m\u00e8tres, de nombreux clients choisissent d'utiliser le transport par conteneur car il permet de r\u00e9duire les co\u00fbts de transport et le temps de transport.<\/p>\n<p>Les semi-remorques \u00e0 plateau sont g\u00e9n\u00e9ralement utilis\u00e9es pour le transport des vraquiers ou des navires rouliers. Nous veillerons \u00e0 ce que les semi-remorques commerciales \u00e0 plateau de Panda Mech soient cir\u00e9es et recouvertes de b\u00e2ches lorsque les cargos sont en vrac. (<a href=\"https:\/\/www.pandamech.com\/product\/3-axle-drawbar-flatbed-trailer\/\" target=\"_blank\" rel=\"noopener\"><span style=\"color: #0000ff;\">remorque \u00e0 timon \u00e0 plat \u00e0 vendre<\/span><\/a>)<\/p>\n<p><img decoding=\"async\" class=\"alignnone size-full\" title=\"Semi-remorque \u00e0 plateau extensible de 24\/25 m\u00e8tres pour le transport de marchandises\" src=\"https:\/\/pandamech.com\/wp-content\/uploads\/2022\/08\/flatbed-semi-trailer-transport4.jpg\" alt=\"Semi-remorque \u00e0 plateau extensible de 24\/25 m\u00e8tres pour le transport de marchandises\" \/><\/p>\n<p>plate-forme semi-camion remorque transport<\/p>\n<p style=\"text-align: center;\"><a class=\"product_button\" href=\"#elementor-action%3Aaction%3Dpopup%3Aopen%26settings%3DeyJpZCI6Ijk5MDciLCJ0b2dnbGUiOmZhbHNlfQ%3D%3D\">Obtenir plus de d\u00e9tails<\/a><\/p>\n<h2>Panda Mech<\/h2>\n<p>Panda Mech est un fabricant de semi-remorque \u00e0 plateau extensible 24\/25 m\u00e8tres en Chine. Nous fournissons des semi-remorques \u00e0 plateau extensible de 24\/25 m\u00e8tres \u00e0 vendre. Les fabricants de Panda Mech ont connu le succ\u00e8s en Asie du Sud-Est, au Moyen-Orient, en Afrique et en Am\u00e9rique du Sud, tels que les Philippines, la Tanzanie, la C\u00f4te d'Ivoire, etc...<\/p>\n<p style=\"text-align: center;\"><a class=\"product_button\" href=\"#elementor-action%3Aaction%3Dpopup%3Aopen%26settings%3DeyJpZCI6Ijk5MDciLCJ0b2dnbGUiOmZhbHNlfQ%3D%3D\">Obtenir un devis<\/a><\/p>\n<p>En rapport :<\/p>\n<p><a href=\"https:\/\/www.pandamech.com\/france\/product\/3-axle-40-foot-flatbed-semi-trailer\/\" target=\"_blank\" rel=\"noopener\"><span style=\"color: #0000ff;\">Semi-remorque \u00e0 plateau de 40 pieds \u00e0 vendre<\/span><\/a><\/p>","protected":false},"excerpt":{"rendered":"<p>Type : Remorque porte-conteneurs \u00e0 plate-forme 24\/25M<\/p>\n<p>Gamme de prix : $9 900-23 500<\/p>\n<p>Livraison : 7-25 jours<\/p>\n<p>Capacit\u00e9 de charge : 70 tonnes<\/p>\n<p>Application : transport de marchandises en vrac et de conteneurs<\/p>","protected":false},"featured_media":58035,"template":"","meta":{"_acf_changed":false,"_kad_blocks_custom_css":"","_kad_blocks_head_custom_js":"","_kad_blocks_body_custom_js":"","_kad_blocks_footer_custom_js":"","_kad_post_transparent":"default","_kad_post_title":"","_kad_post_layout":"default","_kad_post_sidebar_id":"","_kad_post_content_style":"default","_kad_post_vertical_padding":"default","_kad_post_feature":"","_kad_post_feature_position":"","_kad_post_header":false,"_kad_post_footer":false,"_kad_post_classname":""},"product_brand":[],"product_cat":[15],"product_tag":[],"class_list":{"0":"post-32312","1":"product","2":"type-product","3":"status-publish","4":"has-post-thumbnail","6":"product_cat-uncategorized","8":"first","9":"instock","10":"sold-individually","11":"shipping-taxable","12":"purchasable","13":"product-type-simple","14":"entry","15":"content-bg","16":"loop-entry"},"acf":[],"taxonomy_info":{"product_cat":[{"value":15,"label":"Uncategorized"}]},"featured_image_src_large":["https:\/\/www.pandamech.com\/wp-content\/uploads\/2022\/09\/Extendable-flatbed-1-500x500.jpg",500,500,true],"author_info":[],"comment_info":"","_links":{"self":[{"href":"https:\/\/www.pandamech.com\/france\/wp-json\/wp\/v2\/product\/32312","targetHints":{"allow":["GET"]}}],"collection":[{"href":"https:\/\/www.pandamech.com\/france\/wp-json\/wp\/v2\/product"}],"about":[{"href":"https:\/\/www.pandamech.com\/france\/wp-json\/wp\/v2\/types\/product"}],"version-history":[{"count":1,"href":"https:\/\/www.pandamech.com\/france\/wp-json\/wp\/v2\/product\/32312\/revisions"}],"predecessor-version":[{"id":91305,"href":"https:\/\/www.pandamech.com\/france\/wp-json\/wp\/v2\/product\/32312\/revisions\/91305"}],"wp:featuredmedia":[{"embeddable":true,"href":"https:\/\/www.pandamech.com\/france\/wp-json\/wp\/v2\/media\/58035"}],"wp:attachment":[{"href":"https:\/\/www.pandamech.com\/france\/wp-json\/wp\/v2\/media?parent=32312"}],"wp:term":[{"taxonomy":"product_brand","embeddable":true,"href":"https:\/\/www.pandamech.com\/france\/wp-json\/wp\/v2\/product_brand?post=32312"},{"taxonomy":"product_cat","embeddable":true,"href":"https:\/\/www.pandamech.com\/france\/wp-json\/wp\/v2\/product_cat?post=32312"},{"taxonomy":"product_tag","embeddable":true,"href":"https:\/\/www.pandamech.com\/france\/wp-json\/wp\/v2\/product_tag?post=32312"}],"curies":[{"name":"wp","href":"https:\/\/api.w.org\/{rel}","templated":true}]}}