{"id":32311,"date":"2022-04-03T15:26:50","date_gmt":"2022-04-03T07:26:50","guid":{"rendered":"https:\/\/pandamech.com\/product\/24-25m-flat-bed-deck-tractor-semi-truck-trailer"},"modified":"2025-08-23T01:08:45","modified_gmt":"2025-08-22T17:08:45","slug":"24-25m-flat-bed-deck-tractor-semi-truck-trailer","status":"publish","type":"product","link":"https:\/\/www.pandamech.com\/france\/product\/24-25m-flat-bed-deck-tractor-semi-truck-trailer\/","title":{"rendered":"Camion semi-remorque \u00e0 plateau extensible 24\/25M"},"content":{"rendered":"<p>Pour les clients qui ont besoin de transporter des marchandises tr\u00e8s longues, la remorque \u00e0 plateau extensible est un bon choix, de pr\u00e9f\u00e9rence jusqu'\u00e0 80 pieds, ce qui est id\u00e9al pour le transport de poutres structurelles, de tuyaux ou de grandes pi\u00e8ces de construction.<\/p>\n<p>Extensible <span style=\"color: #0000ff;\"><a style=\"color: #0000ff;\" href=\"https:\/\/www.pandamech.com\/france\/category\/cargo-trailer\/flatbed-semi-trailer\/\" target=\"_blank\" rel=\"noopener\">remorque de camion \u00e0 plateau<\/a><\/span> a une plus grande capacit\u00e9 de charge et \u00e9vite que la cargaison ne soit suspendue en l'air, ce qui augmente la s\u00e9curit\u00e9.<\/p>\n<h2>Caract\u00e9ristiques de la semi-remorque \u00e0 plateau extensible 24\/25M<\/h2>\n<ul>\n<li>1. La conception de la poutre principale en I permet <span style=\"color: #0000ff;\"><a style=\"color: #0000ff;\" href=\"https:\/\/www.pandamech.com\/france\/category\/cargo-trailer\/flatbed-semi-trailer\/\" target=\"_blank\" rel=\"noopener\">remorque \u00e0 plateau<\/a><\/span> plus robuste et plus durable.<\/li>\n<li>2. Conception assist\u00e9e par ordinateur, optimisation des priorit\u00e9s et analyse par \u00e9l\u00e9ments finis en fonction de la charge.<\/li>\n<li>3. Proc\u00e9d\u00e9 automatique \u00e0 l'arc submerg\u00e9 avec assistance manuelle qualifi\u00e9e pour assurer un soudage parfait.<\/li>\n<li>4. Plus de 150 proc\u00e9dures d'inspection de la qualit\u00e9 apr\u00e8s la production.<\/li>\n<\/ul>\n<p style=\"text-align: center;\"><a class=\"product_button\" href=\"#elementor-action%3Aaction%3Dpopup%3Aopen%26settings%3DeyJpZCI6Ijk5MDciLCJ0b2dnbGUiOmZhbHNlfQ%3D%3D\">Cliquez pour plus de d\u00e9tails<\/a><\/p>\n<h2>Semi-remorque \u00e0 plateau extensible 24\/25M - sp\u00e9cifications<\/h2>\n<table style=\"width: 800px;\" border=\"1\" cellspacing=\"1\" cellpadding=\"1\">\n<tbody>\n<tr>\n<td width=\"297\">Essieux<\/td>\n<td width=\"484\">3 essieux, marque BPW\/SAF\/FUWA<\/td>\n<\/tr>\n<tr>\n<td width=\"297\">Dimensions<\/td>\n<td width=\"484\">12500-24000\/12500*2500*1500 mm<\/td>\n<\/tr>\n<tr>\n<td width=\"297\">Longueur maximale<\/td>\n<td width=\"484\">80ft<\/td>\n<\/tr>\n<tr>\n<td width=\"297\">Plancher<\/td>\n<td width=\"484\">Plaque quadrill\u00e9e de 3 mm<\/td>\n<\/tr>\n<tr>\n<td width=\"297\">Poids<\/td>\n<td width=\"484\">7-8,5 tonnes<\/td>\n<\/tr>\n<tr>\n<td width=\"297\">Verrouillage par rotation<\/td>\n<td width=\"484\">4-8 s\u00e9ries<\/td>\n<\/tr>\n<tr>\n<td width=\"297\">Mat\u00e9riau<\/td>\n<td width=\"484\">Poutrelles principales Q345B, aile sup\u00e9rieure : 14mm, milieu : 8mm, bas : 16mm<\/td>\n<\/tr>\n<tr>\n<td width=\"297\">Goupille royale<\/td>\n<td width=\"484\">2 pouces ou 3,5 pouces Marque JOST<\/td>\n<\/tr>\n<tr>\n<td width=\"297\">Suspension<\/td>\n<td width=\"484\">M\u00e9canique, suspension avec airbag<\/td>\n<\/tr>\n<tr>\n<td width=\"297\" height=\"36\">Pneu<\/td>\n<td width=\"484\">11.00R20, 12.00R20, 12R22.5, 385\/65R22.5 Triangle\/Hankook\/ marque Bridgestone<\/td>\n<\/tr>\n<\/tbody>\n<\/table>\n<p style=\"text-align: center;\"><a class=\"product_button\" href=\"#elementor-action%3Aaction%3Dpopup%3Aopen%26settings%3DeyJpZCI6Ijk5MDciLCJ0b2dnbGUiOmZhbHNlfQ%3D%3D\">Obtenir un devis imm\u00e9diat<\/a><\/p>\n<h2>Semi-remorque \u00e0 plateau extensible 24\/25M images<\/h2>\n<p><img decoding=\"async\" class=\"alignnone size-full\" title=\"tri essieu extensible plateau semi camion tracteur remorque\" src=\"https:\/\/pandamech.com\/wp-content\/uploads\/2022\/09\/Extendable-flatbed-8.jpg\" alt=\"Semi-remorque \u00e0 plateau extensible \u00e0 3 essieux\" \/><\/p>\n<p>Semi-remorque \u00e0 plate-forme extensible \u00e0 3 essieux pour la vente<\/p>\n<p><img decoding=\"async\" class=\"alignnone size-full\" title=\"Semi-remorque \u00e0 plateau extensible \u00e0 3 essieux\" src=\"https:\/\/pandamech.com\/wp-content\/uploads\/2022\/09\/Extendable-flatbed-7.jpg\" alt=\"Semi-remorque \u00e0 plate-forme extensible \u00e0 3 essieux\" \/><\/p>\n<p>tandem stretch flat deck <a class=\"wpil_keyword_link\" title=\"remorque porte-conteneurs\" href=\"https:\/\/www.pandamech.com\/france\/category\/container-chassis\/\" target=\"_blank\" rel=\"noopener\" data-wpil-keyword-link=\"linked\">remorque porte-conteneurs<\/a><\/p>\n<p>En rapport : <a href=\"https:\/\/www.pandamech.com\/france\/product\/3-axle-40-foot-flatbed-semi-trailer\/\" target=\"_blank\" rel=\"noopener\"><span style=\"color: #0000ff;\">Semi-remorque \u00e0 plateau de 40 pieds<\/span><\/a>, <a href=\"https:\/\/www.pandamech.com\/france\/product\/4-axle-flatbed-trailer-for-sale\/\" target=\"_blank\" rel=\"noopener\"><span style=\"color: #0000ff;\">Remorque \u00e0 plateau \u00e0 4 essieux<\/span><\/a><\/p>\n<p style=\"text-align: center;\"><a class=\"product_button\" href=\"#elementor-action%3Aaction%3Dpopup%3Aopen%26settings%3DeyJpZCI6Ijk5MDciLCJ0b2dnbGUiOmZhbHNlfQ%3D%3D\">Cliquez pour plus de d\u00e9tails<\/a><\/p>\n<h2>Transport d'un camion semi-remorque \u00e0 plateau extensible<\/h2>\n<p>Pour le transport de la semi-remorque \u00e0 plateau extensible de 24\/25 m\u00e8tres, de nombreux clients choisissent d'utiliser le transport par conteneur car il permet de r\u00e9duire les co\u00fbts de transport et le temps de transport.<\/p>\n<p>Les semi-remorques \u00e0 plateau sont g\u00e9n\u00e9ralement utilis\u00e9es pour le transport des vraquiers ou des navires rouliers. Nous veillerons \u00e0 ce que les semi-remorques commerciales \u00e0 plateau de Panda Mech soient cir\u00e9es et recouvertes de b\u00e2ches lorsque les cargos sont en vrac.<\/p>\n<p><img decoding=\"async\" class=\"alignnone size-full\" title=\"Semi-remorque \u00e0 plateau extensible de 24\/25 m\u00e8tres pour le transport de marchandises\" src=\"https:\/\/pandamech.com\/wp-content\/uploads\/2022\/08\/flatbed-semi-trailer-transport4.jpg\" alt=\"Semi-remorque \u00e0 plateau extensible de 24\/25 m\u00e8tres pour le transport de marchandises\" \/><\/p>\n<p>tracteur \u00e0 plateau semi-remorque transport<\/p>\n<p style=\"text-align: center;\"><a class=\"product_button\" href=\"#elementor-action%3Aaction%3Dpopup%3Aopen%26settings%3DeyJpZCI6Ijk5MDciLCJ0b2dnbGUiOmZhbHNlfQ%3D%3D\">Obtenir plus de d\u00e9tails<\/a><\/p>\n<h2>Panda Mech<\/h2>\n<p>Panda Mech est un fabricant de semi-remorque \u00e0 plateau extensible 24\/25 m\u00e8tres en Chine. Nous fournissons des semi-remorques \u00e0 plateau extensible de 24\/25 m\u00e8tres \u00e0 vendre. Les fabricants de Panda Mech ont connu le succ\u00e8s en Asie du Sud-Est, au Moyen-Orient, en Afrique et en Am\u00e9rique du Sud, tels que les Philippines, la Tanzanie, la C\u00f4te d'Ivoire, etc...<\/p>\n<p style=\"text-align: center;\"><a class=\"product_button\" href=\"#elementor-action%3Aaction%3Dpopup%3Aopen%26settings%3DeyJpZCI6Ijk5MDciLCJ0b2dnbGUiOmZhbHNlfQ%3D%3D\">Obtenir un devis<\/a><\/p>","protected":false},"excerpt":{"rendered":"<p>Type : Remorque cargo \u00e0 plateau extensible 24\/25M<\/p>\n<p>Gamme de prix : $12 900-23 500<\/p>\n<p>Livraison : 7-25 jours<\/p>\n<p>Capacit\u00e9 de charge : 70 tonnes<\/p>\n<p>Application : transport de marchandises en vrac et de conteneurs<\/p>","protected":false},"featured_media":58037,"template":"","meta":{"_acf_changed":false,"_kad_blocks_custom_css":"","_kad_blocks_head_custom_js":"","_kad_blocks_body_custom_js":"","_kad_blocks_footer_custom_js":"","_kad_post_transparent":"default","_kad_post_title":"","_kad_post_layout":"default","_kad_post_sidebar_id":"","_kad_post_content_style":"default","_kad_post_vertical_padding":"default","_kad_post_feature":"","_kad_post_feature_position":"","_kad_post_header":false,"_kad_post_footer":false,"_kad_post_classname":""},"product_brand":[],"product_cat":[77],"product_tag":[],"class_list":{"0":"post-32311","1":"product","2":"type-product","3":"status-publish","4":"has-post-thumbnail","6":"product_cat-flatbed-semi-trailer","8":"first","9":"instock","10":"sold-individually","11":"shipping-taxable","12":"purchasable","13":"product-type-simple","14":"entry","15":"content-bg","16":"loop-entry"},"acf":[],"taxonomy_info":{"product_cat":[{"value":77,"label":"Flatbed Semi Trailer"}]},"featured_image_src_large":["https:\/\/www.pandamech.com\/wp-content\/uploads\/2022\/09\/Extendable-flatbed-3-500x500.jpg",500,500,true],"author_info":[],"comment_info":"","_links":{"self":[{"href":"https:\/\/www.pandamech.com\/france\/wp-json\/wp\/v2\/product\/32311","targetHints":{"allow":["GET"]}}],"collection":[{"href":"https:\/\/www.pandamech.com\/france\/wp-json\/wp\/v2\/product"}],"about":[{"href":"https:\/\/www.pandamech.com\/france\/wp-json\/wp\/v2\/types\/product"}],"version-history":[{"count":1,"href":"https:\/\/www.pandamech.com\/france\/wp-json\/wp\/v2\/product\/32311\/revisions"}],"predecessor-version":[{"id":91457,"href":"https:\/\/www.pandamech.com\/france\/wp-json\/wp\/v2\/product\/32311\/revisions\/91457"}],"wp:featuredmedia":[{"embeddable":true,"href":"https:\/\/www.pandamech.com\/france\/wp-json\/wp\/v2\/media\/58037"}],"wp:attachment":[{"href":"https:\/\/www.pandamech.com\/france\/wp-json\/wp\/v2\/media?parent=32311"}],"wp:term":[{"taxonomy":"product_brand","embeddable":true,"href":"https:\/\/www.pandamech.com\/france\/wp-json\/wp\/v2\/product_brand?post=32311"},{"taxonomy":"product_cat","embeddable":true,"href":"https:\/\/www.pandamech.com\/france\/wp-json\/wp\/v2\/product_cat?post=32311"},{"taxonomy":"product_tag","embeddable":true,"href":"https:\/\/www.pandamech.com\/france\/wp-json\/wp\/v2\/product_tag?post=32311"}],"curies":[{"name":"wp","href":"https:\/\/api.w.org\/{rel}","templated":true}]}}