{"id":32309,"date":"2022-09-24T15:26:48","date_gmt":"2022-09-24T07:26:48","guid":{"rendered":"https:\/\/pandamech.com\/product\/12-12-5-metre-flat-bed-deck-semi-truck-semi-trailer"},"modified":"2025-08-23T01:07:30","modified_gmt":"2025-08-22T17:07:30","slug":"12-12-5-metre-flat-bed-deck-semi-truck-semi-trailer","status":"publish","type":"product","link":"https:\/\/www.pandamech.com\/france\/product\/12-12-5-metre-flat-bed-deck-semi-truck-semi-trailer\/","title":{"rendered":"Semi-remorque \u00e0 plateau plat de 12\/12,5 m\u00e8tres"},"content":{"rendered":"<p>La remorque \u00e0 plateau est un type de v\u00e9hicule de grande taille qui convient parfaitement au transport de marchandises super larges et super hautes, car elle est con\u00e7ue sans d\u00e9flecteurs lat\u00e9raux tout autour et a une capacit\u00e9 de charge relativement \u00e9lev\u00e9e.<\/p>\n<p>La remorque \u00e0 plateau est tr\u00e8s flexible lors du chargement de la cargaison, elle peut \u00eatre charg\u00e9e dans toutes les directions de la remorque \u00e0 plateau, facile \u00e0 charger, facile \u00e0 d\u00e9charger, pour les entreprises de transport et les personnes engag\u00e9es dans le fret \u00e0 longue et courte distance, la plupart d'entre elles sont tr\u00e8s famili\u00e8res avec la remorque \u00e0 plateau. <span style=\"color: #0000ff;\"><a style=\"color: #0000ff;\" href=\"https:\/\/www.pandamech.com\/france\/category\/cargo-trailer\/flatbed-semi-trailer\/\" target=\"_blank\" rel=\"noopener\">remorque \u00e0 plateau<\/a><\/span>, Si vous n'en savez pas trop, vous pouvez nous faire part de vos besoins et nous vous recommanderons le type et la configuration les plus appropri\u00e9s. Nous vous recommanderons le type et la configuration qui vous conviennent le mieux. Ce sont les \u00e9l\u00e9ments qui vous affectent directement : ce qui peut \u00eatre transport\u00e9 et ce qui ne peut pas l'\u00eatre.<\/p>\n<h2>Caract\u00e9ristiques de la semi-remorque \u00e0 plateau plat de 12\/12,5 m\u00e8tres<\/h2>\n<ul>\n<li>1. Excellente technologie de soudage, le soudage \u00e0 l'arc submerg\u00e9 automatique est utilis\u00e9 pour le soudage, et la poutre longitudinale est r\u00e9alis\u00e9e par une machine de soudage \u00e0 l'arc submerg\u00e9 \u00e0 suivi automatique. Toutes les pi\u00e8ces sont grenaill\u00e9es afin d'am\u00e9liorer l'adh\u00e9rence de la peinture et sont peintes avant l'assemblage, de sorte que la poutre principale soit plus robuste et plus durable.<\/li>\n<li>2. Pour garantir la meilleure structure possible pour la manutention des marchandises et une charge plus importante, le ch\u00e2ssis est constitu\u00e9 d'une structure de cadre spatial en acier \u00e0 haute r\u00e9sistance, de poutres longitudinales soud\u00e9es et de poutres int\u00e9gr\u00e9es en acier 16Mn. La surface du panneau est en damier, ce qui permet de fixer efficacement les marchandises et d'\u00e9viter qu'elles ne glissent. La serrure de haute qualit\u00e9 du conteneur assure la stabilit\u00e9 et la s\u00e9curit\u00e9 de la cargaison.<\/li>\n<li>3. Mat\u00e9riel de pointe : suspension \u00e0 ressorts multicouches, stable et durable, avec des couches suppl\u00e9mentaires pour garantir la stabilit\u00e9 et la s\u00e9curit\u00e9. Des essieux nationaux et import\u00e9s \u00e0 haute performance sont s\u00e9lectionn\u00e9s, et le syst\u00e8me ABS est en option, ce qui am\u00e9liore consid\u00e9rablement la s\u00e9curit\u00e9 de la conduite.<\/li>\n<li>4. La carrosserie est recouverte de polyur\u00e9thane, ce qui pr\u00e9sente l'avantage de rendre la carrosserie elle-m\u00eame moins sujette \u00e0 la rouille et la carrosserie plus belle. Parall\u00e8lement, la nouvelle suspension rigide et r\u00e9sistante aux chocs, con\u00e7ue \u00e0 partir d'une tringlerie, offrira de bonnes performances dans les pays o\u00f9 les routes sont mauvaises, prolongeant ainsi la dur\u00e9e de vie de la voiture et la rendant plus r\u00e9sistante aux chocs. <span style=\"color: #0000ff;\"><a style=\"color: #0000ff;\" href=\"https:\/\/www.pandamech.com\/france\/category\/cargo-trailer\/flatbed-semi-trailer\/\" target=\"_blank\" rel=\"noopener\">semi-remorque \u00e0 plateau<\/a><\/span>.<\/li>\n<\/ul>\n<p style=\"text-align: center;\"><a class=\"product_button\" href=\"#elementor-action%3Aaction%3Dpopup%3Aopen%26settings%3DeyJpZCI6Ijk5MDciLCJ0b2dnbGUiOmZhbHNlfQ%3D%3D\">Cliquez pour plus de d\u00e9tails<\/a><\/p>\n<h2>Sp\u00e9cification de la semi-remorque \u00e0 plateau plat de 12\/12,5 m\u00e8tres<\/h2>\n<table style=\"width: 800px;\" border=\"1\" cellspacing=\"1\" cellpadding=\"1\">\n<tbody>\n<tr>\n<td width=\"297\">Essieux<\/td>\n<td width=\"484\">3 essieux, marque BPW\/SAF\/FUWA<\/td>\n<\/tr>\n<tr>\n<td width=\"297\">Dimensions<\/td>\n<td width=\"484\">12000\/12500*2500*1500 mm<\/td>\n<\/tr>\n<tr>\n<td width=\"297\">Capacit\u00e9<\/td>\n<td width=\"484\">40 tonnes<\/td>\n<\/tr>\n<tr>\n<td width=\"297\">Poids<\/td>\n<td width=\"484\">7-8,5 tonnes<\/td>\n<\/tr>\n<tr>\n<td width=\"297\">Verrouillage par rotation<\/td>\n<td width=\"484\">4-8 s\u00e9ries<\/td>\n<\/tr>\n<tr>\n<td width=\"297\">Mat\u00e9riau<\/td>\n<td width=\"484\">Poutrelles principales Q345B, aile sup\u00e9rieure : 14mm, milieu : 8mm, bas : 16mm<\/td>\n<\/tr>\n<tr>\n<td width=\"297\">Goupille royale<\/td>\n<td width=\"484\">2 pouces ou 3,5 pouces Marque JOST<\/td>\n<\/tr>\n<tr>\n<td width=\"297\">Suspension<\/td>\n<td width=\"484\">M\u00e9canique, suspension avec airbag<\/td>\n<\/tr>\n<tr>\n<td width=\"297\" height=\"36\">Pneu<\/td>\n<td width=\"484\">11.00R20, 12.00R20, 12R22.5, 385\/65R22.5 Triangle\/Hankook\/ marque Bridgestone<\/td>\n<\/tr>\n<\/tbody>\n<\/table>\n<h2>Dessin d'une remorque porte-conteneurs 12\/12,5 m \u00e0 plateau plat<\/h2>\n<figure id=\"attachment_56438\" aria-describedby=\"caption-attachment-56438\" style=\"width: 800px\" class=\"wp-caption alignnone\"><img fetchpriority=\"high\" decoding=\"async\" class=\"wp-image-56438 size-full\" src=\"https:\/\/pandamech.com\/wp-content\/uploads\/2021\/08\/40ft-flatbed-trailer-drawing.jpg\" alt=\"Dessin d&#039;une remorque \u00e0 plateau de 40 pieds\" width=\"800\" height=\"532\" title=\"\" srcset=\"https:\/\/www.pandamech.com\/wp-content\/uploads\/2021\/08\/40ft-flatbed-trailer-drawing.jpg 800w, https:\/\/www.pandamech.com\/wp-content\/uploads\/2021\/08\/40ft-flatbed-trailer-drawing-300x200.jpg 300w, https:\/\/www.pandamech.com\/wp-content\/uploads\/2021\/08\/40ft-flatbed-trailer-drawing-500x333.jpg 500w, https:\/\/www.pandamech.com\/wp-content\/uploads\/2021\/08\/40ft-flatbed-trailer-drawing-18x12.jpg 18w\" sizes=\"(max-width: 800px) 100vw, 800px\" \/><figcaption id=\"caption-attachment-56438\" class=\"wp-caption-text\"><span style=\"font-family: var(--global-body-font-family); font-size: 16px; letter-spacing: 0.015em;\">Dessin d'une remorque de camion \u00e0 plateau de 12\/12,5 m<\/span><\/figcaption><\/figure>\n<p style=\"text-align: center;\"><a class=\"product_button\" href=\"#elementor-action%3Aaction%3Dpopup%3Aopen%26settings%3DeyJpZCI6Ijk5MDciLCJ0b2dnbGUiOmZhbHNlfQ%3D%3D\">Obtenir un devis imm\u00e9diat<\/a><\/p>\n<h2>Application de la semi-remorque \u00e0 pont plat de 12\/12,5 m\u00e8tres<\/h2>\n<p>Le camion-remorque \u00e0 plateau est g\u00e9n\u00e9ralement utilis\u00e9 pour transporter des conteneurs, des marchandises en vrac, du ciment, du riz, etc. Elle est principalement utilis\u00e9e pour les transports longue distance. En r\u00e8gle g\u00e9n\u00e9rale, les semi-remorques \u00e0 plateau peuvent transporter de 30 \u00e0 60 tonnes.<\/p>\n<p>S'il s'agit d'un volume de transport important ou de besoins diff\u00e9rents, nous pouvons le personnaliser ou l'exp\u00e9dier par plate-forme. <a class=\"wpil_keyword_link\" title=\"remorque porte-conteneurs\" href=\"https:\/\/www.pandamech.com\/france\/category\/container-chassis\/\" target=\"_blank\" rel=\"noopener\" data-wpil-keyword-link=\"linked\">remorque porte-conteneurs<\/a> certains v\u00e9hicules d\u00e9form\u00e9s. Nous utilisons \u00e9galement <span style=\"color: #0000ff;\"><a style=\"color: #0000ff;\" href=\"https:\/\/www.pandamech.com\/france\/product\/40-shipping-container-chassis-trailers\/\" target=\"_blank\" rel=\"noopener\">Ch\u00e2ssis-remorque pour conteneurs de 40 pieds<\/a><\/span> pour transporter le conteneur.<\/p>\n<h2>Semi-remorque \u00e0 plateau plat de 12\/12,5 m\u00e8tres images<\/h2>\n<p><img decoding=\"async\" class=\"alignnone size-full\" title=\"Semi-remorque \u00e0 plateau plat de 12,5 m\u00e8tres \u00e0 vendre\" src=\"https:\/\/pandamech.com\/wp-content\/uploads\/2022\/08\/flatbed-smei-trailers-for-sale.jpg\" alt=\"Semi-remorque conteneur \u00e0 plat de 12 m\" \/><\/p>\n<p>Semi-remorque 12\/12,5 m\u00e8tres \u00e0 vendre - <a href=\"https:\/\/www.pandamech.com\/france\/product\/3-axle-40-foot-flatbed-semi-trailer\/\" target=\"_blank\" rel=\"noopener\"><span style=\"color: #0000ff;\">Remorque \u00e0 plateau de 40 pieds<\/span><\/a><\/p>\n<p><img decoding=\"async\" class=\"alignnone size-full\" title=\"Semi-remorque \u00e0 plateau plat de 12\/12,5 m\" src=\"https:\/\/pandamech.com\/wp-content\/uploads\/2022\/08\/flatbed-semi-trailer-for-sale7.jpg\" alt=\"Semi-remorque \u00e0 plateau plat de 12\/12,5 m\" \/><\/p>\n<p>Semi-remorque cargo 12\/12,5 m\u00e8tres prix<\/p>\n<p><img decoding=\"async\" class=\"alignnone size-full\" title=\"Semi-remorque \u00e0 plateau plat de 12\/12,5 m\u00e8tres fabricant\" src=\"https:\/\/pandamech.com\/wp-content\/uploads\/2022\/08\/\u66f4\u591a\u56fe\u72475.jpg\" alt=\"Semi-remorque \u00e0 plateau plat de 12\/12,5 m\u00e8tres fabricant\" \/><\/p>\n<p>Semi-remorque \u00e0 plateau plat de 12\/12,5 m\u00e8tres fabricant<\/p>\n<p>En rapport : <a href=\"https:\/\/www.pandamech.com\/france\/product\/3-axle-40-foot-flatbed-semi-trailer\/\" target=\"_blank\" rel=\"noopener\"><span style=\"color: #0000ff;\">Semi-remorque \u00e0 plateau de 40 pieds<\/span><\/a>, <a href=\"https:\/\/www.pandamech.com\/france\/product\/4-axle-flatbed-trailer-for-sale\/\" target=\"_blank\" rel=\"noopener\"><span style=\"color: #0000ff;\">Remorque \u00e0 plateau \u00e0 4 essieux<\/span><\/a><\/p>\n<p style=\"text-align: center;\"><a class=\"product_button\" href=\"#elementor-action%3Aaction%3Dpopup%3Aopen%26settings%3DeyJpZCI6Ijk5MDciLCJ0b2dnbGUiOmZhbHNlfQ%3D%3D\">Cliquez pour plus de d\u00e9tails<\/a><\/p>\n<h2>Transport d'une semi-remorque \u00e0 plateau<\/h2>\n<p>Pour le transport de semi-remorques \u00e0 plate-forme \u00e0 4 essieux, de nombreux clients choisissent d'utiliser le transport par conteneur, car les co\u00fbts de transport sont moins \u00e9lev\u00e9s et le temps de transport plus court.<\/p>\n<p>Les semi-remorques \u00e0 plateau sont g\u00e9n\u00e9ralement utilis\u00e9es pour le transport des vraquiers ou des navires rouliers. Nous veillerons \u00e0 ce que les semi-remorques commerciales \u00e0 plateau de Panda Mech soient cir\u00e9es et recouvertes de b\u00e2ches lorsque les cargos sont en vrac. (<a href=\"https:\/\/www.pandamech.com\/france\/product\/superlink-trailer-for-sale\/\" target=\"_blank\" rel=\"noopener\"><span style=\"color: #0000ff;\">remorque superlink flatbed \u00e0 vendre<\/span><\/a>)<\/p>\n<p><img decoding=\"async\" class=\"alignnone size-full\" title=\"Semi-remorque \u00e0 plateau plat pour le transport\" src=\"https:\/\/pandamech.com\/wp-content\/uploads\/2022\/08\/flatbed-semi-trailer-transport4.jpg\" alt=\"transport de semi-remorques \u00e0 plate-forme\" \/><\/p>\n<p>plate-forme semi-camion remorque transport<\/p>\n<p style=\"text-align: center;\"><a class=\"product_button\" href=\"#elementor-action%3Aaction%3Dpopup%3Aopen%26settings%3DeyJpZCI6Ijk5MDciLCJ0b2dnbGUiOmZhbHNlfQ%3D%3D\">Obtenir plus de d\u00e9tails<\/a><\/p>\n<h2>Panda Mech<\/h2>\n<p>Panda Mech est un fabricant chinois de semi-remorque \u00e0 plateau 12\/12,5 m\u00e8tres. Nous fournissons des semi-remorques \u00e0 plateau de 12\/12,5 m\u00e8tres \u00e0 vendre. Les fabricants de Panda Mech ont connu le succ\u00e8s en Asie du Sud-Est, au Moyen-Orient, en Afrique et en Am\u00e9rique du Sud, tels que les Philippines, la Tanzanie, la C\u00f4te d'Ivoire, etc...<\/p>\n<p style=\"text-align: center;\"><a class=\"product_button\" href=\"#elementor-action%3Aaction%3Dpopup%3Aopen%26settings%3DeyJpZCI6Ijk5MDciLCJ0b2dnbGUiOmZhbHNlfQ%3D%3D\">Obtenir un devis<\/a><\/p>","protected":false},"excerpt":{"rendered":"<p>Type : Remorque \u00e0 plateau de 12 m\u00e8tres<\/p>\n<p>Gamme de prix : $9 190-14 500<\/p>\n<p>Livraison : 7-25 jours<\/p>\n<p>Capacit\u00e9 de charge : 70 tonnes<\/p>\n<p>Application : transport de marchandises en vrac et de conteneurs<\/p>","protected":false},"featured_media":57777,"template":"","meta":{"_acf_changed":false,"_kad_blocks_custom_css":"","_kad_blocks_head_custom_js":"","_kad_blocks_body_custom_js":"","_kad_blocks_footer_custom_js":"","_kad_post_transparent":"default","_kad_post_title":"","_kad_post_layout":"default","_kad_post_sidebar_id":"","_kad_post_content_style":"default","_kad_post_vertical_padding":"default","_kad_post_feature":"","_kad_post_feature_position":"","_kad_post_header":false,"_kad_post_footer":false,"_kad_post_classname":""},"product_brand":[],"product_cat":[15],"product_tag":[],"class_list":{"0":"post-32309","1":"product","2":"type-product","3":"status-publish","4":"has-post-thumbnail","6":"product_cat-uncategorized","8":"first","9":"instock","10":"sold-individually","11":"shipping-taxable","12":"purchasable","13":"product-type-simple","14":"entry","15":"content-bg","16":"loop-entry"},"acf":[],"taxonomy_info":{"product_cat":[{"value":15,"label":"Uncategorized"}]},"featured_image_src_large":["https:\/\/www.pandamech.com\/wp-content\/uploads\/2022\/08\/2-800-500x500.jpg",500,500,true],"author_info":[],"comment_info":"","_links":{"self":[{"href":"https:\/\/www.pandamech.com\/france\/wp-json\/wp\/v2\/product\/32309","targetHints":{"allow":["GET"]}}],"collection":[{"href":"https:\/\/www.pandamech.com\/france\/wp-json\/wp\/v2\/product"}],"about":[{"href":"https:\/\/www.pandamech.com\/france\/wp-json\/wp\/v2\/types\/product"}],"version-history":[{"count":1,"href":"https:\/\/www.pandamech.com\/france\/wp-json\/wp\/v2\/product\/32309\/revisions"}],"predecessor-version":[{"id":91307,"href":"https:\/\/www.pandamech.com\/france\/wp-json\/wp\/v2\/product\/32309\/revisions\/91307"}],"wp:featuredmedia":[{"embeddable":true,"href":"https:\/\/www.pandamech.com\/france\/wp-json\/wp\/v2\/media\/57777"}],"wp:attachment":[{"href":"https:\/\/www.pandamech.com\/france\/wp-json\/wp\/v2\/media?parent=32309"}],"wp:term":[{"taxonomy":"product_brand","embeddable":true,"href":"https:\/\/www.pandamech.com\/france\/wp-json\/wp\/v2\/product_brand?post=32309"},{"taxonomy":"product_cat","embeddable":true,"href":"https:\/\/www.pandamech.com\/france\/wp-json\/wp\/v2\/product_cat?post=32309"},{"taxonomy":"product_tag","embeddable":true,"href":"https:\/\/www.pandamech.com\/france\/wp-json\/wp\/v2\/product_tag?post=32309"}],"curies":[{"name":"wp","href":"https:\/\/api.w.org\/{rel}","templated":true}]}}