{"id":32285,"date":"2022-09-22T18:11:39","date_gmt":"2022-09-22T10:11:39","guid":{"rendered":"https:\/\/pandamech.com\/product\/20-ft-flat-bed-truck-trailer"},"modified":"2025-08-23T01:07:30","modified_gmt":"2025-08-22T17:07:30","slug":"20-ft-flat-bed-truck-trailer","status":"publish","type":"product","link":"https:\/\/www.pandamech.com\/france\/product\/20-ft-flat-bed-truck-trailer\/","title":{"rendered":"20 Ft Flat bed Truck Trailer"},"content":{"rendered":"<p>La semi-remorque \u00e0 plateau est un type de semi-remorque qui est souvent utilis\u00e9 pour transporter des conteneurs ou des marchandises en vrac entre les terminaux et les installations d'exp\u00e9dition, et pour transporter des marchandises en vrac. <span style=\"color: #0000ff;\"><a style=\"color: #0000ff;\" href=\"https:\/\/www.pandamech.com\/france\/category\/container-chassis\/container-chassis-trailer\/\" target=\"_blank\" rel=\"noopener\">ch\u00e2ssis de conteneur<\/a><\/span> sont \u00e9galement utilis\u00e9s pour le transport de conteneurs. avec frontboard, remorque \u00e0 parois lat\u00e9rales, semi-remorque \u00e0 barri\u00e8res, etc.<\/p>\n<p>La remorque de camion cargo \u00e0 plateau est la plus utilis\u00e9e pour transporter des conteneurs de 20 et 40 pieds. Elle est \u00e9quip\u00e9e de 4 \u00e0 12 jeux de serrures, car chaque conteneur a quatre coins correspondant \u00e0 l'emplacement, apr\u00e8s que le conteneur a \u00e9t\u00e9 plac\u00e9 sur la remorque de camion \u00e0 plateau, utiliser la serrure pour fixer le conteneur sur la remorque de transport \u00e0 plateau, pour s'assurer que le conteneur ne bougera pas pendant le processus de transport, afin d'\u00e9viter tout danger.<\/p>\n<h2>20 Ft flat deck semi trailer features<\/h2>\n<ul>\n<li>1. La conception de la poutre principale en I rend la remorque \u00e0 plateau plus robuste et plus durable.<\/li>\n<li>2. Conception assist\u00e9e par ordinateur, optimisation des priorit\u00e9s et analyse par \u00e9l\u00e9ments finis en fonction de la charge.<\/li>\n<li>3. Proc\u00e9d\u00e9 automatique \u00e0 l'arc submerg\u00e9 avec assistance manuelle qualifi\u00e9e pour assurer un soudage parfait.<\/li>\n<li>4. Plus de 150 proc\u00e9dures d'inspection de la qualit\u00e9 apr\u00e8s la production.<\/li>\n<\/ul>\n<p style=\"text-align: center;\"><a class=\"product_button\" href=\"#elementor-action%3Aaction%3Dpopup%3Aopen%26settings%3DeyJpZCI6Ijk5MDciLCJ0b2dnbGUiOmZhbHNlfQ%3D%3D\">Cliquez pour plus de d\u00e9tails<\/a><\/p>\n<h2>20 Ft flat deck semi trailer specification<\/h2>\n<table style=\"width: 800px;\" border=\"1\" cellspacing=\"1\" cellpadding=\"1\">\n<tbody>\n<tr>\n<td width=\"297\">Essieux<\/td>\n<td width=\"484\">2 essieux, marque BPW\/SAF\/FUWA<\/td>\n<\/tr>\n<tr>\n<td width=\"297\">Dimensions<\/td>\n<td width=\"484\">10500*2500*1500 mm<\/td>\n<\/tr>\n<tr>\n<td width=\"297\">Capacit\u00e9<\/td>\n<td width=\"484\">40 tonnes<\/td>\n<\/tr>\n<tr>\n<td width=\"297\">Poids<\/td>\n<td width=\"484\">7-8,5 tonnes<\/td>\n<\/tr>\n<tr>\n<td width=\"297\">Verrouillage par rotation<\/td>\n<td width=\"484\">4-8 s\u00e9ries<\/td>\n<\/tr>\n<tr>\n<td width=\"297\">Mat\u00e9riau<\/td>\n<td width=\"484\">Poutrelles principales Q345B, aile sup\u00e9rieure : 14mm, milieu : 8mm, bas : 16mm<\/td>\n<\/tr>\n<tr>\n<td width=\"297\">Goupille royale<\/td>\n<td width=\"484\">2 pouces ou 3,5 pouces Marque JOST<\/td>\n<\/tr>\n<tr>\n<td width=\"297\">Suspension<\/td>\n<td width=\"484\">M\u00e9canique, suspension avec airbag<\/td>\n<\/tr>\n<tr>\n<td width=\"297\" height=\"36\">Pneu<\/td>\n<td width=\"484\">11.00R20, 12.00R20,12R22.5, 385\/65R22.5 Triangle\/Hankook\/ marque Bridgestone<\/td>\n<\/tr>\n<\/tbody>\n<\/table>\n<p style=\"text-align: center;\"><a class=\"product_button\" href=\"#elementor-action%3Aaction%3Dpopup%3Aopen%26settings%3DeyJpZCI6Ijk5MDciLCJ0b2dnbGUiOmZhbHNlfQ%3D%3D\">Obtenir un devis imm\u00e9diat<\/a><\/p>\n<h2>Application d'une semi-remorque de 20 pieds \u00e0 plateau plat<\/h2>\n<p>Les <span style=\"color: #0000ff;\"><a style=\"color: #0000ff;\" href=\"https:\/\/www.pandamech.com\/france\/category\/cargo-trailer\/flatbed-semi-trailer\/\" target=\"_blank\" rel=\"noopener\">remorque de transport \u00e0 plat<\/a><\/span> est g\u00e9n\u00e9ralement utilis\u00e9 pour le transport de conteneurs, de marchandises en vrac, de ciment, de riz, etc. Elle est principalement utilis\u00e9e pour le transport sur de longues distances. En r\u00e8gle g\u00e9n\u00e9rale, les semi-remorques \u00e0 plateau peuvent transporter de 30 \u00e0 60 tonnes.<\/p>\n<p>S'il s'agit d'un volume de transport important ou de besoins diff\u00e9rents, nous pouvons le personnaliser ou l'exp\u00e9dier par plate-forme. <a class=\"wpil_keyword_link\" title=\"remorque porte-conteneurs\" href=\"https:\/\/www.pandamech.com\/france\/category\/container-chassis\/\" target=\"_blank\" rel=\"noopener\" data-wpil-keyword-link=\"linked\">remorque porte-conteneurs<\/a> certains v\u00e9hicules d\u00e9form\u00e9s. Nous utilisons \u00e9galement <span style=\"color: #0000ff;\"><a style=\"color: #0000ff;\" href=\"https:\/\/www.pandamech.com\/france\/product\/40-shipping-container-chassis-trailers\/\" target=\"_blank\" rel=\"noopener\">Ch\u00e2ssis-remorque pour conteneurs de 40 pieds<\/a><\/span> pour transporter le conteneur.<\/p>\n<h2>20 Ft flat deck semi trailer images<\/h2>\n<p><img decoding=\"async\" class=\"alignnone size-full\" title=\"Semi-remorque \u00e0 plateau de 20 pieds\" src=\"https:\/\/pandamech.com\/wp-content\/uploads\/2022\/10\/flat-bed-trailer-7.jpg\" alt=\"Semi-remorque \u00e0 plateau de 20 pieds\" \/><\/p>\n<p>20\u2032 flatbed truck semi trailer for sale<\/p>\n<p><img decoding=\"async\" class=\"alignnone size-full\" title=\"Remorque tracteur 20ft flatbed container\" src=\"https:\/\/pandamech.com\/wp-content\/uploads\/2022\/10\/flat-bed-trailer-8.jpg\" alt=\"Remorque tracteur 20ft flatbed container\" \/><\/p>\n<p>Prix d'une remorque \u00e0 plateau de 20 pieds<\/p>\n<p><img decoding=\"async\" class=\"alignnone size-full\" title=\"Semi-remorque 20ft flatbed \u00e0 vendre\" src=\"https:\/\/pandamech.com\/wp-content\/uploads\/2022\/10\/flat-bed-trailer-9.jpg\" alt=\"Semi-remorque 20ft flatbed \u00e0 vendre\" \/><\/p>\n<p>20 pieds <a class=\"wpil_keyword_link\" title=\"semi-remorque \u00e0 plateau plat\" href=\"https:\/\/www.pandamech.com\/category\/flat-deck-semi-trailer\/\" target=\"_blank\" rel=\"noopener\" data-wpil-keyword-link=\"linked\">semi-remorque \u00e0 plateau plat<\/a> fabricant<\/p>\n<p>En rapport : <a href=\"https:\/\/www.pandamech.com\/france\/product\/4-axle-platform-truck-trailer\/\" target=\"_blank\" rel=\"noopener\"><span style=\"color: #0000ff;\">Semi-remorque \u00e0 plate-forme \u00e0 4 essieux<\/span><\/a>, <a href=\"https:\/\/www.pandamech.com\/france\/product\/3-axle-platform-semi-trailer\/\" target=\"_blank\" rel=\"noopener\"><span style=\"color: #0000ff;\">Remorque de camion \u00e0 plate-forme \u00e0 3 essieux<\/span><\/a>, <span style=\"color: #0000ff;\"><a style=\"color: #0000ff;\" href=\"https:\/\/www.pandamech.com\/france\/category\/container-chassis\/container-chassis-trailer\/\" target=\"_blank\" rel=\"noopener\">ch\u00e2ssis de conteneur<\/a><\/span><\/p>\n<p style=\"text-align: center;\"><a class=\"product_button\" href=\"#elementor-action%3Aaction%3Dpopup%3Aopen%26settings%3DeyJpZCI6Ijk5MDciLCJ0b2dnbGUiOmZhbHNlfQ%3D%3D\">Cliquez pour plus de d\u00e9tails<\/a><\/p>\n<h2>Transport d'une semi-remorque \u00e0 plateau<\/h2>\n<p>Pour le transport de semi-remorques \u00e0 plateau \u00e0 4 essieux, de nombreux clients choisissent le transport par conteneur, car il permet de r\u00e9duire les co\u00fbts et les d\u00e9lais de transport.<\/p>\n<p>Les semi-remorques \u00e0 plateau sont g\u00e9n\u00e9ralement utilis\u00e9es pour le transport des vraquiers ou des navires rouliers. Nous veillerons \u00e0 ce que les semi-remorques commerciales \u00e0 plateau de Panda Mech soient cir\u00e9es et recouvertes de b\u00e2ches lorsque les cargos sont en vrac.<\/p>\n<p><img decoding=\"async\" class=\"alignnone size-full\" title=\"Semi-remorque \u00e0 plateau plat pour le transport\" src=\"https:\/\/pandamech.com\/wp-content\/uploads\/2022\/08\/flatbed-semi-trailer-transport4.jpg\" alt=\"transport de semi-remorques \u00e0 plate-forme\" \/><\/p>\n<p>camion semi-remorque \u00e0 plateau transport<\/p>\n<p style=\"text-align: center;\"><a class=\"product_button\" href=\"#elementor-action%3Aaction%3Dpopup%3Aopen%26settings%3DeyJpZCI6Ijk5MDciLCJ0b2dnbGUiOmZhbHNlfQ%3D%3D\">Obtenir plus de d\u00e9tails<\/a><\/p>\n<h2>Panda Mech<\/h2>\n<p>Panda Mech est un fabricant bien connu de remorques de camion \u00e0 plateau en Chine, offrant des semi-remorques \u00e0 plateau de 20 pieds \u00e0 vendre. Nous la personnaliserons selon vos besoins et les lois locales, quelles que soient vos questions sur la remorque de camion \u00e0 plateau de 20 pieds. Veuillez envoyer un e-mail \u00e0 <a href=\"mailto:sales@pandamech.com\">sales@pandamech.com<\/a>.<\/p>\n<p>Les fabricants de Panda Mech ont connu le succ\u00e8s en Asie du Sud-Est, au Moyen-Orient, en Afrique et en Am\u00e9rique du Sud, notamment aux Philippines, en Tanzanie, en C\u00f4te d'Ivoire, etc...<\/p>\n<p style=\"text-align: center;\"><a class=\"product_button\" href=\"#elementor-action%3Aaction%3Dpopup%3Aopen%26settings%3DeyJpZCI6Ijk5MDciLCJ0b2dnbGUiOmZhbHNlfQ%3D%3D\">Obtenir un devis<\/a><\/p>","protected":false},"excerpt":{"rendered":"<p>Type : Tracteur semi-remorque \u00e0 plateau de 20 pieds<\/p>\n<p>Gamme de prix : $8 090-13 500<\/p>\n<p>Livraison : 7-25 jours<\/p>\n<p>Capacit\u00e9 de charge : 40 tonnes<\/p>\n<p>Application : marchandises en vrac, conteneurs<\/p>","protected":false},"featured_media":58362,"template":"","meta":{"_acf_changed":false,"_kad_blocks_custom_css":"","_kad_blocks_head_custom_js":"","_kad_blocks_body_custom_js":"","_kad_blocks_footer_custom_js":"","_kad_post_transparent":"default","_kad_post_title":"","_kad_post_layout":"default","_kad_post_sidebar_id":"","_kad_post_content_style":"default","_kad_post_vertical_padding":"default","_kad_post_feature":"","_kad_post_feature_position":"","_kad_post_header":false,"_kad_post_footer":false,"_kad_post_classname":""},"product_brand":[],"product_cat":[15],"product_tag":[60],"class_list":{"0":"post-32285","1":"product","2":"type-product","3":"status-publish","4":"has-post-thumbnail","6":"product_cat-uncategorized","7":"product_tag-3-axle-trailer","9":"first","10":"instock","11":"sold-individually","12":"shipping-taxable","13":"purchasable","14":"product-type-simple","15":"entry","16":"content-bg","17":"loop-entry"},"acf":[],"taxonomy_info":{"product_cat":[{"value":15,"label":"Uncategorized"}],"product_tag":[{"value":60,"label":"3 Axle Trailer"}]},"featured_image_src_large":["https:\/\/www.pandamech.com\/wp-content\/uploads\/2022\/10\/flat-bed-trailer-2-500x500.jpg",500,500,true],"author_info":[],"comment_info":"","_links":{"self":[{"href":"https:\/\/www.pandamech.com\/france\/wp-json\/wp\/v2\/product\/32285","targetHints":{"allow":["GET"]}}],"collection":[{"href":"https:\/\/www.pandamech.com\/france\/wp-json\/wp\/v2\/product"}],"about":[{"href":"https:\/\/www.pandamech.com\/france\/wp-json\/wp\/v2\/types\/product"}],"version-history":[{"count":1,"href":"https:\/\/www.pandamech.com\/france\/wp-json\/wp\/v2\/product\/32285\/revisions"}],"predecessor-version":[{"id":91309,"href":"https:\/\/www.pandamech.com\/france\/wp-json\/wp\/v2\/product\/32285\/revisions\/91309"}],"wp:featuredmedia":[{"embeddable":true,"href":"https:\/\/www.pandamech.com\/france\/wp-json\/wp\/v2\/media\/58362"}],"wp:attachment":[{"href":"https:\/\/www.pandamech.com\/france\/wp-json\/wp\/v2\/media?parent=32285"}],"wp:term":[{"taxonomy":"product_brand","embeddable":true,"href":"https:\/\/www.pandamech.com\/france\/wp-json\/wp\/v2\/product_brand?post=32285"},{"taxonomy":"product_cat","embeddable":true,"href":"https:\/\/www.pandamech.com\/france\/wp-json\/wp\/v2\/product_cat?post=32285"},{"taxonomy":"product_tag","embeddable":true,"href":"https:\/\/www.pandamech.com\/france\/wp-json\/wp\/v2\/product_tag?post=32285"}],"curies":[{"name":"wp","href":"https:\/\/api.w.org\/{rel}","templated":true}]}}