{"id":32283,"date":"2022-09-20T18:11:36","date_gmt":"2022-09-20T10:11:36","guid":{"rendered":"https:\/\/pandamech.com\/product\/3-axle-platform-semi-trailer"},"modified":"2025-08-23T01:07:31","modified_gmt":"2025-08-22T17:07:31","slug":"3-axle-platform-semi-trailer","status":"publish","type":"product","link":"https:\/\/www.pandamech.com\/france\/product\/3-axle-platform-semi-trailer\/","title":{"rendered":"Semi-remorque \u00e0 plate-forme \u00e0 3 essieux"},"content":{"rendered":"<p>Les semi-remorques \u00e0 plate-forme sont l'une des semi-remorques les plus polyvalentes \u00e0 l'heure actuelle, et elles sont disponibles dans une vari\u00e9t\u00e9 de types diff\u00e9rents qui peuvent \u00eatre utilis\u00e9s pour de nombreuses applications diff\u00e9rentes. Avec plus de tailles, une plus grande capacit\u00e9 de charge et une plus grande vari\u00e9t\u00e9 de marchandises pouvant \u00eatre charg\u00e9es, c'est l'une des semi-remorques les plus populaires sur la route aujourd'hui. Gr\u00e2ce \u00e0 cet avantage et \u00e0 la flexibilit\u00e9 de son utilisation et de sa capacit\u00e9 de chargement, le <span style=\"color: #0000ff;\"><a style=\"color: #0000ff;\" href=\"https:\/\/www.pandamech.com\/france\/category\/cargo-trailer\/flatbed-semi-trailer\/\" target=\"_blank\" rel=\"noopener\">remorque de camion \u00e0 plateau<\/a><\/span> est l'une des pierres angulaires du secteur des transports aujourd'hui.<\/p>\n<h2>Semi-remorque \u00e0 plate-forme \u00e0 3 essieux images<\/h2>\n<p><img decoding=\"async\" class=\"alignnone size-full\" title=\"remorque de camion \u00e0 plate-forme tandem \u00e0 vendre\" src=\"https:\/\/pandamech.com\/wp-content\/uploads\/u_file\/710430be05.jpg\" alt=\"remorque de camion \u00e0 plate-forme tandem \u00e0 vendre\" \/><\/p>\n<p>essieu tandem plate-forme tracteur semi-remorque prix<\/p>\n<p><img decoding=\"async\" class=\"alignnone size-full\" title=\"Fabricant de semi-remorques \u00e0 plate-forme \u00e0 trois essieux\" src=\"https:\/\/pandamech.com\/wp-content\/uploads\/2022\/08\/7-40-ft-flatbed-semi-trailer.jpg\" alt=\"Fabricant de semi-remorques \u00e0 plate-forme \u00e0 trois essieux\" \/><\/p>\n<p>Fabricant de semi-remorques \u00e0 plate-forme \u00e0 trois essieux<\/p>\n<p><img decoding=\"async\" class=\"alignnone size-full\" title=\"3 axle 40ft platform cargo trailer for sale\" src=\"https:\/\/pandamech.com\/wp-content\/uploads\/2022\/08\/9-single-axle-platform-semi-trailer.jpg\" alt=\"3 axle 40ft platform cargo trailer for sale\" \/><\/p>\n<p>tri axle 40ft flatbed cargo truck trailer for sale<\/p>\n<p>En rapport : <a href=\"https:\/\/www.pandamech.com\/france\/category\/cargo-trailer\/side-wall-trailer\/\" target=\"_blank\" rel=\"noopener\"><span style=\"color: #0000ff;\">semi-remorque \u00e0 parois lat\u00e9rales<\/span><\/a>, <a href=\"https:\/\/www.pandamech.com\/france\/product\/40-shipping-container-chassis-trailers\/\" target=\"_blank\" rel=\"noopener\"><span style=\"color: #0000ff;\">Ch\u00e2ssis de conteneur de 40 pieds<\/span><\/a><\/p>\n<p style=\"text-align: center;\"><a class=\"product_button\" href=\"#elementor-action%3Aaction%3Dpopup%3Aopen%26settings%3DeyJpZCI6Ijk5MDciLCJ0b2dnbGUiOmZhbHNlfQ%3D%3D\">Cliquez pour plus de d\u00e9tails<\/a><\/p>\n<h2>Caract\u00e9ristiques de la semi-remorque \u00e0 plate-forme \u00e0 3 essieux<\/h2>\n<ul>\n<li>1. En fonction de la demande et de la charge, nous donnons la priorit\u00e9 \u00e0 l'analyse par \u00e9l\u00e9ments finis du cadre.<\/li>\n<li>2. Pour certains pays, nous r\u00e9aliserons des conceptions sp\u00e9ciales, afin d'atteindre l'objectif de prolonger la dur\u00e9e de vie des semi-remorques \u00e0 plate-forme.<\/li>\n<li>3. Diff\u00e9rentes suspensions peuvent \u00eatre utilis\u00e9es pour diff\u00e9rents rev\u00eatements routiers.<\/li>\n<li>4. L'acier \u00e0 haute r\u00e9sistance Q345 est un bon choix pour la remorque \u00e0 plateau.<\/li>\n<\/ul>\n<p style=\"text-align: center;\"><a class=\"product_button\" href=\"#elementor-action%3Aaction%3Dpopup%3Aopen%26settings%3DeyJpZCI6Ijk5MDciLCJ0b2dnbGUiOmZhbHNlfQ%3D%3D\">Cliquez pour plus de d\u00e9tails<\/a><\/p>\n<h2>Sp\u00e9cification de la semi-remorque \u00e0 plate-forme \u00e0 3 essieux<\/h2>\n<table style=\"width: 800px;\" border=\"1\" cellspacing=\"1\" cellpadding=\"1\">\n<tbody>\n<tr>\n<td width=\"297\" height=\"30\">Marque<\/td>\n<td width=\"495\">Panda Mech 40 ft platform truck <a class=\"wpil_keyword_link\" title=\"remorque porte-conteneurs\" href=\"https:\/\/www.pandamech.com\/france\/category\/container-chassis\/\" target=\"_blank\" rel=\"noopener\" data-wpil-keyword-link=\"linked\">remorque porte-conteneurs<\/a><\/td>\n<\/tr>\n<tr>\n<td width=\"297\" height=\"30\">Dimensions (L*L*H)<\/td>\n<td width=\"495\">12500 mm* 2500 mm* 1550mm<\/td>\n<\/tr>\n<tr>\n<td height=\"30\">Plancher<\/td>\n<td>Plaque d'acier diamant\u00e9e de 3 mm<\/td>\n<\/tr>\n<tr>\n<td height=\"30\">Suspension<\/td>\n<td>Suspension m\u00e9canique, suspension pneumatique<\/td>\n<\/tr>\n<tr>\n<td height=\"30\">Essieu<\/td>\n<td>3 La marque de l'essieu est Fuwa<\/td>\n<\/tr>\n<tr>\n<td height=\"30\">Pneu<\/td>\n<td>Spe:12R22.5volume 11.00R20 fil d'acier ; Nombre de pneus:12 pi\u00e8ces<\/td>\n<\/tr>\n<tr>\n<td height=\"30\">Chambre de frein<\/td>\n<td>Six grandes chambres, KTL Brand\/WEBCO<\/td>\n<\/tr>\n<tr>\n<td height=\"30\">Verrouillage par rotation<\/td>\n<td>12 sets twist lock pour conteneur 1*20ft, 2*20ft, 1*40ft<\/td>\n<\/tr>\n<tr>\n<td height=\"30\">Capacit\u00e9 de chargement<\/td>\n<td>37 tonnes<\/td>\n<\/tr>\n<tr>\n<td height=\"30\">Traverse<\/td>\n<td>Ten # channel steel<\/td>\n<\/tr>\n<tr>\n<td height=\"30\">Faisceau lat\u00e9ral<\/td>\n<td>16# acier \u00e0 cannelures<\/td>\n<\/tr>\n<tr>\n<td height=\"30\">Goupille royale<\/td>\n<td>Goupille de traction 2\u201d ou 3,5<\/td>\n<\/tr>\n<\/tbody>\n<\/table>\n<p style=\"text-align: center;\"><a class=\"product_button\" href=\"#elementor-action%3Aaction%3Dpopup%3Aopen%26settings%3DeyJpZCI6Ijk5MDciLCJ0b2dnbGUiOmZhbHNlfQ%3D%3D\">Obtenir un devis imm\u00e9diat<\/a><\/p>\n<h2>Application de la semi-remorque \u00e0 plate-forme \u00e0 3 essieux<\/h2>\n<p>La semi-remorque \u00e0 plate-forme est g\u00e9n\u00e9ralement utilis\u00e9e pour transporter des conteneurs, des marchandises en vrac, du ciment, du riz, etc. Elle est principalement utilis\u00e9e pour le transport sur de longues distances. En r\u00e8gle g\u00e9n\u00e9rale, les semi-remorques \u00e0 plateau peuvent transporter de 30 \u00e0 60 tonnes.<\/p>\n<p>S'il s'agit d'un grand nombre de transports ou de besoins diff\u00e9rents, nous pouvons les personnaliser ou les adapter. <a class=\"wpil_keyword_link\" title=\"semi-remorque \u00e0 plateau plat\" href=\"https:\/\/www.pandamech.com\/category\/flat-deck-semi-trailer\/\" target=\"_blank\" rel=\"noopener\" data-wpil-keyword-link=\"linked\">semi-remorque \u00e0 plateau plat<\/a> certains v\u00e9hicules d\u00e9form\u00e9s. Nous utilisons \u00e9galement <span style=\"color: #0000ff;\"><a style=\"color: #0000ff;\" href=\"https:\/\/www.pandamech.com\/france\/product\/40-shipping-container-chassis-trailers\/\" target=\"_blank\" rel=\"noopener\">Ch\u00e2ssis de conteneur maritime de 40 pieds<\/a><\/span> pour le transport des conteneurs.<\/p>\n<h2>Transport d'une semi-remorque \u00e0 plate-forme<\/h2>\n<p>Pour le transport de semi-remorques \u00e0 plateau \u00e0 3 essieux, de nombreux clients choisissent le transport par conteneur, car il permet de r\u00e9duire les co\u00fbts et la dur\u00e9e du transport.<\/p>\n<p><a href=\"https:\/\/www.pandamech.com\/france\/category\/cargo-trailer\/flatbed-semi-trailer\/\" target=\"_blank\" rel=\"noopener\"><span style=\"color: #0000ff;\">Semi-remorques \u00e0 plateau<\/span><\/a> sont g\u00e9n\u00e9ralement utilis\u00e9es pour le transport de marchandises en vrac ou de navires rouliers. Nous veillerons \u00e0 ce que les semi-remorques commerciales \u00e0 plateaux Panda Mech soient cir\u00e9es et recouvertes de b\u00e2ches lorsque les cargos sont en vrac.<\/p>\n<p><img fetchpriority=\"high\" decoding=\"async\" class=\"alignnone wp-image-32266 size-full\" src=\"https:\/\/pandamech.com\/wp-content\/uploads\/2022\/08\/flatbed-semi-trailer-transport3.jpg\" alt=\"Semi-remorque de transport \u00e0 plateau \u00e0 3 essieux\" width=\"800\" height=\"547\" title=\"\"><\/p>\n<h2>Panda Mech<\/h2>\n<p>Panda Mech est un fabricant r\u00e9put\u00e9 de semi-remorques \u00e0 plate-forme en Chine, offrant des semi-remorques \u00e0 plate-forme de 40 pieds \u00e0 vendre. Nous la personnaliserons selon vos besoins et les lois locales, quelles que soient vos questions sur la semi-remorque \u00e0 plate-forme \u00e0 3 essieux. Veuillez envoyer un e-mail \u00e0 <a href=\"mailto:sales@pandamech.com\">sales@pandamech.com<\/a>.<\/p>\n<p>Les fabricants de Panda Mech ont connu le succ\u00e8s en Asie du Sud-Est, au Moyen-Orient, en Afrique et en Am\u00e9rique du Sud, notamment aux Philippines, en Tanzanie, en C\u00f4te d'Ivoire, etc...<\/p>","protected":false},"excerpt":{"rendered":"<p>Type : Remorque de camion \u00e0 plate-forme \u00e0 3 essieux<\/p>\n<p>Gamme de prix : $9,590-13500<\/p>\n<p>Livraison : 7-25 jours<\/p>\n<p>Capacit\u00e9 de charge : 70 tonnes<\/p>\n<p>Application : marchandises en vrac, conteneurs<\/p>","protected":false},"featured_media":57781,"template":"","meta":{"_acf_changed":false,"_kad_blocks_custom_css":"","_kad_blocks_head_custom_js":"","_kad_blocks_body_custom_js":"","_kad_blocks_footer_custom_js":"","_kad_post_transparent":"default","_kad_post_title":"","_kad_post_layout":"default","_kad_post_sidebar_id":"","_kad_post_content_style":"default","_kad_post_vertical_padding":"default","_kad_post_feature":"","_kad_post_feature_position":"","_kad_post_header":false,"_kad_post_footer":false,"_kad_post_classname":""},"product_brand":[],"product_cat":[15],"product_tag":[60,65],"class_list":{"0":"post-32283","1":"product","2":"type-product","3":"status-publish","4":"has-post-thumbnail","6":"product_cat-uncategorized","7":"product_tag-3-axle-trailer","8":"product_tag-40ft-trailer","10":"first","11":"instock","12":"sold-individually","13":"shipping-taxable","14":"purchasable","15":"product-type-simple","16":"entry","17":"content-bg","18":"loop-entry"},"acf":[],"taxonomy_info":{"product_cat":[{"value":15,"label":"Uncategorized"}],"product_tag":[{"value":60,"label":"3 Axle Trailer"},{"value":65,"label":"40Ft Trailer"}]},"featured_image_src_large":["https:\/\/www.pandamech.com\/wp-content\/uploads\/2022\/08\/2-85-1-500x500.jpg",500,500,true],"author_info":[],"comment_info":"","_links":{"self":[{"href":"https:\/\/www.pandamech.com\/france\/wp-json\/wp\/v2\/product\/32283","targetHints":{"allow":["GET"]}}],"collection":[{"href":"https:\/\/www.pandamech.com\/france\/wp-json\/wp\/v2\/product"}],"about":[{"href":"https:\/\/www.pandamech.com\/france\/wp-json\/wp\/v2\/types\/product"}],"version-history":[{"count":1,"href":"https:\/\/www.pandamech.com\/france\/wp-json\/wp\/v2\/product\/32283\/revisions"}],"predecessor-version":[{"id":91311,"href":"https:\/\/www.pandamech.com\/france\/wp-json\/wp\/v2\/product\/32283\/revisions\/91311"}],"wp:featuredmedia":[{"embeddable":true,"href":"https:\/\/www.pandamech.com\/france\/wp-json\/wp\/v2\/media\/57781"}],"wp:attachment":[{"href":"https:\/\/www.pandamech.com\/france\/wp-json\/wp\/v2\/media?parent=32283"}],"wp:term":[{"taxonomy":"product_brand","embeddable":true,"href":"https:\/\/www.pandamech.com\/france\/wp-json\/wp\/v2\/product_brand?post=32283"},{"taxonomy":"product_cat","embeddable":true,"href":"https:\/\/www.pandamech.com\/france\/wp-json\/wp\/v2\/product_cat?post=32283"},{"taxonomy":"product_tag","embeddable":true,"href":"https:\/\/www.pandamech.com\/france\/wp-json\/wp\/v2\/product_tag?post=32283"}],"curies":[{"name":"wp","href":"https:\/\/api.w.org\/{rel}","templated":true}]}}