{"id":30908,"date":"2023-02-04T17:16:28","date_gmt":"2023-02-04T09:16:28","guid":{"rendered":"https:\/\/pandamech.com\/?post_type=product&#038;p=30908"},"modified":"2025-08-23T01:07:08","modified_gmt":"2025-08-22T17:07:08","slug":"jet-a1-fuel-tanker-truck-p00132p1-html","status":"publish","type":"product","link":"https:\/\/www.pandamech.com\/france\/product\/jet-a1-fuel-tanker-truck-p00132p1-html\/","title":{"rendered":"45000 Litres Jet A1 Tanker Trailer"},"content":{"rendered":"<p>Le Jet A1 est principalement utilis\u00e9 pour transporter le k\u00e9ros\u00e8ne d'aviation. Le k\u00e9ros\u00e8ne d'aviation comprend notamment le Jet A, le Jet A1, le Jet B, le JP-8 et le JP-4. Parmi eux, le JP-8 et le JP-4 sont principalement utilis\u00e9s dans l'arm\u00e9e. Le Jet A et le Jet A1 ont une composition similaire, le Jet B est un k\u00e9ros\u00e8ne couramment utilis\u00e9 pour l'aviation civile, et le Jet B et le JP-4 sont identiques.<\/p>\n<h2>Sp\u00e9cifications des camions-citernes de carburant Jet A1<\/h2>\n<table style=\"width: 800px;\" border=\"1\" cellspacing=\"1\" cellpadding=\"1\">\n<tbody>\n<tr>\n<td width=\"184\" height=\"30\">\u00a0Fabricant<\/td>\n<td width=\"483\">\u00a0Panda Mech Jet A1 \/ camion-citerne \u00e0 k\u00e9ros\u00e8ne pour l'aviation<\/td>\n<\/tr>\n<tr>\n<td width=\"184\" height=\"30\">\u00a0Dimension<\/td>\n<td width=\"483\">\u00a010500*2500*3500<\/td>\n<\/tr>\n<tr>\n<td width=\"184\" height=\"30\">\u00a0Capacit\u00e9<\/td>\n<td width=\"483\">\u00a045 KL 45 000 litres<\/td>\n<\/tr>\n<tr>\n<td width=\"184\" height=\"30\">\u00a0Charge utile<\/td>\n<td width=\"483\">\u00a039-41T (R\u00e9f\u00e9rence)<\/td>\n<\/tr>\n<tr>\n<td width=\"184\" height=\"30\">\u00a0Poids<\/td>\n<td width=\"483\">\u00a06.5-10.6T<\/td>\n<\/tr>\n<tr>\n<td width=\"184\" height=\"30\">\u00a0Mat\u00e9riau<\/td>\n<td width=\"483\">\u00a0Acier inoxydable<\/td>\n<\/tr>\n<tr>\n<td width=\"184\" height=\"30\">\u00a0Ch\u00e2ssis<\/td>\n<td width=\"483\">\u00a0Acier \u00e0 haute r\u00e9sistance<\/td>\n<\/tr>\n<tr>\n<td width=\"184\" height=\"30\">\u00a0Soupape<\/td>\n<td width=\"483\">\u00a0Civacon, EMCO, HELI, JLME, HENGE<\/td>\n<\/tr>\n<tr>\n<td width=\"184\" height=\"30\">\u00a0Essieu<\/td>\n<td width=\"483\">\u00a0Essieu 2\/3\/4 ; BPW, FUWA, L1, HO'S, SAF, PDME<\/td>\n<\/tr>\n<tr>\n<td width=\"184\" height=\"30\">\u00a0Suspension<\/td>\n<td width=\"483\">\u00a0Suspension pneumatique, m\u00e9canique<\/td>\n<\/tr>\n<tr>\n<td width=\"184\" height=\"36\">\u00a0Syst\u00e8me de freinage<\/td>\n<td width=\"483\">\u00a0Syst\u00e8me de freinage Dual Line, chambre T30\/30, valve d'urgence Wabco, ABS\/EBS en option<\/td>\n<\/tr>\n<tr>\n<td width=\"184\" height=\"90\">\u00a0<a class=\"wpil_keyword_link\" title=\"Remorque-citerne \u00e0 carburant\" href=\"https:\/\/www.pandamech.com\/france\/category\/tank-trailer\/fuel-tanker\/\" target=\"_blank\" rel=\"noopener\" data-wpil-keyword-link=\"linked\">Remorque-citerne \u00e0 carburant<\/a>\u00a0 Pi\u00e8ces d\u00e9tach\u00e9es<\/td>\n<td width=\"483\">\u00a0Garde-boue, \u00e9chelle, 1 bo\u00eete \u00e0 outils standard, 1 couche d'appr\u00eat anticorrosion, 2 couches de peinture finale, peinture polyur\u00e9thane, train d'atterrissage, jante en acier 9.0-22.5, extincteur, soupape de fond pneumatique de 4 pouces, couvercle de trou d'homme en alliage d'aluminium de 500 mm, t\u00f4le d'acier Q345\/6mm, conforme \u00e0 l'ADR (selon les besoins du client).<\/td>\n<\/tr>\n<tr>\n<td width=\"184\" height=\"30\">\u00a0Application<\/td>\n<td width=\"483\">\u00a0Jet A, Jet A1, Jet B, JP-4, JP-8<\/td>\n<\/tr>\n<tr>\n<td width=\"184\" height=\"30\"><a title=\"\/contact-us\/\" href=\"\/france\/contact-us\/\">Demande de renseignements<\/a><\/td>\n<td width=\"483\"><a title=\"https:\/\/pandamech.com\/about\/\" href=\"https:\/\/www.pandamech.com\/france\/about\/\" target=\"_blank\" rel=\"noopener\">\u00c0 propos de Panda Mech<\/a><\/td>\n<\/tr>\n<\/tbody>\n<\/table>\n<h2>Jet A1 fuel tanker trailer images<\/h2>\n<p><img fetchpriority=\"high\" decoding=\"async\" class=\"size-full wp-image-30901\" title=\"45000 Litres Jet A1 Tanker Trailer\" src=\"https:\/\/pandamech.com\/wp-content\/uploads\/2021\/08\/7-100.jpg\" alt=\"7-100\" width=\"800\" height=\"571\" \/><br \/>\n45000 litres jet a1 tanker trailer for sale<\/p>\n<p><img decoding=\"async\" class=\"size-full wp-image-30902\" title=\"45000 Litres Jet A1 Tanker Trailer\" src=\"https:\/\/pandamech.com\/wp-content\/uploads\/2021\/08\/8-100.jpg\" alt=\"8-100\" width=\"800\" height=\"571\" \/><\/p>\n<p>45000 litres jet a1 tanker trailer<\/p>\n<p><img decoding=\"async\" class=\"size-full wp-image-30903\" title=\"45000 Litres Jet A1 Tanker Trailer\" src=\"https:\/\/pandamech.com\/wp-content\/uploads\/2021\/08\/9-9.jpg\" alt=\"9-9\" width=\"800\" height=\"571\" \/><\/p>\n<p>45000 litres jet a1 tanker trailer<\/p>\n<h2>Application :<\/h2>\n<p>La remorque citerne Jet A1 est g\u00e9n\u00e9ralement utilis\u00e9e pour transporter du k\u00e9ros\u00e8ne d'aviation, Jet-A, Jet A1, Jet B, JP-4 et JP-8.<\/p>\n<p>La remorque du camion-citerne Jet A1 a une capacit\u00e9 de 30000-60000 litres et est g\u00e9n\u00e9ralement utilis\u00e9e pour le transport sur de longues distances.<\/p>\n<h2>Caract\u00e9ristiques :<\/h2>\n<p>1. Dessin 3D et HyperMesh &amp; Ansys<\/p>\n<p>Utiliser pleinement la propri\u00e9t\u00e9 physique, favoriser des performances plus \u00e9lev\u00e9es et r\u00e9duire les co\u00fbts d'exploitation.<\/p>\n<p>2. Adaptateur API de la norme ADR<\/p>\n<p>Crucial pour tout syst\u00e8me de chargement par le bas API, correspond aux coupleurs 3\u2033 ou 4\u2033.<\/p>\n<p>3. Prises API Optique<\/p>\n<p>Soutenir le syst\u00e8me de chargement par le bas<\/p>\n<p>4. Trou d'homme standard ADR avec \u00e9vent de vapeur<\/p>\n<p>16\u2033 ou 20\u2033, mat\u00e9riau en aluminium pour une plus longue dur\u00e9e de vie<\/p>\n<h2>Panda Mech<\/h2>\n<p>Panda Mech est un fabricant chinois de remorques-citernes Jet A1. Nous fournissons des camions-citernes Jet A1 \u00e0 vendre. Nous pouvons les personnaliser selon vos besoins.<\/p>\n<p>Les fabricants de Panda Mech ont connu le succ\u00e8s en Asie du Sud-Est, au Moyen-Orient, en Afrique et en Am\u00e9rique du Sud, notamment aux Philippines, en Tanzanie, au Nigeria, etc...<\/p>\n<p><img loading=\"lazy\" decoding=\"async\" class=\"alignnone size-full wp-image-23180\" title=\"45000 Litres Jet A1 Tanker Trailer\" src=\"https:\/\/pandamech.com\/wp-content\/uploads\/2022\/08\/quotation.jpg\" alt=\"cotation\" width=\"864\" height=\"213\" \/><\/p>","protected":false},"excerpt":{"rendered":"<p>Type : 45 KL Jet A1 Fuel Tanker Truck Trailer<\/p>\n<p>Fourchette de prix : $28,000-45000<\/p>\n<p>Livraison : 7-25 jours<\/p>\n<p>Essieux : 3 essieux<\/p>\n<p>Application : transport Jet A1<\/p>","protected":false},"featured_media":57738,"template":"","meta":{"_acf_changed":false,"_kad_blocks_custom_css":"","_kad_blocks_head_custom_js":"","_kad_blocks_body_custom_js":"","_kad_blocks_footer_custom_js":"","_kad_post_transparent":"default","_kad_post_title":"","_kad_post_layout":"default","_kad_post_sidebar_id":"","_kad_post_content_style":"default","_kad_post_vertical_padding":"default","_kad_post_feature":"","_kad_post_feature_position":"","_kad_post_header":false,"_kad_post_footer":false,"_kad_post_classname":""},"product_brand":[],"product_cat":[109,95],"product_tag":[],"class_list":{"0":"post-30908","1":"product","2":"type-product","3":"status-publish","4":"has-post-thumbnail","6":"product_cat-fuel-tanker","7":"product_cat-tank-trailer","9":"first","10":"instock","11":"sold-individually","12":"shipping-taxable","13":"purchasable","14":"product-type-simple","15":"entry","16":"content-bg","17":"loop-entry"},"acf":[],"taxonomy_info":{"product_cat":[{"value":109,"label":"Fuel Tanker Trailer"},{"value":95,"label":"Tank Trailer"}]},"featured_image_src_large":["https:\/\/www.pandamech.com\/wp-content\/uploads\/2022\/08\/2-114-500x500.jpg",500,500,true],"author_info":[],"comment_info":"","_links":{"self":[{"href":"https:\/\/www.pandamech.com\/france\/wp-json\/wp\/v2\/product\/30908","targetHints":{"allow":["GET"]}}],"collection":[{"href":"https:\/\/www.pandamech.com\/france\/wp-json\/wp\/v2\/product"}],"about":[{"href":"https:\/\/www.pandamech.com\/france\/wp-json\/wp\/v2\/types\/product"}],"version-history":[{"count":1,"href":"https:\/\/www.pandamech.com\/france\/wp-json\/wp\/v2\/product\/30908\/revisions"}],"predecessor-version":[{"id":91266,"href":"https:\/\/www.pandamech.com\/france\/wp-json\/wp\/v2\/product\/30908\/revisions\/91266"}],"wp:featuredmedia":[{"embeddable":true,"href":"https:\/\/www.pandamech.com\/france\/wp-json\/wp\/v2\/media\/57738"}],"wp:attachment":[{"href":"https:\/\/www.pandamech.com\/france\/wp-json\/wp\/v2\/media?parent=30908"}],"wp:term":[{"taxonomy":"product_brand","embeddable":true,"href":"https:\/\/www.pandamech.com\/france\/wp-json\/wp\/v2\/product_brand?post=30908"},{"taxonomy":"product_cat","embeddable":true,"href":"https:\/\/www.pandamech.com\/france\/wp-json\/wp\/v2\/product_cat?post=30908"},{"taxonomy":"product_tag","embeddable":true,"href":"https:\/\/www.pandamech.com\/france\/wp-json\/wp\/v2\/product_tag?post=30908"}],"curies":[{"name":"wp","href":"https:\/\/api.w.org\/{rel}","templated":true}]}}