{"id":21955,"date":"2025-09-17T18:03:23","date_gmt":"2025-09-17T10:03:23","guid":{"rendered":"https:\/\/pandamech.com\/product\/40-shipping-container-chassis-trailers"},"modified":"2025-12-10T16:58:17","modified_gmt":"2025-12-10T08:58:17","slug":"40-shipping-container-chassis-trailers","status":"publish","type":"product","link":"https:\/\/www.pandamech.com\/france\/product\/40-shipping-container-chassis-trailers\/","title":{"rendered":"40Ft Container Chassis Trailer For Sale"},"content":{"rendered":"<p>Le ch\u00e2ssis de conteneur 40ft, connu sous le nom de 40\u2032 shipping container trailer, est con\u00e7u pour transporter des conteneurs de transport. Les principaux conteneurs de transport sont 20ft et 40ft.<\/p>\n<p>Panda Mech est le leader de la conception et de la fabrication de ch\u00e2ssis de conteneurs d'exp\u00e9dition. Avec plus de 4 lignes de production, notre productivit\u00e9 peut atteindre 3000 unit\u00e9s par an. Les d\u00e9partements de R&amp;D et de vente, complets et professionnels, offrent les remorques les plus fiables avec des services complets sur le march\u00e9 aujourd'hui. Panda Mech se consacre toujours \u00e0 la fabrication de produits \u00e9conomiques et robustes pour vous aider \u00e0 r\u00e9duire les co\u00fbts et \u00e0 cr\u00e9er plus de profits.<\/p>\n<h2>Ch\u00e2ssis de conteneur 40Ft images<\/h2>\n<p><img fetchpriority=\"high\" decoding=\"async\" class=\"alignnone\" src=\"https:\/\/pandamech.com\/wp-content\/uploads\/2022\/04\/7-6.jpg\" alt=\"Fabricant de ch\u00e2ssis de conteneurs 40ft \u00e0 3 essieux\" width=\"800\" height=\"533\" title=\"\"><\/p>\n<p>Remorque \u00e0 ch\u00e2ssis pour conteneurs de 40 pieds \u00e0 vendre<\/p>\n<p><img decoding=\"async\" class=\"alignnone\" src=\"https:\/\/pandamech.com\/wp-content\/uploads\/2022\/04\/8-6.jpg\" alt=\"Ch\u00e2ssis de conteneur 40ft usine en Chine\" width=\"800\" height=\"533\" title=\"\"><\/p>\n<p>3 Axle 40ft shipping container chassis for sale<\/p>\n<p><img decoding=\"async\" class=\"alignnone wp-image-21872 size-full\" src=\"https:\/\/pandamech.com\/wp-content\/uploads\/2022\/07\/container-chassis-trailer-parts.jpg\" alt=\"Remorque conteneur de 40 pieds \u00e0 vendre\" width=\"800\" height=\"533\" title=\"\"><\/p>\n<p>Ch\u00e2ssis-remorque 40ft \u00e0 vendre - <a href=\"https:\/\/www.pandamech.com\/france\/product\/20ft-iso-tank-gooseneck-trailer\/\" target=\"_blank\" rel=\"noopener\">Remorque conteneur ISO de 20 pieds<\/a><\/p>\n<p style=\"text-align: center;\"><a class=\"product_button\" href=\"#elementor-action%3Aaction%3Dpopup%3Aopen%26settings%3DeyJpZCI6Ijk5MDciLCJ0b2dnbGUiOmZhbHNlfQ%3D%3D\">Obtenir un devis imm\u00e9diat<\/a><\/p>\n<h2>Sp\u00e9cifications du ch\u00e2ssis du conteneur de 40 pieds<\/h2>\n<table style=\"width: 800px;\" border=\"1\" cellspacing=\"1\" cellpadding=\"1\">\n<tbody>\n<tr>\n<td width=\"208\" height=\"32\">Dimension<\/td>\n<td width=\"457\">12500*2500*1550mm<\/td>\n<\/tr>\n<tr>\n<td height=\"32\">Poids<\/td>\n<td>6500Kg<\/td>\n<\/tr>\n<tr>\n<td height=\"32\">Poutre principale<\/td>\n<td>\u201cSection \u201dI\" hauteur 500mm mat\u00e9riau Q345\/T700<\/td>\n<\/tr>\n<tr>\n<td height=\"32\">Fermeture \u00e0 glissi\u00e8re<\/td>\n<td>4\/8 set ISO Standard<\/td>\n<\/tr>\n<tr>\n<td height=\"32\">Suspension<\/td>\n<td>M\u00e9canique \/ Air<\/td>\n<\/tr>\n<tr>\n<td height=\"32\">Essieu<\/td>\n<td>3 essieux, marque BPW\/FUWA<\/td>\n<\/tr>\n<tr>\n<td height=\"32\">Jante<\/td>\n<td>8\/12 pi\u00e8ces 9.0-22.5<\/td>\n<\/tr>\n<tr>\n<td height=\"32\">Pneu<\/td>\n<td>8\/12 pi\u00e8ces 12R22.5 Bridgestone\/Triangle\/Linglong etc.<\/td>\n<\/tr>\n<tr>\n<td height=\"32\">Valve de frein<\/td>\n<td>WABCO<\/td>\n<\/tr>\n<tr>\n<td height=\"32\">Kingpin<\/td>\n<td>2\u2033(50mm)\/3.5\u2033(90mm) JOST Type de boulonnage<\/td>\n<\/tr>\n<\/tbody>\n<\/table>\n<p style=\"text-align: center;\"><a class=\"product_button\" href=\"#elementor-action%3Aaction%3Dpopup%3Aopen%26settings%3DeyJpZCI6Ijk5MDciLCJ0b2dnbGUiOmZhbHNlfQ%3D%3D\">Cliquez pour plus de d\u00e9tails<\/a><\/p>\n<h2>Dessin du ch\u00e2ssis du conteneur 40 Ft<\/h2>\n<p><img decoding=\"async\" src=\"https:\/\/pandamech.com\/wp-content\/uploads\/2022\/05\/3-axles-40ft-skeletal-trailer-drawing.jpg\" alt=\"Tandem 40 feet shipping chassis trailer for sale\" title=\"\"><\/p>\n<p>3 axes 40ft <a class=\"wpil_keyword_link\" title=\"ch\u00e2ssis remorque porte-conteneurs\" href=\"https:\/\/www.pandamech.com\/france\/category\/container-chassis\/container-chassis-trailer\/\" target=\"_blank\" rel=\"noopener\" data-wpil-keyword-link=\"linked\">ch\u00e2ssis remorque porte-conteneurs<\/a> dessin<\/p>\n<h2>Vid\u00e9o sur les ch\u00e2ssis de conteneurs de 40 pieds<\/h2>\n<p><iframe title=\"Lecteur vid\u00e9o YouTube\" src=\"https:\/\/www.youtube.com\/embed\/LRL6JrXKMjQ\" width=\"800\" height=\"533\" frameborder=\"0\" allowfullscreen=\"allowfullscreen\" data-mce-fragment=\"1\"><\/iframe><\/p>\n<h2>Caract\u00e9ristiques du ch\u00e2ssis de conteneur de 40 pieds<\/h2>\n<ul>\n<li><strong>Structure l\u00e9g\u00e8re<\/strong>: Un faible poids \u00e0 vide signifie une charge utile l\u00e9gale plus \u00e9lev\u00e9e par voyage et une consommation de carburant plus faible. Panda Mech a optimis\u00e9 les poutres \u00e0 haute r\u00e9sistance et les traverses profil\u00e9es pour assurer la solidit\u00e9 sans exc\u00e8s de masse, r\u00e9duisant ainsi les d\u00e9placements, l'usure et le co\u00fbt total d'exploitation.<\/li>\n<li><strong>Entretien facile et peu co\u00fbteux<\/strong>: Le cadre ouvert du Panda Mech et les composants standardis\u00e9s et boulonn\u00e9s facilitent l'inspection, le remplacement et les r\u00e9parations.<\/li>\n<li><strong>Conception raisonnable et durable<\/strong>: Les chemins de charge \u00e9quilibr\u00e9s et la r\u00e9partition uniforme des contraintes prolongent la dur\u00e9e de vie. Des poutres principales rigides avec support anti-torsion, ainsi qu'une finition r\u00e9sistante \u00e0 la corrosion, permettent au ch\u00e2ssis de rester droit, s\u00fbr et fiable en cas d'utilisation intensive \u00e0 long terme.<\/li>\n<li><strong>S\u00e9curit\u00e9 et stabilit\u00e9<\/strong>: Le centre de gravit\u00e9 bas et les traverses renforc\u00e9es am\u00e9liorent la maniabilit\u00e9 sur les routes accident\u00e9es. La g\u00e9om\u00e9trie de la suspension optimis\u00e9e par Panda Mech et l'int\u00e9gration calibr\u00e9e des freins maintiennent le ch\u00e2ssis en ligne droite, r\u00e9duisent le balancement et am\u00e9liorent la confiance du conducteur \u00e0 pleine charge.<\/li>\n<li><strong>Protection contre la corrosion et long\u00e9vit\u00e9<\/strong>: Un grenaillage complet, un appr\u00eat riche en zinc et une couche de finition durable prot\u00e8gent l'acier de la rouille. Le c\u00e2blage scell\u00e9, les fixations anticorrosion et les voies d'\u00e9vacuation emp\u00eachent l'eau et le sel d'entrer, pr\u00e9servant ainsi l'int\u00e9grit\u00e9 structurelle pendant des ann\u00e9es d'utilisation intensive.<\/li>\n<\/ul>\n<h2>Transport de ch\u00e2ssis-remorques conteneurs de 40 pieds<\/h2>\n<p><img loading=\"lazy\" decoding=\"async\" class=\"alignnone wp-image-21454 size-full\" src=\"https:\/\/pandamech.com\/wp-content\/uploads\/2021\/08\/container-chassis-trailers-transport.jpg\" alt=\"2\/3\/4 essieux 20\/40\/45ft shipping container chassis trailer transport\" width=\"800\" height=\"246\" title=\"\"><\/p>\n<p style=\"text-align: center;\"><a class=\"product_button\" href=\"#elementor-action%3Aaction%3Dpopup%3Aopen%26settings%3DeyJpZCI6Ijk5MDciLCJ0b2dnbGUiOmZhbHNlfQ%3D%3D\">Cliquez pour la solution<\/a><\/p>\n<h2>Panda Mech<\/h2>\n<p>Panda Mech est un fabricant chinois de ch\u00e2ssis de conteneurs de 40 pieds. Nous fournissons un ch\u00e2ssis remorque de conteneur maritime de 40 pieds \u00e0 vendre. Les fabricants de Panda Mech ont connu le succ\u00e8s en Asie du Sud-Est, au Moyen-Orient, en Afrique et en Am\u00e9rique du Sud, tels que les Philippines, la Tanzanie, etc...<\/p>\n<p><a href=\"#elementor-action%3Aaction%3Dpopup%3Aopen%26settings%3DeyJpZCI6Ijk5MDciLCJ0b2dnbGUiOmZhbHNlfQ%3D%3D\"><img loading=\"lazy\" decoding=\"async\" class=\"alignnone\" src=\"https:\/\/pandamech.com\/wp-content\/uploads\/2021\/08\/quotation.jpg\" alt=\"Remorque \u00e0 ch\u00e2ssis pour conteneurs maritimes de 40 pieds \u00e0 vendre\" width=\"864\" height=\"213\" title=\"\"><\/a><\/p>\n<h2>FAQ<\/h2>\n<h3>Dimensions du ch\u00e2ssis du conteneur 40 Ft<\/h3>\n<p>12500*2500*1550mm, 12,50 m \u00d7 2,50 m \u00d7 1,55 m, <span style=\"letter-spacing: 0.015em;\">41.01 ft \u00d7 8.20 ft \u00d7 5.09 ft \uff08\u2248 <\/span><strong style=\"letter-spacing: 0.015em;\" data-start=\"102\" data-end=\"125\" data-is-only-node=\"\">41\u20320\u2033 \u00d7 8\u20322\u2033 \u00d7 5\u20321\u2033<\/strong><span style=\"letter-spacing: 0.015em;\">\uff09<\/span><\/p>\n<h3>40\u2019 Poids du ch\u00e2ssis<\/h3>\n<p>6500kg, 6,5 tonnes.<\/p>\n<h3>Conteneur Hauteur du ch\u00e2ssis<\/h3>\n<p>1550mm, 1,55 m, <span style=\"letter-spacing: 0.015em;\">5.09 ft, 5\u20321\u2033.<\/span><\/p>\n<h3>Qu'est-ce qu'un ch\u00e2ssis de conteneur de 40 pieds ?<\/h3>\n<p>Un ch\u00e2ssis de conteneur de 40 pieds est une semi-remorque squelettique construite pour transporter un conteneur d'exp\u00e9dition ISO de 40 pieds sur les routes. Il s'agit essentiellement d'un cadre en acier solide dot\u00e9 de verrous tournants pour fixer la bo\u00eete, d'un pivot d'attelage pour le tracteur, d'un train d'atterrissage et d'un syst\u00e8me de suspension, d'essieu et de frein pour le transport routier. Panda Mech est l'un des meilleurs fabricants de ch\u00e2ssis de conteneurs en Chine.<\/p>\n<h3>Quels sont les conteneurs qui peuvent \u00eatre plac\u00e9s sur un ch\u00e2ssis de 40 pieds ?<\/h3>\n<p><strong data-start=\"14\" data-end=\"54\">Le conteneur ISO 1\u00d740\u2032 convient par d\u00e9faut.<\/strong> Avec les bons cadenas, vous pouvez \u00e9galement transporter <strong data-start=\"96\" data-end=\"115\">1\u00d740\u2032 High Cube<\/strong> et <strong data-start=\"120\" data-end=\"129\">2\u00d720\u2032<\/strong>. D'autres ont besoin d'un ch\u00e2ssis diff\u00e9rent ou extensible.<\/p>\n<h3>Quelle est la diff\u00e9rence entre un ch\u00e2ssis porte-conteneurs et une remorque \u00e0 plateau ?<\/h3>\n<p>Les principales diff\u00e9rences entre un ch\u00e2ssis porte-conteneurs et une remorque \u00e0 plateau r\u00e9sident dans leur fonction et leur structure. Le premier est un ch\u00e2ssis d\u00e9di\u00e9 aux conteneurs, qui utilise des verrous tournants pour un chargement et un d\u00e9chargement rapides, un poids l\u00e9ger et des charges par essieu conformes, ce qui le rend adapt\u00e9 au transport portuaire et ferroviaire sur de courtes distances. Le second, avec sa plate-forme compl\u00e8te, peut arrimer une vari\u00e9t\u00e9 de cargaisons, offrant une plus grande polyvalence mais aussi un poids mort plus important et un arrimage plus fastidieux.<\/p>\n<h3><strong data-start=\"1965\" data-end=\"2013\">Quel est le co\u00fbt d'un ch\u00e2ssis-conteneur de 40 pieds ?<\/strong><\/h3>\n<p>La fourchette de prix est g\u00e9n\u00e9ralement de <strong data-start=\"2043\" data-end=\"2060\">$8,400-15,600<\/strong>, selon les essieux, la suspension et la marque.<\/p>","protected":false},"excerpt":{"rendered":"<p>Type : 40Ft<\/p>\n<p>Gamme de prix : $8 400-15 600<\/p>\n<p>Livraison : 7-25 jours<\/p>\n<p>Application : conteneur de transport<\/p>\n<p>Capacit\u00e9 de charge : 27 tonnes * nombre de conteneurs<\/p>","protected":false},"featured_media":57751,"template":"","meta":{"_acf_changed":false,"_kad_blocks_custom_css":"","_kad_blocks_head_custom_js":"","_kad_blocks_body_custom_js":"","_kad_blocks_footer_custom_js":"","_kad_post_transparent":"default","_kad_post_title":"","_kad_post_layout":"default","_kad_post_sidebar_id":"","_kad_post_content_style":"default","_kad_post_vertical_padding":"default","_kad_post_feature":"","_kad_post_feature_position":"","_kad_post_header":false,"_kad_post_footer":false,"_kad_post_classname":""},"product_brand":[],"product_cat":[103],"product_tag":[],"class_list":{"0":"post-21955","1":"product","2":"type-product","3":"status-publish","4":"has-post-thumbnail","6":"product_cat-container-chassis-trailer","8":"first","9":"instock","10":"sold-individually","11":"shipping-taxable","12":"purchasable","13":"product-type-simple","14":"entry","15":"content-bg","16":"loop-entry"},"acf":[],"taxonomy_info":{"product_cat":[{"value":103,"label":"Container Chassis"}]},"featured_image_src_large":["https:\/\/www.pandamech.com\/wp-content\/uploads\/2022\/08\/2-3-500x500.jpg",500,500,true],"author_info":[],"comment_info":"","_links":{"self":[{"href":"https:\/\/www.pandamech.com\/france\/wp-json\/wp\/v2\/product\/21955","targetHints":{"allow":["GET"]}}],"collection":[{"href":"https:\/\/www.pandamech.com\/france\/wp-json\/wp\/v2\/product"}],"about":[{"href":"https:\/\/www.pandamech.com\/france\/wp-json\/wp\/v2\/types\/product"}],"version-history":[{"count":5,"href":"https:\/\/www.pandamech.com\/france\/wp-json\/wp\/v2\/product\/21955\/revisions"}],"predecessor-version":[{"id":92471,"href":"https:\/\/www.pandamech.com\/france\/wp-json\/wp\/v2\/product\/21955\/revisions\/92471"}],"wp:featuredmedia":[{"embeddable":true,"href":"https:\/\/www.pandamech.com\/france\/wp-json\/wp\/v2\/media\/57751"}],"wp:attachment":[{"href":"https:\/\/www.pandamech.com\/france\/wp-json\/wp\/v2\/media?parent=21955"}],"wp:term":[{"taxonomy":"product_brand","embeddable":true,"href":"https:\/\/www.pandamech.com\/france\/wp-json\/wp\/v2\/product_brand?post=21955"},{"taxonomy":"product_cat","embeddable":true,"href":"https:\/\/www.pandamech.com\/france\/wp-json\/wp\/v2\/product_cat?post=21955"},{"taxonomy":"product_tag","embeddable":true,"href":"https:\/\/www.pandamech.com\/france\/wp-json\/wp\/v2\/product_tag?post=21955"}],"curies":[{"name":"wp","href":"https:\/\/api.w.org\/{rel}","templated":true}]}}