{"id":21585,"date":"2025-12-05T19:04:21","date_gmt":"2025-12-05T11:04:21","guid":{"rendered":"http:\/\/pandamech.com\/?post_type=product&#038;p=21585"},"modified":"2025-12-10T16:44:43","modified_gmt":"2025-12-10T08:44:43","slug":"4-axle-skeleton-container-semi-trailer","status":"publish","type":"product","link":"https:\/\/www.pandamech.com\/france\/product\/4-axle-skeleton-container-semi-trailer\/","title":{"rendered":"Remorque squelette \u00e0 4 essieux \u00e0 vendre"},"content":{"rendered":"<h2>Qu'est-ce qu'une remorque squelette \u00e0 4 essieux ?<\/h2>\n<p>Une remorque squelette \u00e0 4 essieux (\u00e9galement appel\u00e9e remorque squelette \u00e0 4 essieux ou ch\u00e2ssis de conteneur \u00e0 4 essieux) est une semi-remorque \u00e0 ch\u00e2ssis en acier \u00e9quip\u00e9e de verrous tournants ISO pour le transport d'un conteneur de 40 pieds ou de combinaisons de conteneurs de 20 pieds. Par rapport \u00e0 une remorque squelette standard \u00e0 2 ou 3 essieux, un mod\u00e8le \u00e0 4 essieux de Panda Mech r\u00e9partit la charge sur un plus grand nombre d'essieux, ce qui permet aux flottes de transporter des conteneurs plus lourds tout en respectant des limites plus strictes en mati\u00e8re de poids par pont et par essieu. Elle est largement utilis\u00e9e pour le drayage, les navettes portuaires et le transport de conteneurs sur de longues distances.<\/p>\n<h2>Application de la remorque squelette \u00e0 4 essieux<\/h2>\n<p data-start=\"4370\" data-end=\"4438\">Remorques squelettes \u00e0 4 essieux de <strong data-start=\"4400\" data-end=\"4414\">Panda Mech<\/strong> sont couramment utilis\u00e9s :<\/p>\n<ul data-start=\"4441\" data-end=\"4987\">\n<li data-start=\"4441\" data-end=\"4575\">\n<p data-start=\"4443\" data-end=\"4575\"><strong data-start=\"4443\" data-end=\"4475\">Op\u00e9rations portuaires et terminaux<\/strong> - la navette de conteneurs de 40 pieds entre le quai, le chantier et les t\u00eates de ligne, en particulier pour les bo\u00eetes d'exportation lourdes.<\/p>\n<\/li>\n<li data-start=\"4578\" data-end=\"4717\">\n<p data-start=\"4580\" data-end=\"4717\"><strong data-start=\"4580\" data-end=\"4604\">Transport intermodal<\/strong> - d\u00e9placer des conteneurs entre <strong data-start=\"4633\" data-end=\"4679\">les ports maritimes, les terminaux ferroviaires et les d\u00e9p\u00f4ts int\u00e9rieurs<\/strong> dans le cadre d'une solution porte-\u00e0-porte.<\/p>\n<\/li>\n<li data-start=\"4720\" data-end=\"4843\">\n<p data-start=\"4722\" data-end=\"4843\"><strong data-start=\"4722\" data-end=\"4750\">Logistique et distribution<\/strong> - le transport de conteneurs sur de longues distances o\u00f9 <strong data-start=\"4791\" data-end=\"4827\">charge utile \u00e9lev\u00e9e et maniement stable<\/strong> sont essentiels.<\/p>\n<\/li>\n<li data-start=\"4846\" data-end=\"4983\">\n<p data-start=\"4848\" data-end=\"4983\"><strong data-start=\"4848\" data-end=\"4878\">Fret industriel et de projet<\/strong> - le transport de marchandises denses emball\u00e9es dans des conteneurs de 20 pieds\/40 pieds pour des projets de construction, d'exploitation mini\u00e8re ou d'\u00e9nergie.<\/p>\n<\/li>\n<\/ul>\n<p data-start=\"4990\" data-end=\"5180\">En combinant une remorque squelettique de 40 pieds \u00e0 4 essieux avec le tracteur et les pneus appropri\u00e9s, Panda Mech aide les flottes \u00e0 transporter des charges l\u00e9gales plus lourdes tout en gardant un \u00e9quipement simple et facile \u00e0 entretenir.<\/p>\n<h2>4 Axle skeleton trailer images<\/h2>\n<p><img fetchpriority=\"high\" decoding=\"async\" class=\"alignnone\" src=\"https:\/\/pandamech.com\/wp-content\/uploads\/2021\/08\/7-110.jpg\" alt=\"Remorque squelette \u00e0 4 essieux \u00e0 vendre\" width=\"718\" height=\"450\" title=\"\"><\/p>\n<p>Semi-remorque squelettique de 40 pieds \u00e0 vendre<\/p>\n<h2>Vid\u00e9o de la bande-annonce de Skeletal<\/h2>\n<p><iframe title=\"Lecteur vid\u00e9o YouTube\" src=\"https:\/\/www.youtube.com\/embed\/LRL6JrXKMjQ\" width=\"800\" height=\"533\" frameborder=\"0\" allowfullscreen=\"allowfullscreen\"><\/iframe><\/p>\n<h2>Caract\u00e9ristiques de la remorque squelette \u00e0 4 essieux<\/h2>\n<ul>\n<li data-start=\"5328\" data-end=\"5476\">\n<p data-start=\"5330\" data-end=\"5476\"><strong data-start=\"5330\" data-end=\"5355\">Ch\u00e2ssis \u00e0 haute r\u00e9sistance<\/strong> - Les poutres principales sont fabriqu\u00e9es en acier \u00e0 haute r\u00e9sistance Q345\/T700, soud\u00e9es \u00e0 l'arc submerg\u00e9 pour une r\u00e9sistance \u00e0 la fatigue \u00e0 long terme.<\/p>\n<\/li>\n<li data-start=\"5479\" data-end=\"5647\">\n<p data-start=\"5481\" data-end=\"5647\"><strong data-start=\"5481\" data-end=\"5506\">Poids de tare optimis\u00e9<\/strong> - Une remorque squelette typique de 40 pieds \u00e0 4 essieux de <strong data-start=\"5548\" data-end=\"5562\">Panda Mech<\/strong> p\u00e8se environ 6 tonnes, ce qui permet de maximiser la charge utile l\u00e9gale tout en pr\u00e9servant la durabilit\u00e9.<\/p>\n<\/li>\n<li data-start=\"5650\" data-end=\"5797\">\n<p data-start=\"5652\" data-end=\"5797\"><strong data-start=\"5652\" data-end=\"5671\">Verrous tournants ISO<\/strong> - 4-8 serrures ISO avec loquets de s\u00e9curit\u00e9, con\u00e7ues pour s\u00e9curiser les conteneurs de 1\u00d740ft ou 2\u00d720ft et r\u00e9duire les risques d'erreur de manipulation.<\/p>\n<\/li>\n<li data-start=\"5800\" data-end=\"5943\">\n<p data-start=\"5802\" data-end=\"5943\"><strong data-start=\"5802\" data-end=\"5833\">Options de suspension flexibles<\/strong> - Des configurations de suspension m\u00e9canique, pneumatique ou de bogie pour s'adapter aux conditions routi\u00e8res et aux habitudes d'entretien de la flotte.<\/p>\n<\/li>\n<li data-start=\"5946\" data-end=\"6077\">\n<p data-start=\"5948\" data-end=\"6077\"><strong data-start=\"5948\" data-end=\"5968\">Freinage et s\u00e9curit\u00e9<\/strong> - Syst\u00e8me de freinage pneumatique \u00e0 deux conduites avec valves WABCO, et ABS\/EBS en option pour r\u00e9pondre aux diff\u00e9rentes r\u00e9glementations du march\u00e9.<\/p>\n<\/li>\n<li data-start=\"6080\" data-end=\"6217\">\n<p data-start=\"6082\" data-end=\"6217\"><strong data-start=\"6082\" data-end=\"6110\">Facilit\u00e9 d'utilisation et d'entretien<\/strong> - La simplicit\u00e9 du cadre, l'accessibilit\u00e9 des composants et les pi\u00e8ces standard permettent une inspection ais\u00e9e et une r\u00e9duction des temps d'arr\u00eat.<\/p>\n<\/li>\n<\/ul>\n<h2>Dimensions et sp\u00e9cifications de la remorque squelette \u00e0 4 essieux<\/h2>\n<p>La remorque squelette standard \u00e0 4 essieux de 40 pieds de <strong data-start=\"2504\" data-end=\"2518\">Panda Mech<\/strong> est construit sur une plate-forme de 12 500\u00d72 500\u00d71 550 mm, optimis\u00e9e pour les conteneurs de 40 pieds et les r\u00e9glementations r\u00e9gionales.<\/p>\n<table style=\"width: 800px;\" border=\"1\" cellspacing=\"1\" cellpadding=\"1\">\n<tbody>\n<tr>\n<td width=\"208\" height=\"32\">Dimension<\/td>\n<td width=\"457\">12500*2500*1550mm<\/td>\n<\/tr>\n<tr>\n<td height=\"32\">Poids<\/td>\n<td>6000Kg<\/td>\n<\/tr>\n<tr>\n<td height=\"32\">Poutre principale<\/td>\n<td>\u201cSection \u201dI\" hauteur 500mm mat\u00e9riau Q345\/T700<\/td>\n<\/tr>\n<tr>\n<td height=\"32\">Fermeture \u00e0 glissi\u00e8re<\/td>\n<td>4\/8 set ISO Standard<\/td>\n<\/tr>\n<tr>\n<td height=\"32\">Suspension<\/td>\n<td>M\u00e9canique \/ Air \/ Bogie<\/td>\n<\/tr>\n<tr>\n<td height=\"32\">Essieu<\/td>\n<td>4 essieux BPW\/FUWA\/PDME etc.<\/td>\n<\/tr>\n<tr>\n<td height=\"32\">Jante<\/td>\n<td>8\/12 pi\u00e8ces 9.0-22.5 Acier\/Aluminium<\/td>\n<\/tr>\n<tr>\n<td height=\"32\">Pneu<\/td>\n<td>8\/12 pi\u00e8ces 12R22.5 Bridgestone\/Triangle\/Linglong etc.<\/td>\n<\/tr>\n<tr>\n<td height=\"32\">Valve de frein<\/td>\n<td>WABCO<\/td>\n<\/tr>\n<tr>\n<td height=\"32\">Kingpin<\/td>\n<td>2\u2033(50mm)\/3.5\u2033(90mm) JOST Type de boulonnage<\/td>\n<\/tr>\n<\/tbody>\n<\/table>\n<p><strong data-start=\"3063\" data-end=\"3087\">Ing\u00e9nieurs Panda Mech<\/strong> peut ajuster l'empattement, la position du pivot d'attelage et la longueur totale du ch\u00e2ssis de conteneur \u00e0 4 essieux en fonction de la l\u00e9gislation routi\u00e8re locale et de votre parc de tracteurs.<\/p>\n<p style=\"text-align: center;\"><a class=\"product_button\" href=\"#elementor-action%3Aaction%3Dpopup%3Aopen%26settings%3DeyJpZCI6Ijk5MDciLCJ0b2dnbGUiOmZhbHNlfQ%3D%3D\">Cliquez pour plus de d\u00e9tails<\/a><\/p>\n<h2>Capacit\u00e9 de charge et quand choisir 4 essieux<\/h2>\n<p data-start=\"3424\" data-end=\"3635\">Une remorque squelette \u00e0 4 essieux est con\u00e7ue pour des poids bruts plus \u00e9lev\u00e9s que les mod\u00e8les \u00e0 2 ou 3 essieux. En pratique, la charge utile l\u00e9gale d\u00e9pend de la r\u00e9glementation de votre pays en mati\u00e8re de charge par essieu et du tracteur que vous associez \u00e0 la remorque.<\/p>\n<p data-start=\"3642\" data-end=\"3719\">G\u00e9n\u00e9ralement, un ch\u00e2ssis de conteneur de 40 pieds \u00e0 4 essieux de <strong data-start=\"3685\" data-end=\"3699\">Panda Mech<\/strong> est s\u00e9lectionn\u00e9 lorsque :<\/p>\n<ul data-start=\"3722\" data-end=\"3991\">\n<li data-start=\"3722\" data-end=\"3789\">\n<p data-start=\"3724\" data-end=\"3789\">Vous transportez <strong data-start=\"3733\" data-end=\"3771\">conteneurs tr\u00e8s lourds de 20 ou 40 pieds<\/strong> sur des voies fixes.<\/p>\n<\/li>\n<li data-start=\"3792\" data-end=\"3874\">\n<p data-start=\"3794\" data-end=\"3874\">La l\u00e9gislation locale exige <strong data-start=\"3813\" data-end=\"3871\">plus d'essieux pour acc\u00e9der \u00e0 des combinaisons compl\u00e8tes de 40 \u00e0 60 tonnes brutes<\/strong>.<\/p>\n<\/li>\n<li data-start=\"3877\" data-end=\"3987\">\n<p data-start=\"3879\" data-end=\"3987\">Les itin\u00e9raires comprennent <strong data-start=\"3894\" data-end=\"3932\">des pentes raides ou un mauvais rev\u00eatement routier<\/strong>, o\u00f9 des essieux suppl\u00e9mentaires am\u00e9liorent la stabilit\u00e9 et la durabilit\u00e9.<\/p>\n<\/li>\n<\/ul>\n<p data-start=\"3994\" data-end=\"4171\">L'\u00e9quipe d'ing\u00e9nieurs de Panda Mech peut simuler les conditions de chargement et proposer une configuration de remorque squelettique de 40 pieds \u00e0 4 essieux qui \u00e9quilibre la charge utile, le poids \u00e0 vide et le co\u00fbt total de possession.<\/p>\n<h2>Transport d'une remorque squelette \u00e0 4 essieux<\/h2>\n<p><img decoding=\"async\" class=\"alignnone wp-image-21454 size-full\" src=\"https:\/\/pandamech.com\/wp-content\/uploads\/2021\/08\/container-chassis-trailers-transport.jpg\" alt=\"Transport de remorques squelettes \u00e0 4 essieux\" width=\"800\" height=\"246\" title=\"\"><\/p>\n<p style=\"text-align: center;\"><a class=\"product_button\" href=\"#elementor-action%3Aaction%3Dpopup%3Aopen%26settings%3DeyJpZCI6Ijk5MDciLCJ0b2dnbGUiOmZhbHNlfQ%3D%3D\">Cliquez pour la solution<\/a><\/p>\n<h2>Pourquoi choisir Panda Mech comme fabricant de remorques squelettes \u00e0 4 essieux ?<\/h2>\n<ul>\n<li data-start=\"6461\" data-end=\"6647\">\n<p data-start=\"6463\" data-end=\"6647\"><strong data-start=\"6463\" data-end=\"6496\">Usine de semi-remorques agr\u00e9\u00e9e<\/strong> \u2013 <strong data-start=\"6499\" data-end=\"6513\">Panda Mech<\/strong> est un fabricant chinois approuv\u00e9 par le MIIT qui poss\u00e8de plus de 20 ans d'exp\u00e9rience dans le domaine des ch\u00e2ssis de conteneurs, des remorques squelettiques et d'autres semi-remorques.<\/p>\n<\/li>\n<li data-start=\"6650\" data-end=\"6863\">\n<p data-start=\"6652\" data-end=\"6863\"><strong data-start=\"6652\" data-end=\"6681\">Des performances mondiales av\u00e9r\u00e9es<\/strong> - Les remorques squelettes \u00e0 4 essieux Panda Mech sont utilis\u00e9es en Asie du Sud-Est, au Moyen-Orient, en Afrique et en Am\u00e9rique du Sud (Philippines, Tanzanie, etc.), pour les travaux quotidiens dans les ports et les d\u00e9p\u00f4ts.<\/p>\n<\/li>\n<li data-start=\"6866\" data-end=\"7063\">\n<p data-start=\"6868\" data-end=\"7063\"><strong data-start=\"6868\" data-end=\"6901\">Ing\u00e9nierie et contr\u00f4le de la qualit\u00e9<\/strong> - La conception en 3D, l'analyse par \u00e9l\u00e9ments finis et les inspections en plusieurs \u00e9tapes des soudures, des dimensions et des syst\u00e8mes de freinage avant l'exp\u00e9dition contribuent \u00e0 garantir la s\u00e9curit\u00e9 et la long\u00e9vit\u00e9 de l'\u00e9quipement.<\/p>\n<\/li>\n<li data-start=\"7066\" data-end=\"7266\">\n<p data-start=\"7068\" data-end=\"7266\"><strong data-start=\"7068\" data-end=\"7102\">Soutien \u00e0 l'exportation et \u00e0 la documentation<\/strong> \u2013 <strong data-start=\"7105\" data-end=\"7119\">Panda Mech<\/strong> vous assiste pour les certificats d'origine, l'inspection SGS\/BV et les documents d'exp\u00e9dition, ce qui facilite le d\u00e9douanement et l'enregistrement des \u00e9quipements.<\/p>\n<\/li>\n<li data-start=\"7269\" data-end=\"7440\">\n<p data-start=\"7271\" data-end=\"7440\"><strong data-start=\"7271\" data-end=\"7294\">Service apr\u00e8s-vente<\/strong> - Les \u00e9quipes techniques fournissent une assistance \u00e0 distance, des conseils sur les pi\u00e8ces d\u00e9tach\u00e9es et sur l'utilisation afin que votre ch\u00e2ssis squelette \u00e0 4 essieux puisse fonctionner de mani\u00e8re fiable dans des environnements difficiles.<\/p>\n<\/li>\n<\/ul>\n<h2>FAQ<\/h2>\n<h3>Quelles sont les dimensions standard d'une remorque squelette de 40 pieds \u00e0 4 essieux ?<\/h3>\n<p>Un ch\u00e2ssis type de 40 pieds \u00e0 4 essieux de Panda Mech mesure environ 12 500 mm de long, 2 500 mm de large et 1 550 mm de haut. Les dimensions exactes peuvent \u00eatre ajust\u00e9es en fonction des r\u00e9glementations locales et des sp\u00e9cifications de votre tracteur.<\/p>\n<h3><strong data-start=\"8240\" data-end=\"8293\">Combien une remorque squelette \u00e0 4 essieux peut-elle transporter ?<\/strong><\/h3>\n<p>La charge utile l\u00e9gale d\u00e9pend de la l\u00e9gislation routi\u00e8re locale et du camion que vous utilisez. Sur de nombreux march\u00e9s, une remorque squelette \u00e0 4 essieux de Panda Mech est configur\u00e9e pour supporter de lourds conteneurs de 20 ou 40 pieds tout en respectant les formules de charge par essieu et de pont. Nos ing\u00e9nieurs peuvent vous recommander une configuration adapt\u00e9e \u00e0 votre pays.<\/p>","protected":false},"excerpt":{"rendered":"<p>Type : Remorque conteneur \u00e0 4 essieux \u00e0 vendre<\/p>\n<p>Gamme de prix : $8 300-15 500<\/p>\n<p>Livraison : 7-25 jours<\/p>\n<p>Application : conteneur de transport<\/p>\n<p>Capacit\u00e9 de charge : 27 tonnes * nombre de conteneurs<\/p>","protected":false},"featured_media":58691,"template":"","meta":{"_acf_changed":false,"_kad_blocks_custom_css":"","_kad_blocks_head_custom_js":"","_kad_blocks_body_custom_js":"","_kad_blocks_footer_custom_js":"","_kad_post_transparent":"default","_kad_post_title":"","_kad_post_layout":"default","_kad_post_sidebar_id":"","_kad_post_content_style":"default","_kad_post_vertical_padding":"default","_kad_post_feature":"","_kad_post_feature_position":"","_kad_post_header":false,"_kad_post_footer":false,"_kad_post_classname":""},"product_brand":[],"product_cat":[164],"product_tag":[],"class_list":{"0":"post-21585","1":"product","2":"type-product","3":"status-publish","4":"has-post-thumbnail","6":"product_cat-skeletal-trailer","8":"first","9":"instock","10":"sold-individually","11":"shipping-taxable","12":"purchasable","13":"product-type-simple","14":"entry","15":"content-bg","16":"loop-entry"},"acf":[],"taxonomy_info":{"product_cat":[{"value":164,"label":"Skeletal Trailer"}]},"featured_image_src_large":["https:\/\/www.pandamech.com\/wp-content\/uploads\/2022\/02\/0-500x500.jpg",500,500,true],"author_info":[],"comment_info":"","_links":{"self":[{"href":"https:\/\/www.pandamech.com\/france\/wp-json\/wp\/v2\/product\/21585","targetHints":{"allow":["GET"]}}],"collection":[{"href":"https:\/\/www.pandamech.com\/france\/wp-json\/wp\/v2\/product"}],"about":[{"href":"https:\/\/www.pandamech.com\/france\/wp-json\/wp\/v2\/types\/product"}],"version-history":[{"count":4,"href":"https:\/\/www.pandamech.com\/france\/wp-json\/wp\/v2\/product\/21585\/revisions"}],"predecessor-version":[{"id":92455,"href":"https:\/\/www.pandamech.com\/france\/wp-json\/wp\/v2\/product\/21585\/revisions\/92455"}],"wp:featuredmedia":[{"embeddable":true,"href":"https:\/\/www.pandamech.com\/france\/wp-json\/wp\/v2\/media\/58691"}],"wp:attachment":[{"href":"https:\/\/www.pandamech.com\/france\/wp-json\/wp\/v2\/media?parent=21585"}],"wp:term":[{"taxonomy":"product_brand","embeddable":true,"href":"https:\/\/www.pandamech.com\/france\/wp-json\/wp\/v2\/product_brand?post=21585"},{"taxonomy":"product_cat","embeddable":true,"href":"https:\/\/www.pandamech.com\/france\/wp-json\/wp\/v2\/product_cat?post=21585"},{"taxonomy":"product_tag","embeddable":true,"href":"https:\/\/www.pandamech.com\/france\/wp-json\/wp\/v2\/product_tag?post=21585"}],"curies":[{"name":"wp","href":"https:\/\/api.w.org\/{rel}","templated":true}]}}