{"id":21549,"date":"2022-08-06T19:03:57","date_gmt":"2022-08-06T11:03:57","guid":{"rendered":"http:\/\/pandamech.com\/?post_type=product&#038;p=21549"},"modified":"2026-01-05T16:12:59","modified_gmt":"2026-01-05T08:12:59","slug":"hydraulic-detachable-gooseneck-lowboy-trailer","status":"publish","type":"product","link":"https:\/\/www.pandamech.com\/france\/product\/hydraulic-detachable-gooseneck-lowboy-trailer\/","title":{"rendered":"Remorque \u00e0 col de cygne d\u00e9tachable hydraulique de 60 tonnes"},"content":{"rendered":"<p>Notre remorque surbaiss\u00e9e \u00e0 col de cygne amovible hydraulique peut \u00eatre charg\u00e9e de 60 tonnes, ce qui la rend encore plus pratique \u00e0 utiliser. Son chargement frontal est plus facile pour certaines machines de taille moyenne, telles que les excavatrices, mais elle a des exigences plus \u00e9lev\u00e9es en mati\u00e8re d'acier \u00e0 haute r\u00e9sistance.<\/p>\n<h2>Application<\/h2>\n<p>Les remorques hydrauliques \u00e0 col de cygne d\u00e9tachable sont g\u00e9n\u00e9ralement utilis\u00e9es pour transporter des machines de construction et des \u00e9quipements de grande taille. En g\u00e9n\u00e9ral, de nombreux endroits sont limit\u00e9s, en particulier sur certains ponts. Les remorques \u00e0 plateau ne peuvent pas \u00eatre transport\u00e9es, c'est pourquoi les gens utilisent des semi-remorques \u00e0 plateau surbaiss\u00e9 pour le transport.<\/p>\n<h2>Remorque hydraulique \u00e0 col de cygne d\u00e9tachable images<\/h2>\n<p><img decoding=\"async\" style=\"width: 800px;\" src=\"https:\/\/pandamech.com\/wp-content\/uploads\/2022\/04\/hydraulic-detachable-gooseneck-lowboy-trailer2.jpg\" alt=\"remorque hydraulique d\u00e9tachable \u00e0 col de cygne surbaiss\u00e9\" height=\"533\" title=\"\"><\/p>\n<p>Remorque surbaiss\u00e9e RGN 3 essieux \u00e0 vendre<\/p>\n<p><img decoding=\"async\" style=\"width: 800px;\" src=\"https:\/\/pandamech.com\/wp-content\/uploads\/2022\/04\/hydraulic-detachable-gooseneck-lowboy-trailer1.jpg\" alt=\"remorque hydraulique d\u00e9tachable \u00e0 col de cygne surbaiss\u00e9\" height=\"533\" title=\"\"><\/p>\n<p>remorque surbaiss\u00e9e \u00e0 col de cygne amovible rgn<\/p>\n<h2>Sp\u00e9cification de la remorque surbaiss\u00e9e \u00e0 col de cygne d\u00e9tachable et hydraulique<\/h2>\n<p><strong>Dimension<\/strong>: 15500mm x 3000mm x 1200mm<\/p>\n<p><strong>Essieu<\/strong>: 3 essieux<\/p>\n<p><strong>Capacit\u00e9 de chargement<\/strong>: 60T<\/p>\n<p><strong>Pneu<\/strong>: 15\/80R 22.5<\/p>\n<p><strong>Suspension<\/strong>: Suspension m\u00e9canique<\/p>\n<p><strong>Kingpin<\/strong>: Marque JOST 2.0 ou 3.5 pouces<\/p>\n<p><strong>Poids de tare<\/strong>: 10 T<\/p>\n<p><strong>Cylindre hydraulique<\/strong>: Moteur diesel 12KW avec station hydraulique<\/p>\n<p><strong>Poutre principale<\/strong>: Hauteur : 500mm ; Largeur : 230mm ; Poutre lat\u00e9rale : 250 Poutre en I 10\/8\/10 ; Mat\u00e9riau : Acier \u00e0 haute r\u00e9sistance HG60.<\/p>\n<p><strong>Rampe<\/strong>: type hydraulique<\/p>\n<p><strong>Plate-forme inf\u00e9rieure<\/strong>: Plaque quadrill\u00e9e de 5 mm d'\u00e9paisseur<\/p>\n<p><strong>ABS<\/strong>: Facultatif<\/p>\n<h2>Fonctionnalit\u00e9<\/h2>\n<p>1. <strong>Forte capacit\u00e9 de charge<\/strong><\/p>\n<p>La remorque hydraulique amovible \u00e0 col de cygne est con\u00e7ue pour certaines machines lourdes, la conception g\u00e9n\u00e9rale du compartiment de chargement en arc, la poutre longitudinale est une structure en acier \u00e0 haute r\u00e9sistance, la conception g\u00e9n\u00e9rale, pour am\u00e9liorer la capacit\u00e9 de chargement, mais aussi pour r\u00e9duire son poids.<\/p>\n<p>2. <strong>Centre de gravit\u00e9 plus bas<\/strong><\/p>\n<p>La hauteur totale du v\u00e9hicule n'est que de 1 200 mm, soit 300 \u00e0 400 mm de moins qu'une remorque surbaiss\u00e9e ordinaire, de sorte que son centre de gravit\u00e9 est encore plus bas, que le centre de gravit\u00e9 des marchandises charg\u00e9es est encore plus bas et que l'ensemble est plus stable et plus s\u00fbr.<\/p>\n<p>3. <strong>Entretien pratique<\/strong><\/p>\n<p>La surface d'appui peut \u00eatre soulev\u00e9e, de sorte que les pneus de l'essieu peuvent toucher directement le sol ou quitter le sol, ce qui rend l'entretien plus pratique et plus simple.<\/p>\n<h2>Panda Mech<\/h2>\n<p>Panda Mech est un fabricant chinois de col de cygne amovible \u00e0 3 essieux. Nous avons une grande exp\u00e9rience dans la fabrication de col de cygne amovible. Nous offrons une vari\u00e9t\u00e9 de remorques \u00e0 col de cygne amovible 3 essieux \u00e0 vendre. Nous pouvons les personnaliser selon vos besoins. Nous avons obtenu du succ\u00e8s en Afrique, en Am\u00e9rique du Sud et en Asie du Sud-Est, notamment en Tanzanie, au Nigeria, au Kenya...<\/p>\n<p><a href=\"https:\/\/www.pandamech.com\/france\/contact-us\/\" target=\"_blank\" rel=\"noopener\"><img fetchpriority=\"high\" decoding=\"async\" src=\"https:\/\/pandamech.com\/wp-content\/uploads\/2021\/08\/quotation.jpg\" alt=\"cotation\" width=\"864\" height=\"213\" title=\"\"><\/a><\/p>","protected":false},"excerpt":{"rendered":"<p>Type : Remorque surbaiss\u00e9e \u00e0 col de cygne d\u00e9tachable hydraulique de 60 tonnes<\/p>\n<p>Gamme de prix : $21 500-39 500<\/p>\n<p>Livraison : 7-28 jours<\/p>\n<p>Dimensions : sur mesure<\/p>\n<p>Application : pour transporter des engins \u00e0 chenilles, des grues, des excavateurs, des chargeurs \u00e0 chenilles ou d'autres machines.<\/p>","protected":false},"featured_media":57988,"template":"","meta":{"_acf_changed":false,"_kad_blocks_custom_css":"","_kad_blocks_head_custom_js":"","_kad_blocks_body_custom_js":"","_kad_blocks_footer_custom_js":"","_kad_post_transparent":"default","_kad_post_title":"","_kad_post_layout":"default","_kad_post_sidebar_id":"","_kad_post_content_style":"default","_kad_post_vertical_padding":"default","_kad_post_feature":"","_kad_post_feature_position":"","_kad_post_header":false,"_kad_post_footer":false,"_kad_post_classname":""},"product_brand":[],"product_cat":[91],"product_tag":[60],"class_list":{"0":"post-21549","1":"product","2":"type-product","3":"status-publish","4":"has-post-thumbnail","6":"product_cat-detachable-gooseneck-trailer","7":"product_tag-3-axle-trailer","9":"first","10":"instock","11":"sold-individually","12":"shipping-taxable","13":"purchasable","14":"product-type-simple","15":"entry","16":"content-bg","17":"loop-entry"},"acf":[],"taxonomy_info":{"product_cat":[{"value":91,"label":"Detachable Gooseneck Trailer"}],"product_tag":[{"value":60,"label":"3 Axle Trailer"}]},"featured_image_src_large":["https:\/\/www.pandamech.com\/wp-content\/uploads\/2022\/08\/hydraulic-detachable-gooseneck-lowboy-trailer-500x500.jpg",500,500,true],"author_info":[],"comment_info":"","_links":{"self":[{"href":"https:\/\/www.pandamech.com\/france\/wp-json\/wp\/v2\/product\/21549","targetHints":{"allow":["GET"]}}],"collection":[{"href":"https:\/\/www.pandamech.com\/france\/wp-json\/wp\/v2\/product"}],"about":[{"href":"https:\/\/www.pandamech.com\/france\/wp-json\/wp\/v2\/types\/product"}],"version-history":[{"count":1,"href":"https:\/\/www.pandamech.com\/france\/wp-json\/wp\/v2\/product\/21549\/revisions"}],"predecessor-version":[{"id":91347,"href":"https:\/\/www.pandamech.com\/france\/wp-json\/wp\/v2\/product\/21549\/revisions\/91347"}],"wp:featuredmedia":[{"embeddable":true,"href":"https:\/\/www.pandamech.com\/france\/wp-json\/wp\/v2\/media\/57988"}],"wp:attachment":[{"href":"https:\/\/www.pandamech.com\/france\/wp-json\/wp\/v2\/media?parent=21549"}],"wp:term":[{"taxonomy":"product_brand","embeddable":true,"href":"https:\/\/www.pandamech.com\/france\/wp-json\/wp\/v2\/product_brand?post=21549"},{"taxonomy":"product_cat","embeddable":true,"href":"https:\/\/www.pandamech.com\/france\/wp-json\/wp\/v2\/product_cat?post=21549"},{"taxonomy":"product_tag","embeddable":true,"href":"https:\/\/www.pandamech.com\/france\/wp-json\/wp\/v2\/product_tag?post=21549"}],"curies":[{"name":"wp","href":"https:\/\/api.w.org\/{rel}","templated":true}]}}