{"id":21544,"date":"2023-02-11T19:03:57","date_gmt":"2023-02-11T11:03:57","guid":{"rendered":"http:\/\/pandamech.com\/?post_type=product&#038;p=21544"},"modified":"2025-08-23T01:07:07","modified_gmt":"2025-08-22T17:07:07","slug":"4-axle-lowboy-trailer-for-sale","status":"publish","type":"product","link":"https:\/\/www.pandamech.com\/france\/product\/4-axle-lowboy-trailer-for-sale\/","title":{"rendered":"Remorque \u00e0 plate-forme surbaiss\u00e9e \u00e0 4 essieux \u00e0 vendre"},"content":{"rendered":"<p>La remorque surbaiss\u00e9e \u00e0 4 essieux est \u00e9galement connue sous le nom de remorque surbaiss\u00e9e \u00e0 4 essieux, remorque surbaiss\u00e9e \u00e0 4 essieux. Elles sont g\u00e9n\u00e9ralement utilis\u00e9es pour transporter des machines de construction et du gros mat\u00e9riel. En g\u00e9n\u00e9ral, de nombreux endroits sont limit\u00e9s, en particulier sur certains ponts. L'utilisation de <a style=\"color: #3366ff;\" href=\"https:\/\/www.pandamech.com\/france\/category\/cargo-trailer\/flatbed-semi-trailer\/\" target=\"_blank\" rel=\"noopener\">semi-remorques \u00e0 plateau<\/a> ne peuvent pas \u00eatre transport\u00e9s, c'est pourquoi les gens utilisent des remorques \u00e0 plate-forme surbaiss\u00e9e de 80 tonnes pour le transport.<\/p>\n<h2>4 Axle lowboy trailers images<\/h2>\n<p><img decoding=\"async\" style=\"width: 800px;\" src=\"https:\/\/pandamech.com\/wp-content\/uploads\/2021\/08\/7-72.jpg\" alt=\"Remorque surbaiss\u00e9e \u00e0 4 essieux \u00e0 vendre\" height=\"533\" title=\"\"><\/p>\n<p>4 essieux 65\/70\/75\/80 tonnes remorques surbaiss\u00e9es \u00e0 vendre<\/p>\n<h2>Sp\u00e9cification de la remorque \u00e0 plate-forme surbaiss\u00e9e \u00e0 4 essieux<\/h2>\n<h3>Marques de semi-remorques surbaiss\u00e9es<\/h3>\n<p>- Panda Mech<\/p>\n<h3>Capacit\u00e9 de chargement de la remorque surbaiss\u00e9e \u00e0 4 essieux :<\/h3>\n<p>- 60-80 tonnes<\/p>\n<h3>Remorque surbaiss\u00e9e \u00e0 4 essieux<\/h3>\n<p>- 15000x3000x1750\/1250 mm<\/p>\n<h3>Poids de la remorque surbaiss\u00e9e \u00e0 4 essieux<\/h3>\n<p>- 11-13 tonnes<\/p>\n<h3>Largeur de la remorque surbaiss\u00e9e \u00e0 quatre essieux<\/h3>\n<p>- 3000 mm, 3 m\u00e8tres, les plus utilis\u00e9s<\/p>\n<h3>Hauteur de la remorque surbaiss\u00e9e de 60 tonnes par rapport au sol<\/h3>\n<p>- 1250mm<\/p>\n<h3>Hauteur de la remorque surbaiss\u00e9e de 60 tonnes :<\/h3>\n<p>- 800-1250mm<\/p>\n<h3>Longueur des remorques surbaiss\u00e9es de 50 tonnes<\/h3>\n<p>- 15000 mm<\/p>\n<h3>Roues<\/h3>\n<p>- 4\u00d74+1<\/p>\n<h3>Valve pour remorque surbaiss\u00e9e de 80 tonnes<\/h3>\n<p>- BPW, FUWA<\/p>\n<h3>Suspension de remorque surbaiss\u00e9e \u00e0 4 essieux<\/h3>\n<p>- Suspension m\u00e9canique\/ suspension pneumatique<\/p>\n<h3>Pneus de la remorque surbaiss\u00e9e \u00e0 4 essieux<\/h3>\n<p>- 235\/70 R 17.5<\/p>\n<p>- 245\/70 R 17.5<\/p>\n<p>- 295\/60 R 22.5<\/p>\n<p>- 11 R 22.5<\/p>\n<p>- 12 R 22.5<\/p>\n<p>- 315\/80 R 22.5<\/p>\n<h3>Pi\u00e8ces\/accessoires<\/h3>\n<p>- Rampes hydrauliques, pompe hydraulique, valve de semi-remorque surbaiss\u00e9e, booster, sabots de frein, tambours de frein, stabilisateurs, suspension, train d'atterrissage, essuie-glaces, feux,<\/p>\n<h3>Les types<\/h3>\n<p>\u2013 \u00a0<a style=\"color: #3366ff;\" href=\"https:\/\/www.pandamech.com\/france\/category\/low-bed-trailers\/detachable-gooseneck-trailer\/\" target=\"_blank\" rel=\"noopener\">Remorques amovibles surbaiss\u00e9es<\/a>, Remorques surbaiss\u00e9es \u00e0 col de cygne, remorques surbaiss\u00e9es \u00e0 marche, remorques surbaiss\u00e9es avec rampes hydrauliques, remorques surbaiss\u00e9es sp\u00e9ciales (sur mesure).<\/p>\n<h2>Fonctionnalit\u00e9<\/h2>\n<ul>\n<li>1. Longueur de surface optimis\u00e9e pour un meilleur chargement, un centre de gravit\u00e9 plus bas et une plus grande s\u00e9curit\u00e9<\/li>\n<li>2. Charges ponctuelles \u00e9lev\u00e9es dues \u00e0 l'espacement \u00e9troit des traverses<\/li>\n<li>3. Les essieux sont fabriqu\u00e9s par des marques r\u00e9put\u00e9es telles que FUWA BPW<\/li>\n<li>4. La suspension pneumatique est \u00e9quip\u00e9e d'un dispositif de levage pour une utilisation plus pratique.<\/li>\n<\/ul>\n<h2>Panda Mech<\/h2>\n<p>Panda Mech est un fabricant chinois de remorques \u00e0 plate-forme surbaiss\u00e9e \u00e0 4 essieux. Nous avons une grande exp\u00e9rience dans la fabrication de remorque surbaiss\u00e9e \u00e0 quatre essieux. Nous offrons une vari\u00e9t\u00e9 de remorque surbaiss\u00e9e \u00e0 quatre essieux pour la vente. Nous pouvons les personnaliser selon vos besoins. Nous avons obtenu du succ\u00e8s en Afrique, en Am\u00e9rique du Sud et en Asie du Sud-Est, comme en Tanzanie, au Nigeria, au Kenya...<\/p>\n<p>Panda Mech fournit des semi-remorques surbaiss\u00e9es de 40 pieds, des remorques surbaiss\u00e9es de 50\/55\/60 tonnes pour la vente, nous pouvons les personnaliser selon vos besoins.<\/p>\n<p><a href=\"https:\/\/www.pandamech.com\/france\/contact-us\/\" target=\"_blank\" rel=\"noopener\"><img fetchpriority=\"high\" decoding=\"async\" src=\"https:\/\/pandamech.com\/wp-content\/uploads\/2021\/08\/quotation.jpg\" alt=\"cotation\" width=\"864\" height=\"213\" title=\"\"><\/a><\/p>","protected":false},"excerpt":{"rendered":"<p>Type : Remorque surbaiss\u00e9e \u00e0 4 essieux<\/p>\n<p>Gamme de prix : $19 500-37 500<\/p>\n<p>Livraison : 7-28 jours<\/p>\n<p>Dimensions : sur mesure<\/p>\n<p>Application : pour transporter une pelleteuse, une chargeuse sur pneus ou d'autres machines.<\/p>","protected":false},"featured_media":58707,"template":"","meta":{"_acf_changed":false,"_kad_blocks_custom_css":"","_kad_blocks_head_custom_js":"","_kad_blocks_body_custom_js":"","_kad_blocks_footer_custom_js":"","_kad_post_transparent":"default","_kad_post_title":"","_kad_post_layout":"default","_kad_post_sidebar_id":"","_kad_post_content_style":"default","_kad_post_vertical_padding":"default","_kad_post_feature":"","_kad_post_feature_position":"","_kad_post_header":false,"_kad_post_footer":false,"_kad_post_classname":""},"product_brand":[],"product_cat":[112],"product_tag":[61],"class_list":{"0":"post-21544","1":"product","2":"type-product","3":"status-publish","4":"has-post-thumbnail","6":"product_cat-low-boy-trailer","7":"product_tag-4-axle-trailer","9":"first","10":"instock","11":"sold-individually","12":"shipping-taxable","13":"purchasable","14":"product-type-simple","15":"entry","16":"content-bg","17":"loop-entry"},"acf":[],"taxonomy_info":{"product_cat":[{"value":112,"label":"Low Boy Trailer"}],"product_tag":[{"value":61,"label":"4 Axle Trailer"}]},"featured_image_src_large":["https:\/\/www.pandamech.com\/wp-content\/uploads\/2023\/02\/3-4-axle-lowboy-trailer-500x500.jpg",500,500,true],"author_info":[],"comment_info":"","_links":{"self":[{"href":"https:\/\/www.pandamech.com\/france\/wp-json\/wp\/v2\/product\/21544","targetHints":{"allow":["GET"]}}],"collection":[{"href":"https:\/\/www.pandamech.com\/france\/wp-json\/wp\/v2\/product"}],"about":[{"href":"https:\/\/www.pandamech.com\/france\/wp-json\/wp\/v2\/types\/product"}],"version-history":[{"count":1,"href":"https:\/\/www.pandamech.com\/france\/wp-json\/wp\/v2\/product\/21544\/revisions"}],"predecessor-version":[{"id":91257,"href":"https:\/\/www.pandamech.com\/france\/wp-json\/wp\/v2\/product\/21544\/revisions\/91257"}],"wp:featuredmedia":[{"embeddable":true,"href":"https:\/\/www.pandamech.com\/france\/wp-json\/wp\/v2\/media\/58707"}],"wp:attachment":[{"href":"https:\/\/www.pandamech.com\/france\/wp-json\/wp\/v2\/media?parent=21544"}],"wp:term":[{"taxonomy":"product_brand","embeddable":true,"href":"https:\/\/www.pandamech.com\/france\/wp-json\/wp\/v2\/product_brand?post=21544"},{"taxonomy":"product_cat","embeddable":true,"href":"https:\/\/www.pandamech.com\/france\/wp-json\/wp\/v2\/product_cat?post=21544"},{"taxonomy":"product_tag","embeddable":true,"href":"https:\/\/www.pandamech.com\/france\/wp-json\/wp\/v2\/product_tag?post=21544"}],"curies":[{"name":"wp","href":"https:\/\/api.w.org\/{rel}","templated":true}]}}