{"id":21540,"date":"2023-02-10T19:03:56","date_gmt":"2023-02-10T11:03:56","guid":{"rendered":"http:\/\/pandamech.com\/?post_type=product&#038;p=21540"},"modified":"2025-08-23T01:07:07","modified_gmt":"2025-08-22T17:07:07","slug":"4-axle-flatbed-trailer-for-sale","status":"publish","type":"product","link":"https:\/\/www.pandamech.com\/france\/product\/4-axle-flatbed-trailer-for-sale\/","title":{"rendered":"Semi-remorque \u00e0 plateau 4 essieux \u00e0 vendre"},"content":{"rendered":"<p>La remorque \u00e0 plateau \u00e0 4 essieux est connue sous le nom de semi-remorque \u00e0 plateau \u00e0 4 essieux. La remorque plateau \u00e0 4 essieux est une semi-remorque avec une structure de conteneur. Elle est principalement utilis\u00e9e dans les syst\u00e8mes logistiques qui soutiennent les navires, les ports, les routes, les autoroutes, les stations de transfert, les ponts, les tunnels et le transport multimodal. La remorque porte-conteneurs \u00e0 4 essieux est g\u00e9n\u00e9ralement utilis\u00e9e pour transporter des conteneurs, des marchandises en vrac, du ciment en vrac, du riz en vrac, etc. Elle est principalement utilis\u00e9e pour les transports longue distance. En g\u00e9n\u00e9ral, une remorque \u00e0 plateau de 40 pieds peut transporter 2 conteneurs de 20 pieds ou 1 conteneur de 40 pieds. S'il s'agit d'une grande quantit\u00e9 de transport ou de besoins diff\u00e9rents, nous pouvons la personnaliser, ou la remorque \u00e0 plateau peut \u00eatre un v\u00e9hicule d\u00e9form\u00e9.<\/p>\n<p>La partie de chargement de la remorque de camion \u00e0 quatre essieux est d\u00e9termin\u00e9e en fonction de la taille standard du conteneur. Un dispositif de verrouillage pour fixer le conteneur est pr\u00e9vu \u00e0 l'emplacement correspondant aux quatre coins du fond du conteneur.<\/p>\n<h2>Semi-remorque \u00e0 plateau \u00e0 4 essieux images<\/h2>\n<p><img fetchpriority=\"high\" decoding=\"async\" class=\"alignnone size-full wp-image-35919\" src=\"https:\/\/pandamech.com\/wp-content\/uploads\/2022\/10\/4axle-flatbed-7.jpg\" alt=\"Remorque \u00e0 plateau \u00e0 4 essieux \u00e0 vendre\" width=\"750\" height=\"399\" title=\"\"><\/p>\n<p><img decoding=\"async\" class=\"alignnone size-full wp-image-35920\" src=\"https:\/\/pandamech.com\/wp-content\/uploads\/2022\/10\/4axle-flatbed-8.jpg\" alt=\"Remorque \u00e0 plateau \u00e0 4 essieux \u00e0 vendre\" width=\"750\" height=\"400\" title=\"\"><\/p>\n<p><img decoding=\"async\" class=\"alignnone size-full wp-image-35921\" src=\"https:\/\/pandamech.com\/wp-content\/uploads\/2022\/10\/4axle-flatbed-9.jpg\" alt=\"Remorque \u00e0 plateau \u00e0 4 essieux \u00e0 vendre\" width=\"750\" height=\"399\" title=\"\"><\/p>\n<p>camion semi-remorque 40 ft flatbed \u00e0 vendre en Chine - quadruple essieu <span style=\"color: #0000ff;\"><a style=\"color: #0000ff;\" href=\"https:\/\/www.pandamech.com\/france\/product\/3-axle-40-foot-flatbed-semi-trailer\/\" target=\"_blank\" rel=\"noopener\">Semi-remorque \u00e0 plateau \u00e0 3 essieux<\/a><\/span><\/p>\n<p style=\"text-align: center;\"><a class=\"product_button\" href=\"#elementor-action%3Aaction%3Dpopup%3Aopen%26settings%3DeyJpZCI6Ijk5MDciLCJ0b2dnbGUiOmZhbHNlfQ%3D%3D\">Cliquez pour plus de d\u00e9tails<\/a><\/p>\n<h2>Vid\u00e9o de la semi-remorque \u00e0 plateau \u00e0 4 essieux<\/h2>\n<p><iframe title=\"Lecteur vid\u00e9o YouTube\" src=\"https:\/\/www.youtube.com\/embed\/HR8yZxwQk1I\" width=\"800\" height=\"533\" frameborder=\"0\" allowfullscreen=\"allowfullscreen\"><span data-mce-type=\"bookmark\" style=\"display: inline-block; width: 0px; overflow: hidden; line-height: 0;\" class=\"mce_SELRES_start\"><\/span><\/iframe><\/p>\n<h2>Sp\u00e9cifications de la semi-remorque \u00e0 plateau \u00e0 4 essieux<\/h2>\n<table style=\"width: 800px;\" border=\"1\" cellspacing=\"1\" cellpadding=\"1\">\n<tbody>\n<tr>\n<td width=\"297\">\u00a0Fabricant<\/td>\n<td width=\"484\">\u00a0Panda Mech remorque conteneur \u00e0 4 essieux \u00e0 plateau<\/td>\n<\/tr>\n<tr>\n<td width=\"297\">\u00a0Essieux<\/td>\n<td width=\"484\">\u00a0Essieux 2\/3\/4, marque BPW\/SAF\/FUWA<\/td>\n<\/tr>\n<tr>\n<td width=\"297\">\u00a0Dimensions de la remorque \u00e0 plateau de 40 pieds<\/td>\n<td width=\"484\">\u00a011500\/12500 \/ 13500\u00d72500\u00d71500 mm<\/td>\n<\/tr>\n<tr>\n<td width=\"297\">\u00a0Capacit\u00e9 de la remorque \u00e0 plateau de 40 pieds<\/td>\n<td width=\"484\">\u00a070 tonnes<\/td>\n<\/tr>\n<tr>\n<td width=\"297\">\u00a0Poids<\/td>\n<td width=\"484\">\u00a07-9 tonnes<\/td>\n<\/tr>\n<tr>\n<td width=\"297\">\u00a0Verrouillage par rotation<\/td>\n<td width=\"484\">\u00a08-12 s\u00e9ries<\/td>\n<\/tr>\n<tr>\n<td width=\"297\">\u00a0Mat\u00e9riau<\/td>\n<td width=\"484\">\u00a0Poutrelles principales Q345B, aile sup\u00e9rieure : 14mm, milieu : 8mm, bas : 16mm<\/td>\n<\/tr>\n<tr>\n<td width=\"297\">\u00a0Goupille royale<\/td>\n<td width=\"484\">\u00a02 pouces ou 3,5 pouces Marque JOST<\/td>\n<\/tr>\n<tr>\n<td width=\"297\">\u00a0Suspension<\/td>\n<td width=\"484\">\u00a0M\u00e9canique, suspension avec airbag<\/td>\n<\/tr>\n<tr>\n<td width=\"297\" height=\"36\">\u00a0Pneu<\/td>\n<td width=\"484\">\u00a011.00R20, 12.00R20,12R22.5, 385\/65R22.5 Triangle\/Hankook\/ marque Bridgestone<\/td>\n<\/tr>\n<\/tbody>\n<\/table>\n<p style=\"text-align: center;\"><a class=\"product_button\" href=\"#elementor-action%3Aaction%3Dpopup%3Aopen%26settings%3DeyJpZCI6Ijk5MDciLCJ0b2dnbGUiOmZhbHNlfQ%3D%3D\">Obtenir un devis imm\u00e9diat<\/a><\/p>\n<h2>Caract\u00e9ristiques de la semi-remorque \u00e0 plateau \u00e0 quatre essieux<\/h2>\n<p><strong>Pi\u00e8ces multi-supports<\/strong><\/p>\n<p>8, 12 jeux de serrures pour conteneurs pour transporter 1 unit\u00e9 de conteneur 30ft, 40ft, 45ft, et 2 unit\u00e9s de conteneur 20ft.<\/p>\n<p>Les euphros de corde et les crochets permettent d'attacher la cargaison, ce qui convient au transport de plusieurs cargaisons.<\/p>\n<p><strong>Bonne peinture<\/strong><\/p>\n<p>Les surfaces sont nettoy\u00e9es par grenaillage : une couche d'\u00e9poxy et une couche de finition acrylique.<\/p>\n<p>R\u00e9sistant \u00e0 la rouille, il prolonge l'aspect et la dur\u00e9e de vie du produit.<\/p>\n<p><strong>Soudage automatique<\/strong><\/p>\n<p>Arc submerg\u00e9 Construction automatique de la soudure, renforcement du point cl\u00e9 et soudage cibl\u00e9 \u00e9vitant certaines parties plus accessibles \u00e0 la perte de soudure selon l'exp\u00e9rience supportant le v\u00e9hicule plus longtemps sans r\u00e9paration.<\/p>\n<p><strong>Essieux de qualit\u00e9, suspensions et syst\u00e8mes de freinage<\/strong><\/p>\n<p>Les essieux BPW et FUWA, les meilleurs au monde, sont \u00e9quip\u00e9s d'une valve de freinage WABCO, ce qui permet de freiner plus efficacement, d'assurer la s\u00e9curit\u00e9 et d'\u00e9conomiser le co\u00fbt des pneus.<\/p>\n<p style=\"text-align: center;\"><a class=\"product_button\" href=\"#elementor-action%3Aaction%3Dpopup%3Aopen%26settings%3DeyJpZCI6Ijk5MDciLCJ0b2dnbGUiOmZhbHNlfQ%3D%3D\">Cliquez pour plus de d\u00e9tails<\/a><\/p>\n<h2>Transport d'une semi-remorque \u00e0 plateau<\/h2>\n<p>Lors du transport <a href=\"https:\/\/www.pandamech.com\/france\/category\/cargo-trailer\/flatbed-semi-trailer\/\" target=\"_blank\" rel=\"noopener\"><span style=\"color: #0000ff;\">tracteur \u00e0 plat remorques porte-conteneurs<\/span><\/a>, De nombreux clients opteront pour le transport par conteneur, car il permet de r\u00e9duire les co\u00fbts de transport et les d\u00e9lais d'acheminement.<\/p>\n<p>Les remorques \u00e0 plateau \u00e0 4 essieux sont g\u00e9n\u00e9ralement utilis\u00e9es pour le transport des vraquiers ou des navires rouliers. Nous nous assurons que les remorques commerciales \u00e0 plateau de Panda Mech sont cir\u00e9es et recouvertes de b\u00e2ches lorsque les cargaisons sont en vrac.<\/p>\n<h2>Semi-remorque \u00e0 plateau de 40 pieds fabricant<\/h2>\n<p>Nous sommes une <span class=\"css-a5m6co-text css-p8ym46-fontFamily css-11397xj-fontSize css-18j1nfb-display\">essieu quadruple<\/span>Nous sommes un fabricant chinois de remorques plates pour conteneurs. Nous fournissons des remorques de transport de conteneurs \u00e0 4 essieux et des remorques \u00e0 col de cygne pour la vente. Nous pouvons les personnaliser selon vos besoins. Les fabricants de Panda Mech ont connu le succ\u00e8s en Asie du Sud-Est, au Moyen-Orient, en Afrique et en Am\u00e9rique du Sud, notamment aux Philippines, en Tanzanie, etc...<\/p>\n<p><a href=\"#elementor-action%3Aaction%3Dpopup%3Aopen%26settings%3DeyJpZCI6Ijk5MDciLCJ0b2dnbGUiOmZhbHNlfQ%3D%3D\"><img loading=\"lazy\" decoding=\"async\" src=\"https:\/\/pandamech.com\/wp-content\/uploads\/2021\/08\/quotation.jpg\" alt=\"cotation\" width=\"864\" height=\"213\" title=\"\"><\/a><\/p>","protected":false},"excerpt":{"rendered":"<p>Type : <span class=\"css-a5m6co-text css-p8ym46-fontFamily css-11397xj-fontSize css-18j1nfb-display\">essieu quadruple <\/span>Remorque \u00e0 plateau de 40 pieds<\/p>\n<p>Gamme de prix : $9,990-14500<\/p>\n<p>Livraison : 7-25 jours<\/p>\n<p>Capacit\u00e9 de charge : 20-60 tonnes<\/p>\n<p>Application : marchandises en vrac, conteneurs<\/p>","protected":false},"featured_media":58187,"template":"","meta":{"_acf_changed":false,"_kad_blocks_custom_css":"","_kad_blocks_head_custom_js":"","_kad_blocks_body_custom_js":"","_kad_blocks_footer_custom_js":"","_kad_post_transparent":"default","_kad_post_title":"","_kad_post_layout":"default","_kad_post_sidebar_id":"","_kad_post_content_style":"default","_kad_post_vertical_padding":"default","_kad_post_feature":"","_kad_post_feature_position":"","_kad_post_header":false,"_kad_post_footer":false,"_kad_post_classname":""},"product_brand":[],"product_cat":[77],"product_tag":[61],"class_list":{"0":"post-21540","1":"product","2":"type-product","3":"status-publish","4":"has-post-thumbnail","6":"product_cat-flatbed-semi-trailer","7":"product_tag-4-axle-trailer","9":"first","10":"instock","11":"sold-individually","12":"shipping-taxable","13":"purchasable","14":"product-type-simple","15":"entry","16":"content-bg","17":"loop-entry"},"acf":[],"taxonomy_info":{"product_cat":[{"value":77,"label":"Flatbed Semi Trailer"}],"product_tag":[{"value":61,"label":"4 Axle Trailer"}]},"featured_image_src_large":["https:\/\/www.pandamech.com\/wp-content\/uploads\/2022\/10\/4axle-flatbed-2-500x500.jpg",500,500,true],"author_info":[],"comment_info":"","_links":{"self":[{"href":"https:\/\/www.pandamech.com\/france\/wp-json\/wp\/v2\/product\/21540","targetHints":{"allow":["GET"]}}],"collection":[{"href":"https:\/\/www.pandamech.com\/france\/wp-json\/wp\/v2\/product"}],"about":[{"href":"https:\/\/www.pandamech.com\/france\/wp-json\/wp\/v2\/types\/product"}],"version-history":[{"count":1,"href":"https:\/\/www.pandamech.com\/france\/wp-json\/wp\/v2\/product\/21540\/revisions"}],"predecessor-version":[{"id":91259,"href":"https:\/\/www.pandamech.com\/france\/wp-json\/wp\/v2\/product\/21540\/revisions\/91259"}],"wp:featuredmedia":[{"embeddable":true,"href":"https:\/\/www.pandamech.com\/france\/wp-json\/wp\/v2\/media\/58187"}],"wp:attachment":[{"href":"https:\/\/www.pandamech.com\/france\/wp-json\/wp\/v2\/media?parent=21540"}],"wp:term":[{"taxonomy":"product_brand","embeddable":true,"href":"https:\/\/www.pandamech.com\/france\/wp-json\/wp\/v2\/product_brand?post=21540"},{"taxonomy":"product_cat","embeddable":true,"href":"https:\/\/www.pandamech.com\/france\/wp-json\/wp\/v2\/product_cat?post=21540"},{"taxonomy":"product_tag","embeddable":true,"href":"https:\/\/www.pandamech.com\/france\/wp-json\/wp\/v2\/product_tag?post=21540"}],"curies":[{"name":"wp","href":"https:\/\/api.w.org\/{rel}","templated":true}]}}