{"id":21534,"date":"2025-09-09T15:50:56","date_gmt":"2025-09-09T07:50:56","guid":{"rendered":"http:\/\/pandamech.com\/?post_type=product&#038;p=21534"},"modified":"2025-09-12T09:38:13","modified_gmt":"2025-09-12T01:38:13","slug":"50-ton-high-side-end-dump-trailer","status":"publish","type":"product","link":"https:\/\/www.pandamech.com\/france\/product\/50-ton-high-side-end-dump-trailer\/","title":{"rendered":"Semi-remorque benne de 50 tonnes"},"content":{"rendered":"<p>La semi-remorque \u00e0 benne basculante de 50 tonnes (\u00e9galement appel\u00e9e semi-remorque \u00e0 benne basculante haute de 50 tonnes ou semi-remorque \u00e0 benne basculante demi-ronde de 50 tonnes). Con\u00e7ue pour les travaux difficiles dans les carri\u00e8res, les usines de sable et de pierre, les chantiers de construction et les mines, elle transporte facilement du sable, du gravier, des agr\u00e9gats, de la terre et du minerai. Son ch\u00e2ssis renforc\u00e9, sa caisse r\u00e9sistante et son palan hydraulique fonctionnent ensemble : la prise de force du camion actionne une pompe qui alimente le v\u00e9rin en huile, faisant basculer la benne \u00e0 l'angle pr\u00e9vu pour que le mat\u00e9riau glisse par gravit\u00e9, ce qui acc\u00e9l\u00e8re les rotations et augmente l'efficacit\u00e9 du d\u00e9chargement.<\/p>\n<p>La structure est simple, l'entretien est sans souci et les pi\u00e8ces durables sont am\u00e9lior\u00e9es dans tous les domaines, ce qui permet d'augmenter le nombre de transports et d'acc\u00e9l\u00e9rer les d\u00e9placements, d'\u00e9conomiser du temps et des efforts et de r\u00e9duire consid\u00e9rablement le co\u00fbt de transport par tonne, acc\u00e9l\u00e9rant ainsi l'avancement de votre projet.<\/p>\n<p style=\"text-align: center;\"><a class=\"product_button\" href=\"#elementor-action%3Aaction%3Dpopup%3Aopen%26settings%3DeyJpZCI6Ijk5MDciLCJ0b2dnbGUiOmZhbHNlfQ%3D%3D\">Cliquez pour plus de d\u00e9tails<\/a><\/p>\n<h2>Vid\u00e9o de la semi-remorque \u00e0 benne basculante de 50 tonnes<\/h2>\n<p><iframe title=\"Lecteur vid\u00e9o YouTube\" src=\"https:\/\/www.youtube.com\/embed\/d_bhwUd_um4\" width=\"800\" height=\"533\" frameborder=\"0\" allowfullscreen=\"allowfullscreen\"><\/iframe><\/p>\n<h2>Semi-remorque \u00e0 benne basculante de 50 tonnes<\/h2>\n<p><strong>Mat\u00e9riau<\/strong><\/p>\n<p>La caisse r\u00e9sistante \u00e0 l'usure Hardox 450 ou \u00e9quivalent avec les poutres \u00e0 haute tension T700 permet de r\u00e9duire la tare de ~2 000 kg. Dur\u00e9e de vie plus longue, moins de carburant. Panda Mech s'approvisionne en acier certifi\u00e9.<\/p>\n<p><strong>Bo\u00eete en U<\/strong><\/p>\n<p>La section en U augmente la surface de la section transversale et abaisse le centre de gravit\u00e9. Charge plus, d\u00e9charge plus propre. L'analyse par \u00e9l\u00e9ments finis de Panda Mech optimise la rigidit\u00e9 et la s\u00e9curit\u00e9.<\/p>\n<p><strong>Ch\u00e2ssis<\/strong><\/p>\n<p>La poutre principale \u00e0 double \u00e2me r\u00e9siste \u00e0 la torsion et \u00e0 la fatigue sur les routes accident\u00e9es. Le soudage robotis\u00e9 et les gabarits de Panda Mech garantissent la rectitude, la solidit\u00e9 et une qualit\u00e9 constante.<\/p>\n<p><strong>Cylindre<\/strong><\/p>\n<p>Les v\u00e9rins hydrauliques FC\/FE avec une pression de fonctionnement plus \u00e9lev\u00e9e permettent d'obtenir une inclinaison jusqu'\u00e0 45\u00b0. Des temps de cycle plus rapides. Panda Mech travaille en partenariat avec des fournisseurs de qualit\u00e9 HYVA et valide les cycles de travail.<\/p>\n<p><strong>Supports<\/strong><\/p>\n<p>Les supports redessin\u00e9s r\u00e9partissent les contraintes et r\u00e9sistent \u00e0 la fatigue. Panda Mech applique des goussets plus \u00e9pais, des transitions de rayon et des contr\u00f4les non destructifs pour \u00e9viter les fissures en cas de cycles lourds.<\/p>\n<p><strong>Knock-Off<\/strong><\/p>\n<p>Le m\u00e9canisme de d\u00e9brayage de pr\u00e9cision prot\u00e8ge la bo\u00eete dans des angles s\u00fbrs. Panda Mech ajuste les tol\u00e9rances d'actionnement et utilise des goupilles tremp\u00e9es pour un d\u00e9sengagement fiable et r\u00e9p\u00e9table.<\/p>\n<p><strong>Arbre de basculement<\/strong><\/p>\n<p>L'arbre de basculement robuste stabilise le corps pendant le levage, ce qui am\u00e9liore la durabilit\u00e9 et la s\u00e9curit\u00e9. Panda Mech traite thermiquement les arbres et sp\u00e9cifie des roulements surdimensionn\u00e9s pour une longue dur\u00e9e de vie.<\/p>\n<p style=\"text-align: center;\"><a class=\"product_button\" href=\"#elementor-action%3Aaction%3Dpopup%3Aopen%26settings%3DeyJpZCI6Ijk5MDciLCJ0b2dnbGUiOmZhbHNlfQ%3D%3D\">Cliquez pour plus de d\u00e9tails<\/a><\/p>\n<h2>Sp\u00e9cification de la semi-remorque \u00e0 benne basculante de 50 tonnes<\/h2>\n<table style=\"width: 800px;\" border=\"1\" cellspacing=\"1\" cellpadding=\"1\">\n<tbody>\n<tr>\n<td width=\"208\" height=\"33\">\u00a0Fabricant<\/td>\n<td width=\"598\">\u00a0Panda Mech<\/td>\n<\/tr>\n<tr>\n<td height=\"33\">\u00a0Capacit\u00e9<\/td>\n<td>\u00a035cbm<\/td>\n<\/tr>\n<tr>\n<td height=\"33\">\u00a0Dimensions totales (mm)<\/td>\n<td>\u00a010000*2500*3500 mm<\/td>\n<\/tr>\n<tr>\n<td height=\"33\">\u00a0Dimensions du corps (mm)<\/td>\n<td>\u00a09265*2400*1380 mm<\/td>\n<\/tr>\n<tr>\n<td height=\"33\">\u00a0HLength<\/td>\n<td>\u00a031 pieds<\/td>\n<\/tr>\n<tr>\n<td height=\"33\">\u00a0Hauteur<\/td>\n<td>\u00a011 ft<\/td>\n<\/tr>\n<tr>\n<td height=\"33\">\u00a0Largeur<\/td>\n<td>\u00a08 pieds<\/td>\n<\/tr>\n<tr>\n<td height=\"33\">\u00a0Mat\u00e9riau<\/td>\n<td>\u00a0Acier inoxydable, alliage d'aluminium, acier au carbone<\/td>\n<\/tr>\n<tr>\n<td height=\"33\">\u00a0Essieu<\/td>\n<td>\u00a02,3 Essieux, essieu tandem,<\/td>\n<\/tr>\n<tr>\n<td height=\"33\">\u00a0Syst\u00e8me hydraulique<\/td>\n<td>\u00a0Cylindre hydraulique HYVA<\/td>\n<\/tr>\n<tr>\n<td height=\"33\">\u00a0Cylindre<\/td>\n<td>\u00a0175, 191, 202, 214 \/ 4TG, 5TG<\/td>\n<\/tr>\n<tr>\n<td height=\"33\">\u00a0Suspension<\/td>\n<td>\u00a0Suspension m\u00e9canique \/ Suspension \u00e0 ressort<\/td>\n<\/tr>\n<tr>\n<td height=\"33\">\u00a0Kingpin<\/td>\n<td>\u00a0JOST 2\u2033 ou 3.5 type d\u00e9tachable<\/td>\n<\/tr>\n<tr>\n<td height=\"33\">\u00a0Train d'atterrissage<\/td>\n<td>\u00a0JOST 28T<\/td>\n<\/tr>\n<tr>\n<td height=\"33\">\u00a0Syst\u00e8me de freinage<\/td>\n<td>\u00a0ABS ou EBS (en option)<\/td>\n<\/tr>\n<tr>\n<td height=\"33\">\u00a0Mat\u00e9riau<\/td>\n<td>\u00a0Acier \u00e0 haute r\u00e9sistance de 5 ou 6 mm<\/td>\n<\/tr>\n<tr>\n<td height=\"33\">\u00a0Pneu<\/td>\n<td>\u00a012R 22.5 315\/80 R22.5<\/td>\n<\/tr>\n<tr>\n<td height=\"33\">\u00a0Porte-roue de secours<\/td>\n<td>\u00a0un jeu de la roue de secours comprenant un support<\/td>\n<\/tr>\n<tr>\n<td height=\"33\">\u00a0Accessoires<\/td>\n<td>\u00a0Une bo\u00eete \u00e0 outils standard, une poign\u00e9e \u00e0 bascule, une cl\u00e9 d'arbre<\/td>\n<\/tr>\n<tr>\n<td height=\"33\">\u00a0Chambres de frein<\/td>\n<td>\u00a0T30\/30<\/td>\n<\/tr>\n<tr>\n<td height=\"33\">\u00a0Pi\u00e8ces d\u00e9tach\u00e9es<\/td>\n<td>\u00a0Syst\u00e8me \u00e9lectrique, syst\u00e8me de freinage, essieu, pneu, suspension, verrou, kit.<\/td>\n<\/tr>\n<tr>\n<td height=\"33\"><u><a href=\"\/france\/contact-us\/\">Demande de renseignements<\/a><\/u><\/td>\n<td><u><a href=\"\/france\/contact-us\/\">Obtenir un devis gratuit<\/a><\/u><\/td>\n<\/tr>\n<\/tbody>\n<\/table>\n<p style=\"text-align: center;\"><a class=\"product_button\" href=\"#elementor-action%3Aaction%3Dpopup%3Aopen%26settings%3DeyJpZCI6Ijk5MDciLCJ0b2dnbGUiOmZhbHNlfQ%3D%3D\">Cliquez pour plus de d\u00e9tails<\/a><\/p>\n<h2>Dessin d'une semi-remorque \u00e0 benne basculante de 50 tonnes<\/h2>\n<p><img decoding=\"async\" style=\"width: 800px;\" src=\"https:\/\/pandamech.com\/wp-content\/uploads\/2022\/08\/tipper-semi-trailer-3.jpg\" alt=\"Dessin d&#039;une semi-remorque \u00e0 benne basculante de 50 tonnes \u00e0 3 essieux\" height=\"420\" title=\"\"><\/p>\n<h2>Semi-remorque \u00e0 benne basculante 50 tonnes images<\/h2>\n<p><img fetchpriority=\"high\" decoding=\"async\" class=\"alignnone\" src=\"\/wp-content\/uploads\/2022\/10\/tipper-trailer-7.jpg\" alt=\"Semi-remorque benne de 50 tonnes \u00e0 vendre\" width=\"750\" height=\"399\" title=\"\"><\/p>\n<p>remorque \u00e0 benne basculante tri essieu haut c\u00f4t\u00e9<\/p>\n<p><img decoding=\"async\" class=\"alignnone\" src=\"\/wp-content\/uploads\/2022\/10\/tipper-trailer-8.jpg\" alt=\"Fabricant de semi-remorques \u00e0 benne basculante de 50 tonnes\" width=\"750\" height=\"400\" title=\"\"><\/p>\n<p>semi-remorque \u00e0 benne basculante \u00e0 trois essieux<\/p>\n<p><img decoding=\"async\" class=\"alignnone\" src=\"\/wp-content\/uploads\/2022\/10\/tipper-trailer-9.jpg\" alt=\"Semi-remorque benne de 50 tonnes usine\" width=\"750\" height=\"399\" title=\"\"><\/p>\n<p>semi-remorque benne demi-ronde<\/p>\n<p>En rapport : <span style=\"color: #0000ff;\"><a style=\"color: #0000ff;\" href=\"https:\/\/www.pandamech.com\/france\/product\/38-ton-tipper-semi-trailer\/\" target=\"_blank\" rel=\"noopener\">Remorque \u00e0 benne basculante de 38 tonnes<\/a><\/span>, <span style=\"color: #0000ff;\"><a style=\"color: #0000ff;\" href=\"https:\/\/www.pandamech.com\/product\/sand-gravel-dump-trailer\/\" target=\"_blank\" rel=\"noopener\">remorque \u00e0 benne basculante pour le sable et le gravier<\/a><\/span><\/p>\n<p style=\"text-align: center;\"><a class=\"product_button\" href=\"#elementor-action%3Aaction%3Dpopup%3Aopen%26settings%3DeyJpZCI6Ijk5MDciLCJ0b2dnbGUiOmZhbHNlfQ%3D%3D\">Obtenir un devis imm\u00e9diat<\/a><\/p>\n<h2>Panda Mech<\/h2>\n<p>Panda Mech est un fabricant de semi-remorque \u00e0 benne basculante de 50 tonnes bas\u00e9 en Chine. Nous fournissons des semi-remorques \u00e0 benne basculante de 50 tonnes \u00e0 vendre. Les fabricants de Panda Mech ont connu le succ\u00e8s en Asie du Sud-Est, au Moyen-Orient, en Afrique et en Am\u00e9rique du Sud, notamment aux Philippines, en Tanzanie, au Nigeria, etc...<\/p>\n<p><a href=\"\/france\/contact-us\/\" rel=\"nofollow\"><img decoding=\"async\" src=\"https:\/\/pandamech.com\/wp-content\/uploads\/u_file\/db8ce19fe3.jpg\" alt=\"Semi-remorques \u00e0 benne basculante \u00e0 haute lat\u00e9ralit\u00e9 \u00e0 vendre\" title=\"\"><\/a><\/p>","protected":false},"excerpt":{"rendered":"<p><strong>Mod\u00e8le<\/strong>: 3 essieux 50 tonnes<\/p>\n<p><strong>Fourchette de prix<\/strong>: 15 000-25 000 USD<\/p>\n<p><strong>Date de livraison<\/strong>7-25 jours<\/p>\n<p><strong>Application<\/strong>Transport Charbon, minerai, mat\u00e9riaux de construction<\/p>\n<p><strong>Angle d'inclinaison<\/strong>: 45\u00b0<\/p>\n<p><strong>Syst\u00e8me hydraulique<\/strong>: Cylindre HYVA<\/p>","protected":false},"featured_media":58431,"template":"","meta":{"_acf_changed":false,"_kad_blocks_custom_css":"","_kad_blocks_head_custom_js":"","_kad_blocks_body_custom_js":"","_kad_blocks_footer_custom_js":"","_kad_post_transparent":"default","_kad_post_title":"","_kad_post_layout":"default","_kad_post_sidebar_id":"","_kad_post_content_style":"default","_kad_post_vertical_padding":"default","_kad_post_feature":"","_kad_post_feature_position":"","_kad_post_header":false,"_kad_post_footer":false,"_kad_post_classname":""},"product_brand":[],"product_cat":[106],"product_tag":[],"class_list":{"0":"post-21534","1":"product","2":"type-product","3":"status-publish","4":"has-post-thumbnail","6":"product_cat-semi-dump-trailer","8":"first","9":"instock","10":"sold-individually","11":"shipping-taxable","12":"purchasable","13":"product-type-simple","14":"entry","15":"content-bg","16":"loop-entry"},"acf":[],"taxonomy_info":{"product_cat":[{"value":106,"label":"End Dump Trailer"}]},"featured_image_src_large":["https:\/\/www.pandamech.com\/wp-content\/uploads\/2022\/10\/tipper-trailer-4-500x500.jpg",500,500,true],"author_info":[],"comment_info":"","_links":{"self":[{"href":"https:\/\/www.pandamech.com\/france\/wp-json\/wp\/v2\/product\/21534","targetHints":{"allow":["GET"]}}],"collection":[{"href":"https:\/\/www.pandamech.com\/france\/wp-json\/wp\/v2\/product"}],"about":[{"href":"https:\/\/www.pandamech.com\/france\/wp-json\/wp\/v2\/types\/product"}],"version-history":[{"count":6,"href":"https:\/\/www.pandamech.com\/france\/wp-json\/wp\/v2\/product\/21534\/revisions"}],"predecessor-version":[{"id":91598,"href":"https:\/\/www.pandamech.com\/france\/wp-json\/wp\/v2\/product\/21534\/revisions\/91598"}],"wp:featuredmedia":[{"embeddable":true,"href":"https:\/\/www.pandamech.com\/france\/wp-json\/wp\/v2\/media\/58431"}],"wp:attachment":[{"href":"https:\/\/www.pandamech.com\/france\/wp-json\/wp\/v2\/media?parent=21534"}],"wp:term":[{"taxonomy":"product_brand","embeddable":true,"href":"https:\/\/www.pandamech.com\/france\/wp-json\/wp\/v2\/product_brand?post=21534"},{"taxonomy":"product_cat","embeddable":true,"href":"https:\/\/www.pandamech.com\/france\/wp-json\/wp\/v2\/product_cat?post=21534"},{"taxonomy":"product_tag","embeddable":true,"href":"https:\/\/www.pandamech.com\/france\/wp-json\/wp\/v2\/product_tag?post=21534"}],"curies":[{"name":"wp","href":"https:\/\/api.w.org\/{rel}","templated":true}]}}