{"id":21502,"date":"2022-07-23T19:03:34","date_gmt":"2022-07-23T11:03:34","guid":{"rendered":"http:\/\/pandamech.com\/?post_type=product&#038;p=21502"},"modified":"2026-01-05T16:11:34","modified_gmt":"2026-01-05T08:11:34","slug":"4-axle-fence-semi-trailer","status":"publish","type":"product","link":"https:\/\/www.pandamech.com\/france\/product\/4-axle-fence-semi-trailer\/","title":{"rendered":"Semi-remorque de cl\u00f4ture \u00e0 4 essieux"},"content":{"rendered":"<p>La semi-remorque \u00e0 cl\u00f4ture utilise un camion semi-remorque con\u00e7u avec une structure \u00e0 cl\u00f4ture. L'objectif principal de la plupart des v\u00e9hicules est de transporter des produits agricoles et secondaires tels que des fruits, des l\u00e9gumes, des produits de premi\u00e8re n\u00e9cessit\u00e9 et d'autres types de produits l\u00e9gers en mousse que nous utilisons dans notre vie quotidienne.<\/p>\n<h2>Sp\u00e9cification de la semi-remorque de cl\u00f4ture \u00e0 4 essieux<\/h2>\n<table style=\"width: 800px;\" border=\"1\" cellspacing=\"1\" cellpadding=\"1\">\n<tbody>\n<tr>\n<td width=\"155\" height=\"36\">\u00a0Marque<\/td>\n<td width=\"636\">\u00a0Panda Mech 4 essieux cl\u00f4ture semi-remorque<\/td>\n<\/tr>\n<tr>\n<td height=\"36\">\u00a0Charge utile<\/td>\n<td>\u00a040 000 kg<\/td>\n<\/tr>\n<tr>\n<td height=\"36\">\u00a0Poids de tare<\/td>\n<td>\u00a073,00kg<\/td>\n<\/tr>\n<tr>\n<td height=\"36\">\u00a0Dimension<\/td>\n<td>\u00a013300x2500x1550mm+(avec cl\u00f4ture amovible 2200mm)<\/td>\n<\/tr>\n<tr>\n<td height=\"36\">\u00a0Empattement<\/td>\n<td>\u00a01310mm<\/td>\n<\/tr>\n<tr>\n<td height=\"36\">\u00a0Poutre principale<\/td>\n<td>\u00a0Hauteur de la poutre 500 mm, plaque sup\u00e9rieure 14 mm, plaque inf\u00e9rieure double 8 mm, plaque centrale 16 mm, en acier Q345.<\/td>\n<\/tr>\n<tr>\n<td height=\"36\">\u00a0Poutre transversale\/lat\u00e9rale<\/td>\n<td>\u00a0Q235, acier pour profil\u00e9s<\/td>\n<\/tr>\n<tr>\n<td height=\"36\">\u00a0Plancher<\/td>\n<td>\u00a0Plaque d'acier diamant\u00e9e de 3 mm<\/td>\n<\/tr>\n<tr>\n<td height=\"36\">\u00a0Peinture<\/td>\n<td>\u00a0Sablage complet du ch\u00e2ssis pour \u00e9liminer la rouille, couche d'appr\u00eat anticorrosion, 2 couches de peinture finale.<\/td>\n<\/tr>\n<tr>\n<td height=\"36\">\u00a0Bo\u00eete \u00e0 outils<\/td>\n<td>\u00a01piecs<\/td>\n<\/tr>\n<tr>\n<td height=\"36\">\u00a0Soudage<\/td>\n<td>\u00a0Les poutres longues sont soud\u00e9es \u00e0 l'arc CO2 par p\u00e9n\u00e9tration 80% sur le c\u00f4t\u00e9 ext\u00e9rieur et le cordon.<\/td>\n<\/tr>\n<tr>\n<td height=\"36\">\u00a0Essieu<\/td>\n<td>\u00a04 essieux, FUWA, BPW<\/td>\n<\/tr>\n<tr>\n<td height=\"36\">\u00a0Suspension<\/td>\n<td>\u00a0Suspension m\u00e9canique<\/td>\n<\/tr>\n<tr>\n<td height=\"36\">\u00a0Ressort \u00e0 lames<\/td>\n<td>\u00a090(L)mm*13(\u00e9paisseur)mm*10Couches<\/td>\n<\/tr>\n<tr>\n<td height=\"36\">\u00a0Pneumatique<\/td>\n<td>\u00a012R22.5 ,13pcs,Pneu triangle<\/td>\n<\/tr>\n<tr>\n<td height=\"36\">\u00a0Jante<\/td>\n<td>\u00a09.0-22.5<\/td>\n<\/tr>\n<tr>\n<td height=\"36\">\u00a0Kingpin<\/td>\n<td>\u00a0JOST King Pin type bolt-in 50mm<\/td>\n<\/tr>\n<tr>\n<td height=\"36\">\u00a0Train d'atterrissage<\/td>\n<td>\u00a0Double vitesse, 28 tonnes externes,<\/td>\n<\/tr>\n<tr>\n<td height=\"36\">\u00a0Syst\u00e8me de freinage<\/td>\n<td>\u00a0Valve WABCO Syst\u00e8me de freinage \u00e0 double ligne<\/td>\n<\/tr>\n<tr>\n<td height=\"36\">\u00a0Syst\u00e8me \u00e9lectrique<\/td>\n<td>\u00a01 voltage 24v 2 R\u00e9ceptacle:7ways(7wire harness),Feu arri\u00e8re avec clignotant, feu de freinage&amp;r\u00e9flecteurs, feu lat\u00e9ral etc. Un jeu de c\u00e2ble standard \u00e0 6 fils.<\/td>\n<\/tr>\n<\/tbody>\n<\/table>\n<h2>Semi-remorque de cl\u00f4ture \u00e0 4 essieux images<\/h2>\n<p><img fetchpriority=\"high\" decoding=\"async\" class=\"size-full wp-image-31154\" title=\"Semi-remorque de cl\u00f4ture \u00e0 4 essieux\" src=\"https:\/\/pandamech.com\/wp-content\/uploads\/2022\/08\/7-fence-trailer.jpg\" alt=\"Semi-remorque de cl\u00f4ture \u00e0 4 essieux\" width=\"800\" height=\"533\" \/><\/p>\n<p>Semi-remorque de cl\u00f4ture \u00e0 4 essieux<\/p>\n<p><img decoding=\"async\" class=\"size-full wp-image-31155\" title=\"Semi-remorque de cl\u00f4ture \u00e0 4 essieux\" src=\"https:\/\/pandamech.com\/wp-content\/uploads\/2022\/08\/8-fence-semi-trailer.jpg\" alt=\"Semi-remorque de cl\u00f4ture \u00e0 4 essieux\" width=\"800\" height=\"564\" \/><\/p>\n<p>Remorque de camion de cl\u00f4ture \u00e0 4 essieux<\/p>\n<h2>Application pour semi-remorque de cl\u00f4ture<\/h2>\n<p>Une semi-remorque \u00e0 claire-voie est g\u00e9n\u00e9ralement utilis\u00e9e pour le transport de marchandises en vrac. Elle est principalement utilis\u00e9e pour le transport sur de longues distances. En g\u00e9n\u00e9ral, la semi-remorque \u00e0 plate-forme peut transporter de 30 \u00e0 80 tonnes.<\/p>\n<p>S'il s'agit d'une grande quantit\u00e9 de transport ou de besoins diff\u00e9rents, nous pouvons la personnaliser, ou la remorque plate-forme certains v\u00e9hicules d\u00e9form\u00e9s.<\/p>\n<h2>Avantages de la semi-remorque de cl\u00f4ture<\/h2>\n<ul>\n<li>Structure en acier tr\u00e8s robuste avec capacit\u00e9 de traction et de charge \u00e9lev\u00e9e, capacit\u00e9 de charge de 60 tonnes.<\/li>\n<li>Les parois lat\u00e9rales de 800 mm sont standard, les parois lat\u00e9rales de 600 mm sont en option.<\/li>\n<li>Suspension m\u00e9canique \u00e0 ressort de type robuste pour les charges \u00e9lev\u00e9es des besoins.<\/li>\n<li>Longueur et largeur du lit bas disponibles sur mesure.<\/li>\n<\/ul>\n<h2>Semi-remorques de cl\u00f4ture \u00e0 4 essieux \u00e0 vendre<\/h2>\n<p>Nous sommes un fabricant chinois de semi-remorques de cl\u00f4ture. Nous fournissons des semi-remorques de cl\u00f4ture \u00e0 4 essieux pour la vente. Nous pouvons la personnaliser selon vos besoins. Le prix de la semi-remorque \u00e0 parois lat\u00e9rales d\u00e9pend des sp\u00e9cifications.<\/p>\n<p>L'\u00e9quipe d'ing\u00e9nieurs de PANDA sera pr\u00eate \u00e0 vous fournir des solutions bien int\u00e9gr\u00e9es qui r\u00e9pondent \u00e0 vos besoins de transport et \u00e0 vos r\u00e9glementations locales. L'\u00e9quipe d'ing\u00e9nieurs PANDA peut communiquer avec vous en ligne pour bien comprendre vos besoins. Les solutions comprennent la conception du produit, les mat\u00e9riaux du produit, les dessins et les vid\u00e9os.<\/p>\n<p>Les fabricants de Panda Mech ont r\u00e9ussi \u00e0 s'imposer en Asie du Sud-Est, au Moyen-Orient, en Afrique et en Am\u00e9rique du Sud, notamment aux Philippines, en Tanzanie, etc...\u00a0 <u><a href=\"https:\/\/www.pandamech.com\/france\/about\/\" rel=\"nofollow noopener\" name=\"662ae8fb-4e4e-4cc5-876a-6bfaecae5a2d\" target=\"_blank\">En savoir plus sur le panda<\/a><\/u><\/p>\n<p><a href=\"\/france\/contact-us\/\" rel=\"nofollow\"><img decoding=\"async\" src=\"https:\/\/pandamech.com\/wp-content\/uploads\/u_file\/db8ce19fe3.jpg\" alt=\"Semi-remorque de cl\u00f4ture \u00e0 vendre\" width=\"864\" height=\"213\" title=\"\"><\/a><\/p>","protected":false},"excerpt":{"rendered":"<p>Type : Remorque de cl\u00f4ture \u00e0 3 essieux<\/p>\n<p>Gamme de prix : $10 100-21 900<\/p>\n<p>Livraison : 7-25 jours<\/p>\n<p>Poids de la charge : 20-60 tonnes<\/p>\n<p>Application : transport de marchandises en vrac<\/p>","protected":false},"featured_media":57779,"template":"","meta":{"_acf_changed":false,"_kad_blocks_custom_css":"","_kad_blocks_head_custom_js":"","_kad_blocks_body_custom_js":"","_kad_blocks_footer_custom_js":"","_kad_post_transparent":"default","_kad_post_title":"","_kad_post_layout":"default","_kad_post_sidebar_id":"","_kad_post_content_style":"default","_kad_post_vertical_padding":"default","_kad_post_feature":"","_kad_post_feature_position":"","_kad_post_header":false,"_kad_post_footer":false,"_kad_post_classname":""},"product_brand":[],"product_cat":[75],"product_tag":[61],"class_list":{"0":"post-21502","1":"product","2":"type-product","3":"status-publish","4":"has-post-thumbnail","6":"product_cat-side-wall-trailer","7":"product_tag-4-axle-trailer","9":"first","10":"instock","11":"sold-individually","12":"shipping-taxable","13":"purchasable","14":"product-type-simple","15":"entry","16":"content-bg","17":"loop-entry"},"acf":[],"taxonomy_info":{"product_cat":[{"value":75,"label":"Drop Side Trailer"}],"product_tag":[{"value":61,"label":"4 Axle Trailer"}]},"featured_image_src_large":["https:\/\/www.pandamech.com\/wp-content\/uploads\/2022\/08\/2-82-500x500.jpg",500,500,true],"author_info":[],"comment_info":"","_links":{"self":[{"href":"https:\/\/www.pandamech.com\/france\/wp-json\/wp\/v2\/product\/21502","targetHints":{"allow":["GET"]}}],"collection":[{"href":"https:\/\/www.pandamech.com\/france\/wp-json\/wp\/v2\/product"}],"about":[{"href":"https:\/\/www.pandamech.com\/france\/wp-json\/wp\/v2\/types\/product"}],"version-history":[{"count":1,"href":"https:\/\/www.pandamech.com\/france\/wp-json\/wp\/v2\/product\/21502\/revisions"}],"predecessor-version":[{"id":91355,"href":"https:\/\/www.pandamech.com\/france\/wp-json\/wp\/v2\/product\/21502\/revisions\/91355"}],"wp:featuredmedia":[{"embeddable":true,"href":"https:\/\/www.pandamech.com\/france\/wp-json\/wp\/v2\/media\/57779"}],"wp:attachment":[{"href":"https:\/\/www.pandamech.com\/france\/wp-json\/wp\/v2\/media?parent=21502"}],"wp:term":[{"taxonomy":"product_brand","embeddable":true,"href":"https:\/\/www.pandamech.com\/france\/wp-json\/wp\/v2\/product_brand?post=21502"},{"taxonomy":"product_cat","embeddable":true,"href":"https:\/\/www.pandamech.com\/france\/wp-json\/wp\/v2\/product_cat?post=21502"},{"taxonomy":"product_tag","embeddable":true,"href":"https:\/\/www.pandamech.com\/france\/wp-json\/wp\/v2\/product_tag?post=21502"}],"curies":[{"name":"wp","href":"https:\/\/api.w.org\/{rel}","templated":true}]}}