{"id":21500,"date":"2022-11-14T19:03:34","date_gmt":"2022-11-14T11:03:34","guid":{"rendered":"http:\/\/pandamech.com\/?post_type=product&#038;p=21500"},"modified":"2025-11-10T18:06:51","modified_gmt":"2025-11-10T10:06:51","slug":"20-cbm-dry-bulk-trailer","status":"publish","type":"product","link":"https:\/\/www.pandamech.com\/france\/product\/20-cbm-dry-bulk-trailer\/","title":{"rendered":"20 CBM Dry Bulk Tanker Trailer"},"content":{"rendered":"<p>La remorque citerne s\u00e8che en vrac est principalement utilis\u00e9e pour transporter des mat\u00e9riaux secs en poudre (diam\u00e8tre\u22640,1mm) tels que les cendres volantes, le ciment, la farine de chaux en poudre, la poudre min\u00e9rale, l'alcali granulaire, etc. D'une mani\u00e8re g\u00e9n\u00e9rale, elle est souvent utilis\u00e9e sur les chantiers de construction. Les remorques-citernes de cette forme sont principalement utilis\u00e9es en Am\u00e9rique du Sud et en Am\u00e9rique du Nord.<\/p>\n<p>20 CBM Capacit\u00e9 du vraquier : 30-35 tonnes.<\/p>\n<h2>Caract\u00e9ristiques de la remorque de transport de vrac sec 20CBM<\/h2>\n<ul>\n<li>1. La remorque \u00e0 ciment PANDA MECH, fabriqu\u00e9e en acier r\u00e9sistant \u00e0 l'usure, peut \u00e9galement convenir parfaitement \u00e0 certaines r\u00e9gions d'Afrique o\u00f9 l'\u00e9tat des routes est relativement mauvais.<\/li>\n<li>2. La machine \u00e0 souder automatique garantit la haute qualit\u00e9 et la longue dur\u00e9e de vie du cordon de soudure, et la soudure est \u00e9galement plus belle.<\/li>\n<li>3. Apr\u00e8s la production de la citerne \u00e0 ciment, toutes les citernes sont soumises \u00e0 des tests de pression et d'\u00e9tanch\u00e9it\u00e9 \u00e0 l'air afin de s'assurer que la citerne est bien scell\u00e9e.<\/li>\n<li>4. Le moteur diesel Weichai d'une marque mondialement connue permet au compresseur d'air de mieux fonctionner et la vitesse de d\u00e9chargement peut atteindre 1,6t\/min.<\/li>\n<\/ul>\n<p style=\"text-align: center;\"><a class=\"product_button\" href=\"#elementor-action%3Aaction%3Dpopup%3Aopen%26settings%3DeyJpZCI6Ijk5MDciLCJ0b2dnbGUiOmZhbHNlfQ%3D%3D\">Cliquez pour plus de d\u00e9tails<\/a><\/p>\n<h2>Sp\u00e9cifications de la remorque de transport de vrac sec 20CBM<\/h2>\n<table style=\"width: 800px;\" border=\"1\" cellspacing=\"1\" cellpadding=\"1\">\n<tbody>\n<tr>\n<td width=\"221\" height=\"40\">\u00a0Marque<\/td>\n<td width=\"515\">\u00a0Remorque pneumatique PANDA Mech pour le transport de vrac sec<\/td>\n<\/tr>\n<tr>\n<td width=\"221\" height=\"40\">\u00a0Capacit\u00e9<\/td>\n<td width=\"515\">\u00a020 cbm \/ m3, 30 tonnes<\/td>\n<\/tr>\n<tr>\n<td width=\"221\" height=\"40\">\u00a0Moteur<\/td>\n<td width=\"515\">\u00a0WeiCai Deutz diesel moto<\/td>\n<\/tr>\n<tr>\n<td width=\"221\" height=\"40\">\u00a0Compresseur<\/td>\n<td width=\"515\">\u00a0SK 12m3<\/td>\n<\/tr>\n<tr>\n<td width=\"221\" height=\"40\">\u00a0Couvercle de trou d'homme<\/td>\n<td width=\"515\">\u00a02 \u00e0 4 ensembles de 500 mm de diam\u00e8tre<\/td>\n<\/tr>\n<tr>\n<td width=\"221\" height=\"40\">\u00a0Soupape de d\u00e9charge<\/td>\n<td width=\"515\">\u00a0Valve \u00e0 disque de 4\u2033 (4\u2033 disc valve)<\/td>\n<\/tr>\n<tr>\n<td width=\"221\" height=\"40\">\u00a0Mat\u00e9riau du r\u00e9servoir<\/td>\n<td width=\"515\">\u00a0Acier \u00e0 haute r\u00e9sistance de 5 ou 6 mm<\/td>\n<\/tr>\n<tr>\n<td width=\"221\" height=\"40\">\u00a0Structure<\/td>\n<td width=\"515\">\u00a0Q345 acier \u00e0 haute teneur en carbone, Q235<\/td>\n<\/tr>\n<tr>\n<td width=\"221\" height=\"40\">\u00a0Train d'atterrissage<\/td>\n<td width=\"515\">\u00a0JOST 28T<\/td>\n<\/tr>\n<tr>\n<td width=\"221\" height=\"40\">\u00a0Suspension<\/td>\n<td width=\"515\">\u00a0Suspension m\u00e9canique ou suspension pneumatique<\/td>\n<\/tr>\n<tr>\n<td width=\"221\" height=\"40\">\u00a0Essieu de remorque pour vrac<\/td>\n<td width=\"515\">\u00a01 \u00e0 4 ensembles, essieux de 13, 16 et 20 tonnes, BPW ou SAF<\/td>\n<\/tr>\n<tr>\n<td width=\"221\" height=\"40\">\u00a0Pneu<\/td>\n<td width=\"515\">\u00a012R22.5, 385\/65R22.5, 13R22.5, 12.00R24, 315\/80R22.5<\/td>\n<\/tr>\n<\/tbody>\n<\/table>\n<p style=\"text-align: center;\"><a class=\"product_button\" href=\"#elementor-action%3Aaction%3Dpopup%3Aopen%26settings%3DeyJpZCI6Ijk5MDciLCJ0b2dnbGUiOmZhbHNlfQ%3D%3D\">Cliquez pour plus de d\u00e9tails<\/a><\/p>\n<h2>20CBM dry bulk trailer images<\/h2>\n<p><img fetchpriority=\"high\" decoding=\"async\" class=\"alignnone wp-image-32776 size-full\" src=\"https:\/\/pandamech.com\/wp-content\/uploads\/2022\/08\/20cbm-cement-trailer-10.jpg\" alt=\"30 tonnes 20 cbm\/m3 dry bulk tanker trailer\" width=\"750\" height=\"399\" title=\"\"><\/p>\n<p>2 essieux 20m3 30ton pneumatique <span style=\"color: #0000ff;\"><a style=\"color: #0000ff;\" href=\"https:\/\/www.pandamech.com\/france\/category\/pneumatic-trailer\/cement-tanker\/\" target=\"_blank\" rel=\"noopener\">camion-citerne \u00e0 ciment<\/a><\/span> remorque<\/p>\n<p><img decoding=\"async\" class=\"alignnone wp-image-32775 size-full\" src=\"https:\/\/pandamech.com\/wp-content\/uploads\/2022\/08\/20cbm-cement-trailer-9.jpg\" alt=\"20 cbm 30 ton dry bulk tanker trailer\" width=\"750\" height=\"399\" title=\"\"><\/p>\n<p>2 essieux 20m3 30 tonnes remorque pour vrac sec<\/p>\n<p><img decoding=\"async\" class=\"alignnone wp-image-32773 size-full\" src=\"https:\/\/pandamech.com\/wp-content\/uploads\/2022\/08\/20cbm-cement-trailer-7.jpg\" alt=\"20 cbm 30 ton dry bulk tanker trailer\" width=\"750\" height=\"399\" title=\"\"><\/p>\n<p>20m3 30 tonnes remorque citerne s\u00e8che en vrac<\/p>\n<p>En rapport : <span style=\"color: #0000ff;\"><a style=\"color: #0000ff;\" href=\"https:\/\/www.pandamech.com\/product\/2-axle-25-ton-pto-bulk-cement-tanker\/\" target=\"_blank\" rel=\"noopener\">Remorque \u00e0 ciment de 25 tonnes<\/a><\/span>, <span style=\"color: #0000ff;\"><a style=\"color: #0000ff;\" href=\"https:\/\/www.pandamech.com\/france\/product\/50-ton-cement-bulk-trailer-for-sale\/\" target=\"_blank\" rel=\"noopener\">Remorque \u00e0 ciment de 50 tonnes<\/a><\/span>, <a href=\"https:\/\/www.pandamech.com\/france\/product\/60-ton-cement-tanker-trailer\/\" target=\"_blank\" rel=\"noopener\"><span style=\"color: #0000ff;\">Citerne de ciment en vrac de 60 tonnes<\/span><\/a><\/p>\n<p style=\"text-align: center;\"><a class=\"product_button\" href=\"#elementor-action%3Aaction%3Dpopup%3Aopen%26settings%3DeyJpZCI6Ijk5MDciLCJ0b2dnbGUiOmZhbHNlfQ%3D%3D\">Obtenir un devis imm\u00e9diat<\/a><\/p>\n<h2>Transport maritime de la remorque de vrac sec<\/h2>\n<p>Afin d'\u00e9viter que la peinture de la semi-remorque bulker mod\u00e8le w ne soit corrod\u00e9e par l'eau de mer, nous pulv\u00e9riserons une couche de cire sur la surface de la remorque \u00e0 ciment pneumatique de 30 tonnes avant le transport.<\/p>\n<p>Nous envelopperons tous les moteurs diesel des camions-citernes de pluie.<\/p>\n<p><img loading=\"lazy\" decoding=\"async\" class=\"alignnone wp-image-33095 size-full\" src=\"https:\/\/pandamech.com\/wp-content\/uploads\/2022\/10\/cement-trailer-transport-2.jpg\" alt=\"transport de ciment par camion-citerne\" width=\"750\" height=\"400\" title=\"\"><\/p>\n<h2>Panda Mech<\/h2>\n<p>Panda Mech est un fabricant de remorque de vrac sec 20cbm 30 tonnes en Chine. Nous fournissons des remorques de vrac sec de 20cbm 30 tonnes \u00e0 vendre. Les fabricants de Panda Mech ont connu le succ\u00e8s en Asie du Sud-Est, au Moyen-Orient, en Afrique et en Am\u00e9rique du Sud, tels que les Philippines, la Tanzanie, etc...<\/p>\n<p><a href=\"https:\/\/www.pandamech.com\/france\/contact-us\/\" target=\"_blank\" rel=\"noopener\"><img loading=\"lazy\" decoding=\"async\" src=\"https:\/\/pandamech.com\/wp-content\/uploads\/2021\/08\/quotation.jpg\" alt=\"cotation\" width=\"864\" height=\"213\" title=\"\"><\/a><\/p>","protected":false},"excerpt":{"rendered":"<p>Type : camion-citerne de 30 tonnes pour le transport de vrac sec<\/p>\n<p>Fourchette de prix : 12 800-38 500 USD<\/p>\n<p>Livraison : 7-25 jours<\/p>\n<p>D\u00e9chargement plus rapide : &gt;1,5 tonne\/min<\/p>\n<p>Application : transport <a class=\"wpil_keyword_link\" title=\"farine\" href=\"https:\/\/www.pandamech.com\/france\/product\/30-ton-bulk-flour-tanker-trailer\/\" target=\"_blank\" rel=\"noopener\" data-wpil-keyword-link=\"linked\">farine<\/a><\/p>","protected":false},"featured_media":57793,"template":"","meta":{"_acf_changed":false,"_kad_blocks_custom_css":"","_kad_blocks_head_custom_js":"","_kad_blocks_body_custom_js":"","_kad_blocks_footer_custom_js":"","_kad_post_transparent":"default","_kad_post_title":"","_kad_post_layout":"default","_kad_post_sidebar_id":"","_kad_post_content_style":"default","_kad_post_vertical_padding":"default","_kad_post_feature":"","_kad_post_feature_position":"","_kad_post_header":false,"_kad_post_footer":false,"_kad_post_classname":""},"product_brand":[],"product_cat":[101],"product_tag":[],"class_list":{"0":"post-21500","1":"product","2":"type-product","3":"status-publish","4":"has-post-thumbnail","6":"product_cat-cement-tanker","8":"first","9":"instock","10":"sold-individually","11":"shipping-taxable","12":"purchasable","13":"product-type-simple","14":"entry","15":"content-bg","16":"loop-entry"},"acf":[],"taxonomy_info":{"product_cat":[{"value":101,"label":"Cement Tanker For Sale"}]},"featured_image_src_large":["https:\/\/www.pandamech.com\/wp-content\/uploads\/2022\/08\/20cbm-cement-trailer-3-500x500.jpg",500,500,true],"author_info":[],"comment_info":"","_links":{"self":[{"href":"https:\/\/www.pandamech.com\/france\/wp-json\/wp\/v2\/product\/21500","targetHints":{"allow":["GET"]}}],"collection":[{"href":"https:\/\/www.pandamech.com\/france\/wp-json\/wp\/v2\/product"}],"about":[{"href":"https:\/\/www.pandamech.com\/france\/wp-json\/wp\/v2\/types\/product"}],"version-history":[{"count":1,"href":"https:\/\/www.pandamech.com\/france\/wp-json\/wp\/v2\/product\/21500\/revisions"}],"predecessor-version":[{"id":91275,"href":"https:\/\/www.pandamech.com\/france\/wp-json\/wp\/v2\/product\/21500\/revisions\/91275"}],"wp:featuredmedia":[{"embeddable":true,"href":"https:\/\/www.pandamech.com\/france\/wp-json\/wp\/v2\/media\/57793"}],"wp:attachment":[{"href":"https:\/\/www.pandamech.com\/france\/wp-json\/wp\/v2\/media?parent=21500"}],"wp:term":[{"taxonomy":"product_brand","embeddable":true,"href":"https:\/\/www.pandamech.com\/france\/wp-json\/wp\/v2\/product_brand?post=21500"},{"taxonomy":"product_cat","embeddable":true,"href":"https:\/\/www.pandamech.com\/france\/wp-json\/wp\/v2\/product_cat?post=21500"},{"taxonomy":"product_tag","embeddable":true,"href":"https:\/\/www.pandamech.com\/france\/wp-json\/wp\/v2\/product_tag?post=21500"}],"curies":[{"name":"wp","href":"https:\/\/api.w.org\/{rel}","templated":true}]}}