{"id":21499,"date":"2022-11-15T19:03:34","date_gmt":"2022-11-15T11:03:34","guid":{"rendered":"http:\/\/pandamech.com\/?post_type=product&#038;p=21499"},"modified":"2025-08-23T01:07:08","modified_gmt":"2025-08-22T17:07:08","slug":"40-ton-pneumatic-cement-trailer","status":"publish","type":"product","link":"https:\/\/www.pandamech.com\/france\/product\/40-ton-pneumatic-cement-trailer\/","title":{"rendered":"Remorque \u00e0 ciment pneumatique de 40 tonnes"},"content":{"rendered":"<p>La remorque pneumatique pour ciment est principalement utilis\u00e9e pour transporter des mat\u00e9riaux pulv\u00e9rulents secs (diam\u00e8tre\u22640,1mm) tels que les cendres volantes, le ciment, la farine de chaux en poudre, la poudre min\u00e9rale, l'alcali granulaire, etc. D'une mani\u00e8re g\u00e9n\u00e9rale, elle est souvent utilis\u00e9e sur les chantiers de construction. Les remorques de vrac sec de cette forme sont principalement utilis\u00e9es en Am\u00e9rique du Sud et en Am\u00e9rique du Nord.<\/p>\n<p>30 CBM pneumatique <span style=\"color: #0000ff;\"><a style=\"color: #0000ff;\" href=\"https:\/\/www.pandamech.com\/france\/category\/pneumatic-trailer\/cement-tanker\/\" target=\"_blank\" rel=\"noopener\">remorque \u00e0 ciment<\/a><\/span> capacit\u00e9 : 40-45 tonnes.<\/p>\n<h2>Fonctionnalit\u00e9<\/h2>\n<ol>\n<li>Meilleur acier brut : Le corps du r\u00e9servoir et la construction en acier \u00e0 haute r\u00e9sistance YP \u2265 620 garantissent une dur\u00e9e de vie plus longue et un poids \u00e0 vide plus l\u00e9ger.<\/li>\n<li>Soudure de qualit\u00e9 :  Un bon acier avec des soudures de qualit\u00e9 permet de prolonger la garantie des remorques-citernes pneumatiques pour le transport de vrac.<\/li>\n<li>Peinture durable : L'ensemble du v\u00e9hicule est nettoy\u00e9 par grenaillage avant d'\u00eatre peint. Deux couches d'appr\u00eat permettent de prolonger la dur\u00e9e de vie de la peinture.<\/li>\n<li>Conception de remorques pour produits secs en vrac : le dessin en 3D avec Ansys et Hypermesh Analyze permet une conception raisonnable.<\/li>\n<\/ol>\n<p style=\"text-align: center;\"><a class=\"product_button\" href=\"#elementor-action%3Aaction%3Dpopup%3Aopen%26settings%3DeyJpZCI6Ijk5MDciLCJ0b2dnbGUiOmZhbHNlfQ%3D%3D\">Cliquez pour plus de d\u00e9tails<\/a><\/p>\n<h2>Sp\u00e9cifications de la remorque \u00e0 ciment pneumatique de 40 tonnes<\/h2>\n<table style=\"width: 800px;\" border=\"1\" cellspacing=\"1\" cellpadding=\"1\">\n<tbody>\n<tr>\n<td width=\"221\" height=\"40\">\u00a0Marque<\/td>\n<td width=\"515\">\u00a0PANDA Mech Remorque pneumatique pour le transport de vrac sec<\/td>\n<\/tr>\n<tr>\n<td width=\"221\" height=\"40\">\u00a0Capacit\u00e9<\/td>\n<td width=\"515\">\u00a040 tonnes<\/td>\n<\/tr>\n<tr>\n<td width=\"221\" height=\"40\">\u00a0Dimensions<\/td>\n<td width=\"515\">\u00a011500*2500*3750mm<\/td>\n<\/tr>\n<tr>\n<td width=\"221\" height=\"40\">\u00a0Soupape de d\u00e9charge<\/td>\n<td width=\"515\">\u00a0Valve \u00e0 disque de 4\u2033 (4\u2033 disc valve)<\/td>\n<\/tr>\n<tr>\n<td width=\"221\" height=\"40\">\u00a0Mat\u00e9riau du r\u00e9servoir<\/td>\n<td width=\"515\">\u00a0Acier \u00e0 haute r\u00e9sistance de 5 ou 6 mm<\/td>\n<\/tr>\n<tr>\n<td width=\"221\" height=\"40\">\u00a0Structure<\/td>\n<td width=\"515\">\u00a0Q345 acier \u00e0 haute r\u00e9sistance, q235<\/td>\n<\/tr>\n<tr>\n<td width=\"221\" height=\"40\">\u00a0Suspension<\/td>\n<td width=\"515\">\u00a0Suspension m\u00e9canique ou suspension pneumatique<\/td>\n<\/tr>\n<tr>\n<td width=\"221\" height=\"40\">\u00a0Syst\u00e8me de freinage<\/td>\n<td width=\"515\">\u00a0Chambre T30\/30, valve d'urgence WABCO<\/td>\n<\/tr>\n<tr>\n<td width=\"221\" height=\"40\">\u00a0Essieu de remorque pour vrac<\/td>\n<td width=\"515\">\u00a03 essieux, 1 \u00e0 4 ensembles, essieux de 13, 16, 20 tonnes, BPW ou SAF<\/td>\n<\/tr>\n<tr>\n<td width=\"221\" height=\"40\">\u00a0Pneu<\/td>\n<td width=\"515\">\u00a012R22.5, 385\/65R22.5, 13R22.5, 12.00R24, 315\/80R22.5<\/td>\n<\/tr>\n<tr>\n<td width=\"221\" height=\"40\">\u00a0Goupille royale<\/td>\n<td width=\"515\">JOST 2\u2033 ou 3.5 type d\u00e9tachable<\/td>\n<\/tr>\n<tr>\n<td width=\"221\" height=\"40\">\u00a0Pi\u00e8ces d\u00e9tach\u00e9es<\/td>\n<td width=\"515\">\u00a0Soufflante diesel, soupape de d\u00e9charge, roue d'attelage, diagramme, coussin gonflable int\u00e9rieur, train d'atterrissage, dispositif de pulv\u00e9risation d'eau, protection lat\u00e9rale et bo\u00eete \u00e0 outils, couvercle de trou d'homme, tuyau pneumatique de la remorque, syst\u00e8me de d\u00e9chargement du camion sec de la tr\u00e9mie.<\/td>\n<\/tr>\n<\/tbody>\n<\/table>\n<p style=\"text-align: center;\"><a class=\"product_button\" href=\"#elementor-action%3Aaction%3Dpopup%3Aopen%26settings%3DeyJpZCI6Ijk5MDciLCJ0b2dnbGUiOmZhbHNlfQ%3D%3D\">Cliquez pour plus de d\u00e9tails<\/a><\/p>\n<h2>40 Ton pneumatique remorque \u00e0 ciment images<\/h2>\n<p><img fetchpriority=\"high\" decoding=\"async\" class=\"alignnone wp-image-18936 size-full\" style=\"width: 800px;\" title=\"Remorque \u00e0 ciment pneumatique de 40 tonnes\" src=\"https:\/\/pandamech.com\/wp-content\/uploads\/2022\/06\/40-ton-pneumatic-cement-trailer.jpg\" alt=\"30cbm 40 Ton Pneumatic Cement Trailers for sale\" width=\"800\" height=\"533\" \/><\/p>\n<p>30m3 40 tonnes pneumatique <a href=\"https:\/\/www.pandamech.com\/france\/product\/bulk-cement-carrier-for-sale-html\/\" target=\"_blank\" rel=\"noopener\"><span style=\"color: #0000ff;\">remorque porteuse de ciment<\/span><\/a> \u00e0 vendre<\/p>\n<p><img decoding=\"async\" class=\"alignnone wp-image-18937 size-full\" style=\"width: 800px;\" title=\"Remorque \u00e0 ciment pneumatique de 40 tonnes\" src=\"https:\/\/pandamech.com\/wp-content\/uploads\/2022\/06\/40-ton-pneumatic-cement-trailer-1.jpg\" alt=\"30cbm 40 Ton Pneumatic Cement Trailer manufacturer\" width=\"800\" height=\"533\" \/><\/p>\n<p>Remorques-citernes pneumatiques 30cbm 40 tonnes \u00e0 vendre<\/p>\n<p>En rapport : <span style=\"color: #0000ff;\"><a style=\"color: #0000ff;\" href=\"https:\/\/www.pandamech.com\/france\/category\/tank-trailer\/fuel-tanker\/\" target=\"_blank\" rel=\"noopener\">remorque-citerne \u00e0 carburant<\/a><\/span>, <a href=\"https:\/\/www.pandamech.com\/france\/product\/40-ton-cement-tanker-trailer-for-sale\/\" target=\"_blank\" rel=\"noopener\"><span style=\"color: #0000ff;\">Remorque-citerne \u00e0 ciment de 40 tonnes<\/span><\/a><\/p>\n<p style=\"text-align: center;\"><a class=\"product_button\" href=\"#elementor-action%3Aaction%3Dpopup%3Aopen%26settings%3DeyJpZCI6Ijk5MDciLCJ0b2dnbGUiOmZhbHNlfQ%3D%3D\">Obtenir un devis imm\u00e9diat<\/a><\/p>\n<h2>Transport maritime<\/h2>\n<p>Afin d'\u00e9viter que la peinture du <span style=\"color: #0000ff;\"><a style=\"color: #0000ff;\" href=\"https:\/\/www.pandamech.com\/france\/product\/bulk-powder-tanker-p00149p1-html\/\" target=\"_blank\" rel=\"noopener\">camion-citerne \u00e0 poudre<\/a><\/span> Pour \u00e9viter que la remorque ne soit corrod\u00e9e par l'eau de mer, nous pulv\u00e9risons une couche de cire sur la surface du camion \u00e0 ciment pneumatique avant le transport.<br \/>\nNous envelopperons tous les moteurs diesel des camions-citernes de pluie.<\/p>\n<p><img decoding=\"async\" class=\"alignnone wp-image-33094 size-full\" src=\"https:\/\/pandamech.com\/wp-content\/uploads\/2022\/10\/cement-trailer-transport-1.jpg\" alt=\"remorque pneumatique de transport de ciment\" width=\"750\" height=\"400\" title=\"\"><\/p>\n<h2>Panda Mech<\/h2>\n<p>Panda Mech est un fabricant de remorque pneumatique pour ciment de 40 tonnes en Chine. Nous fournissons des remorques \u00e0 ciment pneumatiques de 40 tonnes \u00e0 vendre. Les fabricants de Panda Mech ont connu le succ\u00e8s en Asie du Sud-Est, au Moyen-Orient, en Afrique et en Am\u00e9rique du Sud, tels que les Philippines, la Tanzanie, etc...<\/p>\n<p><a href=\"https:\/\/www.pandamech.com\/france\/contact-us\/\" target=\"_blank\" rel=\"noopener\"><img loading=\"lazy\" decoding=\"async\" class=\"alignnone\" src=\"https:\/\/pandamech.com\/wp-content\/uploads\/2021\/08\/quotation.jpg\" alt=\"devis remorque pneumatique pour camion-citerne \u00e0 ciment\" width=\"864\" height=\"213\" title=\"\"><\/a><\/p>","protected":false},"excerpt":{"rendered":"<p>Type : Remorque-citerne \u00e0 ciment pneumatique de 40 tonnes<\/p>\n<p>Fourchette de prix : 14 500-39 500 USD<\/p>\n<p>Livraison : 7-25 jours<\/p>\n<p>D\u00e9chargement plus rapide : &gt;1,5 tonne\/min<\/p>\n<p>Application : transport de ciment, de sable, <a class=\"wpil_keyword_link\" title=\"farine\" href=\"https:\/\/www.pandamech.com\/france\/product\/30-ton-bulk-flour-tanker-trailer\/\" target=\"_blank\" rel=\"noopener\" data-wpil-keyword-link=\"linked\">farine<\/a>, et autres mat\u00e9riaux granulaires, etc.<\/p>","protected":false},"featured_media":58010,"template":"","meta":{"_acf_changed":false,"_kad_blocks_custom_css":"","_kad_blocks_head_custom_js":"","_kad_blocks_body_custom_js":"","_kad_blocks_footer_custom_js":"","_kad_post_transparent":"default","_kad_post_title":"","_kad_post_layout":"default","_kad_post_sidebar_id":"","_kad_post_content_style":"default","_kad_post_vertical_padding":"default","_kad_post_feature":"","_kad_post_feature_position":"","_kad_post_header":false,"_kad_post_footer":false,"_kad_post_classname":""},"product_brand":[],"product_cat":[101],"product_tag":[],"class_list":{"0":"post-21499","1":"product","2":"type-product","3":"status-publish","4":"has-post-thumbnail","6":"product_cat-cement-tanker","8":"first","9":"instock","10":"sold-individually","11":"shipping-taxable","12":"purchasable","13":"product-type-simple","14":"entry","15":"content-bg","16":"loop-entry"},"acf":[],"taxonomy_info":{"product_cat":[{"value":101,"label":"Cement Tanker For Sale"}]},"featured_image_src_large":["https:\/\/www.pandamech.com\/wp-content\/uploads\/2022\/08\/w-cement-tanker-2-500x500.jpg",500,500,true],"author_info":[],"comment_info":"","_links":{"self":[{"href":"https:\/\/www.pandamech.com\/france\/wp-json\/wp\/v2\/product\/21499","targetHints":{"allow":["GET"]}}],"collection":[{"href":"https:\/\/www.pandamech.com\/france\/wp-json\/wp\/v2\/product"}],"about":[{"href":"https:\/\/www.pandamech.com\/france\/wp-json\/wp\/v2\/types\/product"}],"version-history":[{"count":1,"href":"https:\/\/www.pandamech.com\/france\/wp-json\/wp\/v2\/product\/21499\/revisions"}],"predecessor-version":[{"id":91274,"href":"https:\/\/www.pandamech.com\/france\/wp-json\/wp\/v2\/product\/21499\/revisions\/91274"}],"wp:featuredmedia":[{"embeddable":true,"href":"https:\/\/www.pandamech.com\/france\/wp-json\/wp\/v2\/media\/58010"}],"wp:attachment":[{"href":"https:\/\/www.pandamech.com\/france\/wp-json\/wp\/v2\/media?parent=21499"}],"wp:term":[{"taxonomy":"product_brand","embeddable":true,"href":"https:\/\/www.pandamech.com\/france\/wp-json\/wp\/v2\/product_brand?post=21499"},{"taxonomy":"product_cat","embeddable":true,"href":"https:\/\/www.pandamech.com\/france\/wp-json\/wp\/v2\/product_cat?post=21499"},{"taxonomy":"product_tag","embeddable":true,"href":"https:\/\/www.pandamech.com\/france\/wp-json\/wp\/v2\/product_tag?post=21499"}],"curies":[{"name":"wp","href":"https:\/\/api.w.org\/{rel}","templated":true}]}}