{"id":21496,"date":"2022-04-15T19:03:33","date_gmt":"2022-04-15T11:03:33","guid":{"rendered":"http:\/\/pandamech.com\/?post_type=product&#038;p=21496"},"modified":"2025-08-23T01:08:44","modified_gmt":"2025-08-22T17:08:44","slug":"40-ton-cement-tanker-trailer-for-sale","status":"publish","type":"product","link":"https:\/\/www.pandamech.com\/france\/product\/40-ton-cement-tanker-trailer-for-sale\/","title":{"rendered":"40 Ton Cement Tanker Trailer For Sale"},"content":{"rendered":"<p>La remorque-citerne \u00e0 ciment est utilis\u00e9e pour le transport de ciment sec en vrac, de chaux en poudre, de sable, de cendres volantes et d'autres mat\u00e9riaux pulv\u00e9rulents en vrac d'un diam\u00e8tre \u2264 0,1 mm. Les remorques \u00e0 ciment sont connues sous le nom de camions-citernes \u00e0 ciment, de camions-citernes \u00e0 ciment et de remorques-silos \u00e0 ciment. Le camion-citerne \u00e0 ciment a \u00e9t\u00e9 introduit pour am\u00e9liorer l'efficacit\u00e9 du transport de l'industrie, gagner du temps, \u00eatre plus s\u00fbr et plus stable.<\/p>\n<p>Remorque \u00e0 ciment de 30 m\u00e8tres cubes d'une capacit\u00e9 de 40 tonnes.<\/p>\n<h2>40 Ton cement tanker trailer images<\/h2>\n<p><img fetchpriority=\"high\" decoding=\"async\" class=\"alignnone wp-image-18918 size-full\" style=\"width: 800px;\" title=\"40 Ton Cement Tanker Trailer For Sale\" src=\"https:\/\/pandamech.com\/wp-content\/uploads\/2022\/06\/40-ton-cement-tanker-trailer-for-sale.jpg\" alt=\"Remorque de transport de vrac sec de 40 tonnes \u00e0 vendre\" width=\"800\" height=\"533\" \/><\/p>\n<p>Fabricant de camion-citerne \u00e0 3 essieux de 40 tonnes pour le transport du ciment<\/p>\n<p><img decoding=\"async\" class=\"alignnone wp-image-18920 size-full\" style=\"width: 800px;\" title=\"40 Ton Cement Tanker Trailer For Sale\" src=\"https:\/\/pandamech.com\/wp-content\/uploads\/2022\/06\/40-ton-cement-tanker-trailer-for-sale-1.jpg\" alt=\"Camion de ciment en vrac de 40 tonnes \" width=\"800\" height=\"533\" \/><\/p>\n<p>remorque de transport de ciment 40 tonnes \u00e0 trois essieux fournisseur Chine<\/p>\n<p style=\"text-align: center;\"><a class=\"product_button\" href=\"#elementor-action%3Aaction%3Dpopup%3Aopen%26settings%3DeyJpZCI6Ijk5MDciLCJ0b2dnbGUiOmZhbHNlfQ%3D%3D\">Obtenir un devis imm\u00e9diat<\/a><\/p>\n<h2>Vid\u00e9o de la remorque du camion-citerne \u00e0 ciment<\/h2>\n<p><iframe title=\"Lecteur vid\u00e9o YouTube\" src=\"https:\/\/www.youtube.com\/embed\/6jNy8uXFBjc\" width=\"800\" height=\"533\" frameborder=\"0\" allowfullscreen=\"allowfullscreen\"><span data-mce-type=\"bookmark\" style=\"display: inline-block; width: 0px; overflow: hidden; line-height: 0;\" class=\"mce_SELRES_start\"><\/span><\/iframe><\/p>\n<h2>Sp\u00e9cification de la remorque-citerne \u00e0 ciment de 40 tonnes<\/h2>\n<table style=\"width: 800px;\" border=\"1\" cellspacing=\"1\" cellpadding=\"1\">\n<tbody>\n<tr>\n<td width=\"221\" height=\"40\">Marque<\/td>\n<td width=\"515\">PANDA Mech 40 Ton bulker trailer<\/td>\n<\/tr>\n<tr>\n<td width=\"221\" height=\"40\">Volume<\/td>\n<td width=\"515\">30 cbm \/ m3<\/td>\n<\/tr>\n<tr>\n<td width=\"221\" height=\"40\">Capacit\u00e9<\/td>\n<td width=\"515\">40 tonnes, 40t<\/td>\n<\/tr>\n<tr>\n<td width=\"221\" height=\"40\">Moteur<\/td>\n<td width=\"515\">WeiCai Deutz diesel moto<\/td>\n<\/tr>\n<tr>\n<td width=\"221\" height=\"40\">Soupape de d\u00e9charge<\/td>\n<td width=\"515\">Valve \u00e0 disque de 4\u2033 (4\u2033 disc valve)<\/td>\n<\/tr>\n<tr>\n<td width=\"221\" height=\"40\">Dimension<\/td>\n<td>9500*2500*3600 mm<\/td>\n<\/tr>\n<tr>\n<td width=\"221\" height=\"40\">Mat\u00e9riau du r\u00e9servoir<\/td>\n<td width=\"515\">Acier \u00e0 haute r\u00e9sistance de 5 ou 6 mm<\/td>\n<\/tr>\n<tr>\n<td width=\"221\" height=\"40\">Train d'atterrissage<\/td>\n<td width=\"515\">JOST 28T<\/td>\n<\/tr>\n<tr>\n<td width=\"221\" height=\"40\">Suspension<\/td>\n<td width=\"515\">Suspension m\u00e9canique ou suspension pneumatique<\/td>\n<\/tr>\n<tr>\n<td width=\"221\" height=\"40\">Syst\u00e8me de freinage<\/td>\n<td width=\"515\">Chambre T30\/30, valve d'urgence WABCO<\/td>\n<\/tr>\n<tr>\n<td width=\"221\" height=\"40\">Essieu de remorque pour vrac<\/td>\n<td width=\"515\">1 \u00e0 4 ensembles, essieux de 13, 16 et 20 tonnes, BPW ou SAF<\/td>\n<\/tr>\n<tr>\n<td width=\"221\" height=\"40\">Pneu<\/td>\n<td width=\"515\">12R22.5, 385\/65R22.5, 13R22.5, 12.00R24, 315\/80R22.5<\/td>\n<\/tr>\n<tr>\n<td width=\"221\" height=\"40\">Goupille royale<\/td>\n<td width=\"515\">JOST 2\u2033 ou 3.5 type d\u00e9tachable<\/td>\n<\/tr>\n<tr>\n<td width=\"221\" height=\"76\">Pi\u00e8ces d\u00e9tach\u00e9es<\/td>\n<td width=\"515\">Main courante pneumatique, moteur de marque r\u00e9put\u00e9e, essieu, pneu, fils \u00e9tanches, tuyau semi-m\u00e9trique, soupapes, soupape de d\u00e9charge, airbag int\u00e9rieur, train d'atterrissage, dispositif de pulv\u00e9risation d'eau, protection lat\u00e9rale et bo\u00eete \u00e0 outils, plaque d'\u00e9gout, soufflerie pneumatique pour remorque.<\/td>\n<\/tr>\n<\/tbody>\n<\/table>\n<p style=\"text-align: center;\"><a class=\"product_button\" href=\"#elementor-action%3Aaction%3Dpopup%3Aopen%26settings%3DeyJpZCI6Ijk5MDciLCJ0b2dnbGUiOmZhbHNlfQ%3D%3D\">Cliquez pour plus de d\u00e9tails<\/a><\/p>\n<h2>Fonctionnalit\u00e9<\/h2>\n<ul>\n<li>1. Meilleur acier brut : Le corps du r\u00e9servoir et la construction en acier \u00e0 haute r\u00e9sistance YP \u2265 620 garantissent une dur\u00e9e de vie plus longue et un poids \u00e0 vide plus l\u00e9ger.<\/li>\n<li>2. Excellentes performances, la conception unique assure un taux de d\u00e9chargement de 1,3 t\/min, une distance de d\u00e9chargement verticale de 30 m.<\/li>\n<li>3. Qualit\u00e9 de la soudure :  Un bon acier avec des soudures de qualit\u00e9 permet une garantie plus longue pour les camions-citernes de 40 tonnes.<\/li>\n<li>4. Peinture durable : l'ensemble du v\u00e9hicule est nettoy\u00e9 par grenaillage pour \u00eatre peint, deux fois l'appr\u00eat permettent de prolonger la dur\u00e9e de vie de la peinture.<\/li>\n<li>5. Conception des semi-remorques pour le transport des cendres volantes : dessin en 3D avec Ansys &amp; Hypermesh Analyser la conception du bon support.<\/li>\n<\/ul>\n<p style=\"text-align: center;\"><a class=\"product_button\" href=\"#elementor-action%3Aaction%3Dpopup%3Aopen%26settings%3DeyJpZCI6Ijk5MDciLCJ0b2dnbGUiOmZhbHNlfQ%3D%3D\">Cliquez pour plus de d\u00e9tails<\/a><\/p>\n<h2>Transport maritime d'une remorque-citerne \u00e0 ciment<\/h2>\n<p>Nous commandons le Freightliner \u00e0 l'avance, avant que la production ne soit termin\u00e9e, et proc\u00e9dons \u00e0 une inspection une fois la production termin\u00e9e. Le camion-citerne \u00e0 ciment inspect\u00e9 vous sera exp\u00e9di\u00e9 dans les d\u00e9lais les plus brefs.<\/p>\n<p>Afin d'\u00e9viter que la peinture de la remorque de transport de sable de ciment ne soit corrod\u00e9e par l'eau de mer, nous pulv\u00e9risons une couche de cire sur la surface de la remorque du camion-citerne avant le transport.<\/p>\n<p>Nous envelopperons tous les moteurs diesel des remorques-citernes de 40 tonnes de ciment en vrac d'un tissu imperm\u00e9able.<\/p>\n<p><img decoding=\"async\" class=\"alignnone wp-image-33095 size-full\" src=\"https:\/\/pandamech.com\/wp-content\/uploads\/2022\/10\/cement-trailer-transport-2.jpg\" alt=\"Transport maritime d&#039;une remorque-citerne \u00e0 ciment\" width=\"750\" height=\"400\" title=\"\"><\/p>\n<h2>Panda Mech<\/h2>\n<p>Panda Mech est un fabricant de remorque citerne \u00e0 ciment 40 tonnes en Chine. Nous fournissons des remorques-citernes \u00e0 ciment de 40 tonnes \u00e0 vendre. Les fabricants de Panda Mech ont connu le succ\u00e8s en Asie du Sud-Est, au Moyen-Orient, en Afrique et en Am\u00e9rique du Sud, tels que les Philippines, la Tanzanie, etc...<\/p>\n<p><a href=\"https:\/\/www.pandamech.com\/france\/contact-us\/\" target=\"_blank\" rel=\"noopener\"><img loading=\"lazy\" decoding=\"async\" class=\"alignnone\" src=\"https:\/\/pandamech.com\/wp-content\/uploads\/2021\/08\/quotation.jpg\" alt=\"Remorques de camions de ciment de 40 tonnes \u00e0 vendre\" width=\"864\" height=\"213\" title=\"\"><\/a><\/p>","protected":false},"excerpt":{"rendered":"<p>Type : remorque-citerne \u00e0 ciment de 40 tonnes \u00e0 3 essieux<\/p>\n<p>Gamme de prix : $15 900-28 500<\/p>\n<p>D\u00e9lai de livraison : 7-25 jours<\/p>\n<p>D\u00e9chargement plus rapide : &gt;1,5 tonne\/min<\/p>\n<p>Application : transport de ciment, de particules de PVC, de cendres volantes, de mat\u00e9riaux granulaires, etc.<\/p>","protected":false},"featured_media":57806,"template":"","meta":{"_acf_changed":false,"_kad_blocks_custom_css":"","_kad_blocks_head_custom_js":"","_kad_blocks_body_custom_js":"","_kad_blocks_footer_custom_js":"","_kad_post_transparent":"default","_kad_post_title":"","_kad_post_layout":"default","_kad_post_sidebar_id":"","_kad_post_content_style":"default","_kad_post_vertical_padding":"default","_kad_post_feature":"","_kad_post_feature_position":"","_kad_post_header":false,"_kad_post_footer":false,"_kad_post_classname":""},"product_brand":[],"product_cat":[101],"product_tag":[],"class_list":{"0":"post-21496","1":"product","2":"type-product","3":"status-publish","4":"has-post-thumbnail","6":"product_cat-cement-tanker","8":"first","9":"instock","10":"sold-individually","11":"shipping-taxable","12":"purchasable","13":"product-type-simple","14":"entry","15":"content-bg","16":"loop-entry"},"acf":[],"taxonomy_info":{"product_cat":[{"value":101,"label":"Cement Tanker For Sale"}]},"featured_image_src_large":["https:\/\/www.pandamech.com\/wp-content\/uploads\/2022\/08\/3-1-500x500.jpg",500,500,true],"author_info":[],"comment_info":"","_links":{"self":[{"href":"https:\/\/www.pandamech.com\/france\/wp-json\/wp\/v2\/product\/21496","targetHints":{"allow":["GET"]}}],"collection":[{"href":"https:\/\/www.pandamech.com\/france\/wp-json\/wp\/v2\/product"}],"about":[{"href":"https:\/\/www.pandamech.com\/france\/wp-json\/wp\/v2\/types\/product"}],"version-history":[{"count":1,"href":"https:\/\/www.pandamech.com\/france\/wp-json\/wp\/v2\/product\/21496\/revisions"}],"predecessor-version":[{"id":91444,"href":"https:\/\/www.pandamech.com\/france\/wp-json\/wp\/v2\/product\/21496\/revisions\/91444"}],"wp:featuredmedia":[{"embeddable":true,"href":"https:\/\/www.pandamech.com\/france\/wp-json\/wp\/v2\/media\/57806"}],"wp:attachment":[{"href":"https:\/\/www.pandamech.com\/france\/wp-json\/wp\/v2\/media?parent=21496"}],"wp:term":[{"taxonomy":"product_brand","embeddable":true,"href":"https:\/\/www.pandamech.com\/france\/wp-json\/wp\/v2\/product_brand?post=21496"},{"taxonomy":"product_cat","embeddable":true,"href":"https:\/\/www.pandamech.com\/france\/wp-json\/wp\/v2\/product_cat?post=21496"},{"taxonomy":"product_tag","embeddable":true,"href":"https:\/\/www.pandamech.com\/france\/wp-json\/wp\/v2\/product_tag?post=21496"}],"curies":[{"name":"wp","href":"https:\/\/api.w.org\/{rel}","templated":true}]}}