{"id":21489,"date":"2022-04-06T19:03:33","date_gmt":"2022-04-06T11:03:33","guid":{"rendered":"http:\/\/pandamech.com\/?post_type=product&#038;p=21489"},"modified":"2025-08-23T01:08:45","modified_gmt":"2025-08-22T17:08:45","slug":"water-tanker-semi-trailer-for-sale","status":"publish","type":"product","link":"https:\/\/www.pandamech.com\/france\/product\/water-tanker-semi-trailer-for-sale\/","title":{"rendered":"Semi-remorque citerne d'eau \u00e0 vendre"},"content":{"rendered":"<p>Remorques citernes utilis\u00e9es pour le transport de l'eau et de l'eau potable.<\/p>\n<p>Remorques citernes d'eau capacit\u00e9 30-60 KL, 30,000-60,000 litres, 8000-16000 gallons.<\/p>\n<h2>Remorque citerne \u00e0 eau 45000 litres \u00e0 3 essieux images<\/h2>\n<p><img decoding=\"async\" src=\"\/wp-content\/uploads\/u_file\/dc594dbfbc.jpg\" alt=\"v\u00e9hicule semi-remorque \u00e0 r\u00e9servoir d&#039;eau \u00e0 vendre\" title=\"\"><br \/>\n3 essieux 45000 litres Panda water tanker semi trailer for sale<br \/>\n<img decoding=\"async\" src=\"\/wp-content\/uploads\/u_file\/623fac9bb2.jpg\" alt=\"remorque-citerne pour le transport de l&#039;eau\" title=\"\"><br \/>\nV\u00e9hicule de transport d'eau Panda \u00e0 vendre<br \/>\n<img decoding=\"async\" src=\"\/wp-content\/uploads\/u_file\/678523fda8.jpg\" alt=\"remorques citernes panda \u00e0 vendre\" title=\"\"><br \/>\nSemi-remorque citerne \u00e0 eau 45000 litres 3 essieux \u00e0 Dubai - <a href=\"https:\/\/www.pandamech.com\/france\/product\/3-axle-45000-liters-fuel-tank-trailer\/\" target=\"_blank\" rel=\"noopener\">Semi-remorque avec r\u00e9servoir d'huile de 45000 litres<\/a><\/p>\n<h2>Vid\u00e9o de la semi-remorque de transport d'eau<\/h2>\n<p><iframe style=\"width: 800px;\" src=\"https:\/\/www.youtube.com\/embed\/3hkTZWC65C0\" height=\"533\" frameborder=\"0\" scrolling=\"no\" allowfullscreen=\"allowfullscreen\"><\/iframe><\/p>\n<h2>Sp\u00e9cifications de la remorque du camion-citerne \u00e0 eau<\/h2>\n<table style=\"width: 800px;\" border=\"1\" cellspacing=\"1\" cellpadding=\"1\">\n<tbody>\n<tr>\n<td width=\"296\" height=\"44\">\u00a0Marque<\/td>\n<td width=\"424\">\u00a0Semi-remorque citerne d'eau<\/td>\n<\/tr>\n<tr>\n<td width=\"296\" height=\"44\">\u00a0Dimensions de la remorque-citerne \u00e0 eau<\/td>\n<td width=\"424\">\u00a010500-12500*2500*3650mm, 44*8*12 ft<\/td>\n<\/tr>\n<tr>\n<td width=\"296\" height=\"44\">\u00a0Poids \u00e0 vide (kg)<\/td>\n<td width=\"424\">\u00a0Environ 9900<\/td>\n<\/tr>\n<tr>\n<td width=\"296\" height=\"44\">\u00a0Charge utile (kg)<\/td>\n<td width=\"424\">\u00a0Environ 40000kg<\/td>\n<\/tr>\n<tr>\n<td width=\"296\" height=\"44\">\u00a0Mat\u00e9riau et \u00e9paisseur du r\u00e9servoir (mm)<\/td>\n<td width=\"424\">\u00a0int\u00e9rieur 5mm acier inoxydable de qualit\u00e9 alimentaire, milieu 80mm couche de mousse isolante, ext\u00e9rieur 2mm ordinaire, forme bross\u00e9e inoxydable<\/td>\n<\/tr>\n<tr>\n<td width=\"296\" height=\"44\">\u00a0Capacit\u00e9 de la remorque du camion-citerne \u00e0 eau<\/td>\n<td width=\"424\">\u00a030-60 kl, 7925-15850 gallons<\/td>\n<\/tr>\n<tr>\n<td width=\"296\" height=\"95\">\u00a0configuration standard<\/td>\n<td width=\"424\">\u00a0avec un dispositif de nettoyage automatique PIC, une vanne de qualit\u00e9 alimentaire et une interface, une vanne de ventilation sur le dessus du r\u00e9servoir, cinq sorties en acier inoxydable de 3\u201d \u00e0 l'arri\u00e8re du r\u00e9servoir, un porte-pneu de secours, une bo\u00eete \u00e0 outils, une \u00e9chelle arri\u00e8re, etc.<\/td>\n<\/tr>\n<tr>\n<td width=\"296\" height=\"44\">\u00a0Essieu<\/td>\n<td width=\"424\">\u00a02 \/ 3 \/ 4 essieux<\/td>\n<\/tr>\n<tr>\n<td width=\"296\" height=\"44\">\u00a0Charge \u00e0 l'essieu (Kg)<\/td>\n<td width=\"424\">\u00a013000<\/td>\n<\/tr>\n<tr>\n<td width=\"296\" height=\"44\">\u00a0Type de suspension<\/td>\n<td width=\"424\">\u00a0FUWA Suspension \u00e0 lames<\/td>\n<\/tr>\n<tr>\n<td width=\"296\" height=\"44\">\u00a0Freins<\/td>\n<td width=\"424\">\u00a0Frein \u00e0 air comprim\u00e9 \u00e0 4 canaux<\/td>\n<\/tr>\n<tr>\n<td width=\"296\" height=\"44\">\u00a0\u00e9lectrique<\/td>\n<td width=\"424\">\u00a024V, avec raccords pneumatiques et prise \u00e0 sept p\u00f4les<\/td>\n<\/tr>\n<tr>\n<td width=\"296\" height=\"44\">\u00a0Mat\u00e9riau<\/td>\n<td width=\"424\">\u00a0Acier ou aluminium<\/td>\n<\/tr>\n<tr>\n<td width=\"296\" height=\"44\">\u00a0Type de pneu<\/td>\n<td width=\"424\">\u00a012R22.5 ou 11:00R20<\/td>\n<\/tr>\n<tr>\n<td width=\"296\" height=\"44\">\u00a0Kingpin<\/td>\n<td width=\"424\">\u00a03-1\/2\u2033 ou 2-1\/2\u201d<\/td>\n<\/tr>\n<tr>\n<td width=\"296\" height=\"44\">\u00a0Localisation<\/td>\n<td width=\"424\">\u00a0Shandong, Chine<\/td>\n<\/tr>\n<tr>\n<td width=\"296\" height=\"44\"><u><a href=\"\/france\/contact-us\/\">Demande de renseignements<\/a><\/u><\/td>\n<td width=\"424\"><u><a href=\"\/france\/contact-us\/\">Obtenir un devis<\/a><\/u><\/td>\n<\/tr>\n<\/tbody>\n<\/table>\n<h2>Fabricant de semi-remorques citernes<\/h2>\n<p>Panda Mech est un fabricant de semi-remorque citerne en Chine. Si vous voulez acheter des semi-remorques citernes, veuillez nous contacter.<\/p>\n<p>Il existe de nombreux fabricants de remorques \u00e0 r\u00e9servoir d'eau dans le monde, tels que d'autres fabricants, des fournisseurs nane, des fournisseurs wowo, etc. Les diff\u00e9rents fournisseurs ont des avantages diff\u00e9rents,<\/p>\n<h2>Semi-citerne \u00e0 eau \u00e0 vendre<\/h2>\n<p>Nous sommes un fabricant chinois de remorques-citernes \u00e0 eau. Nous fournissons des remorques-citernes \u00e0 eau 30-60 KL pour la vente. Nous pouvons la personnaliser selon vos besoins. Le prix de la remorque citerne \u00e0 eau d\u00e9pend des sp\u00e9cifications. Nous pouvons la personnaliser en fonction de vos besoins.<\/p>\n<p>Les fabricants de Panda Mech ont connu le succ\u00e8s en Asie du Sud-Est, au Moyen-Orient, en Afrique et en Am\u00e9rique du Sud, notamment aux Philippines, en Tanzanie, au Nigeria, etc...<u><a href=\"https:\/\/www.pandamech.com\/france\/about\/\" rel=\"nofollow noopener\" name=\"662ae8fb-4e4e-4cc5-876a-6bfaecae5a2d\" target=\"_blank\">En savoir plus sur le panda<\/a><\/u><\/p>\n<p><a href=\"\/france\/contact-us\/\"><img decoding=\"async\" src=\"\/wp-content\/uploads\/u_file\/db8ce19fe3.jpg\" alt=\"Semi-remorque citerne d&#039;eau \u00e0 vendre\" title=\"\"><\/a><\/p>","protected":false},"excerpt":{"rendered":"<p>Type : remorque-citerne \u00e0 eau<\/p>\n<p>Gamme de prix : $16 000-26 900<\/p>\n<p>Livraison : 7-25 jours<\/p>\n<p>Applications : transport de l'eau<\/p>","protected":false},"featured_media":57738,"template":"","meta":{"_acf_changed":false,"_kad_blocks_custom_css":"","_kad_blocks_head_custom_js":"","_kad_blocks_body_custom_js":"","_kad_blocks_footer_custom_js":"","_kad_post_transparent":"default","_kad_post_title":"","_kad_post_layout":"default","_kad_post_sidebar_id":"","_kad_post_content_style":"default","_kad_post_vertical_padding":"default","_kad_post_feature":"","_kad_post_feature_position":"","_kad_post_header":false,"_kad_post_footer":false,"_kad_post_classname":""},"product_brand":[],"product_cat":[109,114,95],"product_tag":[],"class_list":{"0":"post-21489","1":"product","2":"type-product","3":"status-publish","4":"has-post-thumbnail","6":"product_cat-fuel-tanker","7":"product_cat-stainless-tank-trailer","8":"product_cat-tank-trailer","10":"first","11":"instock","12":"sold-individually","13":"shipping-taxable","14":"purchasable","15":"product-type-simple","16":"entry","17":"content-bg","18":"loop-entry"},"acf":[],"taxonomy_info":{"product_cat":[{"value":109,"label":"Fuel Tanker Trailer"},{"value":114,"label":"Stainless Steel Tank Trailer"},{"value":95,"label":"Tank Trailer"}]},"featured_image_src_large":["https:\/\/www.pandamech.com\/wp-content\/uploads\/2022\/08\/2-114-500x500.jpg",500,500,true],"author_info":[],"comment_info":"","_links":{"self":[{"href":"https:\/\/www.pandamech.com\/france\/wp-json\/wp\/v2\/product\/21489","targetHints":{"allow":["GET"]}}],"collection":[{"href":"https:\/\/www.pandamech.com\/france\/wp-json\/wp\/v2\/product"}],"about":[{"href":"https:\/\/www.pandamech.com\/france\/wp-json\/wp\/v2\/types\/product"}],"version-history":[{"count":1,"href":"https:\/\/www.pandamech.com\/france\/wp-json\/wp\/v2\/product\/21489\/revisions"}],"predecessor-version":[{"id":91454,"href":"https:\/\/www.pandamech.com\/france\/wp-json\/wp\/v2\/product\/21489\/revisions\/91454"}],"wp:featuredmedia":[{"embeddable":true,"href":"https:\/\/www.pandamech.com\/france\/wp-json\/wp\/v2\/media\/57738"}],"wp:attachment":[{"href":"https:\/\/www.pandamech.com\/france\/wp-json\/wp\/v2\/media?parent=21489"}],"wp:term":[{"taxonomy":"product_brand","embeddable":true,"href":"https:\/\/www.pandamech.com\/france\/wp-json\/wp\/v2\/product_brand?post=21489"},{"taxonomy":"product_cat","embeddable":true,"href":"https:\/\/www.pandamech.com\/france\/wp-json\/wp\/v2\/product_cat?post=21489"},{"taxonomy":"product_tag","embeddable":true,"href":"https:\/\/www.pandamech.com\/france\/wp-json\/wp\/v2\/product_tag?post=21489"}],"curies":[{"name":"wp","href":"https:\/\/api.w.org\/{rel}","templated":true}]}}