{"id":21485,"date":"2022-07-12T19:03:32","date_gmt":"2022-07-12T11:03:32","guid":{"rendered":"http:\/\/pandamech.com\/?post_type=product&#038;p=21485"},"modified":"2026-01-05T16:08:33","modified_gmt":"2026-01-05T08:08:33","slug":"25-80-ton-cement-silo-semi-trailer","status":"publish","type":"product","link":"https:\/\/www.pandamech.com\/france\/product\/25-80-ton-cement-silo-semi-trailer\/","title":{"rendered":"Semi-remorque silo \u00e0 ciment 25-80 tonnes"},"content":{"rendered":"<p>La remorque silo \u00e0 ciment est connue sous le nom de semi-remorque silo \u00e0 ciment, remorque silo pour vrac sec, <span style=\"color: #0000ff;\"><a style=\"color: #0000ff;\" href=\"https:\/\/www.pandamech.com\/product\/3-axle-55-ton-cement-bulker-trailer\/\" target=\"_blank\" rel=\"noopener\">vrac de ciment<\/a><\/span>. La remorque-silo \u00e0 ciment convient au transport de ciment en vrac, de cendres de charbon, de chaux en poudre, de poudres min\u00e9rales, de cendres volantes et d'autres mat\u00e9riaux en poudre dont le diam\u00e8tre des particules ne d\u00e9passe pas 0,1 mm.<\/p>\n<p>La remorque-silo \u00e0 ciment Panda Mech est principalement utilis\u00e9e dans les cimenteries, les entrep\u00f4ts de ciment et les grands chantiers de construction. La remorque silo \u00e0 ciment r\u00e9duira la <span style=\"color: #0000ff;\"><a style=\"color: #0000ff;\" href=\"https:\/\/www.pandamech.com\/france\/product\/bulk-powder-tanker-p00149p1-html\/\" target=\"_blank\" rel=\"noopener\">camion-citerne \u00e0 poudre<\/a><\/span> le taux de perte de mati\u00e8re et am\u00e9liorer l'efficacit\u00e9 du chargement et du d\u00e9chargement.<\/p>\n<h2>39CBM remorque silo \u00e0 ciment images<\/h2>\n<p><img fetchpriority=\"high\" decoding=\"async\" class=\"alignnone wp-image-22237 size-full\" src=\"https:\/\/pandamech.com\/wp-content\/uploads\/2021\/08\/8-104.jpg\" alt=\"Semi-remorque silo \u00e0 ciment 25-80 tonnes\" width=\"800\" height=\"533\" title=\"\"><\/p>\n<p>Remorque silo \u00e0 ciment 39cbm fabricant<\/p>\n<p><img decoding=\"async\" class=\"alignnone wp-image-22236 size-full\" src=\"https:\/\/pandamech.com\/wp-content\/uploads\/2021\/08\/7-124.jpg\" alt=\"Semi-remorque silo \u00e0 ciment 25-80 tonnes\" width=\"800\" height=\"533\" title=\"\"><\/p>\n<p>Silo \u00e0 ciment 39m3 semi-remorque pour la vente<\/p>\n<p style=\"text-align: center;\"><a class=\"product_button\" href=\"#elementor-action%3Aaction%3Dpopup%3Aopen%26settings%3DeyJpZCI6Ijk5MDciLCJ0b2dnbGUiOmZhbHNlfQ%3D%3D\">Obtenir un devis imm\u00e9diat<\/a><\/p>\n<h2>Sp\u00e9cification de la remorque du silo \u00e0 ciment<\/h2>\n<table style=\"width: 800px;\" border=\"1\" cellspacing=\"1\" cellpadding=\"1\">\n<tbody>\n<tr>\n<td width=\"247\" height=\"36\">\u00a0Marque<\/td>\n<td width=\"540\">\u00a0PANDA Mech citerne \u00e0 ciment en vrac<\/td>\n<\/tr>\n<tr>\n<td width=\"247\" height=\"36\">\u00a0Volume du silo-citerne<\/td>\n<td width=\"540\">\u00a020-70 cbm\/m3<\/td>\n<\/tr>\n<tr>\n<td width=\"247\" height=\"36\">\u00a0Capacit\u00e9 de la remorque du silo<\/td>\n<td width=\"540\">\u00a025-80 tonnes<\/td>\n<\/tr>\n<tr>\n<td width=\"247\" height=\"36\">\u00a0Moteur<\/td>\n<td width=\"540\">\u00a0WeiCai Deutz diesel moto<\/td>\n<\/tr>\n<tr>\n<td width=\"247\" height=\"36\">\u00a0Dimension de la remorque du silo<\/td>\n<td width=\"540\">\u00a08000-13500 * 2550 * 3300-3600 mm<\/td>\n<\/tr>\n<tr>\n<td width=\"247\" height=\"36\">\u00a0Mat\u00e9riau du r\u00e9servoir<\/td>\n<td width=\"540\">\u00a0Acier \u00e0 haute r\u00e9sistance de 5 ou 6 mm<\/td>\n<\/tr>\n<tr>\n<td width=\"247\" height=\"36\">\u00a0Train d'atterrissage<\/td>\n<td width=\"540\">\u00a0JOST 28T<\/td>\n<\/tr>\n<tr>\n<td width=\"247\" height=\"36\">\u00a0Suspension<\/td>\n<td width=\"540\">\u00a0Suspension m\u00e9canique ou suspension pneumatique<\/td>\n<\/tr>\n<tr>\n<td width=\"247\" height=\"36\">\u00a0Essieu<\/td>\n<td width=\"540\">\u00a01 \u00e0 4 ensembles, essieux de 13, 16 et 20 tonnes, BPW ou SAF<\/td>\n<\/tr>\n<tr>\n<td width=\"247\" height=\"36\">\u00a0Pneu<\/td>\n<td width=\"540\">\u00a012R22.5, 385\/65R22.5, 13R22.5, 12.00R24, 315\/80R22.5<\/td>\n<\/tr>\n<tr>\n<td width=\"247\" height=\"36\">\u00a0Goupille royale<\/td>\n<td width=\"540\">\u00a0JOST 2\u2033 ou 3.5 type d\u00e9tachable<\/td>\n<\/tr>\n<tr>\n<td width=\"247\" height=\"54\">\u00a0Pi\u00e8ces pour remorques de silos<\/td>\n<td width=\"540\">\u00a0Main courante pneumatique, moteur de marque r\u00e9put\u00e9e, essieu, pneu, fils \u00e9tanches, tuyau semi-m\u00e9trique, vannes, soupape de d\u00e9charge, coussin gonflable int\u00e9rieur, train d'atterrissage, dispositif de pulv\u00e9risation d'eau, protection lat\u00e9rale et bo\u00eete \u00e0 outils, couvercle de trou d'homme, soufflerie de silo \u00e0 ciment en vrac, pi\u00e8ces d\u00e9tach\u00e9es.<\/td>\n<\/tr>\n<\/tbody>\n<\/table>\n<h2>Prix de la remorque-silo \u00e0 ciment<\/h2>\n<table border=\"2\" width=\"664\" cellspacing=\"1\" cellpadding=\"1\">\n<tbody>\n<tr>\n<td width=\"292\" height=\"42\">\u00a0Capacit\u00e9<\/td>\n<td width=\"372\">\u00a0Prix (USD)<\/td>\n<\/tr>\n<tr>\n<td height=\"42\">\u00a025-40 tonnes. 20-30m3<\/td>\n<td>\u00a0$12800-$19000<\/td>\n<\/tr>\n<tr>\n<td height=\"42\">\u00a040-50 tonnes, 30-40m3<\/td>\n<td>\u00a0$13500-$20600<\/td>\n<\/tr>\n<tr>\n<td height=\"42\">\u00a050-60 tonnes, 40m3-50m3<\/td>\n<td>\u00a0$14000-$27800<\/td>\n<\/tr>\n<tr>\n<td height=\"42\">\u00a0\u226560ton, 50m3<\/td>\n<td>\u00a0personnaliser, \u2265$15000<\/td>\n<\/tr>\n<\/tbody>\n<\/table>\n<p style=\"text-align: center;\"><a class=\"product_button\" href=\"#elementor-action%3Aaction%3Dpopup%3Aopen%26settings%3DeyJpZCI6Ijk5MDciLCJ0b2dnbGUiOmZhbHNlfQ%3D%3D\">Obtenir un devis imm\u00e9diat<\/a><\/p>\n<h2>Transport de silos \u00e0 ciment sur remorque<\/h2>\n<p>Nous pouvons personnaliser les citernes \u00e0 silo, les remorques \u00e0 vide et les vraquiers \u00e0 bascule. Nos remorques-silos sont vendues dans le monde entier et circulent sur les cinq continents.<\/p>\n<p>Nos clients sont d'importants fabricants des secteurs de l'alimentation, du plastique, de la construction et des produits chimiques non dangereux.<\/p>\n<p>Notre silo <span style=\"color: #0000ff;\"><a style=\"color: #0000ff;\" href=\"https:\/\/www.pandamech.com\/france\/category\/pneumatic-trailer\/cement-tanker\/\" target=\"_blank\" rel=\"noopener\">remorques \u00e0 ciment<\/a> <\/span>peut charger jusqu'\u00e0 80 tonnes, et la plus petite ne peut charger que 25 tonnes. La remorque-citerne \u00e0 silo que nous produisons adopte les derni\u00e8res technologies, ce qui am\u00e9liore consid\u00e9rablement la s\u00e9curit\u00e9, le chargement et la carrosserie elle-m\u00eame. Le poids a \u00e9t\u00e9 consid\u00e9rablement r\u00e9duit.<\/p>\n<p>\u00c0 l'avenir, nous \u00e9quiperons \u00e9galement les v\u00e9hicules de technologies t\u00e9l\u00e9matiques et de gestion des transports pour suivre et rep\u00e9rer les v\u00e9hicules, afin d'obtenir la programmation et la pr\u00e9diction les plus pr\u00e9cises possibles, de sorte que les clients puissent toujours conna\u00eetre l'emplacement de la remorque.<\/p>\n<h2>Comment transporter les remorques-citernes \u00e0 silo ?<\/h2>\n<p>Nous commandons le navire avant la fin de la production et l'inspectons apr\u00e8s la pr\u00e9sentation. La remorque inspect\u00e9e vous sera exp\u00e9di\u00e9e dans les meilleurs d\u00e9lais.<\/p>\n<p>Pour \u00e9viter que la peinture de la remorque-citerne \u00e0 ciment ne soit corrod\u00e9e par l'eau de mer, nous pulv\u00e9risons une couche de cire sur la surface de la remorque-citerne \u00e0 poudre avant le transport.<\/p>\n<p>Nous envelopperons tous les moteurs diesel des camions-citernes de pluie.<\/p>\n<p><img decoding=\"async\" class=\"alignnone size-full wp-image-33096\" src=\"https:\/\/pandamech.com\/wp-content\/uploads\/2022\/10\/cement-trailer-transport4.jpg\" alt=\"transport de ciment par camion-citerne\" width=\"750\" height=\"400\" title=\"\"><\/p>\n<p style=\"text-align: center;\"><a class=\"product_button\" href=\"#elementor-action%3Aaction%3Dpopup%3Aopen%26settings%3DeyJpZCI6Ijk5MDciLCJ0b2dnbGUiOmZhbHNlfQ%3D%3D\">Obtenir un devis imm\u00e9diat<\/a><\/p>\n<h2>Panda Mech<\/h2>\n<p>Panda est un fabricant de remorque-citerne silo \u00e0 ciment 25-80 tonnes en Chine. Nous fournissons la remorque-citerne silo \u00e0 ciment 25-80 tonnes pour la vente. Nous pouvons les personnaliser selon vos besoins.<\/p>\n<p>Panda dispose de machines de fabrication de premier ordre et de divers \u00e9quipements d'essai, introduit des technologies internationales de pointe et effectue des recherches sur les fabricants de camions c\u00e9l\u00e8bres afin d'am\u00e9liorer la qualit\u00e9 de la conception. Chaque v\u00e9hicule est produit par des ouvriers comp\u00e9tents et exp\u00e9riment\u00e9s qui passent 120 inspections de contr\u00f4le de qualit\u00e9 et fournissent des produits parfaits au monde entier. Plus...<\/p>\n<p><a href=\"https:\/\/www.pandamech.com\/france\/contact-us\/\" target=\"_blank\" rel=\"noopener\"><img loading=\"lazy\" decoding=\"async\" src=\"https:\/\/pandamech.com\/wp-content\/uploads\/2021\/08\/quotation.jpg\" alt=\"cotation\" width=\"864\" height=\"213\" title=\"\"><\/a><\/p>","protected":false},"excerpt":{"rendered":"<p><strong>Type<\/strong>Remorque silo \u00e0 ciment : remorque silo \u00e0 ciment<\/p>\n<p><strong>Prix<\/strong>21,800-39,500 USD<\/p>\n<p><strong>Transport<\/strong>7-25 jours<\/p>\n<p><strong>Vitesse de d\u00e9chargement<\/strong>\u00a0: &gt;1,5 tonne\/min<\/p>\n<p><strong>Application<\/strong>Transport de cendres volantes, de ciment, de chaux en poudre, de minerai en poudre, de granul\u00e9s alcalins, etc.<\/p>","protected":false},"featured_media":57756,"template":"","meta":{"_acf_changed":false,"_kad_blocks_custom_css":"","_kad_blocks_head_custom_js":"","_kad_blocks_body_custom_js":"","_kad_blocks_footer_custom_js":"","_kad_post_transparent":"default","_kad_post_title":"","_kad_post_layout":"default","_kad_post_sidebar_id":"","_kad_post_content_style":"default","_kad_post_vertical_padding":"default","_kad_post_feature":"","_kad_post_feature_position":"","_kad_post_header":false,"_kad_post_footer":false,"_kad_post_classname":""},"product_brand":[],"product_cat":[15],"product_tag":[],"class_list":{"0":"post-21485","1":"product","2":"type-product","3":"status-publish","4":"has-post-thumbnail","6":"product_cat-uncategorized","8":"first","9":"instock","10":"sold-individually","11":"shipping-taxable","12":"purchasable","13":"product-type-simple","14":"entry","15":"content-bg","16":"loop-entry"},"acf":[],"taxonomy_info":{"product_cat":[{"value":15,"label":"Uncategorized"}]},"featured_image_src_large":["https:\/\/www.pandamech.com\/wp-content\/uploads\/2022\/08\/2-38-500x500.jpg",500,500,true],"author_info":[],"comment_info":"","_links":{"self":[{"href":"https:\/\/www.pandamech.com\/france\/wp-json\/wp\/v2\/product\/21485","targetHints":{"allow":["GET"]}}],"collection":[{"href":"https:\/\/www.pandamech.com\/france\/wp-json\/wp\/v2\/product"}],"about":[{"href":"https:\/\/www.pandamech.com\/france\/wp-json\/wp\/v2\/types\/product"}],"version-history":[{"count":1,"href":"https:\/\/www.pandamech.com\/france\/wp-json\/wp\/v2\/product\/21485\/revisions"}],"predecessor-version":[{"id":91366,"href":"https:\/\/www.pandamech.com\/france\/wp-json\/wp\/v2\/product\/21485\/revisions\/91366"}],"wp:featuredmedia":[{"embeddable":true,"href":"https:\/\/www.pandamech.com\/france\/wp-json\/wp\/v2\/media\/57756"}],"wp:attachment":[{"href":"https:\/\/www.pandamech.com\/france\/wp-json\/wp\/v2\/media?parent=21485"}],"wp:term":[{"taxonomy":"product_brand","embeddable":true,"href":"https:\/\/www.pandamech.com\/france\/wp-json\/wp\/v2\/product_brand?post=21485"},{"taxonomy":"product_cat","embeddable":true,"href":"https:\/\/www.pandamech.com\/france\/wp-json\/wp\/v2\/product_cat?post=21485"},{"taxonomy":"product_tag","embeddable":true,"href":"https:\/\/www.pandamech.com\/france\/wp-json\/wp\/v2\/product_tag?post=21485"}],"curies":[{"name":"wp","href":"https:\/\/api.w.org\/{rel}","templated":true}]}}