{"id":21484,"date":"2022-07-11T19:03:32","date_gmt":"2022-07-11T11:03:32","guid":{"rendered":"http:\/\/pandamech.com\/?post_type=product&#038;p=21484"},"modified":"2025-08-23T01:07:58","modified_gmt":"2025-08-22T17:07:58","slug":"flatbed-tractor-trailer-for-sale-p00110p1-html","status":"publish","type":"product","link":"https:\/\/www.pandamech.com\/france\/product\/flatbed-tractor-trailer-for-sale-p00110p1-html\/","title":{"rendered":"40\u2032 Flatbed Tractor Trailers For Sale"},"content":{"rendered":"<p>Les remorques de tracteur \u00e0 plateau sont \u00e9galement connues sous le nom de semi-remorques \u00e0 plateau, remorques de camion \u00e0 plateau. Un tracteur remorque \u00e0 plateau est une semi-remorque dot\u00e9e d'une structure de conteneur. Principalement utilis\u00e9e dans les syst\u00e8mes logistiques soutenant les navires, les ports, les routes, les autoroutes, les stations de transfert, les ponts, les tunnels et le transport multimodal.<\/p>\n<h2>40 Feet flatbed tractor trailers images<\/h2>\n<p><img fetchpriority=\"high\" decoding=\"async\" class=\"alignnone wp-image-17512 size-full\" style=\"width: 800px;\" title=\"Sp\u00e9cifications des semi-remorques \u00e0 plateau\" src=\"https:\/\/pandamech.com\/wp-content\/uploads\/2022\/08\/flatbed-smei-trailers-for-sale.jpg\" alt=\"Tracteur semi-remorque de 40 pieds \u00e0 vendre\" width=\"800\" height=\"533\" \/><\/p>\n<p>Tracteur remorque 3 essieux 40 pieds \u00e0 plat \u00e0 vendre<\/p>\n<p><img decoding=\"async\" class=\"alignnone wp-image-17513 size-full\" style=\"width: 800px;\" title=\"Sp\u00e9cifications des semi-remorques \u00e0 plateau\" src=\"https:\/\/pandamech.com\/wp-content\/uploads\/2022\/08\/flatbed-semi-trailer-for-sale7.jpg\" alt=\"Semi-remorques \u00e0 triple essieu \u00e0 vendre\" width=\"800\" height=\"533\" \/><\/p>\n<p>tri axle 40 footer <span style=\"color: #0000ff;\"><a style=\"color: #0000ff;\" href=\"https:\/\/www.pandamech.com\/france\/category\/cargo-trailer\/flatbed-semi-trailer\/\" target=\"_blank\" rel=\"noopener\">remorque de tracteur \u00e0 plat \u00e0 vendre<\/a><\/span><\/p>\n<p>En rapport : <span style=\"color: #0000ff;\"><a style=\"color: #0000ff;\" href=\"https:\/\/www.pandamech.com\/france\/category\/low-bed-trailers\/low-boy-trailer\/\" target=\"_blank\" rel=\"noopener\">semi-remorque surbaiss\u00e9e<\/a><\/span><\/p>\n<p style=\"text-align: center;\"><a class=\"product_button\" href=\"#elementor-action%3Aaction%3Dpopup%3Aopen%26settings%3DeyJpZCI6Ijk5MDciLCJ0b2dnbGUiOmZhbHNlfQ%3D%3D\">Cliquez pour plus de d\u00e9tails<\/a><\/p>\n<h2>Dessin de remorques \u00e0 plateau de 40 pieds<\/h2>\n<p><img decoding=\"async\" class=\"alignnone size-full wp-image-22125\" src=\"https:\/\/pandamech.com\/wp-content\/uploads\/2021\/08\/40ft-flatbed-trailer-drawing.jpg\" alt=\"Dessin de remorques \u00e0 plateau de 40 pieds\" width=\"800\" height=\"532\" title=\"\"><\/p>\n<p>Dessin d'une remorque de camion \u00e0 plateau de 40 pieds<\/p>\n<h2>Sp\u00e9cification de la remorque de tracteur \u00e0 plateau de 40\u2032<\/h2>\n<p>Ce qui suit concerne principalement les sp\u00e9cifications, les dimensions, la capacit\u00e9 et les pi\u00e8ces de la semi-remorque \u00e0 plateau, la largeur et la longueur de la semi-remorque \u00e0 plateau, et le poids de la semi-remorque \u00e0 plateau.<\/p>\n<table style=\"width: 800px;\" border=\"1\" cellspacing=\"1\" cellpadding=\"1\">\n<tbody>\n<tr>\n<td width=\"297\" height=\"30\">\u00a0Fabricant<\/td>\n<td width=\"484\">\u00a0Panda Mech Tracteur semi-remorque \u00e0 plateau de 40 pieds<\/td>\n<\/tr>\n<tr>\n<td width=\"297\" height=\"30\">\u00a0Essieux<\/td>\n<td width=\"484\">\u00a02-4 essieux BPW\/SAF\/FUWA Marque<\/td>\n<\/tr>\n<tr>\n<td width=\"297\" height=\"30\">\u00a0Dimensions des remorques \u00e0 plateau<\/td>\n<td width=\"484\">\u00a012500 \/ 13500\u00d72500\u00d71500 mm.<\/td>\n<\/tr>\n<tr>\n<td width=\"297\" height=\"30\">\u00a0Capacit\u00e9 de la remorque \u00e0 plateau de 40 pieds<\/td>\n<td width=\"484\">\u00a0deux conteneurs, 34 tonnes<\/td>\n<\/tr>\n<tr>\n<td width=\"297\" height=\"30\">\u00a0Poids de la remorque \u00e0 plateau<\/td>\n<td width=\"484\">\u00a07-9 tonnes<\/td>\n<\/tr>\n<tr>\n<td width=\"297\" height=\"30\">\u00a0Verrouillage par rotation<\/td>\n<td width=\"484\">\u00a08-12 s\u00e9ries<\/td>\n<\/tr>\n<tr>\n<td width=\"297\" height=\"30\">\u00a0Mat\u00e9riau<\/td>\n<td width=\"484\">\u00a0Poutrelles principales Q345B, aile sup\u00e9rieure : 14mm, milieu : 8mm, bas : 16mm<\/td>\n<\/tr>\n<tr>\n<td width=\"297\" height=\"30\">\u00a0Goupille royale<\/td>\n<td width=\"484\">\u00a02 pouces ou 3,5 pouces Marque JOST<\/td>\n<\/tr>\n<tr>\n<td width=\"297\" height=\"30\">\u00a0Ch\u00e2ssis<\/td>\n<td width=\"484\">\u00a03mm, 4mm, 6mm, acier au carbone ou alliage d'aluminium<\/td>\n<\/tr>\n<tr>\n<td width=\"297\" height=\"30\">\u00a0Suspension<\/td>\n<td width=\"484\">\u00a0M\u00e9canique, pneumatique, bogie<\/td>\n<\/tr>\n<tr>\n<td width=\"297\" height=\"30\">\u00a0Pneu<\/td>\n<td width=\"484\">\u00a011.00R20, 12.00R20,12R22.5, 385\/65R22.5 Triangle\/Hankook\/ marque Bridgestone<\/td>\n<\/tr>\n<tr>\n<td width=\"297\" height=\"30\">\u00a0Syst\u00e8me de freinage<\/td>\n<td width=\"484\">\u00a0WABCO Valve avec grande chambre<\/td>\n<\/tr>\n<tr>\n<td width=\"297\" height=\"108\">\u00a0Pi\u00e8ces pour remorques \u00e0 plateau<\/td>\n<td width=\"484\">\u00a0Garde-boue, \u00e9chelle, 1 bo\u00eete \u00e0 outils standard, 1 couche d'appr\u00eat anticorrosion, 2 couches de peinture finale, peinture polyur\u00e9thane, train d'atterrissage, jante en acier 9.0-22.5, extincteur, soupape de fond pneumatique de 4 pouces, couvercle de trou d'homme en alliage d'aluminium de 500 mm, t\u00f4le d'acier Q345\/6mm, conforme \u00e0 l'ADR (selon les besoins du client).<\/td>\n<\/tr>\n<\/tbody>\n<\/table>\n<p style=\"text-align: center;\"><a class=\"product_button\" href=\"#elementor-action%3Aaction%3Dpopup%3Aopen%26settings%3DeyJpZCI6Ijk5MDciLCJ0b2dnbGUiOmZhbHNlfQ%3D%3D\">Cliquez pour plus de d\u00e9tails<\/a><\/p>\n<h2>Application pour les remorques \u00e0 plateau<\/h2>\n<p>Panda Mech produit des semi-remorques \u00e0 plateau de 40 pieds \u00e0 3 essieux de haute qualit\u00e9 pour le transport de conteneurs de 40 pieds, de conteneurs de 20 pieds et de marchandises en vrac.<\/p>\n<p>La semi-remorque \u00e0 plateau de 40 pieds peut transporter des machines et des cargaisons de 40 tonnes. Nous pouvons fournir diff\u00e9rentes configurations de notre semi-remorque \u00e0 plateau pour r\u00e9pondre \u00e0 vos besoins de transport.<\/p>\n<h2>Avantage des semi-remorques \u00e0 plateau<\/h2>\n<p>Structure en acier tr\u00e8s robuste avec capacit\u00e9 de traction et de charge \u00e9lev\u00e9e, capacit\u00e9 de charge de 40 tonnes.<\/p>\n<p>Suspension m\u00e9canique \u00e0 ressort de type robuste pour les charges \u00e9lev\u00e9es des besoins.<\/p>\n<p>Longueur et largeur du lit bas disponibles sur mesure<\/p>\n<p>La suspension pneumatique et la suspension du bogie sont disponibles en option.<\/p>\n<p style=\"text-align: center;\"><a class=\"product_button\" href=\"#elementor-action%3Aaction%3Dpopup%3Aopen%26settings%3DeyJpZCI6Ijk5MDciLCJ0b2dnbGUiOmZhbHNlfQ%3D%3D\">Obtenir un devis imm\u00e9diat<\/a><\/p>\n<h2>Panda Mech<\/h2>\n<p>L'\u00e9quipe d'ing\u00e9nieurs professionnels de Panda sera pr\u00eate \u00e0 vous fournir des solutions bien int\u00e9gr\u00e9es qui r\u00e9pondent \u00e0 vos besoins en mati\u00e8re de transport et \u00e0 vos r\u00e9glementations locales. L'\u00e9quipe d'ing\u00e9nieurs de Panda Mech peut communiquer avec vous en ligne pour bien comprendre vos besoins. Les solutions comprennent la conception du produit, les mat\u00e9riaux du produit, les dessins du produit et les vid\u00e9os du produit.<\/p>\n<p><a href=\"https:\/\/www.pandamech.com\/france\/contact-us\/\" target=\"_blank\" rel=\"noopener\"><img loading=\"lazy\" decoding=\"async\" src=\"https:\/\/pandamech.com\/wp-content\/uploads\/2021\/08\/quotation.jpg\" alt=\"cotation\" width=\"864\" height=\"213\" title=\"\"><\/a><\/p>\n<h2><a>20\/40\/45\/53 Ft flat bed trailers dimensions<\/a><\/h2>\n<p>Dimensions de la semi-remorque \u00e0 plateau de 20 pieds : 11500x2500x1500 mm<\/p>\n<p>40 Ft flatbed camion remorque dimensions : 12500 \/ 13500x2500x1500 mm<\/p>\n<p>45 Feet flatbed tractor trailer dimensions : 13700x2500x1500 mm<\/p>\n<p>Dimensions de la remorque \u00e0 plateau de 53 pieds : 16000x2500x1500 mm<\/p>\n<p>En rapport :<\/p>\n<p><span style=\"color: #0000ff;\"><a style=\"color: #0000ff;\" href=\"https:\/\/www.pandamech.com\/france\/product\/24-25m-flat-bed-deck-tractor-semi-truck-trailer\/\" target=\"_blank\" rel=\"noopener\">remorque \u00e0 plateau extensible<\/a><\/span><\/p>\n<p><a href=\"https:\/\/www.pandamech.com\/product\/3-axle-drawbar-flatbed-trailer\/\" target=\"_blank\" rel=\"noopener\"><span style=\"color: #0000ff;\">remorque plate \u00e0 timon<\/span><\/a><\/p>","protected":false},"excerpt":{"rendered":"<p>Type : remorque \u00e0 plateau<\/p>\n<p>Gamme de prix : $7 990-19 500<\/p>\n<p>Livraison : 7-25 jours<\/p>\n<p>Capacit\u00e9 de charge : 20-60 tonnes<\/p>\n<p>Application : marchandises en vrac, conteneurs<\/p>","protected":false},"featured_media":57777,"template":"","meta":{"_acf_changed":false,"_kad_blocks_custom_css":"","_kad_blocks_head_custom_js":"","_kad_blocks_body_custom_js":"","_kad_blocks_footer_custom_js":"","_kad_post_transparent":"default","_kad_post_title":"","_kad_post_layout":"default","_kad_post_sidebar_id":"","_kad_post_content_style":"default","_kad_post_vertical_padding":"default","_kad_post_feature":"","_kad_post_feature_position":"","_kad_post_header":false,"_kad_post_footer":false,"_kad_post_classname":""},"product_brand":[],"product_cat":[15],"product_tag":[],"class_list":{"0":"post-21484","1":"product","2":"type-product","3":"status-publish","4":"has-post-thumbnail","6":"product_cat-uncategorized","8":"first","9":"instock","10":"sold-individually","11":"shipping-taxable","12":"purchasable","13":"product-type-simple","14":"entry","15":"content-bg","16":"loop-entry"},"acf":[],"taxonomy_info":{"product_cat":[{"value":15,"label":"Uncategorized"}]},"featured_image_src_large":["https:\/\/www.pandamech.com\/wp-content\/uploads\/2022\/08\/2-800-500x500.jpg",500,500,true],"author_info":[],"comment_info":"","_links":{"self":[{"href":"https:\/\/www.pandamech.com\/france\/wp-json\/wp\/v2\/product\/21484","targetHints":{"allow":["GET"]}}],"collection":[{"href":"https:\/\/www.pandamech.com\/france\/wp-json\/wp\/v2\/product"}],"about":[{"href":"https:\/\/www.pandamech.com\/france\/wp-json\/wp\/v2\/types\/product"}],"version-history":[{"count":1,"href":"https:\/\/www.pandamech.com\/france\/wp-json\/wp\/v2\/product\/21484\/revisions"}],"predecessor-version":[{"id":91367,"href":"https:\/\/www.pandamech.com\/france\/wp-json\/wp\/v2\/product\/21484\/revisions\/91367"}],"wp:featuredmedia":[{"embeddable":true,"href":"https:\/\/www.pandamech.com\/france\/wp-json\/wp\/v2\/media\/57777"}],"wp:attachment":[{"href":"https:\/\/www.pandamech.com\/france\/wp-json\/wp\/v2\/media?parent=21484"}],"wp:term":[{"taxonomy":"product_brand","embeddable":true,"href":"https:\/\/www.pandamech.com\/france\/wp-json\/wp\/v2\/product_brand?post=21484"},{"taxonomy":"product_cat","embeddable":true,"href":"https:\/\/www.pandamech.com\/france\/wp-json\/wp\/v2\/product_cat?post=21484"},{"taxonomy":"product_tag","embeddable":true,"href":"https:\/\/www.pandamech.com\/france\/wp-json\/wp\/v2\/product_tag?post=21484"}],"curies":[{"name":"wp","href":"https:\/\/api.w.org\/{rel}","templated":true}]}}