{"id":21483,"date":"2022-07-10T19:03:32","date_gmt":"2022-07-10T11:03:32","guid":{"rendered":"http:\/\/pandamech.com\/?post_type=product&#038;p=21483"},"modified":"2025-08-23T01:07:58","modified_gmt":"2025-08-22T17:07:58","slug":"40ft-platform-semi-trailer-for-sale","status":"publish","type":"product","link":"https:\/\/www.pandamech.com\/france\/product\/40ft-platform-semi-trailer-for-sale\/","title":{"rendered":"Semi-remorque \u00e0 plate-forme de 40 pieds \u00e0 pneu unique"},"content":{"rendered":"<p>La semi-remorque \u00e0 plate-forme \u00e0 pneu unique est \u00e9galement connue sous le nom de semi-remorque \u00e0 plateau. Panda Mech propose diff\u00e9rents types de semi-remorques \u00e0 plate-forme pour les charges s\u00e8ches et les conteneurs. Cette semi-remorque \u00e0 plate-forme est utilis\u00e9e pour le transport de conteneurs, de barres d'acier et d'autres articles charg\u00e9s avec des palettes et des chargeurs de marchandises normaux.<\/p>\n<p>Panda Mech est un fabricant chinois de semi-remorques \u00e0 plate-forme de 40 pieds. Nous fournissons des semi-remorques \u00e0 plate-forme de 40 pieds pour la vente. Nous pouvons les personnaliser selon vos besoins.<\/p>\n<h2>Avantage de la semi-remorque \u00e0 plate-forme \u00e0 pneu unique<\/h2>\n<ul>\n<li>1. Structure tr\u00e8s robuste en acier avec capacit\u00e9 de traction et de charge \u00e9lev\u00e9e, capacit\u00e9 de charge de 40 tonnes. Suspension m\u00e9canique \u00e0 ressort de type robuste pour les charges \u00e9lev\u00e9es des besoins.<\/li>\n<li>2. Longueur et largeur du lit bas disponibles sur mesure<\/li>\n<li>3. La suspension pneumatique et la suspension du bogie sont des options.<\/li>\n<\/ul>\n<h2>Sp\u00e9cification de la semi-remorque \u00e0 plate-forme 40\u2032 \u00e0 super pneu unique<\/h2>\n<p>Ce qui suit concerne principalement les sp\u00e9cifications, les dimensions, la capacit\u00e9 et les pi\u00e8ces de la semi-remorque \u00e0 plate-forme \u00e0 pneu unique, la largeur de la plate-forme, la longueur de la plate-forme et le poids de la plate-forme.<\/p>\n<table style=\"width: 800px;\" border=\"1\" cellspacing=\"1\" cellpadding=\"1\">\n<tbody>\n<tr>\n<td width=\"297\" height=\"30\">\u00a0Fabricant<\/td>\n<td width=\"495\">\u00a0Panda Mech super single tire 40 ft platform tractor trailer<\/td>\n<\/tr>\n<tr>\n<td width=\"297\" height=\"30\">\u00a0Essieux<\/td>\n<td width=\"495\">\u00a02-4 essieux BPW\/SAF\/FUWA Marque<\/td>\n<\/tr>\n<tr>\n<td width=\"297\" height=\"30\">Dimensions<\/td>\n<td width=\"495\">\u00a012500 \/ 13500\u00d72500\u00d71500 mm<\/td>\n<\/tr>\n<tr>\n<td width=\"297\" height=\"30\">Capacit\u00e9<\/td>\n<td width=\"495\">\u00a037 tonnes<\/td>\n<\/tr>\n<tr>\n<td width=\"297\" height=\"30\">\u00a0Poids<\/td>\n<td width=\"495\">\u00a07-9 tonnes<\/td>\n<\/tr>\n<tr>\n<td width=\"297\" height=\"30\">\u00a0Verrouillage par rotation<\/td>\n<td width=\"495\">\u00a08-12 s\u00e9ries<\/td>\n<\/tr>\n<tr>\n<td width=\"297\" height=\"30\">\u00a0Mat\u00e9riau<\/td>\n<td width=\"495\">\u00a0Poutrelles principales Q345B, aile sup\u00e9rieure : 14mm, milieu : 8mm, bas : 16mm<\/td>\n<\/tr>\n<tr>\n<td width=\"297\" height=\"30\">\u00a0Goupille royale<\/td>\n<td width=\"495\">\u00a02 pouces ou 3,5 pouces Marque JOST<\/td>\n<\/tr>\n<tr>\n<td width=\"297\" height=\"30\">\u00a0Ch\u00e2ssis<\/td>\n<td width=\"495\">\u00a03mm, 4mm, 6mm, acier au carbone ou alliage d'aluminium<\/td>\n<\/tr>\n<tr>\n<td width=\"297\" height=\"30\">\u00a0Suspension<\/td>\n<td width=\"495\">\u00a0Suspension m\u00e9canique, pneumatique, du bogie<\/td>\n<\/tr>\n<tr>\n<td width=\"297\" height=\"36\">\u00a0Pneu<\/td>\n<td width=\"495\">\u00a011.00R20, 12.00R20,12R22.5, 385\/65R22.5 Triangle\/Hankook\/ marque Bridgestone<\/td>\n<\/tr>\n<tr>\n<td width=\"297\" height=\"30\">\u00a0Syst\u00e8me de freinage<\/td>\n<td width=\"495\">\u00a0WABCO Valve avec grande chambre<\/td>\n<\/tr>\n<\/tbody>\n<\/table>\n<h2>Super plate-forme \u00e0 pneu unique pour semi-remorque<\/h2>\n<p>Une semi-remorque \u00e0 plate-forme est g\u00e9n\u00e9ralement utilis\u00e9e pour transporter des conteneurs, des marchandises en vrac, du ciment, du riz, etc. Elle est principalement utilis\u00e9e pour le transport sur de longues distances. En g\u00e9n\u00e9ral, la semi-remorque \u00e0 plate-forme peut transporter de 30 \u00e0 60 tonnes.<\/p>\n<p>S'il s'agit d'une grande quantit\u00e9 de transport ou de besoins diff\u00e9rents, nous pouvons la personnaliser ou mettre en place une remorque plate-forme pour certains v\u00e9hicules d\u00e9form\u00e9s.<\/p>\n<h2>Semi-remorque \u00e0 plate-forme \u00e0 essieu unique image<\/h2>\n<p><img fetchpriority=\"high\" decoding=\"async\" class=\"alignnone wp-image-31202 size-full\" src=\"https:\/\/pandamech.com\/wp-content\/uploads\/2022\/08\/7-40-ft-flatbed-semi-trailer.jpg\" alt=\"Semi-remorque \u00e0 plateau de 40 pieds \u00e0 essieu unique\" width=\"800\" height=\"533\" title=\"\"><\/p>\n<p>remorque conteneur \u00e0 plate-forme de 40 pieds \u00e0 vendre<\/p>\n<p><img decoding=\"async\" class=\"alignnone wp-image-32221 size-full\" src=\"https:\/\/pandamech.com\/wp-content\/uploads\/u_file\/710430be05.jpg\" alt=\"Semi-remorque \u00e0 plate-forme \u00e0 essieu unique de 40 pieds\" width=\"800\" height=\"533\" title=\"\"><\/p>\n<p>Semi-remorque \u00e0 plateau de 40 pieds \u00e0 pneu unique<\/p>\n<p><img decoding=\"async\" class=\"alignnone wp-image-32222 size-full\" src=\"https:\/\/pandamech.com\/wp-content\/uploads\/2022\/08\/9-single-axle-platform-semi-trailer.jpg\" alt=\"semi-remorque \u00e0 plate-forme 40&#039; \u00e0 vendre\" width=\"800\" height=\"600\" title=\"\"><\/p>\n<p>Remorque tracteur 40 ft super single tire platform for sale<\/p>\n<h2>Transport et transport maritime de conteneurs, de plates-formes et de semi-remorques<\/h2>\n<p>Pour le transport de la semi-remorque super single tire platform tractor, de nombreux clients choisissent d'utiliser le transport par conteneur, car les co\u00fbts de transport sont moins \u00e9lev\u00e9s et le temps de transport est plus court.<\/p>\n<p>Les semi-remorques \u00e0 plate-forme sont g\u00e9n\u00e9ralement utilis\u00e9es pour le transport des vraquiers ou des navires rouliers. Nous veillerons \u00e0 ce que les semi-remorques \u00e0 plate-forme commerciales de Panda Mech soient cir\u00e9es et recouvertes de b\u00e2ches lorsque les cargos sont en vrac.<\/p>\n<h2>Panda Mech<\/h2>\n<p>Nous sommes un fabricant chinois de semi-remorques 40ft super single tire platform. Nous fournissons des semi-remorques 40ft super single tire platform pour la vente. Nous pouvons la personnaliser selon vos besoins.<\/p>\n<p>Les fabricants de Panda Mech ont r\u00e9ussi \u00e0 s'imposer en Asie du Sud-Est, au Moyen-Orient, en Afrique et en Am\u00e9rique du Sud, notamment aux Philippines, en Tanzanie, etc...\u00a0 <a style=\"color: #3366ff;\" href=\"https:\/\/www.pandamech.com\/france\/about\/\" rel=\"nofollow noopener\" name=\"662ae8fb-4e4e-4cc5-876a-6bfaecae5a2d\" target=\"_blank\">En savoir plus sur le panda<\/a><\/p>\n<p><a href=\"#elementor-action%3Aaction%3Dpopup%3Aopen%26settings%3DeyJpZCI6Ijk5MDciLCJ0b2dnbGUiOmZhbHNlfQ%3D%3D\"><img loading=\"lazy\" decoding=\"async\" src=\"https:\/\/pandamech.com\/wp-content\/uploads\/2021\/08\/quotation.jpg\" alt=\"cotation\" width=\"864\" height=\"213\" title=\"\"><\/a><\/p>","protected":false},"excerpt":{"rendered":"<p>Type : Semi-remorque \u00e0 plate-forme de 40 pieds<\/p>\n<p>Gamme de prix : $10 990-19 500<\/p>\n<p>Livraison : 7-25 jours<\/p>\n<p>Capacit\u00e9 de charge : 20-60 tonnes<\/p>\n<p>Application : marchandises en vrac, conteneurs<\/p>","protected":false},"featured_media":57781,"template":"","meta":{"_acf_changed":false,"_kad_blocks_custom_css":"","_kad_blocks_head_custom_js":"","_kad_blocks_body_custom_js":"","_kad_blocks_footer_custom_js":"","_kad_post_transparent":"default","_kad_post_title":"","_kad_post_layout":"default","_kad_post_sidebar_id":"","_kad_post_content_style":"default","_kad_post_vertical_padding":"default","_kad_post_feature":"","_kad_post_feature_position":"","_kad_post_header":false,"_kad_post_footer":false,"_kad_post_classname":""},"product_brand":[],"product_cat":[15],"product_tag":[],"class_list":{"0":"post-21483","1":"product","2":"type-product","3":"status-publish","4":"has-post-thumbnail","6":"product_cat-uncategorized","8":"first","9":"instock","10":"sold-individually","11":"shipping-taxable","12":"purchasable","13":"product-type-simple","14":"entry","15":"content-bg","16":"loop-entry"},"acf":[],"taxonomy_info":{"product_cat":[{"value":15,"label":"Uncategorized"}]},"featured_image_src_large":["https:\/\/www.pandamech.com\/wp-content\/uploads\/2022\/08\/2-85-1-500x500.jpg",500,500,true],"author_info":[],"comment_info":"","_links":{"self":[{"href":"https:\/\/www.pandamech.com\/france\/wp-json\/wp\/v2\/product\/21483","targetHints":{"allow":["GET"]}}],"collection":[{"href":"https:\/\/www.pandamech.com\/france\/wp-json\/wp\/v2\/product"}],"about":[{"href":"https:\/\/www.pandamech.com\/france\/wp-json\/wp\/v2\/types\/product"}],"version-history":[{"count":1,"href":"https:\/\/www.pandamech.com\/france\/wp-json\/wp\/v2\/product\/21483\/revisions"}],"predecessor-version":[{"id":91368,"href":"https:\/\/www.pandamech.com\/france\/wp-json\/wp\/v2\/product\/21483\/revisions\/91368"}],"wp:featuredmedia":[{"embeddable":true,"href":"https:\/\/www.pandamech.com\/france\/wp-json\/wp\/v2\/media\/57781"}],"wp:attachment":[{"href":"https:\/\/www.pandamech.com\/france\/wp-json\/wp\/v2\/media?parent=21483"}],"wp:term":[{"taxonomy":"product_brand","embeddable":true,"href":"https:\/\/www.pandamech.com\/france\/wp-json\/wp\/v2\/product_brand?post=21483"},{"taxonomy":"product_cat","embeddable":true,"href":"https:\/\/www.pandamech.com\/france\/wp-json\/wp\/v2\/product_cat?post=21483"},{"taxonomy":"product_tag","embeddable":true,"href":"https:\/\/www.pandamech.com\/france\/wp-json\/wp\/v2\/product_tag?post=21483"}],"curies":[{"name":"wp","href":"https:\/\/api.w.org\/{rel}","templated":true}]}}