{"id":21481,"date":"2022-07-08T19:03:32","date_gmt":"2022-07-08T11:03:32","guid":{"rendered":"http:\/\/pandamech.com\/?post_type=product&#038;p=21481"},"modified":"2026-01-05T16:05:15","modified_gmt":"2026-01-05T08:05:15","slug":"dropside-superlink-trailer-for-sale","status":"publish","type":"product","link":"https:\/\/www.pandamech.com\/france\/product\/dropside-superlink-trailer-for-sale\/","title":{"rendered":"Remorque Superlink Dropside \u00e0 vendre Zimbabwe"},"content":{"rendered":"<p>La remorque superlink \u00e0 ridelles peut \u00eatre utilis\u00e9e pour transporter de nombreux types d'objets, des bo\u00eetes aux marchandises en vrac. Son panneau lat\u00e9ral peut \u00eatre ouvert, ce qui facilite le d\u00e9chargement de la cargaison. Les entreprises de transport dans le secteur de la logistique utilisent largement les remorques superlink \u00e0 ridelles.<\/p>\n<p>La remorque superlink de Panda Mech est r\u00e9put\u00e9e pour sa structure en acier tr\u00e8s robuste ; nous pouvons fournir diff\u00e9rentes configurations de notre remorque \u00e0 ridelles pour r\u00e9pondre \u00e0 vos besoins en mati\u00e8re de transport.<\/p>\n<h2>Images de la bande-annonce de Dropside superlink<\/h2>\n<p><img fetchpriority=\"high\" decoding=\"async\" class=\"alignnone size-full wp-image-22129\" src=\"https:\/\/pandamech.com\/wp-content\/uploads\/2021\/08\/7-116.jpg\" alt=\"remorque dropside superlink \u00e0 vendre\" width=\"800\" height=\"533\" title=\"\"><\/p>\n<p>3 essieux <a href=\"https:\/\/www.pandamech.com\/france\/category\/cargo-trailer\/side-wall-trailer\/\" target=\"_blank\" rel=\"noopener\"><span style=\"color: #0000ff;\">remorque \u00e0 parois lat\u00e9rales abaiss\u00e9es<\/span><\/a> \u00e0 vendre<\/p>\n<p><img decoding=\"async\" class=\"alignnone size-full wp-image-22130\" src=\"https:\/\/pandamech.com\/wp-content\/uploads\/2021\/08\/8-99.jpg\" alt=\"remorque dropside superlink \u00e0 vendre\" width=\"800\" height=\"533\" title=\"\"><\/p>\n<p>Fabricant de remorques de camion \u00e0 parois lat\u00e9rales \u00e0 3 essieux<\/p>\n<p>En rapport : <a href=\"https:\/\/www.pandamech.com\/france\/product\/60-ton-drop-side-wall-trailer\/\" target=\"_blank\" rel=\"noopener\"><span style=\"color: #0000ff;\">Remorque \u00e0 parois lat\u00e9rales de 60 tonnes<\/span><\/a>, <a href=\"https:\/\/www.pandamech.com\/product\/removable-sidewall-trailer\/\" target=\"_blank\" rel=\"noopener\"><span style=\"color: #0000ff;\">remorque \u00e0 parois lat\u00e9rales amovibles<\/span><\/a><\/p>\n<p style=\"text-align: center;\"><a class=\"product_button\" href=\"#elementor-action%3Aaction%3Dpopup%3Aopen%26settings%3DeyJpZCI6Ijk5MDciLCJ0b2dnbGUiOmZhbHNlfQ%3D%3D\">Obtenir un devis imm\u00e9diat<\/a><\/p>\n<h2>Sp\u00e9cifications de la remorque superlink \u00e0 ridelles<\/h2>\n<p><strong>\u00a0Dimensions<\/strong>: 13300*2500*1550mm<\/p>\n<p><strong>\u00a0Poutre principale<\/strong>: Q345Acier ;<\/p>\n<p><strong>\u00a0Traverse<\/strong>: Acier pour profil\u00e9s 10#<\/p>\n<p><strong>\u00a0Faisceau lat\u00e9ral<\/strong>: 16# acier \u00e0 cannelures<\/p>\n<p><strong>\u00a0Goupille royale<\/strong>: axe de traction 2\u201d ou 3,5\u201d.<\/p>\n<p><strong>\u00a0Plancher<\/strong>: Plaque d'acier diamant\u00e9e de 3 mm<\/p>\n<p><strong>\u00a0Paroi lat\u00e9rale<\/strong>: Plaque d'acier de 1,5 m de hauteur (600 mm)<\/p>\n<p><strong>\u00a0Suspension<\/strong>: Suspension \u00e0 ressort ou pneumatique<\/p>\n<p><strong>\u00a0Ressort en acier<\/strong>: 10\/10\/10<\/p>\n<p><strong>\u00a0Essieu<\/strong>: 3 essieux Fuwa Brand<\/p>\n<p style=\"text-align: center;\"><a class=\"product_button\" href=\"#elementor-action%3Aaction%3Dpopup%3Aopen%26settings%3DeyJpZCI6Ijk5MDciLCJ0b2dnbGUiOmZhbHNlfQ%3D%3D\">Obtenir un devis imm\u00e9diat<\/a><\/p>\n<h2>Application de la remorque superlink \u00e0 ridelles :<\/h2>\n<p>La remorque superlink \u00e0 ridelles est g\u00e9n\u00e9ralement utilis\u00e9e pour le transport de marchandises en vrac. Elle est principalement utilis\u00e9e pour les transports longue distance. En g\u00e9n\u00e9ral, la remorque \u00e0 parois lat\u00e9rales peut transporter de 30 \u00e0 80 tonnes.<\/p>\n<p>S'il s'agit d'un grand nombre de transports ou de besoins diff\u00e9rents, nous pouvons les personnaliser ou les adapter. <span style=\"color: #0000ff;\"><a style=\"color: #0000ff;\" href=\"https:\/\/www.pandamech.com\/france\/product\/40ft-platform-semi-trailer-for-sale\/\" target=\"_blank\" rel=\"noopener\">remorque \u00e0 plate-forme<\/a><\/span> certains v\u00e9hicules d\u00e9form\u00e9s.<\/p>\n<h2>Caract\u00e9ristiques<\/h2>\n<ul>\n<li>Structure en acier tr\u00e8s robuste avec capacit\u00e9 de traction et de charge \u00e9lev\u00e9e, capacit\u00e9 de charge de 60 tonnes.<\/li>\n<li>Les parois lat\u00e9rales de 800 mm sont standard. Les parois lat\u00e9rales de 600 mm sont en option.<\/li>\n<li>Suspension m\u00e9canique \u00e0 ressort de type robuste pour les charges \u00e9lev\u00e9es des besoins.<\/li>\n<li>Longueur et largeur du lit bas disponibles sur mesure.<\/li>\n<\/ul>\n<p style=\"text-align: center;\"><a class=\"product_button\" href=\"#elementor-action%3Aaction%3Dpopup%3Aopen%26settings%3DeyJpZCI6Ijk5MDciLCJ0b2dnbGUiOmZhbHNlfQ%3D%3D\">Obtenir un devis imm\u00e9diat<\/a><\/p>\n<h2>Remorque superlink dropside \u00e0 vendre<\/h2>\n<p>Nous sommes un fabricant chinois de remorques superlink. Nous fournissons des remorques superlink pour la vente. Nous pouvons les personnaliser en fonction de vos besoins. Les fabricants de Panda Mech ont connu le succ\u00e8s en Asie du Sud-Est, au Moyen-Orient, en Afrique et en Am\u00e9rique du Sud, tels que les Philippines, la Tanzanie, etc...<u><\/u><\/p>\n<p><a href=\"\/france\/contact-us\/\" rel=\"nofollow\"><img decoding=\"async\" src=\"https:\/\/pandamech.com\/wp-content\/uploads\/u_file\/db8ce19fe3.jpg\" alt=\"prix de vente de la remorque superlink dropside\" title=\"\"><\/a><\/p>","protected":false},"excerpt":{"rendered":"<p>Type : Remorque superlink \u00e0 3 essieux<\/p>\n<p>Gamme de prix : $8900-21 900<\/p>\n<p>Livraison : 7-25 jours<\/p>\n<p>Poids de la charge : 60 tonnes<\/p>\n<p>Application : Transport de marchandises en vrac, de ciment en sac<\/p>","protected":false},"featured_media":58417,"template":"","meta":{"_acf_changed":false,"_kad_blocks_custom_css":"","_kad_blocks_head_custom_js":"","_kad_blocks_body_custom_js":"","_kad_blocks_footer_custom_js":"","_kad_post_transparent":"default","_kad_post_title":"","_kad_post_layout":"default","_kad_post_sidebar_id":"","_kad_post_content_style":"default","_kad_post_vertical_padding":"default","_kad_post_feature":"","_kad_post_feature_position":"","_kad_post_header":false,"_kad_post_footer":false,"_kad_post_classname":""},"product_brand":[],"product_cat":[75],"product_tag":[],"class_list":{"0":"post-21481","1":"product","2":"type-product","3":"status-publish","4":"has-post-thumbnail","6":"product_cat-side-wall-trailer","8":"first","9":"instock","10":"sold-individually","11":"shipping-taxable","12":"purchasable","13":"product-type-simple","14":"entry","15":"content-bg","16":"loop-entry"},"acf":[],"taxonomy_info":{"product_cat":[{"value":75,"label":"Drop Side Trailer"}]},"featured_image_src_large":["https:\/\/www.pandamech.com\/wp-content\/uploads\/2022\/10\/sidewall-trailer-1-500x500.jpg",500,500,true],"author_info":[],"comment_info":"","_links":{"self":[{"href":"https:\/\/www.pandamech.com\/france\/wp-json\/wp\/v2\/product\/21481","targetHints":{"allow":["GET"]}}],"collection":[{"href":"https:\/\/www.pandamech.com\/france\/wp-json\/wp\/v2\/product"}],"about":[{"href":"https:\/\/www.pandamech.com\/france\/wp-json\/wp\/v2\/types\/product"}],"version-history":[{"count":2,"href":"https:\/\/www.pandamech.com\/france\/wp-json\/wp\/v2\/product\/21481\/revisions"}],"predecessor-version":[{"id":92492,"href":"https:\/\/www.pandamech.com\/france\/wp-json\/wp\/v2\/product\/21481\/revisions\/92492"}],"wp:featuredmedia":[{"embeddable":true,"href":"https:\/\/www.pandamech.com\/france\/wp-json\/wp\/v2\/media\/58417"}],"wp:attachment":[{"href":"https:\/\/www.pandamech.com\/france\/wp-json\/wp\/v2\/media?parent=21481"}],"wp:term":[{"taxonomy":"product_brand","embeddable":true,"href":"https:\/\/www.pandamech.com\/france\/wp-json\/wp\/v2\/product_brand?post=21481"},{"taxonomy":"product_cat","embeddable":true,"href":"https:\/\/www.pandamech.com\/france\/wp-json\/wp\/v2\/product_cat?post=21481"},{"taxonomy":"product_tag","embeddable":true,"href":"https:\/\/www.pandamech.com\/france\/wp-json\/wp\/v2\/product_tag?post=21481"}],"curies":[{"name":"wp","href":"https:\/\/api.w.org\/{rel}","templated":true}]}}