{"id":21477,"date":"2022-07-06T19:03:31","date_gmt":"2022-07-06T11:03:31","guid":{"rendered":"http:\/\/pandamech.com\/?post_type=product&#038;p=21477"},"modified":"2026-01-05T16:05:07","modified_gmt":"2026-01-05T08:05:07","slug":"fly-ash-bulker-for-sale-p00322p1-html","status":"publish","type":"product","link":"https:\/\/www.pandamech.com\/france\/product\/fly-ash-bulker-for-sale-p00322p1-html\/","title":{"rendered":"25-120 Ton Fly Ash Bulker Trailer For Sale"},"content":{"rendered":"<p>Le camion-citerne \u00e0 cendres volantes est connu sous le nom de camion-citerne \u00e0 cendres volantes, <a href=\"https:\/\/www.pandamech.com\/france\/category\/pneumatic-trailer\/cement-tanker\/\" target=\"_blank\" rel=\"noopener\">remorque de transport de ciment<\/a>. Le bulker de cendres volantes est utilis\u00e9 pour le transport de ciment, de chaux, de sable et d'autres mat\u00e9riaux pulv\u00e9rulents en vrac d'un diam\u00e8tre \u2264 0,1 mm.<\/p>\n<p>Le camion-citerne \u00e0 cendres volantes est une semi-remorque de type V utilis\u00e9e pour le transport de ciment en vrac et d'autres produits \u00e0 base de ciment. Le camion-citerne \u00e0 ciment de type W convient \u00e9galement au transport de produits en poudre tels que la farine et l'amidon.<\/p>\n<p>Le d\u00e9chargement du camion-citerne s'effectue \u00e0 l'aide d'un compresseur. Les compresseurs fonctionnent \u00e0 l'aide de moteurs diesel ou \u00e9lectriques. Il est recommand\u00e9 d'utiliser des compresseurs diesel.<\/p>\n<h2>Remorque \u00e0 cendres volantes images<\/h2>\n<p><img fetchpriority=\"high\" decoding=\"async\" class=\"alignnone wp-image-18944 size-full\" style=\"width: 800px;\" title=\"25-120 Ton Fly Ash Bulker Trailer For Sale\" src=\"https:\/\/pandamech.com\/wp-content\/uploads\/2022\/06\/25-120-ton-fly-ash-bulker-trailer-for-sale.jpg\" alt=\"Remorques pneumatiques \u00e0 3 essieux pour vrac sec \u00e0 vendre\" width=\"800\" height=\"533\" \/><\/p>\n<p>40\/50\/55\/60 tonnes de ciment en vrac sec \u00e0 vendre<\/p>\n<p><img decoding=\"async\" class=\"alignnone wp-image-18945 size-full\" style=\"width: 800px;\" title=\"25-120 Ton Fly Ash Bulker Trailer For Sale\" src=\"https:\/\/pandamech.com\/wp-content\/uploads\/2022\/06\/25-120-ton-fly-ash-bulker-trailer-for-sale-1.jpg\" alt=\"Remorque de transport de cendres volantes 35\/40\/45\/50 tonnes \u00e0 vendre\" width=\"800\" height=\"533\" \/><\/p>\n<p>Prix du camion-citerne de 25-120 tonnes de cendres volantes \/ chaux (le prix d\u00e9pend des sp\u00e9cifications)<\/p>\n<p><img decoding=\"async\" class=\"alignnone wp-image-18946 size-full\" style=\"width: 800px;\" title=\"25-120 Ton Fly Ash Bulker Trailer For Sale\" src=\"https:\/\/pandamech.com\/wp-content\/uploads\/2022\/06\/25-120-ton-fly-ash-bulker-trailer-for-sale-2.jpg\" alt=\"Camions de transport de cendres volantes de 25 \u00e0 120 tonnes\" width=\"800\" height=\"533\" \/><\/p>\n<p>Fabricant de semi-remorques en cendres volantes<\/p>\n<h2>Vid\u00e9o sur le vrac de cendres volantes<\/h2>\n<div class=\"entry-content-asset videofit\"><iframe title=\"45m3 55ton cement trailer bulker tanker\" width=\"720\" height=\"405\" src=\"https:\/\/www.youtube.com\/embed\/ptQz5yxKIQw?feature=oembed\" frameborder=\"0\" allow=\"accelerometer; autoplay; clipboard-write; encrypted-media; gyroscope; picture-in-picture; web-share\" referrerpolicy=\"strict-origin-when-cross-origin\" allowfullscreen><\/iframe><\/div>\n<h2>Sp\u00e9cification d'un vraquier de cendres volantes de 25 \u00e0 120 tonnes<\/h2>\n<table style=\"width: 800px;\" border=\"1\" cellspacing=\"1\" cellpadding=\"1\">\n<tbody>\n<tr>\n<td width=\"221\" height=\"40\">\u00a0Marque<\/td>\n<td width=\"515\">\u00a0Remorque camion-citerne \u00e0 cendres volantes \/ ciment Panda Mech<\/td>\n<\/tr>\n<tr>\n<td width=\"221\" height=\"40\">\u00a0Volume<\/td>\n<td width=\"515\">\u00a020-100 cbm<\/td>\n<\/tr>\n<tr>\n<td width=\"221\" height=\"40\">\u00a0Capacit\u00e9<\/td>\n<td width=\"515\">\u00a025-120 tonnes<\/td>\n<\/tr>\n<tr>\n<td width=\"221\" height=\"40\">\u00a0Moteur<\/td>\n<td width=\"515\">\u00a0WeiCai Deutz diesel moto<\/td>\n<\/tr>\n<tr>\n<td width=\"221\" height=\"40\">\u00a0Compresseur<\/td>\n<td width=\"515\">\u00a0SK 12m3<\/td>\n<\/tr>\n<tr>\n<td width=\"221\" height=\"40\">\u00a0Couvercle de trou d'homme<\/td>\n<td width=\"515\">\u00a02 \u00e0 4 ensembles de 500 mm de diam\u00e8tre<\/td>\n<\/tr>\n<tr>\n<td width=\"221\" height=\"40\">\u00a0Soupape de d\u00e9charge<\/td>\n<td width=\"515\">\u00a0Valve \u00e0 disque de 4\u2033 (4\u2033 disc valve)<\/td>\n<\/tr>\n<tr>\n<td width=\"221\" height=\"40\">\u00a0Dimension du vrac de cendres volantes<\/td>\n<td>\u00a010500-14500*2500*3500-4000 mm<\/td>\n<\/tr>\n<tr>\n<td width=\"221\" height=\"40\">\u00a0Mat\u00e9riau du r\u00e9servoir<\/td>\n<td width=\"515\">\u00a0Acier \u00e0 haute r\u00e9sistance de 5 ou 6 mm<\/td>\n<\/tr>\n<tr>\n<td width=\"221\" height=\"40\">\u00a0Structure<\/td>\n<td width=\"515\">\u00a0Q345 acier \u00e0 haute teneur en carbone<\/td>\n<\/tr>\n<tr>\n<td width=\"221\" height=\"40\">\u00a0Syst\u00e8me de freinage<\/td>\n<td width=\"515\">\u00a0Chambre T30\/30, valve d'urgence WABCO<\/td>\n<\/tr>\n<tr>\n<td width=\"221\" height=\"40\">\u00a0Essieu<\/td>\n<td width=\"515\">\u00a01 \u00e0 4 ensembles, essieux de 13, 16 et 20 tonnes, BPW ou SAF<\/td>\n<\/tr>\n<\/tbody>\n<\/table>\n<h2>Fonctionnalit\u00e9<\/h2>\n<p><strong>Meilleur acier brut<\/strong>: Le corps du r\u00e9servoir et sa construction en acier \u00e0 haute r\u00e9sistance YP \u2265 620 garantissent une dur\u00e9e de vie plus longue et un poids \u00e0 vide plus l\u00e9ger.<\/p>\n<p><strong>Excellente performance<\/strong>: La conception unique assure un taux de d\u00e9chargement de 1,3 t\/min, une distance de d\u00e9chargement verticale de 30 m.<\/p>\n<p><strong>Soudage de qualit\u00e9<\/strong>:  Un bon acier et des soudures de qualit\u00e9 garantissent une plus longue p\u00e9riode de garantie pour les remorques de transport de ciment en vrac.<\/p>\n<p><strong>Peinture durable<\/strong>: L'ensemble du v\u00e9hicule est nettoy\u00e9 par grenaillage avant d'\u00eatre peint, deux fois l'appr\u00eat permettent de prolonger la dur\u00e9e de vie de la peinture.<\/p>\n<p><strong>Conception<\/strong>: Dessin 3D avec Ansys &amp; Hypermesh Analyser la conception d'un support raisonnable.<\/p>\n<h2>Panda Mech<\/h2>\n<p>Panda Mech est un fabricant de camions \u00e0 cendres volantes en Chine. Nous fournissons des camions-citernes \u00e0 cendres volantes de 20\/25\/30\/35\/40\/45\/50\/55\/60\/80\/85\/120 tonnes pour la vente. Nous pouvons les personnaliser selon vos besoins.<\/p>\n<p>Panda dispose de machines de fabrication de premier ordre et de divers \u00e9quipements d'essai, introduit des technologies internationales de pointe et effectue des recherches sur les fabricants de camions c\u00e9l\u00e8bres afin d'am\u00e9liorer la qualit\u00e9 de la conception. Chaque v\u00e9hicule est produit par des ouvriers comp\u00e9tents et exp\u00e9riment\u00e9s, qui passent 120 inspections de contr\u00f4le de qualit\u00e9 et fournissent des produits parfaits au monde entier. <a style=\"color: #3366ff;\" href=\"https:\/\/www.pandamech.com\/france\/about\/\" target=\"_blank\" rel=\"noopener\">Plus...<\/a><\/p>\n<p><a href=\"https:\/\/www.pandamech.com\/france\/contact-us\/\" target=\"_blank\" rel=\"noopener\"><img loading=\"lazy\" decoding=\"async\" src=\"https:\/\/pandamech.com\/wp-content\/uploads\/2021\/08\/quotation.jpg\" alt=\"cotation\" width=\"864\" height=\"213\" title=\"\"><\/a><\/p>","protected":false},"excerpt":{"rendered":"<p>Transport : ciment, sable, farine et autres mat\u00e9riaux granulaires, etc.<\/p>\n<p>Hauteur de livraison &gt;30m<\/p>\n<p>D\u00e9chargement plus rapide &gt;1,5 tonne\/min<\/p>","protected":false},"featured_media":57583,"template":"","meta":{"_acf_changed":false,"_kad_blocks_custom_css":"","_kad_blocks_head_custom_js":"","_kad_blocks_body_custom_js":"","_kad_blocks_footer_custom_js":"","_kad_post_transparent":"default","_kad_post_title":"","_kad_post_layout":"default","_kad_post_sidebar_id":"","_kad_post_content_style":"default","_kad_post_vertical_padding":"default","_kad_post_feature":"","_kad_post_feature_position":"","_kad_post_header":false,"_kad_post_footer":false,"_kad_post_classname":""},"product_brand":[],"product_cat":[101],"product_tag":[],"class_list":{"0":"post-21477","1":"product","2":"type-product","3":"status-publish","4":"has-post-thumbnail","6":"product_cat-cement-tanker","8":"first","9":"instock","10":"sold-individually","11":"shipping-taxable","12":"purchasable","13":"product-type-simple","14":"entry","15":"content-bg","16":"loop-entry"},"acf":[],"taxonomy_info":{"product_cat":[{"value":101,"label":"Cement Tanker For Sale"}]},"featured_image_src_large":["https:\/\/www.pandamech.com\/wp-content\/uploads\/2022\/07\/2-41-500x500.jpg",500,500,true],"author_info":[],"comment_info":"","_links":{"self":[{"href":"https:\/\/www.pandamech.com\/france\/wp-json\/wp\/v2\/product\/21477","targetHints":{"allow":["GET"]}}],"collection":[{"href":"https:\/\/www.pandamech.com\/france\/wp-json\/wp\/v2\/product"}],"about":[{"href":"https:\/\/www.pandamech.com\/france\/wp-json\/wp\/v2\/types\/product"}],"version-history":[{"count":1,"href":"https:\/\/www.pandamech.com\/france\/wp-json\/wp\/v2\/product\/21477\/revisions"}],"predecessor-version":[{"id":91371,"href":"https:\/\/www.pandamech.com\/france\/wp-json\/wp\/v2\/product\/21477\/revisions\/91371"}],"wp:featuredmedia":[{"embeddable":true,"href":"https:\/\/www.pandamech.com\/france\/wp-json\/wp\/v2\/media\/57583"}],"wp:attachment":[{"href":"https:\/\/www.pandamech.com\/france\/wp-json\/wp\/v2\/media?parent=21477"}],"wp:term":[{"taxonomy":"product_brand","embeddable":true,"href":"https:\/\/www.pandamech.com\/france\/wp-json\/wp\/v2\/product_brand?post=21477"},{"taxonomy":"product_cat","embeddable":true,"href":"https:\/\/www.pandamech.com\/france\/wp-json\/wp\/v2\/product_cat?post=21477"},{"taxonomy":"product_tag","embeddable":true,"href":"https:\/\/www.pandamech.com\/france\/wp-json\/wp\/v2\/product_tag?post=21477"}],"curies":[{"name":"wp","href":"https:\/\/api.w.org\/{rel}","templated":true}]}}