{"id":21459,"date":"2022-11-13T19:03:13","date_gmt":"2022-11-13T11:03:13","guid":{"rendered":"http:\/\/pandamech.com\/?post_type=product&#038;p=21459"},"modified":"2025-08-23T01:07:08","modified_gmt":"2025-08-22T17:07:08","slug":"4-axle-60-ton-cement-bulk-trailers-for-sale","status":"publish","type":"product","link":"https:\/\/www.pandamech.com\/france\/product\/4-axle-60-ton-cement-bulk-trailers-for-sale\/","title":{"rendered":"Remorque \u00e0 ciment en vrac 4 essieux \u00e0 vendre"},"content":{"rendered":"<p>Les remorques de transport de ciment en vrac sont utilis\u00e9es pour transporter du ciment ou d'autres mati\u00e8res alimentaires. Nous proposons cette remorque-citerne \u00e0 ciment avec un compresseur \u00e9lectrique ou un compresseur et nous sommes flexibles sur les sp\u00e9cifications techniques des camions-citernes \u00e0 ciment en vrac. Panda Mech peut fournir un prix comp\u00e9titif et la plus haute qualit\u00e9. <span style=\"color: #0000ff;\"><a style=\"color: #0000ff;\" href=\"https:\/\/www.pandamech.com\/france\/product\/25-80-ton-cement-silo-semi-trailer\/\" target=\"_blank\" rel=\"noopener\">remorque silo \u00e0 ciment<\/a><\/span>.<\/p>\n<p>Capacit\u00e9 de la remorque de transport en vrac : 60 tonnes, volume de la remorque de transport en vrac : 50 cbm\/m3.<\/p>\n<h2>Fonctionnalit\u00e9<\/h2>\n<ul>\n<li>1. Acier \u00e0 haute r\u00e9sistance \u00e0 l'usure : le corps du r\u00e9servoir est fabriqu\u00e9 en acier \u00e0 haute r\u00e9sistance \u00e0 l'usure, ce qui garantit une dur\u00e9e de vie plus longue que les mat\u00e9riaux ordinaires.<\/li>\n<li>2. Toutes les soudures sont parfaites pour garantir une s\u00e9curit\u00e9 \u00e9lev\u00e9e et l'absence de fuites d'air : Une machine \u00e0 souder sp\u00e9ciale soude le corps du r\u00e9servoir d'un c\u00f4t\u00e9, mais forme des soudures lisses, solides et uniformes des deux c\u00f4t\u00e9s.<\/li>\n<li>3. La derni\u00e8re structure d'\u00e9coulement augmente la capacit\u00e9 de charge, abaisse le centre de gravit\u00e9, permet un d\u00e9chargement rapide et r\u00e9duit le nombre de mat\u00e9riaux r\u00e9siduels. Le volume r\u00e9siduel est inf\u00e9rieur \u00e0 50 kg et la vitesse de d\u00e9chargement peut atteindre 1,53 cbm\/min.<\/li>\n<li>4. Le syst\u00e8me de canalisation est \u00e9quip\u00e9 d'une soufflerie auxiliaire appropri\u00e9e et d'un dispositif anti-usure afin d'assurer un processus de d\u00e9chargement plus souple et une vitesse de d\u00e9chargement plus rapide.<\/li>\n<li>5. Adopter des accessoires et des pi\u00e8ces de marques nationales et \u00e9trang\u00e8res r\u00e9put\u00e9es, telles que le moteur, le compresseur d'air Bohai et le compresseur d'air, qui garantissent sa durabilit\u00e9 et permettent d'\u00e9conomiser les co\u00fbts d'exploitation et de r\u00e9paration.<\/li>\n<li>6. Les ch\u00e2ssis des semi-remorques de ciment utilisent des mat\u00e9riaux en acier \u00e0 haute r\u00e9sistance, un poids propre l\u00e9ger, et garantissent leur r\u00e9sistance aux forces de torsion, aux chocs et aux bosses afin de r\u00e9pondre aux exigences de charge sur les diff\u00e9rentes routes.<\/li>\n<\/ul>\n<p style=\"text-align: center;\"><a class=\"product_button\" href=\"#elementor-action%3Aaction%3Dpopup%3Aopen%26settings%3DeyJpZCI6Ijk5MDciLCJ0b2dnbGUiOmZhbHNlfQ%3D%3D\">Cliquez pour plus de d\u00e9tails<\/a><\/p>\n<h2>Vid\u00e9o de la remorque \u00e0 ciment \u00e0 4 essieux<\/h2>\n<p><iframe title=\"Lecteur vid\u00e9o YouTube\" src=\"https:\/\/www.youtube.com\/embed\/w8xQVfm1s54\" width=\"750\" height=\"400\" frameborder=\"0\" allowfullscreen=\"allowfullscreen\"><span data-mce-type=\"bookmark\" style=\"display: inline-block; width: 0px; overflow: hidden; line-height: 0;\" class=\"mce_SELRES_start\"><\/span><\/iframe><\/p>\n<h2>Sp\u00e9cification de la remorque de ciment en vrac \u00e0 4 essieux<\/h2>\n<p>Il s'agit des sp\u00e9cifications du camion-citerne \u00e0 ciment de 60 tonnes. Nous pouvons vous fournir les sp\u00e9cifications des camions-citernes de 25 \u00e0 120 tonnes.<\/p>\n<table style=\"width: 800px;\" border=\"1\" cellspacing=\"1\" cellpadding=\"1\">\n<tbody>\n<tr>\n<td width=\"221\" height=\"40\">\u00a0Marque<\/td>\n<td width=\"515\">\u00a0Remorques citernes \u00e0 ciment Panda Mech 60 tonnes<\/td>\n<\/tr>\n<tr>\n<td width=\"221\" height=\"40\">\u00a0Type de remorque pour vrac<\/td>\n<td width=\"515\">\u00a0Type V<\/td>\n<\/tr>\n<tr>\n<td width=\"221\" height=\"40\">\u00a0Capacit\u00e9 de la remorque pour le transport de marchandises en vrac<\/td>\n<td width=\"515\">\u00a060 tonnes<\/td>\n<\/tr>\n<tr>\n<td width=\"221\" height=\"40\">\u00a0Longueur de la remorque en vrac<\/td>\n<td width=\"515\">\u00a09,5-12,5 m\u00e8tres<\/td>\n<\/tr>\n<tr>\n<td width=\"221\" height=\"40\">\u00a0Moteur<\/td>\n<td width=\"515\">\u00a0WeiCai Deutz diesel moto<\/td>\n<\/tr>\n<tr>\n<td width=\"221\" height=\"40\">\u00a0Compresseur<\/td>\n<td width=\"515\">\u00a0SK 12m3<\/td>\n<\/tr>\n<tr>\n<td width=\"221\" height=\"40\">\u00a0Couvercle de trou d'homme<\/td>\n<td width=\"515\">\u00a02 \u00e0 4 ensembles de 500 mm de diam\u00e8tre<\/td>\n<\/tr>\n<tr>\n<td width=\"221\" height=\"40\">\u00a0Soupape de d\u00e9charge<\/td>\n<td width=\"515\">\u00a0Valve \u00e0 disque de 4\u2033 (4\u2033 disc valve)<\/td>\n<\/tr>\n<tr>\n<td width=\"221\" height=\"40\">\u00a0Dimensions<\/td>\n<td>\u00a010800*2500*3500 mm (en option)<\/td>\n<\/tr>\n<tr>\n<td width=\"221\" height=\"40\">\u00a0Mat\u00e9riau du r\u00e9servoir<\/td>\n<td width=\"515\">\u00a0Acier \u00e0 haute r\u00e9sistance de 5 ou 6 mm<\/td>\n<\/tr>\n<tr>\n<td width=\"221\" height=\"40\">\u00a0Suspension<\/td>\n<td width=\"515\">\u00a0Suspension m\u00e9canique ou suspension pneumatique<\/td>\n<\/tr>\n<tr>\n<td width=\"221\" height=\"40\">\u00a0Essieu<\/td>\n<td width=\"515\">\u00a0Essieu 3\/4, essieux de 13,16,20 tonnes, BPW ou SAF<\/td>\n<\/tr>\n<tr>\n<td width=\"221\" height=\"40\">\u00a0Pneu<\/td>\n<td width=\"515\">\u00a012R22.5, 385\/65R22.5, 13R22.5, 12.00R24, 315\/80R22.5<\/td>\n<\/tr>\n<tr>\n<td width=\"221\" height=\"40\">\u00a0Pi\u00e8ces pour remorques en vrac<\/td>\n<td width=\"515\">\u00a0Main courante pneumatique, moteur de marque r\u00e9put\u00e9e, essieu, pneu, tuyau semi-m\u00e9trique, vannes, plaque d'\u00e9gout, ventilateur de remorque pneumatique, fil de remorque en vrac, lumi\u00e8res, bacs de remorque en vrac, fil de remorque en vrac, lumi\u00e8re de remorque s\u00e8che en vrac.<\/td>\n<\/tr>\n<\/tbody>\n<\/table>\n<p style=\"text-align: center;\"><a class=\"product_button\" href=\"#elementor-action%3Aaction%3Dpopup%3Aopen%26settings%3DeyJpZCI6Ijk5MDciLCJ0b2dnbGUiOmZhbHNlfQ%3D%3D\">Cliquez pour plus de d\u00e9tails<\/a><\/p>\n<h2>Remorque de ciment en vrac \u00e0 4 essieux photo<\/h2>\n<p><img fetchpriority=\"high\" decoding=\"async\" class=\"alignnone wp-image-20546 size-full\" src=\"https:\/\/pandamech.com\/wp-content\/uploads\/2022\/07\/2021_04_26_16_00_IMG_6496.jpg\" alt=\"Remorques \u00e0 4 essieux pour camions de ciment de 60 tonnes \u00e0 vendre\" width=\"800\" height=\"533\" title=\"\"><\/p>\n<p>Remorques de 60 tonnes de ciment \u00e0 4 essieux - <a href=\"https:\/\/www.pandamech.com\/france\/product\/30-ton-bulk-flour-tanker-trailer\/\" target=\"_blank\" rel=\"noopener\">camion-citerne pour la farine de bl\u00e9<\/a><\/p>\n<p><img decoding=\"async\" class=\"alignnone wp-image-20545 size-full\" src=\"https:\/\/pandamech.com\/wp-content\/uploads\/2022\/07\/2021_04_26_16_16_IMG_6514.jpg\" alt=\"Remorque de transport de ciment de 60 tonnes \u00e0 4 essieux\" width=\"800\" height=\"533\" title=\"\"><\/p>\n<p>4 essieux 60 tonnes <span style=\"color: #0000ff;\"><a style=\"color: #0000ff;\" href=\"https:\/\/www.pandamech.com\/france\/category\/pneumatic-trailer\/cement-tanker\/\" target=\"_blank\" rel=\"noopener\">camion-citerne \u00e0 ciment<\/a><\/span> remorque<\/p>\n<p>En rapport : <span style=\"color: #0000ff;\"><a style=\"color: #0000ff;\" href=\"https:\/\/www.pandamech.com\/france\/product\/30-ton-bulk-flour-tanker-trailer\/\" target=\"_blank\" rel=\"noopener\">citerne \u00e0 farine<\/a><\/span>, <span style=\"color: #0000ff;\"><a style=\"color: #0000ff;\" href=\"https:\/\/www.pandamech.com\/france\/product\/58-60m3-bulk-cement-tanker\/\" target=\"_blank\" rel=\"noopener\">60 cbm bulker ciment tanker<\/a><\/span><\/p>\n<p style=\"text-align: center;\"><a class=\"product_button\" href=\"#elementor-action%3Aaction%3Dpopup%3Aopen%26settings%3DeyJpZCI6Ijk5MDciLCJ0b2dnbGUiOmZhbHNlfQ%3D%3D\">Obtenir un devis imm\u00e9diat<\/a><\/p>\n<h2>Transport maritime d'une remorque de ciment en vrac \u00e0 4 essieux<\/h2>\n<p>Nous commanderons le Freightliner et inspecterons la pr\u00e9sentation avant que la production ne soit termin\u00e9e. La remorque inspect\u00e9e vous sera exp\u00e9di\u00e9e dans les meilleurs d\u00e9lais.<\/p>\n<p>Pour \u00e9viter que la peinture de la remorque de transport de sable de ciment ne soit corrod\u00e9e par l'eau de mer, nous pulv\u00e9riserons une couche de cire sur la surface de la remorque de transport de sable de ciment. <a href=\"https:\/\/www.pandamech.com\/france\/product\/bulk-powder-tanker-p00149p1-html\/\" target=\"_blank\" rel=\"noopener\"><span style=\"color: #0000ff;\">remorque-citerne \u00e0 poudre<\/span><\/a> avant le transport.<\/p>\n<p>Nous envelopperons tous les moteurs diesel des remorques de camions de ciment avec des toiles de pluie.<\/p>\n<p><img decoding=\"async\" class=\"alignnone size-full wp-image-33095\" src=\"https:\/\/pandamech.com\/wp-content\/uploads\/2022\/10\/cement-trailer-transport-2.jpg\" alt=\"transport de ciment par camion-citerne\" width=\"750\" height=\"400\" title=\"\"><\/p>\n<h2>Panda Mech<\/h2>\n<p>Panda Mech est un fabricant de remorque \u00e0 ciment de 60 tonnes en Chine. Nous fournissons un camion-citerne \u00e0 ciment de 60 tonnes \u00e0 vendre. Les fabricants de Panda Mech ont connu le succ\u00e8s en Asie du Sud-Est, au Moyen-Orient, en Afrique et en Am\u00e9rique du Sud, tels que les Philippines, la Tanzanie, etc...<\/p>","protected":false},"excerpt":{"rendered":"<p>Type : Remorque-citerne \u00e0 ciment de 60 tonnes \u00e0 4 essieux<\/p>\n<p>Gamme de prix : $16 900-29 500<\/p>\n<p>D\u00e9lai de livraison : 7-25 jours<\/p>\n<p>D\u00e9chargement plus rapide : &gt;1,5 tonne\/min<\/p>\n<p>Application : transport de ciment, de particules de PVC, de cendres volantes, de mat\u00e9riaux granulaires, etc.<\/p>","protected":false},"featured_media":58180,"template":"","meta":{"_acf_changed":false,"_kad_blocks_custom_css":"","_kad_blocks_head_custom_js":"","_kad_blocks_body_custom_js":"","_kad_blocks_footer_custom_js":"","_kad_post_transparent":"default","_kad_post_title":"","_kad_post_layout":"default","_kad_post_sidebar_id":"","_kad_post_content_style":"default","_kad_post_vertical_padding":"default","_kad_post_feature":"","_kad_post_feature_position":"","_kad_post_header":false,"_kad_post_footer":false,"_kad_post_classname":""},"product_brand":[],"product_cat":[101],"product_tag":[],"class_list":{"0":"post-21459","1":"product","2":"type-product","3":"status-publish","4":"has-post-thumbnail","6":"product_cat-cement-tanker","8":"first","9":"instock","10":"sold-individually","11":"shipping-taxable","12":"purchasable","13":"product-type-simple","14":"entry","15":"content-bg","16":"loop-entry"},"acf":[],"taxonomy_info":{"product_cat":[{"value":101,"label":"Cement Tanker For Sale"}]},"featured_image_src_large":["https:\/\/www.pandamech.com\/wp-content\/uploads\/2022\/10\/4axle-bulk-trailer-6-500x500.jpg",500,500,true],"author_info":[],"comment_info":"","_links":{"self":[{"href":"https:\/\/www.pandamech.com\/france\/wp-json\/wp\/v2\/product\/21459","targetHints":{"allow":["GET"]}}],"collection":[{"href":"https:\/\/www.pandamech.com\/france\/wp-json\/wp\/v2\/product"}],"about":[{"href":"https:\/\/www.pandamech.com\/france\/wp-json\/wp\/v2\/types\/product"}],"version-history":[{"count":1,"href":"https:\/\/www.pandamech.com\/france\/wp-json\/wp\/v2\/product\/21459\/revisions"}],"predecessor-version":[{"id":91276,"href":"https:\/\/www.pandamech.com\/france\/wp-json\/wp\/v2\/product\/21459\/revisions\/91276"}],"wp:featuredmedia":[{"embeddable":true,"href":"https:\/\/www.pandamech.com\/france\/wp-json\/wp\/v2\/media\/58180"}],"wp:attachment":[{"href":"https:\/\/www.pandamech.com\/france\/wp-json\/wp\/v2\/media?parent=21459"}],"wp:term":[{"taxonomy":"product_brand","embeddable":true,"href":"https:\/\/www.pandamech.com\/france\/wp-json\/wp\/v2\/product_brand?post=21459"},{"taxonomy":"product_cat","embeddable":true,"href":"https:\/\/www.pandamech.com\/france\/wp-json\/wp\/v2\/product_cat?post=21459"},{"taxonomy":"product_tag","embeddable":true,"href":"https:\/\/www.pandamech.com\/france\/wp-json\/wp\/v2\/product_tag?post=21459"}],"curies":[{"name":"wp","href":"https:\/\/api.w.org\/{rel}","templated":true}]}}