{"id":21458,"date":"2022-07-03T19:03:13","date_gmt":"2022-07-03T11:03:13","guid":{"rendered":"http:\/\/pandamech.com\/?post_type=product&#038;p=21458"},"modified":"2025-08-23T01:07:59","modified_gmt":"2025-08-22T17:07:59","slug":"superlink-trailer-for-sale","status":"publish","type":"product","link":"https:\/\/www.pandamech.com\/france\/product\/superlink-trailer-for-sale\/","title":{"rendered":"Remorque Superlink Flated \u00e0 vendre"},"content":{"rendered":"<p>La remorque superlink \u00e0 plateau est connue sous le nom de remorque superlink \u00e0 plateau. Il s'agit de remorques ouvertes polyvalentes utilis\u00e9es pour transporter une large gamme de produits et de mat\u00e9riaux. Elles sont g\u00e9n\u00e9ralement utilis\u00e9es pour transporter de l'acier plat, de l'acier profil\u00e9, des conteneurs de 20 pieds, des conteneurs de 40 pieds et d'autres marchandises en vrac.<\/p>\n<h2>Remorque superlink \u00e0 plat images<\/h2>\n<p><img fetchpriority=\"high\" decoding=\"async\" class=\"alignnone\" style=\"width: 800px;\" src=\"https:\/\/pandamech.com\/wp-content\/uploads\/2021\/08\/7-84.jpg\" alt=\"superlink flat deck trailers for sale\" width=\"800\" height=\"533\" title=\"\"><\/p>\n<p>Semi-remorques \u00e0 plateau inter link \u00e0 vendre<\/p>\n<p><img decoding=\"async\" class=\"alignnone\" style=\"width: 800px;\" src=\"https:\/\/pandamech.com\/wp-content\/uploads\/2021\/08\/8-71.jpg\" alt=\"remorque \u00e0 pont plat remorques superlink \u00e0 vendre\" width=\"800\" height=\"533\" title=\"\"><\/p>\n<p>remorques de camion superlink \u00e0 plat \u00e0 vendre<\/p>\n<p>En rapport : <a href=\"https:\/\/www.pandamech.com\/france\/product\/40-ft-flatbed-trailer-for-sale\/\" target=\"_blank\" rel=\"noopener\">remorque \u00e0 plateau \u00e0 trois essieux<\/a><\/p>\n<p style=\"text-align: center;\"><a class=\"product_button\" href=\"#elementor-action%3Aaction%3Dpopup%3Aopen%26settings%3DeyJpZCI6Ijk5MDciLCJ0b2dnbGUiOmZhbHNlfQ%3D%3D\">Cliquez pour plus de d\u00e9tails<\/a><\/p>\n<p><iframe title=\"Lecteur vid\u00e9o YouTube\" src=\"https:\/\/www.youtube.com\/embed\/4ynAik6PpHs\" width=\"800\" height=\"533\" frameborder=\"0\" allowfullscreen=\"allowfullscreen\"><span data-mce-type=\"bookmark\" style=\"display: inline-block; width: 0px; overflow: hidden; line-height: 0;\" class=\"mce_SELRES_start\"><\/span><\/iframe><\/p>\n<h2>Sp\u00e9cifications des remorques superlink \u00e0 plateau<\/h2>\n<p><strong>Dimension (mm)<\/strong>: 14540x2500x1560mm<\/p>\n<p><strong>Capacit\u00e9 de chargement maximale<\/strong>: 100T<\/p>\n<p><strong>Essieux<\/strong>Essieux : 2*2 essieux, FUWA\/ BPW Marque : FUWA\/ BPW<\/p>\n<p><strong>Pneu<\/strong>: 16 unit\u00e9s, 12.00R22.5 ou 315\/80R22.5<\/p>\n<p><strong>Cadre<\/strong>: Q345B acier \u00e0 haute r\u00e9sistance<\/p>\n<p><strong>Poutre principale<\/strong>: Hauteur : 500 mm, plaque sup\u00e9rieure : 14 mm, plaque centrale : 8 mm, plaque inf\u00e9rieure : 16 mm, mat\u00e9riau : acier Q345B<\/p>\n<p><strong>Poutre lat\u00e9rale inf\u00e9rieure<\/strong>: Canal en acier de 16 ou 18 mm (mat\u00e9riau : acier Q235)<\/p>\n<p><strong>Suspension<\/strong>: Suspension m\u00e9canique, Bogie, Airbag (marque chinoise ou marque BPW)<\/p>\n<p><strong>Feuilles de printemps :<\/strong> 90(L)mmx13(Epaisseur)mmx10 couches ou 100mmx12mmx12 (sp\u00e9cialement con\u00e7u pour les march\u00e9s d'outre-mer)<\/p>\n<p><strong>Goupille royale<\/strong>: Marque JOST 2.0 ou 3.5 pouces (boulonn\u00e9 ou soud\u00e9)<\/p>\n<p><strong>Verrous tournants<\/strong>: 4,8,12 ensembles (\u00e0 levage ou \u00e0 vis)<\/p>\n<p><strong>Soupape<\/strong>: Valve WABCO (sp\u00e9cialement destin\u00e9e au march\u00e9 d'outre-mer)<\/p>\n<p style=\"text-align: center;\"><a class=\"product_button\" href=\"#elementor-action%3Aaction%3Dpopup%3Aopen%26settings%3DeyJpZCI6Ijk5MDciLCJ0b2dnbGUiOmZhbHNlfQ%3D%3D\">Cliquez pour plus de d\u00e9tails<\/a><\/p>\n<h2>Caract\u00e9ristiques de la remorque superlink \u00e0 plateau :<\/h2>\n<p>1. S\u00e9rie de suspension m\u00e9canique : la remorque superlink \u00e0 plateau est construite en tandem et en \u00e9quilibre, elle est tr\u00e8s solide et tr\u00e8s r\u00e9sistante aux chocs, elle r\u00e9partit uniform\u00e9ment la charge sur chaque essieu. Le mat\u00e9riau \u00e0 haute r\u00e9sistance maintient la dur\u00e9e de vie beaucoup plus longue et le tamponnage efficace, l'entretien simple et le remplacement facile des pi\u00e8ces d'usure.<br \/>\n2. Syst\u00e8me de suspension pneumatique : Essieu de remorque Superlink en option BPW et Fuwa. Plus r\u00e9sistant aux chocs gr\u00e2ce \u00e0 la combinaison d'essieux de levage et de direction.<\/p>\n<p style=\"text-align: center;\"><a class=\"product_button\" href=\"#elementor-action%3Aaction%3Dpopup%3Aopen%26settings%3DeyJpZCI6Ijk5MDciLCJ0b2dnbGUiOmZhbHNlfQ%3D%3D\">Cliquez pour plus de d\u00e9tails<\/a><\/p>\n<h2>Fabricant de remorques superlink \u00e0 plateau<\/h2>\n<p>Nous sommes un fabricant chinois de remorques superlink \u00e0 plateau. Nous fournissons des remorques doubles <span style=\"color: #0000ff;\"><a style=\"color: #0000ff;\" href=\"https:\/\/www.pandamech.com\/france\/category\/cargo-trailer\/flatbed-semi-trailer\/\" target=\"_blank\" rel=\"noopener\">semi-remorques \u00e0 plateau<\/a><\/span> pour la vente. Nous pouvons la personnaliser en fonction de vos besoins. Le prix de la remorque superlink \u00e0 plat d\u00e9pend des sp\u00e9cifications.<\/p>\n<p>L'\u00e9quipe d'ing\u00e9nieurs de PANDA sera pr\u00eate \u00e0 fournir des solutions bien int\u00e9gr\u00e9es qui r\u00e9pondent \u00e0 vos besoins en mati\u00e8re de transport et aux r\u00e9glementations locales. L'\u00e9quipe d'ing\u00e9nieurs PANDA peut communiquer avec vous en ligne pour comprendre pleinement vos besoins. Les solutions comprennent la conception du produit, les mat\u00e9riaux du produit, les dessins du produit et les vid\u00e9os du produit.<\/p>\n<p><a href=\"\/france\/contact-us\/\"><img decoding=\"async\" src=\"https:\/\/pandamech.com\/wp-content\/uploads\/2021\/08\/quotation.jpg\" alt=\"cotation\" width=\"864\" height=\"213\" title=\"\"><\/a><\/p>","protected":false},"excerpt":{"rendered":"<p>Type : remorque double \u00e0 plat \u00e0 vendre<\/p>\n<p>Gamme de prix : $13 990-20 500<\/p>\n<p>Livraison : 7-25 jours<\/p>\n<p>Capacit\u00e9 maximale : 100 tonnes<\/p>\n<p>Application : marchandises en vrac, conteneurs<\/p>","protected":false},"featured_media":57814,"template":"","meta":{"_acf_changed":false,"_kad_blocks_custom_css":"","_kad_blocks_head_custom_js":"","_kad_blocks_body_custom_js":"","_kad_blocks_footer_custom_js":"","_kad_post_transparent":"default","_kad_post_title":"","_kad_post_layout":"default","_kad_post_sidebar_id":"","_kad_post_content_style":"default","_kad_post_vertical_padding":"default","_kad_post_feature":"","_kad_post_feature_position":"","_kad_post_header":false,"_kad_post_footer":false,"_kad_post_classname":""},"product_brand":[],"product_cat":[77],"product_tag":[],"class_list":{"0":"post-21458","1":"product","2":"type-product","3":"status-publish","4":"has-post-thumbnail","6":"product_cat-flatbed-semi-trailer","8":"first","9":"instock","10":"sold-individually","11":"shipping-taxable","12":"purchasable","13":"product-type-simple","14":"entry","15":"content-bg","16":"loop-entry"},"acf":[],"taxonomy_info":{"product_cat":[{"value":77,"label":"Flatbed Semi Trailer"}]},"featured_image_src_large":["https:\/\/www.pandamech.com\/wp-content\/uploads\/2022\/08\/3-72-500x500.jpg",500,500,true],"author_info":[],"comment_info":"","_links":{"self":[{"href":"https:\/\/www.pandamech.com\/france\/wp-json\/wp\/v2\/product\/21458","targetHints":{"allow":["GET"]}}],"collection":[{"href":"https:\/\/www.pandamech.com\/france\/wp-json\/wp\/v2\/product"}],"about":[{"href":"https:\/\/www.pandamech.com\/france\/wp-json\/wp\/v2\/types\/product"}],"version-history":[{"count":1,"href":"https:\/\/www.pandamech.com\/france\/wp-json\/wp\/v2\/product\/21458\/revisions"}],"predecessor-version":[{"id":91373,"href":"https:\/\/www.pandamech.com\/france\/wp-json\/wp\/v2\/product\/21458\/revisions\/91373"}],"wp:featuredmedia":[{"embeddable":true,"href":"https:\/\/www.pandamech.com\/france\/wp-json\/wp\/v2\/media\/57814"}],"wp:attachment":[{"href":"https:\/\/www.pandamech.com\/france\/wp-json\/wp\/v2\/media?parent=21458"}],"wp:term":[{"taxonomy":"product_brand","embeddable":true,"href":"https:\/\/www.pandamech.com\/france\/wp-json\/wp\/v2\/product_brand?post=21458"},{"taxonomy":"product_cat","embeddable":true,"href":"https:\/\/www.pandamech.com\/france\/wp-json\/wp\/v2\/product_cat?post=21458"},{"taxonomy":"product_tag","embeddable":true,"href":"https:\/\/www.pandamech.com\/france\/wp-json\/wp\/v2\/product_tag?post=21458"}],"curies":[{"name":"wp","href":"https:\/\/api.w.org\/{rel}","templated":true}]}}