{"id":21456,"date":"2022-06-26T19:03:12","date_gmt":"2022-06-26T11:03:12","guid":{"rendered":"http:\/\/pandamech.com\/?post_type=product&#038;p=21456"},"modified":"2025-10-16T17:52:16","modified_gmt":"2025-10-16T09:52:16","slug":"forestry-semi-trailer-p00138p1-html","status":"publish","type":"product","link":"https:\/\/www.pandamech.com\/france\/product\/forestry-semi-trailer-p00138p1-html\/","title":{"rendered":"Remorque \u00e0 plate-forme \u00e0 3 essieux avec piquet"},"content":{"rendered":"<p>PANDA MECH construit des remorques \u00e0 plate-forme avec ranchers de 10 \u00e0 60 tonnes de charge utile. Qu'il s'agisse d'un espace de chargement flexible, d'essieux coulissants, de solutions d'entra\u00eenement, de diff\u00e9rents syst\u00e8mes de freinage qui peuvent \u00e9galement \u00eatre combin\u00e9s ensemble ou de dispositifs de s\u00e9curit\u00e9.<\/p>\n<p>Les v\u00e9hicules peuvent \u00eatre utilis\u00e9s dans la sylviculture, le transport sur de longues distances et les applications hors route, et conviennent aussi bien pour le bois long que pour le bois court et le bois d'\u0153uvre.<\/p>\n<h2>Remorque \u00e0 plate-forme avec sp\u00e9cification des piquets<\/h2>\n<table style=\"width: 800px;\" border=\"1\" cellspacing=\"0\" cellpadding=\"0\">\n<tbody>\n<tr>\n<td>Remorque \u00e0 plate-forme avec dimension des piquets<\/td>\n<td>12 500*2 500*3 900 mm<\/td>\n<\/tr>\n<tr>\n<td>Remorque \u00e0 plate-forme avec capacit\u00e9 de chargement<\/td>\n<td>60 tonnes<\/td>\n<\/tr>\n<tr>\n<td>Essieux<\/td>\n<td>3 * essieux de 20 tonnes<\/td>\n<\/tr>\n<tr>\n<td>Pneu<\/td>\n<td>Pneus radiaux 11.00R20<\/td>\n<\/tr>\n<tr>\n<td>Suspension<\/td>\n<td>suspension m\u00e9canique<\/td>\n<\/tr>\n<tr>\n<td>Train d'atterrissage<\/td>\n<td>JOST C200<\/td>\n<\/tr>\n<tr>\n<td>Kingpin<\/td>\n<td>2 pouces ou 3,5 pouces<\/td>\n<\/tr>\n<tr>\n<td>Syst\u00e8me de freinage<\/td>\n<td>Syst\u00e8me WABCO ou Haldex<\/td>\n<\/tr>\n<tr>\n<td>\u00c9lectrique<\/td>\n<td>12V ou 24V<\/td>\n<\/tr>\n<tr>\n<td>Fiche<\/td>\n<td>nombre : 12pcs , hauteur:1,000mm<\/td>\n<\/tr>\n<tr>\n<td>Garde-boue<\/td>\n<td>Type d'anti-pulv\u00e9risation<\/td>\n<\/tr>\n<tr>\n<td>Pare-chocs<\/td>\n<td>Pare-chocs robuste<\/td>\n<\/tr>\n<tr>\n<td>Peinture<\/td>\n<td>sablage, appr\u00eat et peinture \u00e0 l'\u00e9mail<\/td>\n<\/tr>\n<\/tbody>\n<\/table>\n<h2>Remorque \u00e0 plate-forme avec images de piquets<\/h2>\n<div><img decoding=\"async\" class=\"wp-image-2144 size-full\" style=\"width: 800px;\" src=\"https:\/\/pandamech.com\/wp-content\/uploads\/2021\/08\/7-88-e1630401139557.jpg\" alt=\"semi-remorque en bois\" height=\"533\" title=\"\"><\/div>\n<div>semi-remorque en bois<\/div>\n<div><img decoding=\"async\" class=\"wp-image-2145 size-full\" style=\"width: 800px;\" src=\"https:\/\/pandamech.com\/wp-content\/uploads\/2021\/08\/8-75.jpg\" alt=\"semi-remorque en bois\" height=\"533\" title=\"\"><\/div>\n<div>semi-remorque en bois<\/div>","protected":false},"excerpt":{"rendered":"<p>La remorque plate-forme avec piquet est principalement utilis\u00e9e pour le transport de grumes foresti\u00e8res, le transport de tubes longs, etc., afin de s'adapter au transport routier sur de longues distances et au transport routier en mauvais \u00e9tat. La remorque est adaptable, sa conception est raisonnable, sa capacit\u00e9 de charge est raisonnable, etc.<\/p>","protected":false},"featured_media":57787,"template":"","meta":{"_acf_changed":false,"_kad_blocks_custom_css":"","_kad_blocks_head_custom_js":"","_kad_blocks_body_custom_js":"","_kad_blocks_footer_custom_js":"","_kad_post_transparent":"default","_kad_post_title":"","_kad_post_layout":"default","_kad_post_sidebar_id":"","_kad_post_content_style":"default","_kad_post_vertical_padding":"default","_kad_post_feature":"","_kad_post_feature_position":"","_kad_post_header":false,"_kad_post_footer":false,"_kad_post_classname":""},"product_brand":[],"product_cat":[71],"product_tag":[],"class_list":{"0":"post-21456","1":"product","2":"type-product","3":"status-publish","4":"has-post-thumbnail","6":"product_cat-cargo-trailer","8":"first","9":"instock","10":"sold-individually","11":"shipping-taxable","12":"purchasable","13":"product-type-simple","14":"entry","15":"content-bg","16":"loop-entry"},"acf":[],"taxonomy_info":{"product_cat":[{"value":71,"label":"Bulk Cargo Trailer"}]},"featured_image_src_large":["https:\/\/www.pandamech.com\/wp-content\/uploads\/2022\/08\/2-92-500x500.jpg",500,500,true],"author_info":[],"comment_info":"","_links":{"self":[{"href":"https:\/\/www.pandamech.com\/france\/wp-json\/wp\/v2\/product\/21456","targetHints":{"allow":["GET"]}}],"collection":[{"href":"https:\/\/www.pandamech.com\/france\/wp-json\/wp\/v2\/product"}],"about":[{"href":"https:\/\/www.pandamech.com\/france\/wp-json\/wp\/v2\/types\/product"}],"version-history":[{"count":1,"href":"https:\/\/www.pandamech.com\/france\/wp-json\/wp\/v2\/product\/21456\/revisions"}],"predecessor-version":[{"id":91377,"href":"https:\/\/www.pandamech.com\/france\/wp-json\/wp\/v2\/product\/21456\/revisions\/91377"}],"wp:featuredmedia":[{"embeddable":true,"href":"https:\/\/www.pandamech.com\/france\/wp-json\/wp\/v2\/media\/57787"}],"wp:attachment":[{"href":"https:\/\/www.pandamech.com\/france\/wp-json\/wp\/v2\/media?parent=21456"}],"wp:term":[{"taxonomy":"product_brand","embeddable":true,"href":"https:\/\/www.pandamech.com\/france\/wp-json\/wp\/v2\/product_brand?post=21456"},{"taxonomy":"product_cat","embeddable":true,"href":"https:\/\/www.pandamech.com\/france\/wp-json\/wp\/v2\/product_cat?post=21456"},{"taxonomy":"product_tag","embeddable":true,"href":"https:\/\/www.pandamech.com\/france\/wp-json\/wp\/v2\/product_tag?post=21456"}],"curies":[{"name":"wp","href":"https:\/\/api.w.org\/{rel}","templated":true}]}}