{"id":21454,"date":"2023-02-10T19:03:12","date_gmt":"2023-02-10T11:03:12","guid":{"rendered":"http:\/\/pandamech.com\/?post_type=product&#038;p=21454"},"modified":"2025-08-23T01:07:07","modified_gmt":"2025-08-22T17:07:07","slug":"45000-liters-aluminum-tank-trailer","status":"publish","type":"product","link":"https:\/\/www.pandamech.com\/france\/product\/45000-liters-aluminum-tank-trailer\/","title":{"rendered":"Remorque-citerne en aluminium de 45 000 litres"},"content":{"rendered":"<p>Une remorque-citerne en aluminium est connue sous le nom de remorque-citerne en aluminium, remorque-citerne en aluminium. La remorque-citerne en aluminium est compos\u00e9e d'un corps de citerne, d'une prise de force, d'un arbre de transmission, d'une pompe \u00e0 huile \u00e0 engrenage, d'un syst\u00e8me de tuyauterie et d'autres composants. Le syst\u00e8me de tuyauterie est compos\u00e9 d'une pompe \u00e0 huile, d'un robinet \u00e0 bille \u00e0 trois voies et \u00e0 quatre positions, d'un robinet \u00e0 bille \u00e0 deux voies, d'une cr\u00e9pine et d'un pipeline.<\/p>\n<p>Une remorque-citerne en aluminium est g\u00e9n\u00e9ralement utilis\u00e9e dans les pays o\u00f9 le poids est limit\u00e9. Si le poids de la citerne est r\u00e9duit, le poids du chargement peut \u00eatre augment\u00e9.<\/p>\n<h2>Sp\u00e9cifications de la remorque-citerne en aluminium de 45 000 litres<\/h2>\n<table style=\"width: 800px;\" border=\"1\" cellspacing=\"1\" cellpadding=\"1\">\n<tbody>\n<tr>\n<td width=\"228\" height=\"36\">\u00a0Fabricant<\/td>\n<td>\u00a0Panda Mech<\/td>\n<\/tr>\n<tr>\n<td width=\"228\" height=\"36\">\u00a0Objet<\/td>\n<td>\u00a0Remorque-citerne \u00e0 carburant en aluminium de 45000 litres<\/td>\n<\/tr>\n<tr>\n<td width=\"228\" height=\"36\">\u00a0Dimension<\/td>\n<td>\u00a010500*2500*3500 mm (R\u00e9f\u00e9rence, personnalis\u00e9 selon les besoins)<\/td>\n<\/tr>\n<tr>\n<td width=\"228\" height=\"36\">\u00a0Capacit\u00e9<\/td>\n<td>\u00a045 000 litres<\/td>\n<\/tr>\n<tr>\n<td width=\"228\" height=\"36\">\u00a0Compartiment<\/td>\n<td>\u00a06 compartiments<\/td>\n<\/tr>\n<tr>\n<td width=\"228\" height=\"36\">\u00a0Charge utile<\/td>\n<td>\u00a039-41T (R\u00e9f\u00e9rence)<\/td>\n<\/tr>\n<tr>\n<td width=\"228\" height=\"36\">\u00a0Poids de la remorque du r\u00e9servoir de carburant<\/td>\n<td>\u00a06.5-9T<\/td>\n<\/tr>\n<tr>\n<td width=\"228\" height=\"36\">\u00a0Mat\u00e9riau<\/td>\n<td>\u00a0aluminium<\/td>\n<\/tr>\n<tr>\n<td width=\"228\" height=\"36\">\u00a0Ch\u00e2ssis<\/td>\n<td>\u00a0Aluminium haute r\u00e9sistance<\/td>\n<\/tr>\n<tr>\n<td width=\"228\" height=\"36\">\u00a0Soupape<\/td>\n<td>\u00a0Civacon, EMCO, HELI, JLME, HENGE<\/td>\n<\/tr>\n<tr>\n<td width=\"228\" height=\"36\">\u00a0Essieu<\/td>\n<td>\u00a03 essieux ; BPW, FUWA, L1, HO'S, SAF, PDME<\/td>\n<\/tr>\n<tr>\n<td width=\"228\" height=\"36\">\u00a0Suspension<\/td>\n<td>\u00a0Suspension pneumatique, m\u00e9canique<\/td>\n<\/tr>\n<tr>\n<td width=\"228\" height=\"36\">\u00a0Syst\u00e8me de freinage<\/td>\n<td>\u00a0Syst\u00e8me de freinage Dual Line, chambre T30\/30, valve d'urgence Wabco, ABS\/EBS en option<\/td>\n<\/tr>\n<tr>\n<td width=\"228\" height=\"90\">\u00a0Pi\u00e8ces d\u00e9tach\u00e9es pour remorques-citernes<\/td>\n<td>\u00a0Garde-boue, \u00e9chelle, 1 bo\u00eete \u00e0 outils standard, 1 couche d'appr\u00eat anticorrosion, 2 couches de peinture finale, peinture polyur\u00e9thane, train d'atterrissage, jante en acier 9.0-22.5, extincteur, soupape de fond pneumatique de 4 pouces, couvercle de trou d'homme en alliage d'aluminium de 500 mm, t\u00f4le d'acier Q345\/6mm, conforme \u00e0 l'ADR (selon les besoins du client).<\/td>\n<\/tr>\n<tr>\n<td width=\"228\" height=\"36\">\u00a0Application<\/td>\n<td>\u00a0Carburant, p\u00e9trole, p\u00e9trole brut, diesel, essence, p\u00e9trole, essence<\/td>\n<\/tr>\n<\/tbody>\n<\/table>\n<h2>45,000 Litres aluminium tanker trailer images<\/h2>\n<dl id=\"attachment_1828\">\n<dt><img decoding=\"async\" class=\"alignnone size-full wp-image-18991\" style=\"width: 800px;\" title=\"Remorque-citerne en aluminium de 45 000 litres\" src=\"https:\/\/pandamech.com\/wp-content\/uploads\/2022\/06\/45000-liters-aluminum-tank-trailer.jpg\" alt=\"Remorque-citerne en aluminium de 45 000 litres\" height=\"533\" \/><\/dt>\n<dd>remorque en aluminium pour le transport d'huile liquide<\/dd>\n<\/dl>\n<dl id=\"attachment_1830\">\n<dt><img decoding=\"async\" class=\"alignnone size-full wp-image-18992\" style=\"width: 800px;\" title=\"Remorque-citerne en aluminium de 45 000 litres\" src=\"https:\/\/pandamech.com\/wp-content\/uploads\/2022\/06\/45000-liters-aluminum-tank-trailer-1.jpg\" alt=\"Remorque-citerne en aluminium de 45 000 litres\" height=\"533\" \/><\/dt>\n<dd>semi-remorque citerne en aluminium \u00e0 trois essieux<\/dd>\n<\/dl>\n<dl id=\"attachment_1831\">\n<dt><img decoding=\"async\" class=\"alignnone size-full wp-image-18993\" style=\"width: 800px;\" title=\"Remorque-citerne en aluminium de 45 000 litres\" src=\"https:\/\/pandamech.com\/wp-content\/uploads\/2022\/06\/45000-liters-aluminum-tank-trailer-2.jpg\" alt=\"Remorque-citerne en aluminium de 45 000 litres\" height=\"533\" \/><\/dt>\n<dd>semi-remorque \u00e0 trois essieux en aluminium avec r\u00e9servoir de carburant<\/dd>\n<\/dl>\n<h2>Application :<\/h2>\n<p>La remorque-citerne \u00e0 carburant en aluminium est g\u00e9n\u00e9ralement utilis\u00e9e pour transporter de l'essence, du k\u00e9ros\u00e8ne, du diesel, de l'huile v\u00e9g\u00e9tale, de l'huile comestible, de l'huile lourde, du goudron de houille et des produits non p\u00e9troliers tels que l'alcool, l'ald\u00e9hyde, le benz\u00e8ne, l'\u00e9ther et d'autres substances liquides.<\/p>\n<p>La remorque-citerne en aluminium a une capacit\u00e9 de 30000-60000 litres. Elle est g\u00e9n\u00e9ralement utilis\u00e9e pour le transport longue distance, le transport de substances liquides dans le monde entier, afin de r\u00e9aliser une distribution et une utilisation raisonnables des ressources.<\/p>\n<h2>Caract\u00e9ristiques :<\/h2>\n<p>1. Dessin 3D et HyperMesh &amp; Ansys<\/p>\n<p>Utiliser pleinement la propri\u00e9t\u00e9 physique, favoriser une meilleure performance et r\u00e9duire les co\u00fbts d'exploitation<\/p>\n<p>2. Adaptateur API de la norme ADR<\/p>\n<p>Crucial pour tout syst\u00e8me de chargement par le bas API, correspond aux coupleurs 3\u2033 ou 4\u2033.<\/p>\n<p>3. Prises API Optique<\/p>\n<p>Soutenir le syst\u00e8me de chargement par le bas<\/p>\n<p>4. Trou d'homme standard ADR avec \u00e9vent de vapeur<\/p>\n<p>16\u2033 ou 20\u2033, mat\u00e9riau en aluminium pour une plus longue dur\u00e9e de vie<\/p>\n<p>5. Plus de s\u00e9curit\u00e9 gr\u00e2ce au 7ntre de gravit\u00e9 plus bas Conception du col de cygne<\/p>\n<p>6. 12% Volume plus important gr\u00e2ce \u00e0 la conception d'un canon \u00e0 section semi-elliptique<\/p>\n<p>7. Longue dur\u00e9e de vie gr\u00e2ce au soudage \u00e0 l'arc automatique des citernes<\/p>\n<h2>Transport maritime d'une remorque-citerne \u00e0 carburant<\/h2>\n<p>Afin d'\u00e9viter que la peinture de la remorque du camion-citerne ne soit corrod\u00e9e par l'eau de mer, nous pulv\u00e9risons une couche de cire sur la surface de la remorque du camion-citerne avant le transport.<\/p>","protected":false},"excerpt":{"rendered":"<p>Type : Remorques-citernes \u00e0 carburant en aluminium de 45 000 litres<\/p>\n<p>Gamme de prix : $20 900-34 500<\/p>\n<p>Livraison : 7-25 jours<\/p>\n<p>Mat\u00e9riau : aluminium<\/p>\n<p>Applications : transport d'essence, de gazoline, de liquide<\/p>","protected":false},"featured_media":58802,"template":"","meta":{"_acf_changed":false,"_kad_blocks_custom_css":"","_kad_blocks_head_custom_js":"","_kad_blocks_body_custom_js":"","_kad_blocks_footer_custom_js":"","_kad_post_transparent":"default","_kad_post_title":"","_kad_post_layout":"default","_kad_post_sidebar_id":"","_kad_post_content_style":"default","_kad_post_vertical_padding":"default","_kad_post_feature":"","_kad_post_feature_position":"","_kad_post_header":false,"_kad_post_footer":false,"_kad_post_classname":""},"product_brand":[],"product_cat":[109],"product_tag":[],"class_list":{"0":"post-21454","1":"product","2":"type-product","3":"status-publish","4":"has-post-thumbnail","6":"product_cat-fuel-tanker","8":"first","9":"instock","10":"sold-individually","11":"shipping-taxable","12":"purchasable","13":"product-type-simple","14":"entry","15":"content-bg","16":"loop-entry"},"acf":[],"taxonomy_info":{"product_cat":[{"value":109,"label":"Fuel Tanker Trailer"}]},"featured_image_src_large":["https:\/\/www.pandamech.com\/wp-content\/uploads\/2023\/02\/4-2-500x500.jpg",500,500,true],"author_info":[],"comment_info":"","_links":{"self":[{"href":"https:\/\/www.pandamech.com\/france\/wp-json\/wp\/v2\/product\/21454","targetHints":{"allow":["GET"]}}],"collection":[{"href":"https:\/\/www.pandamech.com\/france\/wp-json\/wp\/v2\/product"}],"about":[{"href":"https:\/\/www.pandamech.com\/france\/wp-json\/wp\/v2\/types\/product"}],"version-history":[{"count":1,"href":"https:\/\/www.pandamech.com\/france\/wp-json\/wp\/v2\/product\/21454\/revisions"}],"predecessor-version":[{"id":91260,"href":"https:\/\/www.pandamech.com\/france\/wp-json\/wp\/v2\/product\/21454\/revisions\/91260"}],"wp:featuredmedia":[{"embeddable":true,"href":"https:\/\/www.pandamech.com\/france\/wp-json\/wp\/v2\/media\/58802"}],"wp:attachment":[{"href":"https:\/\/www.pandamech.com\/france\/wp-json\/wp\/v2\/media?parent=21454"}],"wp:term":[{"taxonomy":"product_brand","embeddable":true,"href":"https:\/\/www.pandamech.com\/france\/wp-json\/wp\/v2\/product_brand?post=21454"},{"taxonomy":"product_cat","embeddable":true,"href":"https:\/\/www.pandamech.com\/france\/wp-json\/wp\/v2\/product_cat?post=21454"},{"taxonomy":"product_tag","embeddable":true,"href":"https:\/\/www.pandamech.com\/france\/wp-json\/wp\/v2\/product_tag?post=21454"}],"curies":[{"name":"wp","href":"https:\/\/api.w.org\/{rel}","templated":true}]}}