{"id":21451,"date":"2022-06-30T19:03:12","date_gmt":"2022-06-30T11:03:12","guid":{"rendered":"http:\/\/pandamech.com\/?post_type=product&#038;p=21451"},"modified":"2026-01-05T15:57:30","modified_gmt":"2026-01-05T07:57:30","slug":"bulk-cement-carrier-for-sale-html","status":"publish","type":"product","link":"https:\/\/www.pandamech.com\/france\/product\/bulk-cement-carrier-for-sale-html\/","title":{"rendered":"25-120 Ton Cement Carrier Truck For Sale"},"content":{"rendered":"<p>Le camion de transport de ciment en vrac convient au transport de ciment en vrac, de cendres de charbon, de chaux en poudre, de poudre min\u00e9rale, de cendres volantes et d'autres mat\u00e9riaux en poudre dont le diam\u00e8tre des particules ne d\u00e9passe pas 0,1 mm. La remorque pour ciment en vrac est principalement utilis\u00e9e dans les cimenteries, les entrep\u00f4ts de ciment et les grands chantiers de construction.<\/p>\n<p>Camions vraquiers d'une capacit\u00e9 de 25 \u00e0 120 tonnes, d'un volume de 22 \u00e0 100 cbm.<\/p>\n<h2 style=\"text-align: left;\">Vid\u00e9o d'un camion de transport de ciment<\/h2>\n<p><iframe style=\"width: 800px;\" title=\"Lecteur vid\u00e9o YouTube\" src=\"https:\/\/www.youtube.com\/embed\/ptQz5yxKIQw\" height=\"533\" frameborder=\"0\" allowfullscreen=\"allowfullscreen\" data-mce-fragment=\"1\"><\/iframe><\/p>\n<p>&nbsp;<\/p>\n<h2>Sp\u00e9cification du camion porte-ciment de 25 \u00e0 120 tonnes<\/h2>\n<table style=\"width: 800px;\" border=\"1\" cellspacing=\"1\" cellpadding=\"1\">\n<tbody>\n<tr>\n<td width=\"202\" height=\"38\">Marque<\/td>\n<td width=\"691\">Panda Mech transporteur de ciment en vrac remorque de camionnage<\/td>\n<\/tr>\n<tr>\n<td width=\"202\" height=\"38\">Longueur*largeur*hauteur<\/td>\n<td width=\"691\">10500-14500x2500x3300-4000mm<\/td>\n<\/tr>\n<tr>\n<td width=\"202\" height=\"38\">Capacit\u00e9\/volume<\/td>\n<td width=\"691\">25 \u00e0 120 tonnes, 22 \u00e0 100 m\u00e8tres cubes<\/td>\n<\/tr>\n<tr>\n<td width=\"202\" height=\"38\">Moteur<\/td>\n<td width=\"691\">WeiCai Deutz diesel moto<\/td>\n<\/tr>\n<tr>\n<td width=\"202\" height=\"38\">Poids<\/td>\n<td width=\"691\">4,5-6 tonnes<\/td>\n<\/tr>\n<tr>\n<td width=\"202\" height=\"38\">Couvercle de trou d'homme<\/td>\n<td width=\"691\">2 \u00e0 4 ensembles de 500 mm de diam\u00e8tre<\/td>\n<\/tr>\n<tr>\n<td width=\"202\" height=\"38\">Soupape de d\u00e9charge<\/td>\n<td width=\"691\">Valve \u00e0 disque de 4\u2033 (4\u2033 disc valve)<\/td>\n<\/tr>\n<tr>\n<td width=\"202\" height=\"38\">Mat\u00e9riau de la carrosserie\/ch\u00e2ssis<\/td>\n<td width=\"691\">Acier \u00e0 haute r\u00e9sistance de 5 ou 6 mm<\/td>\n<\/tr>\n<tr>\n<td width=\"202\" height=\"38\">Structure<\/td>\n<td width=\"691\">Q345 acier \u00e0 haute r\u00e9sistance<\/td>\n<\/tr>\n<tr>\n<td width=\"202\" height=\"38\">Train d'atterrissage<\/td>\n<td width=\"691\">JOST 28T<\/td>\n<\/tr>\n<tr>\n<td width=\"202\" height=\"38\">Empattement (mm)<\/td>\n<td width=\"691\">8000+1310+1310<\/td>\n<\/tr>\n<tr>\n<td width=\"202\" height=\"38\">Suspension<\/td>\n<td width=\"691\">Suspension m\u00e9canique, suspension pneumatique<\/td>\n<\/tr>\n<tr>\n<td width=\"202\" height=\"38\">Compresseur d'air<\/td>\n<td width=\"691\">Standard 10 CBM<\/td>\n<\/tr>\n<tr>\n<td width=\"202\" height=\"38\">Syst\u00e8me de freinage<\/td>\n<td width=\"691\">Valve d'urgence WABCO<\/td>\n<\/tr>\n<tr>\n<td width=\"202\" height=\"38\">Essieu<\/td>\n<td width=\"691\">1 \u00e0 4 jeux, essieux de 13, 16 et 20 tonnes, BPW\/FUWA<\/td>\n<\/tr>\n<tr>\n<td width=\"202\" height=\"38\">Bo\u00eete \u00e0 outils<\/td>\n<td width=\"691\">1 ensemble<\/td>\n<\/tr>\n<tr>\n<td width=\"202\" height=\"38\">Pneu<\/td>\n<td width=\"691\">12R22.5, 385\/65R22.5, 13R22.5, 12.00R24, 315\/80R22.5<\/td>\n<\/tr>\n<tr>\n<td width=\"202\" height=\"38\">Goupille royale<\/td>\n<td width=\"691\">JOST 2\u2033 ou 3.5 type d\u00e9tachable<\/td>\n<\/tr>\n<tr>\n<td width=\"202\" height=\"38\">Pi\u00e8ces d\u00e9tach\u00e9es<\/td>\n<td width=\"691\">Moteur de marque r\u00e9put\u00e9e, essieu, pneu, fils \u00e9tanches, grenaillage, syst\u00e8me de d\u00e9chargement, tuyau semi-m\u00e9trique, vannes, soupape de d\u00e9charge, coussin d'air int\u00e9rieur, train d'atterrissage, dispositif de pulv\u00e9risation d'eau, protection lat\u00e9rale et bo\u00eete \u00e0 outils, couvercle de trou d'homme.<\/td>\n<\/tr>\n<\/tbody>\n<\/table>\n<p>&nbsp;<\/p>\n<h2>Camion-citerne commun de 55 tonnes pour le transport du ciment en vrac<\/h2>\n<p><img fetchpriority=\"high\" decoding=\"async\" class=\"alignnone\" style=\"width: 800px;\" src=\"https:\/\/pandamech.com\/wp-content\/uploads\/2021\/08\/7-34.jpg\" alt=\"Remorques de camion-citerne \u00e0 ciment de 55 tonnes pour la vente \" width=\"800\" height=\"533\" title=\"\"><\/p>\n<p>Remorques de vrac sec de 55 tonnes \u00e0 vendre<\/p>\n<p><img decoding=\"async\" style=\"width: 800px;\" src=\"https:\/\/pandamech.com\/wp-content\/uploads\/2021\/08\/8-29.jpg\" alt=\"Remorque \u00e0 ciment de 55 tonnes\" height=\"533\" title=\"\"><\/p>\n<p>Semi-remorques de 55 tonnes de poudre de ciment \u00e0 vendre<br \/>\n<img decoding=\"async\" class=\"alignnone\" style=\"width: 800px;\" src=\"https:\/\/pandamech.com\/wp-content\/uploads\/2021\/08\/9-16.jpg\" alt=\"camion-citerne \u00e0 poudre de 55 tonnes\" width=\"800\" height=\"533\" title=\"\"><\/p>\n<p>Remorque de 55 tonnes de ciment sec en vrac<\/p>\n<p>&nbsp;<\/p>\n<h2>Avantage de la remorque du camion de ciment<\/h2>\n<ul>\n<li>1. Meilleur acier brut : Le corps du r\u00e9servoir et la construction sont en acier \u00e0 haute r\u00e9sistance YP \u2265 620, ce qui garantit une dur\u00e9e de vie plus longue et un poids \u00e0 vide plus l\u00e9ger.<\/li>\n<li>2. Excellentes performances, la conception unique assure un taux de d\u00e9chargement de 1,3 t\/min, une distance de d\u00e9chargement verticale de 30 m.<\/li>\n<li>3. Qualit\u00e9 de la soudure :  Un acier de bonne qualit\u00e9 et des soudures de qualit\u00e9 permettent de garantir plus longtemps la remorque de camion-citerne en vrac.<\/li>\n<li>4. Peinture durable : L'ensemble du v\u00e9hicule est nettoy\u00e9 par grenaillage avant d'\u00eatre peint, deux fois l'appr\u00eat permettent de prolonger la dur\u00e9e de vie de la peinture.<\/li>\n<li>5. Conception d'une remorque pneumatique : dessin en 3D avec Ansys &amp; Hypermesh Analyser la conception d'un support raisonnable.<\/li>\n<li>6. Vitesse de d\u00e9chargement rapide.<\/li>\n<li>7. Haute performance en mati\u00e8re de s\u00e9curit\u00e9.<\/li>\n<li>8. Facile \u00e0 utiliser.<\/li>\n<\/ul>\n<p>&nbsp;<\/p>\n<h2>Transport maritime<\/h2>\n<p>Afin d'\u00e9viter que la peinture de la remorque du camion-citerne \u00e0 poudre ne soit corrod\u00e9e par l'eau de mer, nous pulv\u00e9risons une couche de cire sur la surface du camion de transport de ciment avant le transport.<br \/>\nNous envelopperons tous les moteurs diesel des camions-citernes de pluie.<\/p>\n<p><img decoding=\"async\" class=\"alignnone wp-image-31376 size-full\" src=\"https:\/\/pandamech.com\/wp-content\/uploads\/2022\/08\/55-ton-cement-bulk-trailer-transport2.jpg\" alt=\"camion-citerne de 50 tonnes pour le transport de marchandises en vrac\" width=\"800\" height=\"532\" title=\"\"><\/p>\n<p><img loading=\"lazy\" decoding=\"async\" class=\"alignnone wp-image-31375 size-full\" src=\"https:\/\/pandamech.com\/wp-content\/uploads\/2022\/08\/55-ton-cement-bulk-trailer-transport1.jpg\" alt=\"Remorque de 60 tonnes pour le transport de produits en vrac\" width=\"800\" height=\"604\" title=\"\"><\/p>","protected":false},"excerpt":{"rendered":"<p>Type : remorque de transport de ciment en vrac de 25 \u00e0 120 tonnes<\/p>\n<p>Gamme de prix : $15,600-$39,800<\/p>\n<p>Livraison : 7 -25 jours<\/p>\n<p>D\u00e9chargement plus rapide : &gt;1,5 tonne\/min<\/p>\n<p>Application : transport de ciment, de sable et d'autres mat\u00e9riaux granulaires<\/p>","protected":false},"featured_media":58449,"template":"","meta":{"_acf_changed":false,"_kad_blocks_custom_css":"","_kad_blocks_head_custom_js":"","_kad_blocks_body_custom_js":"","_kad_blocks_footer_custom_js":"","_kad_post_transparent":"default","_kad_post_title":"","_kad_post_layout":"default","_kad_post_sidebar_id":"","_kad_post_content_style":"default","_kad_post_vertical_padding":"default","_kad_post_feature":"","_kad_post_feature_position":"","_kad_post_header":false,"_kad_post_footer":false,"_kad_post_classname":""},"product_brand":[],"product_cat":[101],"product_tag":[],"class_list":{"0":"post-21451","1":"product","2":"type-product","3":"status-publish","4":"has-post-thumbnail","6":"product_cat-cement-tanker","8":"first","9":"instock","10":"sold-individually","11":"shipping-taxable","12":"purchasable","13":"product-type-simple","14":"entry","15":"content-bg","16":"loop-entry"},"acf":[],"taxonomy_info":{"product_cat":[{"value":101,"label":"Cement Tanker For Sale"}]},"featured_image_src_large":["https:\/\/www.pandamech.com\/wp-content\/uploads\/2022\/12\/3-axles-45-cubic-meters-v-type-cement-tanker-1-500x500.jpg",500,500,true],"author_info":[],"comment_info":"","_links":{"self":[{"href":"https:\/\/www.pandamech.com\/france\/wp-json\/wp\/v2\/product\/21451","targetHints":{"allow":["GET"]}}],"collection":[{"href":"https:\/\/www.pandamech.com\/france\/wp-json\/wp\/v2\/product"}],"about":[{"href":"https:\/\/www.pandamech.com\/france\/wp-json\/wp\/v2\/types\/product"}],"version-history":[{"count":1,"href":"https:\/\/www.pandamech.com\/france\/wp-json\/wp\/v2\/product\/21451\/revisions"}],"predecessor-version":[{"id":91375,"href":"https:\/\/www.pandamech.com\/france\/wp-json\/wp\/v2\/product\/21451\/revisions\/91375"}],"wp:featuredmedia":[{"embeddable":true,"href":"https:\/\/www.pandamech.com\/france\/wp-json\/wp\/v2\/media\/58449"}],"wp:attachment":[{"href":"https:\/\/www.pandamech.com\/france\/wp-json\/wp\/v2\/media?parent=21451"}],"wp:term":[{"taxonomy":"product_brand","embeddable":true,"href":"https:\/\/www.pandamech.com\/france\/wp-json\/wp\/v2\/product_brand?post=21451"},{"taxonomy":"product_cat","embeddable":true,"href":"https:\/\/www.pandamech.com\/france\/wp-json\/wp\/v2\/product_cat?post=21451"},{"taxonomy":"product_tag","embeddable":true,"href":"https:\/\/www.pandamech.com\/france\/wp-json\/wp\/v2\/product_tag?post=21451"}],"curies":[{"name":"wp","href":"https:\/\/api.w.org\/{rel}","templated":true}]}}