{"id":21436,"date":"2026-01-16T17:03:10","date_gmt":"2026-01-16T09:03:10","guid":{"rendered":"http:\/\/pandamech.com\/?post_type=product&#038;p=21436"},"modified":"2026-01-19T11:01:52","modified_gmt":"2026-01-19T03:01:52","slug":"fuel-tank-truck-trailer-specification","status":"publish","type":"product","link":"https:\/\/www.pandamech.com\/france\/product\/fuel-tank-truck-trailer-specification\/","title":{"rendered":"Capacit\u00e9 de la remorque-citerne \u00e0 carburant (Litres\/Gallons), dimensions et sp\u00e9cifications"},"content":{"rendered":"<h2><strong data-start=\"961\" data-end=\"1015\">R\u00e9ponse rapide (Capacit\u00e9 et taille des remorques-citernes)<\/strong><\/h2>\n<p><strong>Capacit\u00e9 typique d'une remorque de camion-citerne<\/strong>: 30 000-60 000 litres (8 000-16 000 gallons)<\/p>\n<p><strong>Capacit\u00e9 des camions-citernes les plus courants<\/strong>: 45 000 litres (11 887 gallons)<\/p>\n<p><strong>Dimensions typiques d'une remorque-citerne<\/strong>Dimensions : 9.500-12.500 \u00d7 2.500 \u00d7 3.600 mm<\/p>\n<p><strong>Compartiments<\/strong>: 1-10 (pour les livraisons multi-produits)<\/p>\n<p><strong>Note<\/strong>: Cette page traite de la capacit\u00e9 de la remorque-citerne (le r\u00e9servoir), et non de la capacit\u00e9 du r\u00e9servoir de carburant du semi-remorque.<\/p>\n<p data-start=\"1451\" data-end=\"1904\"><strong data-start=\"1603\" data-end=\"1904\">Une remorque-citerne \u00e0 carburant (\u00e9galement appel\u00e9e remorque-citerne \u00e0 essence) est con\u00e7ue pour transporter des carburants liquides en vrac. Pour la plupart des transports routiers et des livraisons en station, la capacit\u00e9 typique d'un camion-citerne est de 30 000 \u00e0 60 000 litres, 45 000 litres \u00e9tant l'une des configurations les plus courantes.<\/strong><\/p>\n<p data-start=\"1911\" data-end=\"2296\"><strong data-start=\"2107\" data-end=\"2296\">La capacit\u00e9 varie en fonction des limites de poids locales, de la densit\u00e9 du liquide, de la conception du r\u00e9servoir et du nombre de compartiments n\u00e9cessaires. Ainsi, deux camions-citernes de 45 000 litres peuvent \u00eatre configur\u00e9s diff\u00e9remment pour un m\u00eame itin\u00e9raire.<\/strong><\/p>\n<h2>Sp\u00e9cifications de la remorque-citerne (capacit\u00e9, dimensions, poids, compartiments)<\/h2>\n<p>&nbsp;<\/p>\n<table style=\"width: 800px;\" border=\"1\" cellspacing=\"1\" cellpadding=\"1\">\n<tbody>\n<tr>\n<td width=\"273\" height=\"41\">\u00a0Marque<\/td>\n<td width=\"439\">\u00a0M\u00e9canisme panda<\/td>\n<\/tr>\n<tr>\n<td height=\"41\">\u00a0Nom<\/td>\n<td>\u00a0Camion-citerne \u00e0 carburant semi-remorque<\/td>\n<\/tr>\n<tr>\n<td height=\"41\">\u00a0Dimensions des camions-citernes<\/td>\n<td><strong data-start=\"2795\" data-end=\"2830\">\u00a09 500-12 500 \u00d7 2 500 \u00d7 3 600 mm<\/strong> (\u2248 <strong data-start=\"2834\" data-end=\"2859\">31-41 \u00d7 8.2 \u00d7 11.8 pieds<\/strong>, pour r\u00e9f\u00e9rence)<\/td>\n<\/tr>\n<tr>\n<td height=\"41\">\u00a0Capacit\u00e9<\/td>\n<td>30 000-60 000 litres (30-60 KL) \/ 8 000-16 000 gallons<\/td>\n<\/tr>\n<tr>\n<td height=\"41\">\u00a0Charge utile maximale<\/td>\n<td>\u00a060kl, 60 000 litres, 16 000 gallons<\/td>\n<\/tr>\n<tr>\n<td height=\"41\">\u00a0Mat\u00e9riau<\/td>\n<td>\u00a0Acier au carbone, Acier inoxydable, Aluminium<\/td>\n<\/tr>\n<tr>\n<td height=\"41\">\u00a0Ch\u00e2ssis<\/td>\n<td>\u00a0Q345, Q234<\/td>\n<\/tr>\n<tr>\n<td height=\"41\">\u00a0Essieu<\/td>\n<td>\u00a02 \/ 3 \/ 4 essieux<\/td>\n<\/tr>\n<tr>\n<td height=\"41\">\u00a0Marque de l'essieu<\/td>\n<td>\u00a0BPW &amp; FUWA &amp; SAF<\/td>\n<\/tr>\n<tr>\n<td height=\"41\">\u00a0Suspension<\/td>\n<td>\u00a0Suspension m\u00e9canique ou suspension pneumatique<\/td>\n<\/tr>\n<tr>\n<td height=\"41\">\u00a0Poids de tare<\/td>\n<td>\u00a06,5-10 tonnes<\/td>\n<\/tr>\n<tr>\n<td height=\"41\">\u00a0Compartiment<\/td>\n<td><strong data-start=\"3209\" data-end=\"3217\">\u00a01-10<\/strong> (choisissez plus de compartiments si vous devez transporter plusieurs types de carburant sur un m\u00eame itin\u00e9raire)<\/td>\n<\/tr>\n<tr>\n<td height=\"41\">\u00a0Pi\u00e8ces d\u00e9tach\u00e9es<\/td>\n<td>\u00a0Garde-boue, \u00e9chelle, bo\u00eete \u00e0 outils, train d'atterrissage, jantes en acier 9.0-22.5, extincteur<br data-start=\"3496\" data-end=\"3499\" \/><strong data-start=\"3499\" data-end=\"3517\">S\u00e9curit\u00e9\/Soupapes :<\/strong> Vanne de fond pneumatique de 4 pouces, couvercle de trou d'homme en aluminium de 500 mm, \u00e9vent de vapeur (pr\u00eat pour l'ADR)<\/td>\n<\/tr>\n<tr>\n<td height=\"41\">\u00a0Rev\u00eatement<\/td>\n<td>\u00a0appr\u00eat anticorrosion + couches de finition (peinture polyur\u00e9thane)<\/td>\n<\/tr>\n<tr>\n<td height=\"41\">\u00a0Applications<\/td>\n<td>\u00a0Fule de livraison, p\u00e9trole, essence<\/td>\n<\/tr>\n<\/tbody>\n<\/table>\n<p>&nbsp;<\/p>\n<p data-start=\"3678\" data-end=\"4179\">Con\u00e7ue pour la livraison commerciale de carburant, cette remorque-citerne peut \u00eatre configur\u00e9e en fonction de sa capacit\u00e9 (30-60KL), de ses compartiments (1-10) et de ses options d'essieux (2-4). Pour l'achat, confirmez <strong data-start=\"3170\" data-end=\"3187\">mat\u00e9riau du r\u00e9servoir<\/strong>, <strong data-start=\"3189\" data-end=\"3214\">poids de la tare (6,5-10T)<\/strong>, Les options de conformit\u00e9, telles que les pi\u00e8ces pr\u00eates pour l'ADR, sont \u00e9galement disponibles.<\/p>\n<p>En rapport : <a href=\"https:\/\/www.pandamech.com\/france\/info\/how-many-liters-does-fuel-tank-truck-trailer-hold-i00065i1-html\/\" target=\"_blank\" rel=\"noopener\">Combien de litres peut contenir un camion-citerne ?<\/a><\/p>\n<p>La suspension peut \u00eatre m\u00e9canique ou pneumatique. <strong>le poids \u00e0 vide est compris entre 6,5 et 10 tonnes<\/strong>. Il est \u00e9quip\u00e9 d'une s\u00e9rie d'\u00e9l\u00e9ments n\u00e9cessaires tels qu'un garde-boue, une \u00e9chelle, une bo\u00eete \u00e0 outils et un extincteur, et convient \u00e0 la livraison de carburant, de p\u00e9trole et d'essence. Ce camion-citerne est conforme aux normes ADR (Accord relatif au transport international des marchandises dangereuses par route) et dispose d'une vanne de fond pneumatique de 4 pouces et d'un couvercle de trou d'homme en alliage d'aluminium de 500 mm pour un fonctionnement s\u00fbr et efficace.<\/p>\n<h3>Tableau des capacit\u00e9s des camions-citernes (litres et gallons)<\/h3>\n<p>La capacit\u00e9 des camions-citernes est de <strong>30 000-60 000 litres, 7925-15850 gallons<\/strong>, Les capacit\u00e9s de vente les plus demand\u00e9es sont les suivantes :<\/p>\n<ul>\n<li>30kl, 30 000 litres, 7 925 gallons.<\/li>\n<li>40kl, 40 000 litres, 10 566 gallons.<\/li>\n<li>45kl, 45 000 litres, 11 887 gallons.<\/li>\n<li>50kl, 50 000 litres, 13 208 gallons.<\/li>\n<li>60kl, 60 000 litres, 15 850 gallons.<\/li>\n<li>Et plus encore.<\/li>\n<\/ul>\n<h3>Dimensions des remorques-citernes par capacit\u00e9 (mm)<\/h3>\n<p>Les dimensions varient en fonction de la configuration du ch\u00e2ssis et des compartiments ; la plage de r\u00e9f\u00e9rence ci-dessous est commune.<\/p>\n<p><strong>Dimensions de la remorque-citerne \u00e0 carburant 30KL<\/strong>9500*2500*3600 mm<\/p>\n<p><strong>Dimension du camion-citerne 40kl<\/strong>: 10500*2500*3600 mm<\/p>\n<p><strong>Dimension du camion-citerne de 45kl<\/strong>: 11000*2500*3600 mm<\/p>\n<p><strong>Dimension de la remorque-citerne \u00e0 carburant 50kl<\/strong>11500*2500*3600 mm<\/p>\n<p><strong>Dimension de la remorque du camion-citerne 60kl<\/strong>: 12500*2500*3600 mm<\/p>\n<p>* Pour r\u00e9f\u00e9rence uniquement.<\/p>\n<h2>Remorque-citerne \u00e0 carburant images<\/h2>\n<p><img fetchpriority=\"high\" decoding=\"async\" class=\"alignnone size-full wp-image-35895\" src=\"https:\/\/pandamech.com\/wp-content\/uploads\/2021\/11\/8-3.jpg\" alt=\"Remorque-citerne \u00e0 carburant de 30000 litres \u00e0 vendre\" width=\"800\" height=\"533\" title=\"\"><\/p>\n<p>30 kl <a href=\"https:\/\/www.pandamech.com\/france\/category\/tank-trailer\/fuel-tanker\/\" target=\"_blank\" rel=\"noopener\">remorque-citerne \u00e0 carburant \u00e0 vendre<\/a><\/p>\n<p><img decoding=\"async\" src=\"\/wp-content\/uploads\/u_file\/ef9d25eb83.jpg\" alt=\"Camion-citerne diesel 45000 litres semi-remorque\" title=\"\"><br \/>\nCamion-citerne \u00e0 essence 45000 litres 3 essieux semi-remorque - <a href=\"https:\/\/www.pandamech.com\/france\/product\/diesel-fuel-tanker-p00141p1-html\/\" target=\"_blank\" rel=\"noopener\">remorque-citerne diesel<\/a><\/p>\n<p><img decoding=\"async\" src=\"\/wp-content\/uploads\/u_file\/afc3a0cf53.jpg\" alt=\"Camion-citerne \u00e0 huile liquide 45000 litres remorque\" title=\"\"><br \/>\nRemorque p\u00e9troli\u00e8re de 45000 litres \u00e0 vendre - <a href=\"https:\/\/www.pandamech.com\/france\/product\/45000-liters-aluminum-tank-trailer\/\" target=\"_blank\" rel=\"noopener\">remorque citerne en aluminium<\/a><\/p>\n<p><img decoding=\"async\" class=\"alignnone size-full wp-image-35897\" src=\"https:\/\/pandamech.com\/wp-content\/uploads\/u_file\/c0c944820d.jpg\" alt=\"Semi-remorque-citerne \u00e0 carburant de 60000 litres\" width=\"800\" height=\"533\" title=\"\"><\/p>\n<p>Remorque-citerne \u00e0 carburant de 60 000 litres \u00e0 vendre<\/p>\n<h2 style=\"text-align: left;\">Vid\u00e9o d'un camion-citerne \u00e0 carburant et d'une semi-remorque<\/h2>\n<p><iframe style=\"width: 800px;\" src=\"https:\/\/www.youtube.com\/embed\/3hkTZWC65C0?rel=0\" height=\"533\" frameborder=\"0\" scrolling=\"no\" allowfullscreen=\"allowfullscreen\" data-mce-fragment=\"1\"><\/iframe><\/p>\n<h2>Application<\/h2>\n<p>La remorque-citerne est g\u00e9n\u00e9ralement utilis\u00e9e pour transporter du p\u00e9trole, de l'essence, du k\u00e9ros\u00e8ne, du diesel, de l'huile v\u00e9g\u00e9tale, de l'huile comestible, de l'huile lourde, du goudron de houille et des produits non p\u00e9troliers tels que l'alcool, l'ald\u00e9hyde, le benz\u00e8ne, l'\u00e9ther et d'autres substances liquides.<\/p>\n<p>La remorque-citerne \u00e0 carburant a une capacit\u00e9 de 30000-60000 litres. Elle est g\u00e9n\u00e9ralement utilis\u00e9e pour le transport \u00e0 longue distance, le transport de substances liquides dans le monde entier, afin de r\u00e9aliser une distribution et une utilisation raisonnables des ressources.<\/p>\n<h2>Caract\u00e9ristiques principales (s\u00e9curit\u00e9, conformit\u00e9, efficacit\u00e9)<\/h2>\n<ul>\n<li data-start=\"4422\" data-end=\"4504\">\n<p data-start=\"4425\" data-end=\"4504\">Validation technique (3D + IAO) : am\u00e9liore la stabilit\u00e9 et r\u00e9duit la maintenance<\/p>\n<\/li>\n<li data-start=\"4505\" data-end=\"4576\">\n<p data-start=\"4508\" data-end=\"4576\"><strong data-start=\"4508\" data-end=\"4542\">Adaptateur API pr\u00eat pour l'ADR (3\u2033\/4\u2033) :<\/strong> soutient les syst\u00e8mes de chargement par le bas<\/p>\n<\/li>\n<li data-start=\"4577\" data-end=\"4636\">\n<p data-start=\"4580\" data-end=\"4636\">Optique des prises API : prise en charge des op\u00e9rations de chargement par le bas<\/p>\n<\/li>\n<li data-start=\"4637\" data-end=\"4711\">\n<p data-start=\"4640\" data-end=\"4711\"><strong data-start=\"4640\" data-end=\"4682\">Trou d'homme ADR avec \u00e9vent (16\u2033\/20\u2033) :<\/strong> un scellement et une manipulation plus s\u00fbrs<\/p>\n<\/li>\n<li data-start=\"4712\" data-end=\"4770\">\n<p data-start=\"4715\" data-end=\"4770\">Col de cygne \u00e0 centre de gravit\u00e9 plus bas : am\u00e9liore la stabilit\u00e9<\/p>\n<\/li>\n<li data-start=\"4771\" data-end=\"4823\">\n<p data-start=\"4774\" data-end=\"4823\">Canon semi-elliptique : augmente le volume utilisable<\/p>\n<\/li>\n<li data-start=\"4824\" data-end=\"4873\">\n<p data-start=\"4827\" data-end=\"4873\">Soudage \u00e0 l'arc automatique : qualit\u00e9 constante des soudures<\/p>\n<\/li>\n<\/ul>\n<h2>Transport maritime d'une remorque-citerne \u00e0 carburant<\/h2>\n<p data-start=\"4880\" data-end=\"5114\">Pour le transport maritime, nous appliquons une couche de cire protectrice afin de r\u00e9duire les risques de corrosion dus \u00e0 l'eau sal\u00e9e pendant le transport, et nous pouvons proposer des options d'emballage renforc\u00e9es en fonction de la destination.<\/p>\n<p><img decoding=\"async\" class=\"alignnone size-full wp-image-39306\" src=\"https:\/\/pandamech.com\/wp-content\/uploads\/2022\/06\/4.jpg\" alt=\"transport de r\u00e9servoirs de carburant sur remorque\" width=\"800\" height=\"533\" title=\"\"><\/p>\n<h2>FAQ<\/h2>\n<h3>Quelle est la capacit\u00e9 du camion-citerne ?<\/h3>\n<p>La plupart des remorques de camions-citernes sont <strong data-start=\"287\" data-end=\"334\">30 000-60 000 litres (8 000-16 000 gallons)<\/strong>. La capacit\u00e9 exacte d\u00e9pend des limites de poids sur les routes locales, du mat\u00e9riau du r\u00e9servoir et de la n\u00e9cessit\u00e9 de disposer de plusieurs compartiments pour les diff\u00e9rentes qualit\u00e9s de carburant.<\/p>\n<h3>Quelle est la quantit\u00e9 de carburant contenue dans un camion-citerne (en g\u00e9n\u00e9ral) ?<\/h3>\n<p>Un camion-citerne typique contient <strong data-start=\"574\" data-end=\"603\">30-60KL (30 000-60 000 L)<\/strong>. Dans la r\u00e9alit\u00e9, la \u201cquantit\u00e9 qu'il peut transporter\u201d varie en fonction des limites de charge utile, de la densit\u00e9 du carburant, de la tare et de la configuration du camion-citerne.<\/p>\n<h3>Quelle est la diff\u00e9rence entre la capacit\u00e9 d'une remorque-citerne et la capacit\u00e9 d'un r\u00e9servoir de carburant de camion en litres ?<\/h3>\n<p>La capacit\u00e9 de la remorque d'un camion-citerne correspond \u00e0 la taille de la citerne de chargement. <strong data-start=\"900\" data-end=\"919\">30,000-60,000 L<\/strong>. La capacit\u00e9 du r\u00e9servoir de carburant du camion est celle du r\u00e9servoir de diesel du tracteur, g\u00e9n\u00e9ralement... <strong data-start=\"988\" data-end=\"1010\">des centaines de litres<\/strong>, Le carburant est utilis\u00e9 pour alimenter le camion, et non pour fournir du carburant.<\/p>\n<h3>Quelles sont les dimensions typiques d'une remorque citerne ?<\/h3>\n<p data-start=\"1064\" data-end=\"1307\">Les dimensions courantes des remorques-citernes sont les suivantes <strong data-start=\"1163\" data-end=\"1198\">9 500-12 500 \u00d7 2 500 \u00d7 3 600 mm<\/strong>. Les dimensions varient en fonction de la capacit\u00e9 (30-60KL), de la conception du ch\u00e2ssis et des \u00e9quipements tels que les \u00e9chelles, les trous d'homme et les \u00e9vents.<\/p>\n<h3 data-start=\"1064\" data-end=\"1307\">Combien de compartiments dois-je choisir pour une remorque-citerne ?<\/h3>\n<p data-start=\"1064\" data-end=\"1307\">Choisir <strong data-start=\"1399\" data-end=\"1420\">1-10 compartiments<\/strong> en fonction des besoins de livraison. Un nombre r\u00e9duit de compartiments permet de maximiser le volume d'un seul produit ; un plus grand nombre de compartiments permet de livrer plusieurs types de carburant en un seul voyage et de r\u00e9duire le risque de contamination crois\u00e9e.<\/p>","protected":false},"excerpt":{"rendered":"<p><strong>Type<\/strong>Remorques-citernes : remorques-citernes \u00e0 carburant<\/p>\n<p><strong>Fourchette de prix<\/strong>: $19,900-34,500<\/p>\n<p><strong>Livraison<\/strong>7-25 jours<\/p>\n<p><strong>Mat\u00e9riau<\/strong>acier au carbone<\/p>\n<p><strong>Applications<\/strong>Transport d'essence, de gazoline, de liquide<\/p>","protected":false},"featured_media":57789,"template":"","meta":{"_acf_changed":false,"_kad_blocks_custom_css":"","_kad_blocks_head_custom_js":"","_kad_blocks_body_custom_js":"","_kad_blocks_footer_custom_js":"","_kad_post_transparent":"default","_kad_post_title":"","_kad_post_layout":"default","_kad_post_sidebar_id":"","_kad_post_content_style":"default","_kad_post_vertical_padding":"default","_kad_post_feature":"","_kad_post_feature_position":"","_kad_post_header":false,"_kad_post_footer":false,"_kad_post_classname":""},"product_brand":[],"product_cat":[109],"product_tag":[],"class_list":{"0":"post-21436","1":"product","2":"type-product","3":"status-publish","4":"has-post-thumbnail","6":"product_cat-fuel-tanker","8":"first","9":"instock","10":"sold-individually","11":"shipping-taxable","12":"purchasable","13":"product-type-simple","14":"entry","15":"content-bg","16":"loop-entry"},"acf":[],"taxonomy_info":{"product_cat":[{"value":109,"label":"Fuel Tanker Trailer"}]},"featured_image_src_large":["https:\/\/www.pandamech.com\/wp-content\/uploads\/2022\/08\/2-99-500x500.jpg",500,500,true],"author_info":[],"comment_info":"","_links":{"self":[{"href":"https:\/\/www.pandamech.com\/france\/wp-json\/wp\/v2\/product\/21436","targetHints":{"allow":["GET"]}}],"collection":[{"href":"https:\/\/www.pandamech.com\/france\/wp-json\/wp\/v2\/product"}],"about":[{"href":"https:\/\/www.pandamech.com\/france\/wp-json\/wp\/v2\/types\/product"}],"version-history":[{"count":3,"href":"https:\/\/www.pandamech.com\/france\/wp-json\/wp\/v2\/product\/21436\/revisions"}],"predecessor-version":[{"id":92526,"href":"https:\/\/www.pandamech.com\/france\/wp-json\/wp\/v2\/product\/21436\/revisions\/92526"}],"wp:featuredmedia":[{"embeddable":true,"href":"https:\/\/www.pandamech.com\/france\/wp-json\/wp\/v2\/media\/57789"}],"wp:attachment":[{"href":"https:\/\/www.pandamech.com\/france\/wp-json\/wp\/v2\/media?parent=21436"}],"wp:term":[{"taxonomy":"product_brand","embeddable":true,"href":"https:\/\/www.pandamech.com\/france\/wp-json\/wp\/v2\/product_brand?post=21436"},{"taxonomy":"product_cat","embeddable":true,"href":"https:\/\/www.pandamech.com\/france\/wp-json\/wp\/v2\/product_cat?post=21436"},{"taxonomy":"product_tag","embeddable":true,"href":"https:\/\/www.pandamech.com\/france\/wp-json\/wp\/v2\/product_tag?post=21436"}],"curies":[{"name":"wp","href":"https:\/\/api.w.org\/{rel}","templated":true}]}}