{"id":21435,"date":"2022-06-14T19:03:10","date_gmt":"2022-06-14T11:03:10","guid":{"rendered":"http:\/\/pandamech.com\/?post_type=product&#038;p=21435"},"modified":"2025-11-10T18:06:52","modified_gmt":"2025-11-10T10:06:52","slug":"bulk-powder-tanker-p00149p1-html","status":"publish","type":"product","link":"https:\/\/www.pandamech.com\/france\/product\/bulk-powder-tanker-p00149p1-html\/","title":{"rendered":"Citerne \u00e0 poudre en vrac de 25 \u00e0 120 tonnes \u00e0 vendre"},"content":{"rendered":"<p>Les citernes pour produits pulv\u00e9rulents conviennent au transport de ciment en vrac, de cendres de charbon, de chaux en poudre, de poudres min\u00e9rales, de poudres chimiques, de cendres volantes et d'autres produits pulv\u00e9rulents dont le diam\u00e8tre des particules n'exc\u00e8de pas 0,1 mm.<\/p>\n<p>Le transport par citernes \u00e0 poudre est principalement utilis\u00e9 dans les cimenteries, les entrep\u00f4ts de ciment et les grands chantiers de construction. Les citernes \u00e0 poudre en vrac de 60 tonnes de Panda Mech permettent non seulement de r\u00e9duire le taux de perte de ciment, mais aussi d'am\u00e9liorer l'efficacit\u00e9 du chargement et du d\u00e9chargement.<\/p>\n<h2>Vid\u00e9o de la citerne de poudre en vrac<\/h2>\n<p><iframe style=\"width: 800px;\" title=\"Lecteur vid\u00e9o YouTube\" src=\"https:\/\/www.youtube.com\/embed\/ptQz5yxKIQw\" height=\"533\" frameborder=\"0\" allowfullscreen=\"allowfullscreen\" data-mce-fragment=\"1\"><\/iframe><\/p>\n<h2>Sp\u00e9cifications des citernes \u00e0 poudre<\/h2>\n<p>Voici les nouvelles sp\u00e9cifications du camion-citerne \u00e0 poudre en vrac, la capacit\u00e9 du camion-citerne \u00e0 ciment, les pi\u00e8ces du camion-citerne \u00e0 poudre en vrac, la conception du camion de transport de poudre s\u00e8che.<\/p>\n<table style=\"width: 800px;\" border=\"1\" cellspacing=\"1\" cellpadding=\"1\">\n<tbody>\n<tr>\n<td width=\"221\" height=\"40\">\u00a0Marque<\/td>\n<td width=\"515\">\u00a0Remorques-citernes \u00e0 poudre Panda Mech 25-120 tonnes<\/td>\n<\/tr>\n<tr>\n<td width=\"221\" height=\"40\">\u00a0Volume<\/td>\n<td width=\"515\">\u00a025-100 cbm\/m3<\/td>\n<\/tr>\n<tr>\n<td width=\"221\" height=\"40\">\u00a0Capacit\u00e9 des citernes \u00e0 poudre<\/td>\n<td width=\"515\">\u00a030-120 tonnes<\/td>\n<\/tr>\n<tr>\n<td width=\"221\" height=\"40\">\u00a0Moteur<\/td>\n<td width=\"515\">\u00a0WeiCai Deutz diesel moto<\/td>\n<\/tr>\n<tr>\n<td width=\"221\" height=\"40\">\u00a0Compresseur<\/td>\n<td width=\"515\">\u00a0SK 12m3<\/td>\n<\/tr>\n<tr>\n<td width=\"221\" height=\"40\">\u00a0Couvercle de trou d'homme<\/td>\n<td width=\"515\">\u00a02 \u00e0 4 ensembles de 1000 mm de diam\u00e8tre<\/td>\n<\/tr>\n<tr>\n<td width=\"221\" height=\"40\">\u00a0Soupape de d\u00e9charge<\/td>\n<td width=\"515\">\u00a0Valve \u00e0 disque de 4\u2033 (4\u2033 disc valve)<\/td>\n<\/tr>\n<tr>\n<td width=\"221\" height=\"40\">\u00a0Dimension de la citerne \u00e0 poudre<\/td>\n<td>\u00a08000-13500*2500*3300-3600 mm<\/td>\n<\/tr>\n<tr>\n<td width=\"221\" height=\"40\">\u00a0Mat\u00e9riau du r\u00e9servoir<\/td>\n<td width=\"515\">\u00a0Acier \u00e0 haute r\u00e9sistance de 5 ou 6 mm<\/td>\n<\/tr>\n<tr>\n<td width=\"221\" height=\"40\">\u00a0Structure<\/td>\n<td width=\"515\">\u00a0Q3100 acier \u00e0 haute teneur en carbone<\/td>\n<\/tr>\n<tr>\n<td width=\"221\" height=\"40\">\u00a0Train d'atterrissage<\/td>\n<td width=\"515\">\u00a0JOST 28T<\/td>\n<\/tr>\n<tr>\n<td width=\"221\" height=\"40\">\u00a0Suspension<\/td>\n<td width=\"515\">\u00a0Suspension m\u00e9canique ou suspension pneumatique<\/td>\n<\/tr>\n<tr>\n<td width=\"221\" height=\"40\">\u00a0Syst\u00e8me de freinage<\/td>\n<td width=\"515\">\u00a0Chambre T100\/100, valve d'urgence WABCO<\/td>\n<\/tr>\n<tr>\n<td width=\"221\" height=\"40\">\u00a0Essieu<\/td>\n<td width=\"515\">\u00a01 \u00e0 4 ensembles, essieux de 13, 16 et 20 tonnes, BPW ou SAF<\/td>\n<\/tr>\n<tr>\n<td width=\"221\" height=\"40\">\u00a0Pneu pour camion-citerne \u00e0 poudre<\/td>\n<td width=\"515\">\u00a012R22.5, 385\/65R22.5, 13R22.5, 12.00R24, 315\/80R22.5<\/td>\n<\/tr>\n<tr>\n<td width=\"221\" height=\"40\">\u00a0Goupille royale<\/td>\n<td width=\"515\">\u00a0JOST 2\u2033 ou 3.5 type d\u00e9tachable<\/td>\n<\/tr>\n<tr>\n<td width=\"221\" height=\"76\">\u00a0Pi\u00e8ces pour citernes \u00e0 poudre<\/td>\n<td width=\"515\">\u00a0Moteur de marque r\u00e9put\u00e9e, essieu, pneu, fils \u00e9tanches, tuyau semi-m\u00e9trique, soupapes, soupape de d\u00e9charge, coussin d'air int\u00e9rieur, train d'atterrissage, dispositif de pulv\u00e9risation d'eau, protection lat\u00e9rale et bo\u00eete \u00e0 outils, couvercle de trou d'homme, soufflerie de r\u00e9servoir de poudre.<\/td>\n<\/tr>\n<tr>\n<td width=\"221\" height=\"76\">\u00a0<a href=\"\/france\/contact-us\/\">Demande de renseignements<\/a><\/td>\n<td width=\"515\"><a href=\"\/france\/contact-us\/\">\u00a0Obtenir un devis gratuit<\/a><\/td>\n<\/tr>\n<\/tbody>\n<\/table>\n<h2>Images pour les camions-citernes \u00e0 poudre de 55 tonnes<\/h2>\n<p><img fetchpriority=\"high\" decoding=\"async\" class=\"alignnone wp-image-22238 size-full\" src=\"https:\/\/pandamech.com\/wp-content\/uploads\/2021\/08\/7-125.jpg\" alt=\"25 remorque-citerne pneumatique de 120 tonnes \/ camions-citernes pour la vente\" width=\"800\" height=\"533\" title=\"\"><\/p>\n<p>pneumatique de type v <a href=\"https:\/\/www.pandamech.com\/product\/3-axle-55-ton-cement-bulker-trailer\/\" target=\"_blank\" rel=\"noopener\">vrac de ciment<\/a> semi-remorque<\/p>\n<p><img decoding=\"async\" class=\"alignnone size-full wp-image-22239\" src=\"https:\/\/pandamech.com\/wp-content\/uploads\/2021\/08\/8-105.jpg\" alt=\"25 120 tonnes de poudres en vrac pour la vente\" width=\"800\" height=\"533\" title=\"\"><\/p>\n<p>Camion-citerne de transport de poudre en vrac de 50 tonnes - <span style=\"color: #0000ff;\"><a style=\"color: #0000ff;\" href=\"https:\/\/www.pandamech.com\/france\/product\/30-ton-bulk-flour-tanker-trailer\/\" target=\"_blank\" rel=\"noopener\">citerne \u00e0 farine<\/a><\/span><\/p>\n<p><img decoding=\"async\" class=\"alignnone size-full wp-image-22240\" src=\"https:\/\/pandamech.com\/wp-content\/uploads\/2021\/08\/9-55.jpg\" alt=\"25 120 tonnes de poudres en vrac pour la vente\" width=\"800\" height=\"533\" title=\"\"><br \/>\nCamion-citerne de 55 tonnes pour le transport de poudre de ciment<\/p>\n<h2>Pourquoi nous avons d\u00fb choisir l'avantage du panda<\/h2>\n<ul>\n<li>1. Meilleur acier brut : Le corps du r\u00e9servoir et la construction sont en acier \u00e0 haute r\u00e9sistance YP \u2265 620, ce qui garantit une dur\u00e9e de vie plus longue et un poids \u00e0 vide plus l\u00e9ger.<\/li>\n<li>2. Qualit\u00e9 du soudage :  Un bon acier avec des soudures de qualit\u00e9 permet de garantir plus longtemps les remorques de silos \u00e0 ciment.<\/li>\n<li>3. Peinture durable : L'ensemble du v\u00e9hicule est nettoy\u00e9 par grenaillage avant d'\u00eatre peint, deux fois l'appr\u00eat permettent de prolonger la dur\u00e9e de vie de la peinture.<\/li>\n<li>4. Conception : dessin en 3D avec Ansys et Hypermesh Analyser la conception d'un support raisonnable.<\/li>\n<li>5. Nous proposons une large gamme de citernes \u00e0 poudre avec diff\u00e9rentes sp\u00e9cifications, diff\u00e9rentes capacit\u00e9s et des moteurs \u00e9lectriques.<\/li>\n<\/ul>\n<h2>Transport maritime d'une remorque-citerne \u00e0 poudre<\/h2>\n<p>Afin d'\u00e9viter que la peinture de la remorque du camion-citerne \u00e0 ciment ne soit corrod\u00e9e par l'eau de mer, nous pulv\u00e9risons une couche de cire sur la surface de la remorque du camion-citerne \u00e0 poudre avant le transport.<\/p>\n<p>Nous envelopperons tous les moteurs diesel des camions-citernes de poudre d'une b\u00e2che de protection contre la pluie.<\/p>\n<h2>Comprendre Panda<\/h2>\n<p><iframe style=\"width: 800px;\" src=\"https:\/\/www.youtube.com\/embed\/kOKJOUXMuhY\" height=\"533\" frameborder=\"0\" scrolling=\"no\" allowfullscreen=\"allowfullscreen\"><\/iframe><\/p>\n<p>Panda Mechanical Co. est agr\u00e9\u00e9e par le minist\u00e8re chinois de l'industrie et des technologies de l'information pour produire des types de semi-remorques et de v\u00e9hicules commerciaux.<\/p>\n<p>PANDA MECH dispose de machines de fabrication de premier ordre et de divers \u00e9quipements d'essai, introduit des technologies internationales de pointe et effectue des recherches sur les fabricants de camions c\u00e9l\u00e8bres afin d'am\u00e9liorer la qualit\u00e9 de la conception. Chaque v\u00e9hicule est produit par des ouvriers comp\u00e9tents et exp\u00e9riment\u00e9s, passe 120 inspections de contr\u00f4le de qualit\u00e9 et fournit des produits parfaits au monde entier.<\/p>","protected":false},"excerpt":{"rendered":"<p>Transport :<br \/>\nciment, sable, farine et autres mat\u00e9riaux granulaires, etc.<br \/>\nHauteur de livraison &gt;30m<br \/>\nD\u00e9chargement plus rapide &gt;1,5 tonne\/min<\/p>","protected":false},"featured_media":58449,"template":"","meta":{"_acf_changed":false,"_kad_blocks_custom_css":"","_kad_blocks_head_custom_js":"","_kad_blocks_body_custom_js":"","_kad_blocks_footer_custom_js":"","_kad_post_transparent":"default","_kad_post_title":"","_kad_post_layout":"default","_kad_post_sidebar_id":"","_kad_post_content_style":"default","_kad_post_vertical_padding":"default","_kad_post_feature":"","_kad_post_feature_position":"","_kad_post_header":false,"_kad_post_footer":false,"_kad_post_classname":""},"product_brand":[],"product_cat":[101],"product_tag":[],"class_list":{"0":"post-21435","1":"product","2":"type-product","3":"status-publish","4":"has-post-thumbnail","6":"product_cat-cement-tanker","8":"first","9":"instock","10":"sold-individually","11":"shipping-taxable","12":"purchasable","13":"product-type-simple","14":"entry","15":"content-bg","16":"loop-entry"},"acf":[],"taxonomy_info":{"product_cat":[{"value":101,"label":"Cement Tanker For Sale"}]},"featured_image_src_large":["https:\/\/www.pandamech.com\/wp-content\/uploads\/2022\/12\/3-axles-45-cubic-meters-v-type-cement-tanker-1-500x500.jpg",500,500,true],"author_info":[],"comment_info":"","_links":{"self":[{"href":"https:\/\/www.pandamech.com\/france\/wp-json\/wp\/v2\/product\/21435","targetHints":{"allow":["GET"]}}],"collection":[{"href":"https:\/\/www.pandamech.com\/france\/wp-json\/wp\/v2\/product"}],"about":[{"href":"https:\/\/www.pandamech.com\/france\/wp-json\/wp\/v2\/types\/product"}],"version-history":[{"count":1,"href":"https:\/\/www.pandamech.com\/france\/wp-json\/wp\/v2\/product\/21435\/revisions"}],"predecessor-version":[{"id":91389,"href":"https:\/\/www.pandamech.com\/france\/wp-json\/wp\/v2\/product\/21435\/revisions\/91389"}],"wp:featuredmedia":[{"embeddable":true,"href":"https:\/\/www.pandamech.com\/france\/wp-json\/wp\/v2\/media\/58449"}],"wp:attachment":[{"href":"https:\/\/www.pandamech.com\/france\/wp-json\/wp\/v2\/media?parent=21435"}],"wp:term":[{"taxonomy":"product_brand","embeddable":true,"href":"https:\/\/www.pandamech.com\/france\/wp-json\/wp\/v2\/product_brand?post=21435"},{"taxonomy":"product_cat","embeddable":true,"href":"https:\/\/www.pandamech.com\/france\/wp-json\/wp\/v2\/product_cat?post=21435"},{"taxonomy":"product_tag","embeddable":true,"href":"https:\/\/www.pandamech.com\/france\/wp-json\/wp\/v2\/product_tag?post=21435"}],"curies":[{"name":"wp","href":"https:\/\/api.w.org\/{rel}","templated":true}]}}