{"id":21434,"date":"2022-06-14T19:03:10","date_gmt":"2022-06-14T11:03:10","guid":{"rendered":"http:\/\/pandamech.com\/?post_type=product&#038;p=21434"},"modified":"2025-08-23T01:08:25","modified_gmt":"2025-08-22T17:08:25","slug":"bitumen-tanker-transport-vehicle-semi-trailer-p00231p1-html","status":"publish","type":"product","link":"https:\/\/www.pandamech.com\/france\/product\/bitumen-tanker-transport-vehicle-semi-trailer-p00231p1-html\/","title":{"rendered":"Citerne \u00e0 asphalte liquide \u00e0 3 essieux"},"content":{"rendered":"<p>Le camion-citerne \u00e0 asphalte liquide est connu sous le nom de remorque-citerne \u00e0 asphalte, remorque-citerne \u00e0 poix, remorque-citerne \u00e0 asphalte. Le camion-citerne \u00e0 asphalte liquide est compos\u00e9 d'un ch\u00e2ssis automobile, d'un r\u00e9servoir d'asphalte, d'un syst\u00e8me de pompage et de pulv\u00e9risation d'asphalte, d'un syst\u00e8me de chauffage de l'huile de transfert de chaleur, d'un syst\u00e8me hydraulique, d'un syst\u00e8me de combustion, d'un syst\u00e8me de contr\u00f4le, d'un syst\u00e8me pneumatique et d'une plate-forme d'exploitation.<\/p>\n<p>Le camion-citerne pour asphalte liquide est utilis\u00e9 pour transporter de l'asphalte liquide depuis la raffinerie de p\u00e9trole et le quai jusqu'au d\u00e9p\u00f4t d'asphalte, ainsi que de l'asphalte depuis le d\u00e9p\u00f4t d'asphalte jusqu'\u00e0 l'usine d'asphalte. Ce bi-produit est principalement utilis\u00e9 pour le rev\u00eatement des routes.<\/p>\n<h2>Sp\u00e9cifications du camion-citerne \u00e0 asphalte liquide \u00e0 3 essieux<\/h2>\n<table style=\"width: 800px;\" border=\"1\" cellspacing=\"1\" cellpadding=\"1\">\n<tbody>\n<tr>\n<td width=\"203\" height=\"32\">\u00a0Marque<\/td>\n<td width=\"449\">\u00a0R\u00e9servoir d'asphalte liquide Panda Mech<\/td>\n<\/tr>\n<tr>\n<td width=\"203\" height=\"32\">\u00a0Poids de tare<\/td>\n<td width=\"449\">\u00a010500kg<\/td>\n<\/tr>\n<tr>\n<td width=\"203\" height=\"32\">\u00a0Mat\u00e9riau<\/td>\n<td width=\"449\">\u00a0Acier au carbone Q345B<\/td>\n<\/tr>\n<tr>\n<td width=\"203\" height=\"32\">\u00a0Capacit\u00e9 des citernes d'asphalte liquide<\/td>\n<td width=\"449\">\u00a038 000, 42 000, 45 000 litres<\/td>\n<\/tr>\n<tr>\n<td width=\"203\" height=\"32\">\u00a0dimensions des citernes d'asphalte liquide<\/td>\n<td width=\"449\">\u00a010500x2500x3750mm (non fix\u00e9)<\/td>\n<\/tr>\n<tr>\n<td width=\"203\" height=\"32\">\u00a0Epaisseur du r\u00e9servoir<\/td>\n<td width=\"449\">\u00a0Corps de 5 mm et t\u00eate de r\u00e9servoir de 6 mm<\/td>\n<\/tr>\n<tr>\n<td width=\"203\" height=\"32\">\u00a0Couche d'isolation<\/td>\n<td width=\"449\">\u00a0Couche de laine de roche de 18 mm d'\u00e9paisseur avec plaque PPGI<\/td>\n<\/tr>\n<tr>\n<td width=\"203\" height=\"32\">\u00a0Syst\u00e8me de chauffage<\/td>\n<td width=\"449\">\u00a0Br\u00fbleur RIELLO avec r\u00e9servoir de fioul complet et syst\u00e8me de contr\u00f4le<\/td>\n<\/tr>\n<tr>\n<td width=\"203\" height=\"32\">\u00a0Essieu<\/td>\n<td width=\"449\">\u00a0Fuwa 13T ,3pcs, 2 essieux, 3 essieux, 4 essieux<\/td>\n<\/tr>\n<tr>\n<td width=\"203\" height=\"32\">\u00a0Suspension<\/td>\n<td width=\"449\">\u00a0suspension par ressorts \u00e0 lames<\/td>\n<\/tr>\n<tr>\n<td width=\"203\" height=\"32\">\u00a0Goupille royale<\/td>\n<td width=\"449\">\u00a0Epingle de traction 2\u2033 de la marque JOST<\/td>\n<\/tr>\n<tr>\n<td width=\"203\" height=\"32\">\u00a0Pneus et jantes<\/td>\n<td width=\"449\">\u00a0Triangle 315\/80R22.5, 13 pi\u00e8ces, jante grise<\/td>\n<\/tr>\n<tr>\n<td width=\"203\" height=\"32\">\u00a0Trou d'homme<\/td>\n<td width=\"449\">\u00a02<\/td>\n<\/tr>\n<tr>\n<td width=\"203\" height=\"32\">\u00a0Soupape de d\u00e9charge<\/td>\n<td width=\"449\">\u00a0Transfert 8 pouces vers vanne \u00e0 vis 6 pouces<\/td>\n<\/tr>\n<tr>\n<td width=\"203\" height=\"32\">\u00a0Forme<\/td>\n<td width=\"449\">\u00a0TV Square comme photo<\/td>\n<\/tr>\n<tr>\n<td width=\"203\" height=\"32\">\u00a0Train d'atterrissage<\/td>\n<td width=\"449\">\u00a028T Fonctionnement manuel<\/td>\n<\/tr>\n<tr>\n<td width=\"203\" height=\"32\">\u00a0Accessoires<\/td>\n<td width=\"449\">\u00a01 jeu de bo\u00eetes \u00e0 outils standard<\/td>\n<\/tr>\n<tr>\n<td width=\"203\" height=\"32\">\u00a0D\u00e9fil\u00e9<\/td>\n<td width=\"449\">\u00a0\u00c9chelle de pr\u00e9f\u00e9rence \u00e0 l'arriv\u00e9e du r\u00e9servoir<\/td>\n<\/tr>\n<tr>\n<td width=\"203\" height=\"36\">\u00a0Extincteur<\/td>\n<td width=\"449\">\u00a02pc, dispositifs flexibles de 6 mesures, et extincteur industriel attrayant de 4 pouces<\/td>\n<\/tr>\n<tr>\n<td width=\"203\" height=\"32\">\u00a0Lumi\u00e8re<\/td>\n<td width=\"449\">\u00a0Feu arri\u00e8re avec clignotant, feu stop et r\u00e9flecteur, feu lat\u00e9ral<\/td>\n<\/tr>\n<tr>\n<td width=\"203\" height=\"38\">\u00a0Peinture<\/td>\n<td width=\"449\">\u00a01 couche d'appr\u00eat anticorrosion, deux couches de peinture finale Couleur : blanc, RAL:9010<\/td>\n<\/tr>\n<tr>\n<td width=\"203\" height=\"36\">\u00a0Frein<\/td>\n<td width=\"449\">\u00a0Syst\u00e8me de freinage \u00e0 double ligne avec ABS, valve d'urgence de marque WABCO, 6 grands cylindres, cylindres de frein de type KTL 30\/30 sur l'essieu arri\u00e8re<\/td>\n<\/tr>\n<tr>\n<td width=\"203\" height=\"32\"><a title=\"https:\/\/pandamech.com\/art\/contact-us-9-html\" href=\"\/france\/contact-us\/\">Demande de renseignements<\/a><\/td>\n<td width=\"449\"><a title=\"https:\/\/pandamech.com\/about\/\" href=\"https:\/\/www.pandamech.com\/france\/about\/\" target=\"_blank\" rel=\"noopener\">\u00c0 propos de Panda Mech<\/a><\/td>\n<\/tr>\n<\/tbody>\n<\/table>\n<h2>Photos du camion-citerne \u00e0 asphalte liquide \u00e0 3 essieux<\/h2>\n<p><img decoding=\"async\" src=\"\/wp-content\/uploads\/u_file\/3050b0f42d.jpg\" alt=\"Remorque de stockage d&#039;asphalte liquide \u00e0 3 essieux pour la vente\" title=\"\"><\/p>\n<h2>Application :<\/h2>\n<p>Le camion-citerne pour asphalte liquide est g\u00e9n\u00e9ralement utilis\u00e9 pour transporter de l'asphalte. Le camion-citerne pour asphalte liquide a une capacit\u00e9 de 38 000 \u00e0 45 000 litres. Il est g\u00e9n\u00e9ralement utilis\u00e9 pour le transport sur de longues distances, pour le transport de substances liquides dans le monde entier, afin de r\u00e9aliser une distribution et une utilisation raisonnables des ressources.<\/p>\n<p>En rapport :\u00a0<a href=\"https:\/\/www.pandamech.com\/france\/info\/asphalt-bitumen-tanker-trailer-use-and-buy-guide-i00066i1-html\/\" target=\"_blank\" rel=\"noopener\">Guide d'utilisation et d'achat de la remorque-citerne \u00e0 asphalte<\/a><\/p>\n<h2>Caract\u00e9ristiques :<\/h2>\n<p>Le cadre principal est fabriqu\u00e9 en acier faiblement alli\u00e9 \u00e0 haute r\u00e9sistance, ce qui am\u00e9liore consid\u00e9rablement sa r\u00e9sistance \u00e0 la torsion, sa r\u00e9sistance sismique et sa r\u00e9sistance aux s\u00e9ismes, et permet de r\u00e9pondre \u00e0 diverses exigences en mati\u00e8re de charge.<\/p>\n<p>Essieu : L'essieu peut \u00eatre choisi parmi diff\u00e9rentes marques bien connues de BPW et FUWA. Dans le pays et \u00e0 l'\u00e9tranger. En outre, le syst\u00e8me ABS peut \u00eatre install\u00e9 en option avec Haldex et WABCO, ce qui peut grandement am\u00e9liorer la stabilit\u00e9 et la s\u00e9curit\u00e9.<\/p>\n<p>Syst\u00e8me de suspension : Les s\u00e9ries de suspension m\u00e9canique et de suspension pneumatique sont disponibles en option.<\/p>\n<h2>Panda Mech<\/h2>\n<p>Nous sommes un fabricant chinois de camions-citernes pour asphalte liquide. Nous fournissons des remorques-citernes \u00e0 bitume de 38 000-60000 litres \u00e0 vendre. Le prix de la remorque-citerne \u00e0 bitume d\u00e9pend des sp\u00e9cifications. Nous pouvons la personnaliser en fonction de vos besoins.<\/p>\n<p>Les fabricants de Panda Mech ont connu le succ\u00e8s en Asie du Sud-Est, au Moyen-Orient, en Afrique et en Am\u00e9rique du Sud, notamment aux Philippines, en Tanzanie, au Nigeria, etc...<\/p>","protected":false},"excerpt":{"rendered":"<p>Type : Semi-remorque citerne d'asphalte liquide \u00e0 3 essieux<\/p>\n<p>Gamme de prix : $16 900-26 900<\/p>\n<p>Livraison : 7-25 jours<\/p>\n<p>Mat\u00e9riau du r\u00e9servoir : acier au carbone<\/p>\n<p>Application : transport d'asphalte, de bitume<\/p>","protected":false},"featured_media":57768,"template":"","meta":{"_acf_changed":false,"_kad_blocks_custom_css":"","_kad_blocks_head_custom_js":"","_kad_blocks_body_custom_js":"","_kad_blocks_footer_custom_js":"","_kad_post_transparent":"default","_kad_post_title":"","_kad_post_layout":"default","_kad_post_sidebar_id":"","_kad_post_content_style":"default","_kad_post_vertical_padding":"default","_kad_post_feature":"","_kad_post_feature_position":"","_kad_post_header":false,"_kad_post_footer":false,"_kad_post_classname":""},"product_brand":[],"product_cat":[99],"product_tag":[],"class_list":{"0":"post-21434","1":"product","2":"type-product","3":"status-publish","4":"has-post-thumbnail","6":"product_cat-asphalt-tanker","8":"first","9":"instock","10":"sold-individually","11":"shipping-taxable","12":"purchasable","13":"product-type-simple","14":"entry","15":"content-bg","16":"loop-entry"},"acf":[],"taxonomy_info":{"product_cat":[{"value":99,"label":"Bitumen Tanker Trailer"}]},"featured_image_src_large":["https:\/\/www.pandamech.com\/wp-content\/uploads\/2022\/08\/2-57-500x500.jpg",500,500,true],"author_info":[],"comment_info":"","_links":{"self":[{"href":"https:\/\/www.pandamech.com\/france\/wp-json\/wp\/v2\/product\/21434","targetHints":{"allow":["GET"]}}],"collection":[{"href":"https:\/\/www.pandamech.com\/france\/wp-json\/wp\/v2\/product"}],"about":[{"href":"https:\/\/www.pandamech.com\/france\/wp-json\/wp\/v2\/types\/product"}],"version-history":[{"count":1,"href":"https:\/\/www.pandamech.com\/france\/wp-json\/wp\/v2\/product\/21434\/revisions"}],"predecessor-version":[{"id":91388,"href":"https:\/\/www.pandamech.com\/france\/wp-json\/wp\/v2\/product\/21434\/revisions\/91388"}],"wp:featuredmedia":[{"embeddable":true,"href":"https:\/\/www.pandamech.com\/france\/wp-json\/wp\/v2\/media\/57768"}],"wp:attachment":[{"href":"https:\/\/www.pandamech.com\/france\/wp-json\/wp\/v2\/media?parent=21434"}],"wp:term":[{"taxonomy":"product_brand","embeddable":true,"href":"https:\/\/www.pandamech.com\/france\/wp-json\/wp\/v2\/product_brand?post=21434"},{"taxonomy":"product_cat","embeddable":true,"href":"https:\/\/www.pandamech.com\/france\/wp-json\/wp\/v2\/product_cat?post=21434"},{"taxonomy":"product_tag","embeddable":true,"href":"https:\/\/www.pandamech.com\/france\/wp-json\/wp\/v2\/product_tag?post=21434"}],"curies":[{"name":"wp","href":"https:\/\/api.w.org\/{rel}","templated":true}]}}