{"id":21432,"date":"2022-06-16T19:03:10","date_gmt":"2022-06-16T11:03:10","guid":{"rendered":"http:\/\/pandamech.com\/?post_type=product&#038;p=21432"},"modified":"2025-08-23T01:08:25","modified_gmt":"2025-08-22T17:08:25","slug":"2-axle-flatbed-tractor-trailer-for-sale","status":"publish","type":"product","link":"https:\/\/www.pandamech.com\/france\/product\/2-axle-flatbed-tractor-trailer-for-sale\/","title":{"rendered":"Remorque tracteur \u00e0 2 essieux \u00e0 vendre"},"content":{"rendered":"<p>La semi-remorque \u00e0 plateau est \u00e9galement connue sous le nom de semi-remorque \u00e0 plateau. La semi-remorque \u00e0 plateau est une semi-remorque dot\u00e9e d'une structure de conteneur. Elle est principalement utilis\u00e9e dans les syst\u00e8mes logistiques soutenant les navires, les ports, les routes, les autoroutes, les stations de transfert, les ponts, les tunnels et le transport multimodal.<\/p>\n<p>La taille de la partie de chargement de la remorque de tracteur \u00e0 plateau est d\u00e9termin\u00e9e en fonction de la taille du conteneur standard, et un dispositif de verrouillage pour fixer le conteneur est pr\u00e9vu \u00e0 l'emplacement correspondant aux quatre coins du fond du conteneur.<\/p>\n<p style=\"text-align: center;\"><a class=\"product_button\" href=\"#elementor-action%3Aaction%3Dpopup%3Aopen%26settings%3DeyJpZCI6Ijk5MDciLCJ0b2dnbGUiOmZhbHNlfQ%3D%3D\">Cliquez pour plus de d\u00e9tails<\/a><\/p>\n<h2>2 Axles 40 ft flatbed tractor trailer images<\/h2>\n<p><img fetchpriority=\"high\" decoding=\"async\" class=\"alignnone size-full wp-image-22131\" src=\"https:\/\/pandamech.com\/wp-content\/uploads\/2021\/08\/7-82-1.jpg\" alt=\"remorque de tracteur \u00e0 plat \u00e0 vendre\" width=\"800\" height=\"533\" title=\"\"><br \/>\nv\u00e9hicule de transport de conteneurs \u00e0 essieu tandem pour le transport lourd<\/p>\n<p>En rapport : <span style=\"color: #0000ff;\"><a style=\"color: #0000ff;\" href=\"https:\/\/www.pandamech.com\/france\/product\/3-axle-40-foot-flatbed-semi-trailer\/\" target=\"_blank\" rel=\"noopener\">Remorque de camion \u00e0 plateau \u00e0 3 essieux<\/a><\/span>, <a href=\"https:\/\/www.pandamech.com\/france\/product\/4-axle-flatbed-trailer-for-sale\/\" target=\"_blank\" rel=\"noopener\"><span style=\"color: #0000ff;\">Semi-remorque \u00e0 plateau \u00e0 4 essieux<\/span><\/a><\/p>\n<h2>Sp\u00e9cification de la remorque de tracteur \u00e0 plat \u00e0 2 essieux<\/h2>\n<table style=\"width: 800px;\" border=\"1\" cellspacing=\"1\" cellpadding=\"1\">\n<tbody>\n<tr>\n<td width=\"297\" height=\"30\">\u00a0Fabricant<\/td>\n<td width=\"495\">\u00a0Panda Mech 2 essieux remorque tracteur \u00e0 plateau<\/td>\n<\/tr>\n<tr>\n<td width=\"297\" height=\"30\">\u00a0Essieux<\/td>\n<td width=\"495\">\u00a02 essieux BPW\/SAF\/FUWA Marque<\/td>\n<\/tr>\n<tr>\n<td width=\"297\" height=\"30\">\u00a0Dimensions d'une remorque de tracteur \u00e0 plateau<\/td>\n<td width=\"495\">\u00a012500 \u00d72500\u00d71500 mm<\/td>\n<\/tr>\n<tr>\n<td width=\"297\" height=\"30\">\u00a0Poids<\/td>\n<td width=\"495\">\u00a07 tonnes<\/td>\n<\/tr>\n<tr>\n<td width=\"297\" height=\"30\">\u00a0Verrouillage par rotation<\/td>\n<td width=\"495\">\u00a08 ensembles<\/td>\n<\/tr>\n<tr>\n<td width=\"297\" height=\"30\">\u00a0Mat\u00e9riau<\/td>\n<td width=\"495\">\u00a0Poutrelles principales Q345B, aile sup\u00e9rieure : 14mm, milieu : 8mm, bas : 16mm<\/td>\n<\/tr>\n<tr>\n<td width=\"297\" height=\"30\">\u00a0Goupille royale<\/td>\n<td width=\"495\">\u00a02 pouces ou 3,5 pouces Marque JOST<\/td>\n<\/tr>\n<tr>\n<td width=\"297\" height=\"30\">\u00a0Ch\u00e2ssis<\/td>\n<td width=\"495\">\u00a03mm, 4mm, 6mm, acier au carbone ou alliage d'aluminium<\/td>\n<\/tr>\n<tr>\n<td width=\"297\" height=\"30\">\u00a0Suspension<\/td>\n<td width=\"495\">\u00a0Suspension m\u00e9canique, pneumatique, du bogie<\/td>\n<\/tr>\n<tr>\n<td width=\"297\" height=\"36\">\u00a0Pneu<\/td>\n<td width=\"495\">\u00a011.00R20, 12.00R20,12R22.5, 385\/65R22.5 Triangle\/Hankook\/ marque Bridgestone<\/td>\n<\/tr>\n<tr>\n<td width=\"297\" height=\"30\">\u00a0Syst\u00e8me de freinage<\/td>\n<td width=\"495\">\u00a0WABCO Valve avec grande chambre<\/td>\n<\/tr>\n<\/tbody>\n<\/table>\n<p style=\"text-align: center;\"><a class=\"product_button\" href=\"#elementor-action%3Aaction%3Dpopup%3Aopen%26settings%3DeyJpZCI6Ijk5MDciLCJ0b2dnbGUiOmZhbHNlfQ%3D%3D\">Cliquez pour plus de d\u00e9tails<\/a><\/p>\n<h2 style=\"color: #444444;\">Application<\/h2>\n<p>La remorque \u00e0 plateau \u00e0 2 essieux est g\u00e9n\u00e9ralement utilis\u00e9e pour transporter des conteneurs, des marchandises en vrac, du ciment en vrac, du riz en vrac, etc. Elle est principalement utilis\u00e9e pour les transports longue distance. Elle est principalement utilis\u00e9e pour le transport longue distance. En g\u00e9n\u00e9ral, la remorque \u00e0 plate-forme peut transporter de 30 \u00e0 60 tonnes.<\/p>\n<p>S'il s'agit d'une grande quantit\u00e9 de transport ou de besoins diff\u00e9rents, nous pouvons la personnaliser, ou la remorque plate-forme certains v\u00e9hicules d\u00e9form\u00e9s.<\/p>\n<p style=\"text-align: center;\"><a class=\"product_button\" href=\"#elementor-action%3Aaction%3Dpopup%3Aopen%26settings%3DeyJpZCI6Ijk5MDciLCJ0b2dnbGUiOmZhbHNlfQ%3D%3D\">Cliquez pour plus de d\u00e9tails<\/a><\/p>\n<h2>Fonctionnalit\u00e9<\/h2>\n<h3>Pi\u00e8ces multi-supports<\/h3>\n<p>8, 12 jeux de serrures pour conteneurs pour transporter 1 unit\u00e9 de conteneur 30ft, 40ft, 45ft et 2 unit\u00e9s de conteneur 20ft.<\/p>\n<p>Les euphros de corde et les crochets permettent d'attacher la cargaison, ce qui convient au transport de plusieurs cargaisons.<\/p>\n<h3>Bonne peinture<\/h3>\n<p>Surfaces nettoy\u00e9es par grenaillage. Un rev\u00eatement \u00e9poxy et un rev\u00eatement de finition acrylique.<\/p>\n<p>R\u00e9sistant \u00e0 la rouille, il prolonge l'aspect et la dur\u00e9e de vie du produit.<\/p>\n<h3>Soudage automatique<\/h3>\n<p>Soudage \u00e0 l'arc submerg\u00e9 Construction automatique, point cl\u00e9 renforce et oriente le soudage \u00e9viter certaines pi\u00e8ces plus facilement perdues soudage selon l'exp\u00e9rience soutenir le v\u00e9hicule plus longtemps en fonctionnement sans r\u00e9paration.<\/p>\n<h3>Essieux de qualit\u00e9, suspensions et syst\u00e8mes de freinage<\/h3>\n<p>Les essieux BPW, FUWA les plus performants au monde fonctionnent avec la valve de freinage WABCO, ce qui permet de freiner plus efficacement pour la s\u00e9curit\u00e9 et d'\u00e9conomiser le co\u00fbt des pneus.<\/p>\n<p>Fixer des ressorts et des suspensions de qualit\u00e9 permet de prolonger la dur\u00e9e de vie et de r\u00e9duire les co\u00fbts d'entretien.<\/p>\n<p style=\"text-align: center;\"><a class=\"product_button\" href=\"#elementor-action%3Aaction%3Dpopup%3Aopen%26settings%3DeyJpZCI6Ijk5MDciLCJ0b2dnbGUiOmZhbHNlfQ%3D%3D\">Cliquez pour plus de d\u00e9tails<\/a><\/p>\n<h2>Transport et transport maritime de remorques conteneuris\u00e9es \u00e0 plateau<\/h2>\n<p>Pour le transport des remorques \u00e0 plateau, de nombreux clients choisissent le transport par conteneur, car il permet de r\u00e9duire les co\u00fbts et les d\u00e9lais de transport.<\/p>\n<p>Les semi-remorques \u00e0 plateau sont g\u00e9n\u00e9ralement utilis\u00e9es pour le transport des vraquiers ou des navires rouliers. Nous veillerons \u00e0 ce que les semi-remorques commerciales \u00e0 plateau de Panda Mech soient cir\u00e9es et recouvertes de b\u00e2ches lorsque les cargaisons sont en vrac.<\/p>\n<p><img decoding=\"async\" class=\"alignnone size-full wp-image-32264\" src=\"https:\/\/pandamech.com\/wp-content\/uploads\/2022\/08\/flatbed-semi-trailer-transport1.jpg\" alt=\"transport de semi-remorques \u00e0 plateau\" width=\"800\" height=\"547\" title=\"\"><\/p>\n<h2>Panda Mech<\/h2>\n<p>Nous sommes un fabricant chinois de remorques tracteurs \u00e0 2 essieux. Nous fournissons des remorques de conteneur de tracteur \u00e0 plat \u00e0 2 essieux pour la vente. Nous pouvons personnaliser selon vos besoins.<\/p>\n<p>Les fabricants de Panda Mech ont r\u00e9ussi \u00e0 s'imposer en Asie du Sud-Est, au Moyen-Orient, en Afrique et en Am\u00e9rique du Sud, notamment aux Philippines, en Tanzanie, etc...\u00a0\u00a0<a href=\"https:\/\/www.pandamech.com\/france\/about\/\" rel=\"nofollow noopener\" name=\"662ae8fb-4e4e-4cc5-876a-6bfaecae5a2d\" target=\"_blank\">En savoir plus sur le panda<\/a><\/p>\n<p><a href=\"\/france\/contact-us\/\" rel=\"nofollow\"><img decoding=\"async\" src=\"https:\/\/pandamech.com\/wp-content\/uploads\/u_file\/db8ce19fe3.jpg\" alt=\"Semi-remorque porte-conteneurs \u00e0 2 essieux\" title=\"\"><\/a><\/p>","protected":false},"excerpt":{"rendered":"<p>Type : remorque de tracteur \u00e0 plateau<\/p>\n<p>Gamme de prix : $9 990-15 500<\/p>\n<p>Livraison : 7-25 jours<\/p>\n<p>Capacit\u00e9 de charge : 20-50 tonnes<\/p>\n<p>Application : marchandises en vrac, conteneurs<\/p>","protected":false},"featured_media":57868,"template":"","meta":{"_acf_changed":false,"_kad_blocks_custom_css":"","_kad_blocks_head_custom_js":"","_kad_blocks_body_custom_js":"","_kad_blocks_footer_custom_js":"","_kad_post_transparent":"default","_kad_post_title":"","_kad_post_layout":"default","_kad_post_sidebar_id":"","_kad_post_content_style":"default","_kad_post_vertical_padding":"default","_kad_post_feature":"","_kad_post_feature_position":"","_kad_post_header":false,"_kad_post_footer":false,"_kad_post_classname":""},"product_brand":[],"product_cat":[77],"product_tag":[],"class_list":{"0":"post-21432","1":"product","2":"type-product","3":"status-publish","4":"has-post-thumbnail","6":"product_cat-flatbed-semi-trailer","8":"first","9":"instock","10":"sold-individually","11":"shipping-taxable","12":"purchasable","13":"product-type-simple","14":"entry","15":"content-bg","16":"loop-entry"},"acf":[],"taxonomy_info":{"product_cat":[{"value":77,"label":"Flatbed Semi Trailer"}]},"featured_image_src_large":["https:\/\/www.pandamech.com\/wp-content\/uploads\/2022\/08\/7-2-axle-flatbed-semi-trailer-500x333.jpg",500,333,true],"author_info":[],"comment_info":"","_links":{"self":[{"href":"https:\/\/www.pandamech.com\/france\/wp-json\/wp\/v2\/product\/21432","targetHints":{"allow":["GET"]}}],"collection":[{"href":"https:\/\/www.pandamech.com\/france\/wp-json\/wp\/v2\/product"}],"about":[{"href":"https:\/\/www.pandamech.com\/france\/wp-json\/wp\/v2\/types\/product"}],"version-history":[{"count":1,"href":"https:\/\/www.pandamech.com\/france\/wp-json\/wp\/v2\/product\/21432\/revisions"}],"predecessor-version":[{"id":91386,"href":"https:\/\/www.pandamech.com\/france\/wp-json\/wp\/v2\/product\/21432\/revisions\/91386"}],"wp:featuredmedia":[{"embeddable":true,"href":"https:\/\/www.pandamech.com\/france\/wp-json\/wp\/v2\/media\/57868"}],"wp:attachment":[{"href":"https:\/\/www.pandamech.com\/france\/wp-json\/wp\/v2\/media?parent=21432"}],"wp:term":[{"taxonomy":"product_brand","embeddable":true,"href":"https:\/\/www.pandamech.com\/france\/wp-json\/wp\/v2\/product_brand?post=21432"},{"taxonomy":"product_cat","embeddable":true,"href":"https:\/\/www.pandamech.com\/france\/wp-json\/wp\/v2\/product_cat?post=21432"},{"taxonomy":"product_tag","embeddable":true,"href":"https:\/\/www.pandamech.com\/france\/wp-json\/wp\/v2\/product_tag?post=21432"}],"curies":[{"name":"wp","href":"https:\/\/api.w.org\/{rel}","templated":true}]}}