{"id":21401,"date":"2022-06-03T19:02:48","date_gmt":"2022-06-03T11:02:48","guid":{"rendered":"http:\/\/pandamech.com\/?post_type=product&#038;p=21401"},"modified":"2025-08-23T01:08:26","modified_gmt":"2025-08-22T17:08:26","slug":"28000-liters-hydrochloric-acid-tanker","status":"publish","type":"product","link":"https:\/\/www.pandamech.com\/france\/product\/28000-liters-hydrochloric-acid-tanker\/","title":{"rendered":"Citerne d'acide chlorhydrique de 28 000 litres"},"content":{"rendered":"<p>Les remorques-citernes pour acide chlorhydrique sont g\u00e9n\u00e9ralement utilis\u00e9es pour le transport sur de longues distances d'acide chlorhydrique ou d'autres produits chimiques. Elles sont g\u00e9n\u00e9ralement utilis\u00e9es pour le transport entre les usines chimiques.<\/p>\n<h2>Sp\u00e9cifications des remorques-citernes d'acide chlorhydrique de 28 000 litres<\/h2>\n<p>Vient ensuite la sp\u00e9cification des remorques de r\u00e9servoirs d'acide chlorhydrique de 28 000 litres.<\/p>\n<p>Marque : Panda<\/p>\n<p>Remorque citerne d'acide chlorhydrique Mech<\/p>\n<p>Capacit\u00e9 : 28 KL, 28000 litres<\/p>\n<p>Dimension :<\/p>\n<p>9950x2500x3900mm<\/p>\n<p>Mat\u00e9riau du r\u00e9servoir : acier au carbone\/acier inoxydable\/alliage d'aluminium<\/p>\n<p>Plaque d'extr\u00e9mit\u00e9 : Acier au carbone 5\/6mm<\/p>\n<p>Couvercle de trou d'homme : Couvercle de trou d'homme en acier inoxydable<\/p>\n<p>Vanne de fond : Soupape de fond pneumatique API en aluminium<\/p>\n<p>Soupape de d\u00e9charge : 3\/4 de pouce<\/p>\n<p>Tuyau d'\u00e9vacuation : tuyau en caoutchouc de 4\u201d, 6 m\/pi\u00e8ce, 2 pi\u00e8ces<\/p>\n<p>Compartiments : un seul compartiment<\/p>\n<p>Essieu : marque FUWA 3x13T<\/p>\n<p>Pneu : Marque Try-angle, 12R22.5 12 pcs<\/p>\n<p>Support de rechange : 2 pi\u00e8ces<\/p>\n<p>Cheville ouvri\u00e8re : 2\/3,5 pouces<\/p>\n<p>Syst\u00e8me de freinage : syst\u00e8me de freinage pneumatique \u00e0 2 conduites.<\/p>\n<p>Syst\u00e8me de freinage \u00e0 ressort de type 30\/30 sur les deux essieux. Accouplement pneumatique de type ISO \u00e0 l'avant de la semi-remorque.<\/p>\n<p>ABS : en option<\/p>\n<p>Chambre de frein : 4 doubles, 2 simples<\/p>\n<p>Syst\u00e8me \u00e9lectrique : Standard chinois 24V ; prise 7 voies ; lampes LED<\/p>\n<p>Couleur et marquage : Conforme aux exigences du client<\/p>\n<p>Accessoires : Une bo\u00eete \u00e0 outils standard<\/p>\n<p>Remarque : Toutes les couleurs sont disponibles, les petites commandes sont accept\u00e9es.<\/p>\n<h2>Remorque citerne d'acide chlorhydrique de 28 000 litres image<\/h2>\n<p><img decoding=\"async\" src=\"\/wp-content\/uploads\/u_file\/6efa032327.jpg\" alt=\"\" title=\"\"><\/p>\n<p><img decoding=\"async\" src=\"\/wp-content\/uploads\/u_file\/4a7eb979fc.jpg\" alt=\"\" title=\"\"><\/p>\n<h2>Caract\u00e9ristiques :<\/h2>\n<p>1. Dessin 3D et HyperMesh &amp; Ansys<\/p>\n<p>Utiliser pleinement la propri\u00e9t\u00e9 physique, favoriser une meilleure performance et r\u00e9duire les co\u00fbts d'exploitation<\/p>\n<p>2. Adaptateur API de la norme ADR<\/p>\n<p>Crucial pour tout syst\u00e8me de chargement par le bas API, correspond aux coupleurs 3\u2033 ou 4\u2033.<\/p>\n<p>3. Prises API Optique<\/p>\n<p>Soutenir le syst\u00e8me de chargement par le bas<\/p>\n<p>4. Trou d'homme standard ADR avec \u00e9vent de vapeur<\/p>\n<p>16\u2033 ou 20\u2033, mat\u00e9riau en aluminium pour une plus longue dur\u00e9e de vie<\/p>\n<p>5. Plus de s\u00e9curit\u00e9 gr\u00e2ce au 7ntre de gravit\u00e9 plus bas Conception du col de cygne<\/p>\n<p>6. 12% Volume plus important gr\u00e2ce \u00e0 la conception d'un canon \u00e0 section semi-elliptique<\/p>\n<p>7. Longue dur\u00e9e de vie gr\u00e2ce au soudage \u00e0 l'arc automatique des citernes<\/p>\n<h2>Panda Mech<\/h2>\n<p>Nous sommes un producteur de remorque citerne pour acide chlorhydrique en Chine. Nous fournissons des remorques citernes d'acide chlorhydrique de 28000 litres pour la vente. Nous pouvons la personnaliser selon vos besoins. Le prix de la remorque citerne \u00e0 acide chlorhydrique d\u00e9pend des sp\u00e9cifications. Nous pouvons le personnaliser selon vos besoins.<\/p>\n<p>Les fabricants de Panda Mech ont connu le succ\u00e8s en Asie du Sud-Est, au Moyen-Orient, en Afrique et en Am\u00e9rique du Sud, notamment aux Philippines, en Tanzanie, au Nigeria, etc...<\/p>","protected":false},"excerpt":{"rendered":"<p>Type : Remorques-citernes d'acide chlorhydrique de 28000 litres<\/p>\n<p>Fourchette de prix : $23,000-45000<\/p>\n<p>Livraison : 7-25 jours<\/p>\n<p>Essieux : 3 essieux<\/p>\n<p>Application : transport d'acide chlorhydrique<\/p>","protected":false},"featured_media":57766,"template":"","meta":{"_acf_changed":false,"_kad_blocks_custom_css":"","_kad_blocks_head_custom_js":"","_kad_blocks_body_custom_js":"","_kad_blocks_footer_custom_js":"","_kad_post_transparent":"default","_kad_post_title":"","_kad_post_layout":"default","_kad_post_sidebar_id":"","_kad_post_content_style":"default","_kad_post_vertical_padding":"default","_kad_post_feature":"","_kad_post_feature_position":"","_kad_post_header":false,"_kad_post_footer":false,"_kad_post_classname":""},"product_brand":[],"product_cat":[102],"product_tag":[],"class_list":{"0":"post-21401","1":"product","2":"type-product","3":"status-publish","4":"has-post-thumbnail","6":"product_cat-chemical-tanker","8":"first","9":"instock","10":"sold-individually","11":"shipping-taxable","12":"purchasable","13":"product-type-simple","14":"entry","15":"content-bg","16":"loop-entry"},"acf":[],"taxonomy_info":{"product_cat":[{"value":102,"label":"Chemical Tanker"}]},"featured_image_src_large":["https:\/\/www.pandamech.com\/wp-content\/uploads\/2022\/08\/2-53-500x500.jpg",500,500,true],"author_info":[],"comment_info":"","_links":{"self":[{"href":"https:\/\/www.pandamech.com\/france\/wp-json\/wp\/v2\/product\/21401","targetHints":{"allow":["GET"]}}],"collection":[{"href":"https:\/\/www.pandamech.com\/france\/wp-json\/wp\/v2\/product"}],"about":[{"href":"https:\/\/www.pandamech.com\/france\/wp-json\/wp\/v2\/types\/product"}],"version-history":[{"count":1,"href":"https:\/\/www.pandamech.com\/france\/wp-json\/wp\/v2\/product\/21401\/revisions"}],"predecessor-version":[{"id":91396,"href":"https:\/\/www.pandamech.com\/france\/wp-json\/wp\/v2\/product\/21401\/revisions\/91396"}],"wp:featuredmedia":[{"embeddable":true,"href":"https:\/\/www.pandamech.com\/france\/wp-json\/wp\/v2\/media\/57766"}],"wp:attachment":[{"href":"https:\/\/www.pandamech.com\/france\/wp-json\/wp\/v2\/media?parent=21401"}],"wp:term":[{"taxonomy":"product_brand","embeddable":true,"href":"https:\/\/www.pandamech.com\/france\/wp-json\/wp\/v2\/product_brand?post=21401"},{"taxonomy":"product_cat","embeddable":true,"href":"https:\/\/www.pandamech.com\/france\/wp-json\/wp\/v2\/product_cat?post=21401"},{"taxonomy":"product_tag","embeddable":true,"href":"https:\/\/www.pandamech.com\/france\/wp-json\/wp\/v2\/product_tag?post=21401"}],"curies":[{"name":"wp","href":"https:\/\/api.w.org\/{rel}","templated":true}]}}