{"id":21399,"date":"2023-06-15T19:02:48","date_gmt":"2023-06-15T11:02:48","guid":{"rendered":"http:\/\/pandamech.com\/?post_type=product&#038;p=21399"},"modified":"2025-08-23T01:07:06","modified_gmt":"2025-08-22T17:07:06","slug":"3-axle-low-bed-trailer-p00122p1-html","status":"publish","type":"product","link":"https:\/\/www.pandamech.com\/france\/product\/3-axle-low-bed-trailer-p00122p1-html\/","title":{"rendered":"Remorque surbaiss\u00e9e \u00e0 3 essieux \u00e0 vendre"},"content":{"rendered":"<p>La remorque surbaiss\u00e9e \u00e0 3 essieux est \u00e9galement connue sous le nom de remorque surbaiss\u00e9e de 40 pieds, remorque surbaiss\u00e9e \u00e0 trois essieux. Elles sont g\u00e9n\u00e9ralement utilis\u00e9es pour transporter des machines de construction et du gros mat\u00e9riel. En g\u00e9n\u00e9ral, de nombreux endroits sont limit\u00e9s, en particulier sur certains ponts. L'utilisation de <a style=\"color: #3366ff;\" href=\"https:\/\/www.pandamech.com\/france\/category\/cargo-trailer\/flatbed-semi-trailer\/\" target=\"_blank\" rel=\"noopener\">semi-remorques \u00e0 plateau<\/a> ne peuvent pas \u00eatre transport\u00e9s, c'est pourquoi les gens utilisent une remorque \u00e0 plate-forme surbaiss\u00e9e \u00e0 trois essieux pour le transport.<\/p>\n<h2>3 Axle 40ft low bed trailer images<\/h2>\n<p><img decoding=\"async\" style=\"width: 800px;\" src=\"https:\/\/pandamech.com\/wp-content\/uploads\/2021\/08\/7-95.jpg\" alt=\"Remorque surbaiss\u00e9e \u00e0 3 essieux\" height=\"533\" title=\"\"><\/p>\n<p>3 essieux 50\/55\/60 tonnes remorque \u00e0 plateau surbaiss\u00e9 pour camion semi-\u00e9quipement \u00e0 vendre<\/p>\n<p><img decoding=\"async\" style=\"width: 800px;\" src=\"https:\/\/pandamech.com\/wp-content\/uploads\/2021\/08\/8-82.jpg\" alt=\"tri axle lowboy for sale\" height=\"533\" title=\"\"><\/p>\n<p>3 essieux 40ft low loader transport equipment trailers for sale<\/p>\n<h2>Sp\u00e9cifications de la remorque surbaiss\u00e9e \u00e0 3 essieux<\/h2>\n<h3>Marques de semi-remorques surbaiss\u00e9es<\/h3>\n<p>- Panda Mech<\/p>\n<h3>Capacit\u00e9 de chargement d'une semi-remorque surbaiss\u00e9e : 20-120 tonnes<\/h3>\n<p>- remorque surbaiss\u00e9e \u00e0 3 essieux capacit\u00e9 : 50-70 tonnes<\/p>\n<h3>Taille de la semi-remorque surbaiss\u00e9e<\/h3>\n<p>- Semi-remorque surbaiss\u00e9e \u00e0 3 essieux dimensions : 14500x3000x1750\/1250 mm<\/p>\n<h3>Poids de la semi-remorque surbaiss\u00e9e<\/h3>\n<p>- Remorque \u00e0 plateau \u00e0 col de cygne \u00e0 3 essieux : 10-12 tonnes<\/p>\n<h3>Largeur de la remorque surbaiss\u00e9e \u00e0 trois essieux<\/h3>\n<p>- 3000 mm, 3 m\u00e8tres, les plus utilis\u00e9s<\/p>\n<h3>hauteur de la remorque surbaiss\u00e9e par rapport au sol<\/h3>\n<p>- 1250mm<\/p>\n<h3>Hauteur de la semi-remorque surbaiss\u00e9e :<\/h3>\n<p>- 850-1250 mm<\/p>\n<h3>Longueur des remorques surbaiss\u00e9es de 50 tonnes<\/h3>\n<p>- 850-1250 mm, adaptable \u00e0 vos besoins.<\/p>\n<p>- Remorque surbaiss\u00e9e de 50 tonnes hauteur maximale : 1250 mm, 1,25 m\u00e8tre<\/p>\n<h3>Semi-remorque surbaiss\u00e9e<\/h3>\n<p>- 3 essieux : 3\u00d74+1<\/p>\n<h3>Valve pour remorque surbaiss\u00e9e de 60 tonnes<\/h3>\n<p>- BPW, FUWA<\/p>\n<h3>Suspension d'une remorque surbaiss\u00e9e de 60 tonnes<\/h3>\n<p>- Suspension m\u00e9canique\/ suspension pneumatique<\/p>\n<h3>Pneus de la remorque surbaiss\u00e9e \u00e0 3 essieux<\/h3>\n<p>- 235\/70 R 17.5<\/p>\n<p>- 245\/70 R 17.5<\/p>\n<p>- 295\/60 R 22.5<\/p>\n<p>- 11 R 22.5<\/p>\n<p>- 12 R 22.5<\/p>\n<p>- 315\/80 R 22.5<\/p>\n<h3>Pi\u00e8ces\/accessoires<\/h3>\n<p>- Rampes hydrauliques, pompe hydraulique, valve de semi-remorque surbaiss\u00e9e, booster, sabots de frein, tambours de frein, stabilisateurs, suspension, train d'atterrissage, essuie-glaces, feux,<\/p>\n<h3>Les types<\/h3>\n<p>\u2013 \u00a0<a style=\"color: #3366ff;\" href=\"https:\/\/www.pandamech.com\/france\/category\/low-bed-trailers\/detachable-gooseneck-trailer\/\" target=\"_blank\" rel=\"noopener\">Remorques amovibles surbaiss\u00e9es<\/a>, Remorques surbaiss\u00e9es \u00e0 col de cygne, remorques surbaiss\u00e9es \u00e0 marche, remorques surbaiss\u00e9es avec rampes hydrauliques, remorques surbaiss\u00e9es sp\u00e9ciales (sur mesure).<\/p>\n<h2>Dessin d'une remorque surbaiss\u00e9e de 60 tonnes<\/h2>\n<p><img decoding=\"async\" style=\"width: 800px;\" src=\"https:\/\/pandamech.com\/wp-content\/uploads\/2022\/06\/3-axle-60-ton-lowbed-trailer-drawing.jpg\" alt=\"Dessin d&#039;une remorque surbaiss\u00e9e de 60 tonnes \u00e0 3 essieux\" height=\"461\" title=\"\"><\/p>\n<p>dessin d'une remorque surbaiss\u00e9e de 60 tonnes \u00e0 3 essieux<\/p>\n<h2>Fonctionnalit\u00e9<\/h2>\n<ul>\n<li>1. Longueur de surface optimis\u00e9e pour un meilleur chargement, un centre de gravit\u00e9 plus bas et une plus grande s\u00e9curit\u00e9<\/li>\n<li>2. Charges ponctuelles \u00e9lev\u00e9es dues \u00e0 l'espacement \u00e9troit des traverses<\/li>\n<li>3. Les essieux sont fabriqu\u00e9s par des marques r\u00e9put\u00e9es telles que FUWA BPW<\/li>\n<li>4. La suspension pneumatique est \u00e9quip\u00e9e d'un dispositif de levage pour une utilisation plus pratique.<\/li>\n<\/ul>\n<h2>Panda Mech<\/h2>\n<p>Panda Mech est un fabricant de remorque surbaiss\u00e9e \u00e0 3 essieux en Chine. Nous avons une grande exp\u00e9rience dans la fabrication de remorque surbaiss\u00e9e \u00e0 3 essieux. Nous offrons une vari\u00e9t\u00e9 de remorque surbaiss\u00e9e \u00e0 3 essieux pour la vente. Nous pouvons les personnaliser selon vos besoins. Nous avons obtenu du succ\u00e8s en Afrique, en Am\u00e9rique du Sud et en Asie du Sud-Est, comme en Tanzanie, au Nigeria, au Kenya...<\/p>\n<p>Panda Mech fournit des semi-remorques surbaiss\u00e9es de 40 pieds, des remorques surbaiss\u00e9es de 50\/55\/60 tonnes pour la vente, nous pouvons les personnaliser selon vos besoins.<\/p>\n<p><a href=\"https:\/\/www.pandamech.com\/france\/contact-us\/\" target=\"_blank\" rel=\"noopener\"><img fetchpriority=\"high\" decoding=\"async\" src=\"https:\/\/pandamech.com\/wp-content\/uploads\/2021\/08\/quotation.jpg\" alt=\"cotation\" width=\"864\" height=\"213\" title=\"\"><\/a><\/p>","protected":false},"excerpt":{"rendered":"<p>Type : Remorque surbaiss\u00e9e \u00e0 3 essieux 50\/55 tonnes<\/p>\n<p>Gamme de prix : $17 500-36 500<\/p>\n<p>Livraison : 7-28 jours<\/p>\n<p>Dimensions : sur mesure<\/p>\n<p>Application : pour transporter une pelleteuse, une chargeuse sur pneus ou d'autres machines.<\/p>","protected":false},"featured_media":57772,"template":"","meta":{"_acf_changed":false,"_kad_blocks_custom_css":"","_kad_blocks_head_custom_js":"","_kad_blocks_body_custom_js":"","_kad_blocks_footer_custom_js":"","_kad_post_transparent":"default","_kad_post_title":"","_kad_post_layout":"default","_kad_post_sidebar_id":"","_kad_post_content_style":"default","_kad_post_vertical_padding":"default","_kad_post_feature":"","_kad_post_feature_position":"","_kad_post_header":false,"_kad_post_footer":false,"_kad_post_classname":""},"product_brand":[],"product_cat":[112],"product_tag":[60,65],"class_list":{"0":"post-21399","1":"product","2":"type-product","3":"status-publish","4":"has-post-thumbnail","6":"product_cat-low-boy-trailer","7":"product_tag-3-axle-trailer","8":"product_tag-40ft-trailer","10":"first","11":"instock","12":"sold-individually","13":"shipping-taxable","14":"purchasable","15":"product-type-simple","16":"entry","17":"content-bg","18":"loop-entry"},"acf":[],"taxonomy_info":{"product_cat":[{"value":112,"label":"Low Boy Trailer"}],"product_tag":[{"value":60,"label":"3 Axle Trailer"},{"value":65,"label":"40Ft Trailer"}]},"featured_image_src_large":["https:\/\/www.pandamech.com\/wp-content\/uploads\/2022\/08\/2-72-500x500.jpg",500,500,true],"author_info":[],"comment_info":"","_links":{"self":[{"href":"https:\/\/www.pandamech.com\/france\/wp-json\/wp\/v2\/product\/21399","targetHints":{"allow":["GET"]}}],"collection":[{"href":"https:\/\/www.pandamech.com\/france\/wp-json\/wp\/v2\/product"}],"about":[{"href":"https:\/\/www.pandamech.com\/france\/wp-json\/wp\/v2\/types\/product"}],"version-history":[{"count":1,"href":"https:\/\/www.pandamech.com\/france\/wp-json\/wp\/v2\/product\/21399\/revisions"}],"predecessor-version":[{"id":91239,"href":"https:\/\/www.pandamech.com\/france\/wp-json\/wp\/v2\/product\/21399\/revisions\/91239"}],"wp:featuredmedia":[{"embeddable":true,"href":"https:\/\/www.pandamech.com\/france\/wp-json\/wp\/v2\/media\/57772"}],"wp:attachment":[{"href":"https:\/\/www.pandamech.com\/france\/wp-json\/wp\/v2\/media?parent=21399"}],"wp:term":[{"taxonomy":"product_brand","embeddable":true,"href":"https:\/\/www.pandamech.com\/france\/wp-json\/wp\/v2\/product_brand?post=21399"},{"taxonomy":"product_cat","embeddable":true,"href":"https:\/\/www.pandamech.com\/france\/wp-json\/wp\/v2\/product_cat?post=21399"},{"taxonomy":"product_tag","embeddable":true,"href":"https:\/\/www.pandamech.com\/france\/wp-json\/wp\/v2\/product_tag?post=21399"}],"curies":[{"name":"wp","href":"https:\/\/api.w.org\/{rel}","templated":true}]}}