{"id":21395,"date":"2025-08-21T16:10:48","date_gmt":"2025-08-21T08:10:48","guid":{"rendered":"http:\/\/pandamech.com\/?post_type=product&#038;p=21395"},"modified":"2025-08-24T13:45:42","modified_gmt":"2025-08-24T05:45:42","slug":"40-ton-half-round-end-dump-trailer","status":"publish","type":"product","link":"https:\/\/www.pandamech.com\/france\/product\/40-ton-half-round-end-dump-trailer\/","title":{"rendered":"Semi-remorque \u00e0 benne basculante 40 tonnes Wholesale"},"content":{"rendered":"<p>Les semi-remorques \u00e0 benne de 40 tonnes sont \u00e9galement connues sous le nom de semi-remorques \u00e0 benne basculante de 40 tonnes. La structure comprend le ch\u00e2ssis, la caisse et le syst\u00e8me de levage. La prise de force fournit de l'huile au cylindre, la bo\u00eete de levage s'incline \u00e0 l'angle pr\u00e9vu, la cargaison glisse vers l'ext\u00e9rieur, ce qui am\u00e9liore l'efficacit\u00e9 du d\u00e9chargement.<\/p>\n<p>Largement utilis\u00e9 dans les usines de gr\u00e8s, les chantiers de construction et les mines, pour le transport de sable, de gravier, le terrassement et l'exploitation mini\u00e8re.<\/p>\n<h2>Semi-remorques \u00e0 benne basculante de 40 tonnes Images<\/h2>\n<p><img fetchpriority=\"high\" decoding=\"async\" class=\"alignnone wp-image-32373 size-full\" src=\"https:\/\/pandamech.com\/wp-content\/uploads\/2022\/10\/28cbm-tipper-trailer-7.jpg\" alt=\"Fourniture d&#039;une semi-remorque \u00e0 benne basculante de 40 tonnes\" width=\"750\" height=\"399\" title=\"\"><\/p>\n<p>Semi-remorque \u00e0 benne basculante 40 tonnes grossiste<\/p>\n<p><img decoding=\"async\" class=\"alignnone wp-image-32374 size-full\" src=\"https:\/\/pandamech.com\/wp-content\/uploads\/2022\/10\/28cbm-tipper-trailer-8.jpg\" alt=\"Marques de semi-remorques \u00e0 benne basculante de 40 tonnes\" width=\"750\" height=\"450\" title=\"\"><\/p>\n<p>Remorques \u00e0 benne basculante 40T demi-ronde \u00e0 vendre<\/p>\n<p><img decoding=\"async\" class=\"alignnone wp-image-32375 size-full\" src=\"https:\/\/pandamech.com\/wp-content\/uploads\/2022\/10\/28cbm-tipper-trailer-9.jpg\" alt=\"Remorques \u00e0 benne basculante de 40 tonnes \u00e0 bout arrondi \u00e0 vendre\" width=\"750\" height=\"399\" title=\"\"><\/p>\n<p>Extr\u00e9mit\u00e9 demi-ronde 40 tonnes <span style=\"color: #0000ff;\"><a style=\"color: #0000ff;\" href=\"https:\/\/www.pandamech.com\/france\/category\/tipper-trailer\/semi-dump-trailer\/\" target=\"_blank\" rel=\"noopener\">semi-remorque \u00e0 benne basculante<\/a><\/span> \u00e0 vendre<\/p>\n<p style=\"text-align: center;\"><a class=\"product_button\" href=\"#elementor-action%3Aaction%3Dpopup%3Aopen%26settings%3DeyJpZCI6Ijk5MDciLCJ0b2dnbGUiOmZhbHNlfQ%3D%3D\">Obtenir un devis imm\u00e9diat<\/a><\/p>\n<h2>Vid\u00e9o de la semi-remorque \u00e0 benne basculante de 40 tonnes<\/h2>\n<p><iframe title=\"Lecteur vid\u00e9o YouTube\" src=\"https:\/\/www.youtube.com\/embed\/uV4awegJhLI\" width=\"800\" height=\"533\" frameborder=\"0\" allowfullscreen=\"allowfullscreen\"><\/iframe><\/p>\n<h2>Semi-remorque \u00e0 benne basculante de 40 tonnes Caract\u00e9ristiques<\/h2>\n<p><strong>Mat\u00e9riau :<\/strong><\/p>\n<p>Caisse en Hardox 450 ou mat\u00e9riau \u00e9quivalent r\u00e9sistant \u00e0 l'usure et \u00e0 l'abrasion, poutre \u00e0 haute tension T700, poids \u00e0 vide plus l\u00e9ger de 2000 kg que celui d'une benne \u00e0 mat\u00e9riaux normale, dur\u00e9e de vie plus longue et consommation de carburant plus faible<\/p>\n<p><strong>Bo\u00eete en U :<\/strong><\/p>\n<p>Conception et analyse de la bo\u00eete en U, section plus large avec barycentre plus bas, chargement plus important et d\u00e9chargement plus facile, s\u00fbr et efficace.<\/p>\n<p><strong>Ch\u00e2ssis :<\/strong><\/p>\n<p>Double \u00e2me pour la conception de la poutre principale, plus solide pour les conditions de route multiples<\/p>\n<p><strong>Cylindre :<\/strong><\/p>\n<p>Mod\u00e8les FC et FE en option, pression de fonctionnement plus \u00e9lev\u00e9e, angle d'inclinaison Max 45\u00b0, r\u00e9duction du temps d'ex\u00e9cution gr\u00e2ce \u00e0 une vitesse d'\u00e9grenage plus rapide, augmentation de la dur\u00e9e d'utilisation gr\u00e2ce \u00e0 des intervalles de service plus longs.<\/p>\n<p><strong>Supports<\/strong>:<\/p>\n<p>Conception am\u00e9lior\u00e9e avec une meilleure r\u00e9sistance aux contraintes et \u00e0 la fatigue<\/p>\n<p><strong>S'assommer :<\/strong><\/p>\n<p>Conception robuste, actionnement pr\u00e9cis, protection de la bo\u00eete travaillant dans l'angle de s\u00e9curit\u00e9<\/p>\n<p><strong>Arbre d'inclinaison :<\/strong><\/p>\n<p>La conception robuste permet de travailler de mani\u00e8re stable lors de l'inclinaison, ce qui est plus durable et plus s\u00fbr.<\/p>\n<p style=\"text-align: center;\"><a class=\"product_button\" href=\"#elementor-action%3Aaction%3Dpopup%3Aopen%26settings%3DeyJpZCI6Ijk5MDciLCJ0b2dnbGUiOmZhbHNlfQ%3D%3D\">Cliquez pour plus de d\u00e9tails<\/a><\/p>\n<h2>Sp\u00e9cification de la semi-remorque \u00e0 benne basculante de 40 tonnes<\/h2>\n<table style=\"width: 800px;\" border=\"1\" cellspacing=\"1\" cellpadding=\"1\">\n<tbody>\n<tr>\n<td width=\"208\" height=\"33\">\u00a0Marque<\/td>\n<td width=\"598\">\u00a0Panda Mech<\/td>\n<\/tr>\n<tr>\n<td height=\"33\">\u00a0Capacit\u00e9<\/td>\n<td>\u00a025 cbm, 40ton<\/td>\n<\/tr>\n<tr>\n<td height=\"33\">\u00a0Dimensions totales (mm)<\/td>\n<td>\u00a08500*2500*3500 mm<\/td>\n<\/tr>\n<tr>\n<td height=\"33\">\u00a0Dimensions du corps (mm)<\/td>\n<td>\u00a08100*2400*1380 mm<\/td>\n<\/tr>\n<tr>\n<td height=\"33\">\u00a0Mat\u00e9riau<\/td>\n<td>Acier<\/td>\n<\/tr>\n<tr>\n<td height=\"33\">\u00a0Essieu<\/td>\n<td>\u00a02 essieux<\/td>\n<\/tr>\n<tr>\n<td height=\"33\">\u00a0Syst\u00e8me hydraulique<\/td>\n<td>\u00a0Cylindre hydraulique HYVA<\/td>\n<\/tr>\n<tr>\n<td height=\"33\">\u00a0Cylindre<\/td>\n<td>\u00a0175, 191, 202, 214 \/ 4TG, 5TG<\/td>\n<\/tr>\n<tr>\n<td height=\"33\">\u00a0Suspension<\/td>\n<td>\u00a0Suspension m\u00e9canique \/ Suspension \u00e0 ressort<\/td>\n<\/tr>\n<tr>\n<td height=\"33\">\u00a0Mat\u00e9riau<\/td>\n<td>\u00a0Acier \u00e0 haute r\u00e9sistance de 5 ou 6 mm<\/td>\n<\/tr>\n<tr>\n<td height=\"33\">\u00a0Pneu<\/td>\n<td>\u00a012R 22.5 315\/80 R22.5<\/td>\n<\/tr>\n<tr>\n<td height=\"33\">\u00a0Accessoires<\/td>\n<td>\u00a0Une bo\u00eete \u00e0 outils standard, une poign\u00e9e \u00e0 bascule, une cl\u00e9 d'arbre<\/td>\n<\/tr>\n<\/tbody>\n<\/table>\n<p>En rapport : <span style=\"color: #0000ff;\"><a style=\"color: #0000ff;\" href=\"https:\/\/www.pandamech.com\/france\/product\/50-ton-high-side-end-dump-trailer\/\" target=\"_blank\" rel=\"noopener\">Remorque \u00e0 benne basculante de 50 tonnes<\/a><\/span>, <span style=\"color: #0000ff;\"><a style=\"color: #0000ff;\" href=\"https:\/\/www.pandamech.com\/france\/product\/4-axle-tipper-trailer-for-sale\/\" target=\"_blank\" rel=\"noopener\">Remorque \u00e0 benne basculante \u00e0 4 essieux<\/a><\/span><\/p>\n<p style=\"text-align: center;\"><a class=\"product_button\" href=\"#elementor-action%3Aaction%3Dpopup%3Aopen%26settings%3DeyJpZCI6Ijk5MDciLCJ0b2dnbGUiOmZhbHNlfQ%3D%3D\">Cliquez pour plus de d\u00e9tails<\/a><\/p>\n<h2>Panda Mech<\/h2>\n<p>Panda Mech est un fabricant de remorque \u00e0 benne basculante 40 tonnes en Chine. Nous fournissons des remorques \u00e0 benne basculante 40 tonnes de 25 cbm \u00e0 vendre. Les fabricants de Panda Mech ont connu le succ\u00e8s en Asie du Sud-Est, au Moyen-Orient, en Afrique et en Am\u00e9rique du Sud, tels que les Philippines, la Tanzanie, la C\u00f4te d'Ivoire, etc...<\/p>\n<p><a href=\"\/france\/contact-us\/\" rel=\"nofollow\"><img loading=\"lazy\" decoding=\"async\" class=\"alignnone\" src=\"https:\/\/pandamech.com\/wp-content\/uploads\/u_file\/db8ce19fe3.jpg\" alt=\"25cbm 40 ton half round dump trailer quotation\" width=\"864\" height=\"213\" title=\"\"><\/a><\/p>\n<p>En rapport :<\/p>\n<p><a href=\"https:\/\/www.pandamech.com\/france\/product\/wholesale-70-ton-dump-trailer\/\">Fabricant de remorques \u00e0 benne basculante de 70 tonnes<\/a><\/p>\n<p><a href=\"https:\/\/www.pandamech.com\/france\/product\/40-foot-dump-truck-trailer-for-sale\/\">Remorque \u00e0 benne basculante de 40 pieds<\/a><\/p>\n<p><a href=\"https:\/\/www.pandamech.com\/france\/info\/end-dump-trailer-capacity-dimensions\/\">Dimensions de la remorque \u00e0 benne basculante<\/a><\/p>\n<p><a href=\"https:\/\/www.pandamech.com\/france\/category\/tipper-trailer\/semi-dump-trailer\/\" target=\"_blank\" rel=\"noopener\">Remorque \u00e0 benne basculante \u00e0 vendre<\/a><\/p>\n<p>Autre :<\/p>\n<h2>Quelle est la longueur d'une remorque \u00e0 benne basculante demi-ronde ?<\/h2>\n<p>La remorque \u00e0 benne basculante lat\u00e9rale peut g\u00e9n\u00e9ralement \u00eatre utilis\u00e9e pendant 6 \u00e0 8 ans, mais lorsqu'elle est utilis\u00e9e, elle doit \u00eatre entretenue et v\u00e9rifi\u00e9e fr\u00e9quemment pour garantir une utilisation normale de la remorque \u00e0 benne basculante lat\u00e9rale.<\/p>\n<h2>Comment fonctionnent les remorques \u00e0 benne basculante ?<\/h2>\n<p>Le dispositif de d\u00e9versement en bout de cha\u00eene peut manipuler des marchandises d\u00e9licates, et le d\u00e9versement en bas de cha\u00eene conserve sa fluidit\u00e9. La benne basculante est d'abord conduite sur un sol plat et solide, puis soulev\u00e9e par une barre de levage hydraulique pour atteindre l'objectif de d\u00e9chargement.<\/p>\n<h2>Puis-je gagner de l'argent avec une remorque \u00e0 benne basculante ?<\/h2>\n<p>Nous utilisons des remorques \u00e0 benne pour transporter des marchandises, afin de r\u00e9duire les frais de transport et de gagner de l'argent.<\/p>\n<p style=\"text-align: center;\"><a class=\"product_button\" href=\"#elementor-action%3Aaction%3Dpopup%3Aopen%26settings%3DeyJpZCI6Ijk5MDciLCJ0b2dnbGUiOmZhbHNlfQ%3D%3D\">Obtenir un devis imm\u00e9diat<\/a><\/p>\n<h2><a>Combien de m\u00e8tres repr\u00e9sente une remorque \u00e0 benne basculante ?<\/a><\/h2>\n<p>Longueur de la remorque \u00e0 benne basculante en acier : 8,7-13,1 m\u00e8tres ;<\/p>\n<p>Largeur de la remorque \u00e0 benne basculante : 2,7 m\u00e8tres ;<\/p>\n<p>Hauteur de la remorque \u00e0 benne basculante : 3,8 m\u00e8tres.<\/p>\n<h2>Quel est le co\u00fbt de la location d'une remorque \u00e0 benne basculante ?<\/h2>\n<p>Si l'on veut louer une remorque \u00e0 benne basculante sans cadre, il faut signer un contrat avec le bailleur, signer le prix et le d\u00e9lai, afin de garantir les droits et les int\u00e9r\u00eats des deux parties, et lorsque l'on doit louer, il faut v\u00e9rifier que le v\u00e9hicule est libre.<\/p>","protected":false},"excerpt":{"rendered":"<p><strong>Mod\u00e8le<\/strong>: 40 tonnes<\/p>\n<p><strong>Fourchette de prix<\/strong>: 12 000-25 000 USD<\/p>\n<p><strong>Date de livraison<\/strong>7-25 jours<\/p>\n<p><strong>Application<\/strong>Transport Charbon, minerai, mat\u00e9riaux de construction<\/p>\n<p><strong>Angle d'inclinaison<\/strong>: 45\u00b0<\/p>\n<p><strong>Syst\u00e8me hydraulique<\/strong>: Cylindre HYVA<\/p>","protected":false},"featured_media":58113,"template":"","meta":{"_acf_changed":false,"_kad_blocks_custom_css":"","_kad_blocks_head_custom_js":"","_kad_blocks_body_custom_js":"","_kad_blocks_footer_custom_js":"","_kad_post_transparent":"default","_kad_post_title":"","_kad_post_layout":"default","_kad_post_sidebar_id":"","_kad_post_content_style":"default","_kad_post_vertical_padding":"default","_kad_post_feature":"","_kad_post_feature_position":"","_kad_post_header":false,"_kad_post_footer":false,"_kad_post_classname":""},"product_brand":[],"product_cat":[106],"product_tag":[],"class_list":{"0":"post-21395","1":"product","2":"type-product","3":"status-publish","4":"has-post-thumbnail","6":"product_cat-semi-dump-trailer","8":"first","9":"instock","10":"sold-individually","11":"shipping-taxable","12":"purchasable","13":"product-type-simple","14":"entry","15":"content-bg","16":"loop-entry"},"acf":[],"taxonomy_info":{"product_cat":[{"value":106,"label":"End Dump Trailer"}]},"featured_image_src_large":["https:\/\/www.pandamech.com\/wp-content\/uploads\/2022\/10\/28cbm-tipper-trailer-4-500x500.jpg",500,500,true],"author_info":[],"comment_info":"","_links":{"self":[{"href":"https:\/\/www.pandamech.com\/france\/wp-json\/wp\/v2\/product\/21395","targetHints":{"allow":["GET"]}}],"collection":[{"href":"https:\/\/www.pandamech.com\/france\/wp-json\/wp\/v2\/product"}],"about":[{"href":"https:\/\/www.pandamech.com\/france\/wp-json\/wp\/v2\/types\/product"}],"version-history":[{"count":3,"href":"https:\/\/www.pandamech.com\/france\/wp-json\/wp\/v2\/product\/21395\/revisions"}],"predecessor-version":[{"id":91527,"href":"https:\/\/www.pandamech.com\/france\/wp-json\/wp\/v2\/product\/21395\/revisions\/91527"}],"wp:featuredmedia":[{"embeddable":true,"href":"https:\/\/www.pandamech.com\/france\/wp-json\/wp\/v2\/media\/58113"}],"wp:attachment":[{"href":"https:\/\/www.pandamech.com\/france\/wp-json\/wp\/v2\/media?parent=21395"}],"wp:term":[{"taxonomy":"product_brand","embeddable":true,"href":"https:\/\/www.pandamech.com\/france\/wp-json\/wp\/v2\/product_brand?post=21395"},{"taxonomy":"product_cat","embeddable":true,"href":"https:\/\/www.pandamech.com\/france\/wp-json\/wp\/v2\/product_cat?post=21395"},{"taxonomy":"product_tag","embeddable":true,"href":"https:\/\/www.pandamech.com\/france\/wp-json\/wp\/v2\/product_tag?post=21395"}],"curies":[{"name":"wp","href":"https:\/\/api.w.org\/{rel}","templated":true}]}}