{"id":21393,"date":"2023-02-12T19:02:48","date_gmt":"2023-02-12T11:02:48","guid":{"rendered":"http:\/\/pandamech.com\/?post_type=product&#038;p=21393"},"modified":"2025-08-23T01:07:07","modified_gmt":"2025-08-22T17:07:07","slug":"3-axle-30000-liters-tanker","status":"publish","type":"product","link":"https:\/\/www.pandamech.com\/france\/product\/3-axle-30000-liters-tanker\/","title":{"rendered":"Camion-citerne \u00e0 3 essieux de 30000 litres"},"content":{"rendered":"<p>La remorque-citerne \u00e0 carburant est principalement utilis\u00e9e pour transporter de l'essence, du diesel, du p\u00e9trole, de l'essence, de l'huile, etc. Elle est principalement utilis\u00e9e pour les transports longue distance. La remorque-citerne peut charger de 30 \u00e0 60 litres.<\/p>\n<h2>Sp\u00e9cification de la remorque-citerne \u00e0 carburant de 30 kl \u00e0 3 essieux<\/h2>\n<table style=\"width: 800px;\" border=\"1\" cellspacing=\"1\" cellpadding=\"1\">\n<tbody>\n<tr>\n<td width=\"300\" height=\"41\">\u00a0Marque<\/td>\n<td width=\"706\">\u00a0PANDA mech fuel tank trailer<\/td>\n<\/tr>\n<tr>\n<td height=\"41\">\u00a0Objet<\/td>\n<td>\u00a0Camion-citerne de 30000 litres<\/td>\n<\/tr>\n<tr>\n<td height=\"41\">\u00a0Dimensions de la remorque du r\u00e9servoir de carburant<\/td>\n<td>\u00a010500*2500*3500 (R\u00e9f\u00e9rence, personnalis\u00e9 selon les besoins)<\/td>\n<\/tr>\n<tr>\n<td height=\"41\">\u00a0Capacit\u00e9 du r\u00e9servoir de carburant de la remorque<\/td>\n<td>\u00a030 KL 30 000 litres, 7925 gallons<\/td>\n<\/tr>\n<tr>\n<td height=\"41\">\u00a0Compartiment<\/td>\n<td>\u00a02-10<\/td>\n<\/tr>\n<tr>\n<td height=\"41\">\u00a0Charge utile<\/td>\n<td>\u00a039-41T (R\u00e9f\u00e9rence)<\/td>\n<\/tr>\n<tr>\n<td height=\"41\">\u00a0Poids de la remorque du r\u00e9servoir de carburant<\/td>\n<td>\u00a010.6T<\/td>\n<\/tr>\n<tr>\n<td height=\"41\">\u00a0Mat\u00e9riau<\/td>\n<td>\u00a0Acier ferreux, acier inoxydable<\/td>\n<\/tr>\n<tr>\n<td height=\"41\">\u00a0Ch\u00e2ssis<\/td>\n<td>\u00a0Acier \u00e0 haute r\u00e9sistance<\/td>\n<\/tr>\n<tr>\n<td height=\"41\">\u00a0Soupape<\/td>\n<td>\u00a0Civacon, EMCO, HELI, JLME, HENGE<\/td>\n<\/tr>\n<tr>\n<td height=\"41\">\u00a0Essieu<\/td>\n<td>\u00a0Essieu 2\/3\/4 ; BPW, FUWA, L1, HO'S, SAF, PDME<\/td>\n<\/tr>\n<tr>\n<td height=\"41\">\u00a0Suspension<\/td>\n<td>\u00a0Suspension pneumatique, m\u00e9canique, Bogie<\/td>\n<\/tr>\n<tr>\n<td height=\"41\">\u00a0Syst\u00e8me de freinage<\/td>\n<td>\u00a0Syst\u00e8me de freinage Dual Line, chambre T30\/30, valve d'urgence Wabco, ABS\/EBS en option<\/td>\n<\/tr>\n<tr>\n<td height=\"41\">\u00a0Pi\u00e8ces d\u00e9tach\u00e9es pour remorques-citernes<\/td>\n<td>\u00a0Garde-boue, \u00e9chelle, 1 bo\u00eete \u00e0 outils standard, 1 couche d'appr\u00eat anticorrosion, 2 couches de peinture finale, peinture polyur\u00e9thane, train d'atterrissage, jante en acier 9.0-22.5, extincteur, soupape de fond pneumatique de 4 pouces, couvercle de trou d'homme en alliage d'aluminium de 500 mm, t\u00f4le d'acier Q345\/6mm, conforme \u00e0 l'ADR (selon les besoins du client).<\/td>\n<\/tr>\n<tr>\n<td height=\"41\">\u00a0Application<\/td>\n<td>\u00a0Carburant, p\u00e9trole, p\u00e9trole brut, diesel, essence, p\u00e9trole, gazoline<\/td>\n<\/tr>\n<tr>\n<td height=\"41\"><a href=\"\/france\/contact-us\/\">Demande de renseignements<\/a><\/td>\n<td><a href=\"https:\/\/www.pandamech.com\/france\/about\/\" target=\"_blank\" rel=\"noopener\">\u00c0 propos de Panda Mech<\/a><\/td>\n<\/tr>\n<\/tbody>\n<\/table>\n<h2>30 KL Fuel tanker trailer images<\/h2>\n<p><img decoding=\"async\" style=\"width: 800px;\" src=\"https:\/\/pandamech.com\/wp-content\/uploads\/2021\/11\/8-3.jpg\" alt=\"Remorque-citerne de 3000 litres\" height=\"533\" title=\"\">\u00a0<img decoding=\"async\" style=\"width: 800px;\" src=\"https:\/\/pandamech.com\/wp-content\/uploads\/2021\/11\/9.jpg\" alt=\"v\" height=\"533\" title=\"\"><\/p>\n<h2>Application :<\/h2>\n<p>La remorque-citerne est g\u00e9n\u00e9ralement utilis\u00e9e pour transporter de l'essence, du k\u00e9ros\u00e8ne, du diesel, de l'huile v\u00e9g\u00e9tale, de l'huile comestible, de l'huile lourde, du goudron de houille et des produits non p\u00e9troliers tels que l'alcool, l'ald\u00e9hyde, le benz\u00e8ne, l'\u00e9ther et d'autres substances liquides.<\/p>\n<p>La remorque-citerne \u00e0 carburant a une capacit\u00e9 de 30000-60000 litres. Elle est g\u00e9n\u00e9ralement utilis\u00e9e pour le transport sur de longues distances, le transport de substances liquides dans le monde entier, afin de r\u00e9aliser une distribution et une utilisation raisonnables des ressources.<\/p>\n<h2>Avantage de la remorque \u00e0 r\u00e9servoir de carburant<\/h2>\n<p>1. Adopter des aciers \u00e0 haute r\u00e9sistance tels que Q345, SS304, etc.<\/p>\n<p>2. La grande bobine de 9,5 m\u00e8tres est utilis\u00e9e pour le moulage en une seule fois. La r\u00e9sistance est plus \u00e9lev\u00e9e, plus s\u00fbre et plus durable.<\/p>\n<p>3. Apr\u00e8s le moulage du corps du r\u00e9servoir, le gaz \u00e0 haute pression est soumis \u00e0 un test d'\u00e9tanch\u00e9it\u00e9 afin de conf\u00e9rer au corps du r\u00e9servoir une r\u00e9sistance \u00e9lev\u00e9e.<\/p>\n<p>4. La stabilit\u00e9 du centre de gravit\u00e9 et le transport fluide et s\u00fbr du v\u00e9hicule garantissent les heures de travail des remorques-citernes.<\/p>\n<h2>Transport maritime d'une remorque-citerne \u00e0 carburant<\/h2>\n<p>Afin d'\u00e9viter que la peinture de la remorque du camion-citerne ne soit corrod\u00e9e par l'eau de mer, nous pulv\u00e9risons une couche de cire sur la surface de la remorque du camion-citerne avant le transport.<\/p>","protected":false},"excerpt":{"rendered":"<p>Type : Remorques-citernes \u00e0 carburant de 30 000 litres<\/p>\n<p>Gamme de prix : $12 900-31 500<\/p>\n<p>Livraison : 7-25 jours<\/p>\n<p>Mat\u00e9riau : aluminium<\/p>\n<p>Applications : essence de transport, essence, p\u00e9trole brut, lubrifiants, goudron de houille, etc.<\/p>","protected":false},"featured_media":57811,"template":"","meta":{"_acf_changed":false,"_kad_blocks_custom_css":"","_kad_blocks_head_custom_js":"","_kad_blocks_body_custom_js":"","_kad_blocks_footer_custom_js":"","_kad_post_transparent":"default","_kad_post_title":"","_kad_post_layout":"default","_kad_post_sidebar_id":"","_kad_post_content_style":"default","_kad_post_vertical_padding":"default","_kad_post_feature":"","_kad_post_feature_position":"","_kad_post_header":false,"_kad_post_footer":false,"_kad_post_classname":""},"product_brand":[],"product_cat":[109],"product_tag":[],"class_list":{"0":"post-21393","1":"product","2":"type-product","3":"status-publish","4":"has-post-thumbnail","6":"product_cat-fuel-tanker","8":"first","9":"instock","10":"sold-individually","11":"shipping-taxable","12":"purchasable","13":"product-type-simple","14":"entry","15":"content-bg","16":"loop-entry"},"acf":[],"taxonomy_info":{"product_cat":[{"value":109,"label":"Fuel Tanker Trailer"}]},"featured_image_src_large":["https:\/\/www.pandamech.com\/wp-content\/uploads\/2022\/08\/3-43-500x500.jpg",500,500,true],"author_info":[],"comment_info":"","_links":{"self":[{"href":"https:\/\/www.pandamech.com\/france\/wp-json\/wp\/v2\/product\/21393","targetHints":{"allow":["GET"]}}],"collection":[{"href":"https:\/\/www.pandamech.com\/france\/wp-json\/wp\/v2\/product"}],"about":[{"href":"https:\/\/www.pandamech.com\/france\/wp-json\/wp\/v2\/types\/product"}],"version-history":[{"count":1,"href":"https:\/\/www.pandamech.com\/france\/wp-json\/wp\/v2\/product\/21393\/revisions"}],"predecessor-version":[{"id":91256,"href":"https:\/\/www.pandamech.com\/france\/wp-json\/wp\/v2\/product\/21393\/revisions\/91256"}],"wp:featuredmedia":[{"embeddable":true,"href":"https:\/\/www.pandamech.com\/france\/wp-json\/wp\/v2\/media\/57811"}],"wp:attachment":[{"href":"https:\/\/www.pandamech.com\/france\/wp-json\/wp\/v2\/media?parent=21393"}],"wp:term":[{"taxonomy":"product_brand","embeddable":true,"href":"https:\/\/www.pandamech.com\/france\/wp-json\/wp\/v2\/product_brand?post=21393"},{"taxonomy":"product_cat","embeddable":true,"href":"https:\/\/www.pandamech.com\/france\/wp-json\/wp\/v2\/product_cat?post=21393"},{"taxonomy":"product_tag","embeddable":true,"href":"https:\/\/www.pandamech.com\/france\/wp-json\/wp\/v2\/product_tag?post=21393"}],"curies":[{"name":"wp","href":"https:\/\/api.w.org\/{rel}","templated":true}]}}