{"id":21389,"date":"2025-09-05T16:50:48","date_gmt":"2025-09-05T08:50:48","guid":{"rendered":"http:\/\/pandamech.com\/?post_type=product&#038;p=21389"},"modified":"2025-09-06T20:07:57","modified_gmt":"2025-09-06T12:07:57","slug":"4-axle-tipper-trailer-for-sale","status":"publish","type":"product","link":"https:\/\/www.pandamech.com\/france\/product\/4-axle-tipper-trailer-for-sale\/","title":{"rendered":"Semi-remorque benne \u00e0 4 essieux \u00e0 vendre"},"content":{"rendered":"<p>La remorque \u00e0 benne basculante \u00e0 4 essieux est \u00e9galement connue sous le nom de remorque \u00e0 benne basculante \u00e0 4 essieux, remorque \u00e0 benne basculante \u00e0 4 essieux, remorque \u00e0 benne basculante \u00e0 4 essieux.  Les remorques basculantes \u00e0 4 essieux sont g\u00e9n\u00e9ralement utilis\u00e9es pour transporter des mat\u00e9riaux de construction tels que le sable, la bauxite, le mangan\u00e8se, le marbre, la roche, l'acier, et peuvent \u00e9galement \u00eatre utilis\u00e9es pour transporter du bl\u00e9, des c\u00e9r\u00e9ales, etc.<\/p>\n<p>La semi-remorque \u00e0 benne basculante \u00e0 4 essieux est un compartiment qui peut \u00eatre inclin\u00e9 \u00e0 un certain angle pour permettre le d\u00e9chargement de la cargaison qu'il contient. L'inclinaison de la voiture est actionn\u00e9e par le moteur de la semi-remorque \u00e0 benne basculante et s'effectue au moyen d'un m\u00e9canisme de d\u00e9versement.<\/p>\n<p>Les remorques basculantes \u00e0 4 essieux chargent et d\u00e9chargent les marchandises de mani\u00e8re simple et efficace. De plus, la conception m\u00e9ticuleuse du d\u00e9chargement garantit la s\u00e9curit\u00e9. En m\u00eame temps, la semi-remorque basculante \u00e0 4 essieux a des formes et des types diff\u00e9rents, nous pouvons l'acheter selon notre propre utilisation et la personnaliser pour vous selon vos besoins.<\/p>\n<p style=\"text-align: center;\"><a class=\"product_button\" href=\"#elementor-action%3Aaction%3Dpopup%3Aopen%26settings%3DeyJpZCI6Ijk5MDciLCJ0b2dnbGUiOmZhbHNlfQ%3D%3D\">Cliquez pour plus de d\u00e9tails<\/a><\/p>\n<h2>U Shape 4 Axle 60 Ton Tipper Semi Trailer images<\/h2>\n<p><img fetchpriority=\"high\" decoding=\"async\" class=\"alignnone wp-image-31197 size-full\" src=\"https:\/\/pandamech.com\/wp-content\/uploads\/2022\/10\/7.jpg\" alt=\"Grossiste &amp; Chine Fourniture d&#039;usine Semi-remorques \u00e0 benne basculante \u00e0 4 essieux\" width=\"800\" height=\"533\" title=\"\"><\/p>\n<p data-start=\"1076\" data-end=\"1112\">Semi-remorque benne en U \u00e0 4 essieux <span style=\"letter-spacing: 0.015em;\">fabricant<\/span><\/p>\n<p><img decoding=\"async\" class=\"alignnone wp-image-31198 size-full\" src=\"https:\/\/pandamech.com\/wp-content\/uploads\/2022\/10\/8-1.jpg\" alt=\"Remorque \u00e0 benne basculante \u00e0 4 essieux \u00e0 vendre\" width=\"800\" height=\"533\" title=\"\"><\/p>\n<p>Remorques basculantes Hardox \u00e0 4 essieux \u00e0 vendre<\/p>\n<p><img decoding=\"async\" class=\"alignnone wp-image-31199 size-full\" src=\"https:\/\/pandamech.com\/wp-content\/uploads\/2022\/10\/9-1.jpg\" alt=\"Semi-remorque benne en U de 60 tonnes - Transport lourd\" width=\"800\" height=\"533\" title=\"\"><\/p>\n<p>Vente en gros de semi-remorques \u00e0 benne basculante \u00e0 4 essieux en Chine<\/p>\n<p>En rapport : <a href=\"https:\/\/www.pandamech.com\/product\/38-cbm-tipper-truck-trailer\/\" target=\"_blank\" rel=\"noopener\"><span style=\"color: #0000ff;\">38 cbm remorque de camion \u00e0 benne basculante<\/span><\/a>, <a href=\"https:\/\/www.pandamech.com\/product\/30-cbm-dump-semi-trailer\/\" target=\"_blank\" rel=\"noopener\"><span style=\"color: #0000ff;\">Remorque benne 30 cbm<\/span><\/a><\/p>\n<p style=\"text-align: center;\"><a class=\"product_button\" href=\"#elementor-action%3Aaction%3Dpopup%3Aopen%26settings%3DeyJpZCI6Ijk5MDciLCJ0b2dnbGUiOmZhbHNlfQ%3D%3D\">Obtenir un devis imm\u00e9diat<\/a><\/p>\n<h2>Vid\u00e9o de la semi-remorque \u00e0 benne basculante \u00e0 4 essieux<\/h2>\n<p><iframe title=\"Lecteur vid\u00e9o YouTube\" src=\"https:\/\/www.youtube.com\/embed\/HF5wUIISeIs\" width=\"800\" height=\"533\" frameborder=\"0\" allowfullscreen=\"allowfullscreen\"><span data-mce-type=\"bookmark\" style=\"display: inline-block; width: 0px; overflow: hidden; line-height: 0;\" class=\"mce_SELRES_start\"><\/span><\/iframe><\/p>\n<h2>Avantages des semi-remorques \u00e0 benne basculante \u00e0 4 essieux<\/h2>\n<p><strong>Mat\u00e9riau :<\/strong><\/p>\n<p>Caisse en Hardox 450 ou mat\u00e9riau \u00e9quivalent r\u00e9sistant \u00e0 l'usure et \u00e0 l'abrasion, poutre \u00e0 haute tension T700, poids \u00e0 vide plus l\u00e9ger de 2000 kg que celui d'une benne \u00e0 mat\u00e9riaux normale, dur\u00e9e de vie plus longue et consommation de carburant plus faible<\/p>\n<p><strong>Bo\u00eete en U :<\/strong><\/p>\n<p>Conception et analyse de la bo\u00eete en U, plus grande surface de section avec barycentre plus bas, chargement plus important et d\u00e9chargement plus facile, s\u00fbr et efficace.<\/p>\n<p><strong>Ch\u00e2ssis :<\/strong><\/p>\n<p>Double \u00e2me pour la conception de la poutre principale, plus robuste pour les conditions de route multiples<\/p>\n<p><strong>Cylindre :<\/strong><\/p>\n<p>Mod\u00e8les FC et FE en option, pression de fonctionnement plus \u00e9lev\u00e9e, angle d'inclinaison Max 45\u00b0, r\u00e9duction du temps d'ex\u00e9cution gr\u00e2ce \u00e0 une vitesse d'\u00e9grenage plus rapide, augmentation de la dur\u00e9e d'utilisation gr\u00e2ce \u00e0 des intervalles de service plus longs.<\/p>\n<p><strong>Supports<\/strong>:<\/p>\n<p>Conception am\u00e9lior\u00e9e avec une meilleure r\u00e9sistance aux contraintes et \u00e0 la fatigue<\/p>\n<p><strong>S'assommer :<\/strong><\/p>\n<p>Conception robuste, actionnement pr\u00e9cis, protection de la bo\u00eete travaillant dans l'angle de s\u00e9curit\u00e9<\/p>\n<p><strong>Arbre d'inclinaison :<\/strong><\/p>\n<p>La conception robuste permet de travailler de mani\u00e8re stable lors de l'inclinaison, ce qui est plus durable et plus s\u00fbr.<\/p>\n<p><strong>Syst\u00e8me de fixation<\/strong><\/p>\n<p>Le verrouillage automatique de la porte arri\u00e8re est efficace, la conception ajustable permet d'adapter la situation, l'entretien et le remplacement sont faciles.<\/p>\n<p><strong>Cadre de support auxiliaire :<\/strong><\/p>\n<p>Un cadre de support auxiliaire supporte la bo\u00eete avec le ch\u00e2ssis, \u00e9vitant ainsi l'inclinaison de la bo\u00eete, pour un travail plus s\u00fbr.<\/p>\n<p style=\"text-align: center;\"><a class=\"product_button\" href=\"#elementor-action%3Aaction%3Dpopup%3Aopen%26settings%3DeyJpZCI6Ijk5MDciLCJ0b2dnbGUiOmZhbHNlfQ%3D%3D\">Cliquez pour plus de d\u00e9tails<\/a><\/p>\n<h2>Sp\u00e9cifications de la semi-remorque \u00e0 benne basculante \u00e0 4 essieux<\/h2>\n<table style=\"width: 800px;\" border=\"1\" cellspacing=\"1\" cellpadding=\"1\">\n<tbody>\n<tr>\n<td width=\"208\" height=\"33\">\u00a0Fabricant<\/td>\n<td width=\"598\">\u00a0Remorque \u00e0 benne basculante \u00e0 4 essieux Panda Mech<\/td>\n<\/tr>\n<tr>\n<td>\u00a0Capacit\u00e9 de la remorque \u00e0 benne basculante<\/td>\n<td>\u00a060 tonnes<\/td>\n<\/tr>\n<tr>\n<td>\u00a0Dimensions totales (mm)<\/td>\n<td>\u00a010500*2500*3500 mm<\/td>\n<\/tr>\n<tr>\n<td>\u00a0Dimensions du corps (mm)<\/td>\n<td>9775*2400*1380 mm<\/td>\n<\/tr>\n<tr>\n<td>\u00a0Longueur de la remorque \u00e0 benne basculante<\/td>\n<td>\u00a032,1 pieds<\/td>\n<\/tr>\n<tr>\n<td>\u00a0Hauteur de la remorque \u00e0 benne basculante<\/td>\n<td>\u00a011 ft<\/td>\n<\/tr>\n<tr>\n<td>\u00a0Largeur de la remorque \u00e0 benne basculante<\/td>\n<td>\u00a08 pieds<\/td>\n<\/tr>\n<tr>\n<td>\u00a0Ch\u00e2ssis<\/td>\n<td>\u00a0Poutre en I con\u00e7ue pour une utilisation intensive et une durabilit\u00e9 accrue<\/td>\n<\/tr>\n<tr>\n<td>\u00a0Essieu<\/td>\n<td>\u00a04 essieux<\/td>\n<\/tr>\n<tr>\n<td>\u00a0Syst\u00e8me hydraulique<\/td>\n<td>\u00a0Cylindre hydraulique HYVA<\/td>\n<\/tr>\n<tr>\n<td>\u00a0Cylindre<\/td>\n<td>\u00a0175, 191, 202, 214 \/ 4TG, 5TG<\/td>\n<\/tr>\n<tr>\n<td>\u00a0Suspension<\/td>\n<td>\u00a0Suspension m\u00e9canique \/ Suspension \u00e0 ressort<\/td>\n<\/tr>\n<tr>\n<td>\u00a0Kingpin<\/td>\n<td>\u00a0JOST 2\u2033 ou 3.5 type d\u00e9tachable<\/td>\n<\/tr>\n<tr>\n<td>\u00a0Train d'atterrissage<\/td>\n<td>\u00a0JOST 28T<\/td>\n<\/tr>\n<tr>\n<td>\u00a0Syst\u00e8me de freinage<\/td>\n<td>\u00a0ABS ou EBS (en option)<\/td>\n<\/tr>\n<tr>\n<td>\u00a0Mat\u00e9riau<\/td>\n<td>\u00a0Acier \u00e0 haute r\u00e9sistance de 5 ou 6 mm<\/td>\n<\/tr>\n<tr>\n<td>\u00a0Pneu<\/td>\n<td>\u00a012R 22.5 315\/80 R22.5<\/td>\n<\/tr>\n<tr>\n<td>\u00a0Porte-roue de secours<\/td>\n<td>\u00a0un jeu de la roue de secours comprenant un support<\/td>\n<\/tr>\n<tr>\n<td>\u00a0Accessoires<\/td>\n<td>\u00a0Une bo\u00eete \u00e0 outils standard, une poign\u00e9e \u00e0 bascule, une cl\u00e9 d'arbre<\/td>\n<\/tr>\n<tr>\n<td>\u00a0Chambres de frein<\/td>\n<td>\u00a0T30\/30<\/td>\n<\/tr>\n<tr>\n<td>\u00a0Pi\u00e8ces d\u00e9tach\u00e9es<\/td>\n<td>\u00a0\u00c9lectrique, frein, essieu, pneu, suspension, loquet, kit.<\/td>\n<\/tr>\n<tr>\n<td><u><a href=\"\/france\/contact-us\/\">Demande de renseignements<\/a><\/u><\/td>\n<td><u><a href=\"\/france\/contact-us\/\">Obtenir un devis gratuit<\/a><\/u><\/td>\n<\/tr>\n<\/tbody>\n<\/table>\n<p style=\"text-align: center;\"><a class=\"product_button\" href=\"#elementor-action%3Aaction%3Dpopup%3Aopen%26settings%3DeyJpZCI6Ijk5MDciLCJ0b2dnbGUiOmZhbHNlfQ%3D%3D\">Cliquez pour plus de d\u00e9tails<\/a><\/p>\n<h2>Semi-remorques basculantes \u00e0 4 essieux \u00e0 vendre<\/h2>\n<p>Panda Mech est un fabricant chinois de remorques \u00e0 benne basculante \u00e0 4 essieux. Nous fournissons des remorques basculantes \u00e0 4 essieux \u00e0 vendre. Les fabricants de Panda Mech ont connu le succ\u00e8s en Asie du Sud-Est, au Moyen-Orient, en Afrique et en Am\u00e9rique du Sud, tels que les Philippines, la Tanzanie, le Nigeria, etc...<\/p>\n<p><a href=\"\/france\/contact-us\/\" rel=\"nofollow\"><img decoding=\"async\" src=\"https:\/\/pandamech.com\/wp-content\/uploads\/u_file\/db8ce19fe3.jpg\" alt=\"remorque \u00e0 benne basculante de l&#039;est\" title=\"\"><\/a><\/p>\n<h2>FAQ<\/h2>\n<h3 data-start=\"2066\" data-end=\"2113\">Quel est le prix d'une remorque \u00e0 benne basculante \u00e0 4 essieux ?<\/h3>\n<p>Le prix d'un <strong data-start=\"15\" data-end=\"56\">Remorque \u00e0 benne basculante \u00e0 4 essieux de Panda Mech<\/strong> se situe g\u00e9n\u00e9ralement entre <strong data-start=\"82\" data-end=\"103\">18 000 \u00c0 32 000 DOLLARS AM\u00c9RICAINS<\/strong>, Le prix d'une remorque Panda Mech peut varier en fonction du mat\u00e9riau (acier standard ou Hardox), du syst\u00e8me hydraulique et des options de personnalisation. Avec Panda Mech, vous n'achetez pas seulement une remorque, vous investissez dans <strong data-start=\"279\" data-end=\"356\">une plus grande capacit\u00e9 de charge, une dur\u00e9e de vie plus longue et des co\u00fbts d'exploitation plus faibles<\/strong>.<\/p>\n<h3 data-start=\"2066\" data-end=\"2113\">Puis-je acheter en gros des remorques \u00e0 benne basculante \u00e0 4 essieux en Chine ?<\/h3>\n<p>Oui, vous pouvez acheter en gros des remorques \u00e0 benne basculante \u00e0 4 essieux en Chine, ce qui est une pratique courante chez de nombreux acheteurs internationaux, en particulier dans les secteurs de l'ing\u00e9nierie, de l'exploitation mini\u00e8re et de la construction.<\/p>","protected":false},"excerpt":{"rendered":"<p><strong>Mod\u00e8le<\/strong>: 4 essieux 60 tonnes<\/p>\n<p><strong>Fourchette de prix<\/strong>: 15 000-25 000 USD<\/p>\n<p><strong>Date de livraison<\/strong>7-25 jours<\/p>\n<p><strong>Application<\/strong>Transport Charbon, minerai, mat\u00e9riaux de construction<\/p>\n<p><strong>Angle d'inclinaison<\/strong>: 45\u00b0<\/p>\n<p><strong>Syst\u00e8me hydraulique<\/strong>: Cylindre HYVA<\/p>","protected":false},"featured_media":58088,"template":"","meta":{"_acf_changed":false,"_kad_blocks_custom_css":"","_kad_blocks_head_custom_js":"","_kad_blocks_body_custom_js":"","_kad_blocks_footer_custom_js":"","_kad_post_transparent":"default","_kad_post_title":"","_kad_post_layout":"default","_kad_post_sidebar_id":"","_kad_post_content_style":"default","_kad_post_vertical_padding":"default","_kad_post_feature":"","_kad_post_feature_position":"","_kad_post_header":false,"_kad_post_footer":false,"_kad_post_classname":""},"product_brand":[],"product_cat":[106],"product_tag":[61],"class_list":{"0":"post-21389","1":"product","2":"type-product","3":"status-publish","4":"has-post-thumbnail","6":"product_cat-semi-dump-trailer","7":"product_tag-4-axle-trailer","9":"first","10":"instock","11":"sold-individually","12":"shipping-taxable","13":"purchasable","14":"product-type-simple","15":"entry","16":"content-bg","17":"loop-entry"},"acf":[],"taxonomy_info":{"product_cat":[{"value":106,"label":"End Dump Trailer"}],"product_tag":[{"value":61,"label":"4 Axle Trailer"}]},"featured_image_src_large":["https:\/\/www.pandamech.com\/wp-content\/uploads\/2022\/10\/2-500x500.jpg",500,500,true],"author_info":[],"comment_info":"","_links":{"self":[{"href":"https:\/\/www.pandamech.com\/france\/wp-json\/wp\/v2\/product\/21389","targetHints":{"allow":["GET"]}}],"collection":[{"href":"https:\/\/www.pandamech.com\/france\/wp-json\/wp\/v2\/product"}],"about":[{"href":"https:\/\/www.pandamech.com\/france\/wp-json\/wp\/v2\/types\/product"}],"version-history":[{"count":3,"href":"https:\/\/www.pandamech.com\/france\/wp-json\/wp\/v2\/product\/21389\/revisions"}],"predecessor-version":[{"id":91587,"href":"https:\/\/www.pandamech.com\/france\/wp-json\/wp\/v2\/product\/21389\/revisions\/91587"}],"wp:featuredmedia":[{"embeddable":true,"href":"https:\/\/www.pandamech.com\/france\/wp-json\/wp\/v2\/media\/58088"}],"wp:attachment":[{"href":"https:\/\/www.pandamech.com\/france\/wp-json\/wp\/v2\/media?parent=21389"}],"wp:term":[{"taxonomy":"product_brand","embeddable":true,"href":"https:\/\/www.pandamech.com\/france\/wp-json\/wp\/v2\/product_brand?post=21389"},{"taxonomy":"product_cat","embeddable":true,"href":"https:\/\/www.pandamech.com\/france\/wp-json\/wp\/v2\/product_cat?post=21389"},{"taxonomy":"product_tag","embeddable":true,"href":"https:\/\/www.pandamech.com\/france\/wp-json\/wp\/v2\/product_tag?post=21389"}],"curies":[{"name":"wp","href":"https:\/\/api.w.org\/{rel}","templated":true}]}}