{"id":21381,"date":"2025-09-03T17:26:47","date_gmt":"2025-09-03T09:26:47","guid":{"rendered":"http:\/\/pandamech.com\/?post_type=product&#038;p=21381"},"modified":"2025-09-06T15:56:16","modified_gmt":"2025-09-06T07:56:16","slug":"aggregate-tipping-trailers-for-sale","status":"publish","type":"product","link":"https:\/\/www.pandamech.com\/france\/product\/aggregate-tipping-trailers-for-sale\/","title":{"rendered":"Remorque \u00e0 benne basculante pour agr\u00e9gats \u00e0 vendre"},"content":{"rendered":"<p>Une benne basculante pour agr\u00e9gats, \u00e9galement connue sous le nom de benne basculante pour agr\u00e9gats, peut \u00eatre utilis\u00e9e pour le transport d'agr\u00e9gats.\u00a0<a style=\"color: #3366ff;\" href=\"https:\/\/www.pandamech.com\/france\/category\/tipper-trailer\/semi-dump-trailer\/\" target=\"_blank\" rel=\"noopener\">semi-remorque \u00e0 benne basculante<\/a>, La structure comprend le ch\u00e2ssis, la caisse et le syst\u00e8me de levage. La prise de force alimente le cylindre en huile, la bo\u00eete de levage s'incline \u00e0 l'angle d\u00e9sir\u00e9, la cargaison glisse vers l'ext\u00e9rieur, ce qui am\u00e9liore l'efficacit\u00e9 du d\u00e9chargement.<\/p>\n<p>Largement utilis\u00e9 dans les usines de gr\u00e8s, les chantiers de construction et les mines, pour le transport d'agr\u00e9gats, de sable, de gravier, le terrassement et l'exploitation mini\u00e8re.<\/p>\n<h2>Images de la remorque basculante pour granulats<\/h2>\n<p><img fetchpriority=\"high\" decoding=\"async\" class=\"alignnone wp-image-32434 size-full\" src=\"https:\/\/pandamech.com\/wp-content\/uploads\/2022\/08\/40cbm-3axle-tipepr-trailer-7.jpg\" alt=\"Fabricant de remorques basculantes pour agr\u00e9gats en gros, Chine\" width=\"800\" height=\"533\" title=\"\"><\/p>\n<p>Fournir des remorques \u00e0 benne basculante pour agr\u00e9gats \u00e0 trois essieux pour la vente en Chine<\/p>\n<p><img decoding=\"async\" class=\"alignnone wp-image-32435 size-full\" src=\"https:\/\/pandamech.com\/wp-content\/uploads\/2022\/08\/40cbm-3axle-tipepr-trailer-8.jpg\" alt=\"remorque \u00e0 benne basculante \u00e0 trois essieux pour agr\u00e9gats \u00e0 vendre\" width=\"800\" height=\"533\" title=\"\"><\/p>\n<p>fabricant de remorques basculantes pour agr\u00e9gats<u><\/u><\/p>\n<h2>Vid\u00e9o de la remorque de basculement des granulats<\/h2>\n<p><iframe title=\"Lecteur vid\u00e9o YouTube\" src=\"https:\/\/www.youtube.com\/embed\/uV4awegJhLI\" width=\"800\" height=\"533\" frameborder=\"0\" allowfullscreen=\"allowfullscreen\" data-mce-fragment=\"1\"><\/iframe><\/p>\n<h2>Sp\u00e9cification de la remorque basculante pour agr\u00e9gats<\/h2>\n<table style=\"width: 800px;\" border=\"1\" cellspacing=\"1\" cellpadding=\"1\">\n<tbody>\n<tr>\n<td width=\"208\" height=\"33\">\u00a0Fabricant<\/td>\n<td width=\"598\">\u00a0Panda Mech<\/td>\n<\/tr>\n<tr>\n<td height=\"33\">\u00a0Capacit\u00e9<\/td>\n<td>\u00a030 - 60 tonnes<\/td>\n<\/tr>\n<tr>\n<td height=\"33\">\u00a0Dimensions totales (mm)<\/td>\n<td>\u00a0(9 360 - 10 803) * (2500 - 2 550) * (3 262 - 3 830) mm<\/td>\n<\/tr>\n<tr>\n<td height=\"33\">\u00a0Dimensions du corps (mm)<\/td>\n<td>\u00a0(8,270 - 9,600) * 2,300 * (1,400-1850) <span style=\"font-family: inherit; font-size: inherit; letter-spacing: 0.015em;\">mm<\/span><\/td>\n<\/tr>\n<tr>\n<td height=\"33\">\u00a0Longueur<\/td>\n<td>\u00a030.71 - 35.44 ft<\/td>\n<\/tr>\n<tr>\n<td height=\"33\">\u00a0Hauteur<\/td>\n<td>\u00a010.7 - 12.57 ft<\/td>\n<\/tr>\n<tr>\n<td height=\"33\">\u00a0Largeur<\/td>\n<td>\u00a08.2 - 8.37 ft<\/td>\n<\/tr>\n<tr>\n<td height=\"33\">\u00a0Ch\u00e2ssis<\/td>\n<td>\u00a0Poutre en I con\u00e7ue pour une utilisation intensive et une durabilit\u00e9 accrue<\/td>\n<\/tr>\n<tr>\n<td height=\"33\">\u00a0Essieu<\/td>\n<td>\u00a03 essieux<\/td>\n<\/tr>\n<tr>\n<td height=\"33\">\u00a0Syst\u00e8me hydraulique<\/td>\n<td>\u00a0Cylindre hydraulique HYVA<\/td>\n<\/tr>\n<tr>\n<td height=\"33\">\u00a0Cylindre<\/td>\n<td>\u00a0175, 191, 202, 214 \/ 4TG, 5TG<\/td>\n<\/tr>\n<tr>\n<td height=\"33\">\u00a0Suspension<\/td>\n<td>\u00a0Suspension m\u00e9canique \/ Suspension \u00e0 ressort<\/td>\n<\/tr>\n<tr>\n<td height=\"33\">\u00a0Kingpin<\/td>\n<td>\u00a0JOST 2\u2033 ou 3.5 type d\u00e9tachable<\/td>\n<\/tr>\n<tr>\n<td height=\"33\">\u00a0Train d'atterrissage<\/td>\n<td>\u00a0JOST 28T<\/td>\n<\/tr>\n<tr>\n<td height=\"33\">\u00a0Syst\u00e8me de freinage<\/td>\n<td>\u00a0ABS ou EBS (en option)<\/td>\n<\/tr>\n<tr>\n<td height=\"33\">\u00a0Mat\u00e9riau<\/td>\n<td>\u00a0Acier haute r\u00e9sistance de 5 ou 6 mm, corps en acier<\/td>\n<\/tr>\n<tr>\n<td height=\"33\">\u00a0Pneu<\/td>\n<td>\u00a012R 22.5 315\/80 R22.5<\/td>\n<\/tr>\n<tr>\n<td height=\"33\">\u00a0Accessoires<\/td>\n<td>\u00a0Une bo\u00eete \u00e0 outils standard, une poign\u00e9e \u00e0 bascule, une cl\u00e9 d'arbre<\/td>\n<\/tr>\n<tr>\n<td height=\"33\">\u00a0Chambres de frein<\/td>\n<td>\u00a0T30\/30<\/td>\n<\/tr>\n<\/tbody>\n<\/table>\n<p style=\"text-align: center;\"><a class=\"product_button\" href=\"#elementor-action%3Aaction%3Dpopup%3Aopen%26settings%3DeyJpZCI6Ijk5MDciLCJ0b2dnbGUiOmZhbHNlfQ%3D%3D\">Cliquez pour plus de d\u00e9tails<\/a><\/p>\n<h2>Avantage des remorques basculantes pour granulats<\/h2>\n<h3>\u26a1 D\u00e9chargement efficace<\/h3>\n<p>La remorque basculante pour agr\u00e9gats utilise un syst\u00e8me hydraulique puissant ou une conception de d\u00e9chargement par gravit\u00e9, permettant de d\u00e9charger de grands volumes en peu de temps, ce qui am\u00e9liore consid\u00e9rablement l'efficacit\u00e9 op\u00e9rationnelle sur les chantiers de construction ou dans les zones mini\u00e8res.<\/p>\n<h3>\ud83d\udee0\ufe0f Structure r\u00e9sistante \u00e0 l'usure<\/h3>\n<p>La caisse de la remorque basculante pour agr\u00e9gats est construite en acier \u00e0 haute r\u00e9sistance ou en rev\u00eatement r\u00e9sistant \u00e0 l'usure, ce qui offre l'avantage de r\u00e9sister \u00e0 l'impact et \u00e0 l'abrasion \u00e0 long terme du sable et du gravier, prolongeant ainsi sa dur\u00e9e de vie.<\/p>\n<h3>\ud83d\udcb0 \u00c9conomies de co\u00fbts<\/h3>\n<p>La benne basculante pour agr\u00e9gats peut charger un grand nombre d'articles \u00e0 la fois, offrant ainsi une efficacit\u00e9 de transport sup\u00e9rieure \u00e0 celle des camions \u00e0 benne unique, r\u00e9duisant les co\u00fbts de main-d'\u0153uvre et de temps et permettant d'obtenir un meilleur retour sur investissement.<\/p>\n<h3>\ud83c\udfd7\ufe0f Large \u00e9ventail d'applications<\/h3>\n<p>La remorque basculante pour agr\u00e9gats est particuli\u00e8rement adapt\u00e9e aux divers besoins de transport de mat\u00e9riaux des gravi\u00e8res, des mines, des chantiers de construction et d'autres applications. L'achat d'une remorque basculante pour agr\u00e9gats vous permet de r\u00e9pondre \u00e0 divers besoins de transport, en toute tranquillit\u00e9 d'esprit.<\/p>\n<h3>\ud83d\udd27 Entretien facile<\/h3>\n<p>Le syst\u00e8me hydraulique optimis\u00e9 et la structure de la carrosserie de la remorque basculante pour agr\u00e9gats minimisent l'entretien, ce qui permet un fonctionnement efficace et un entretien de routine qui fait gagner du temps.<\/p>\n<h3>\ud83c\udf0d Comp\u00e9titivit\u00e9 accrue<\/h3>\n<p>La vitesse de transport efficace et la fiabilit\u00e9 de la remorque basculante pour agr\u00e9gats peuvent aider les entrepreneurs et les entreprises de logistique \u00e0 obtenir un avantage concurrentiel plus important dans leurs op\u00e9rations.<\/p>\n<p style=\"text-align: center;\"><a class=\"product_button\" href=\"#elementor-action%3Aaction%3Dpopup%3Aopen%26settings%3DeyJpZCI6Ijk5MDciLCJ0b2dnbGUiOmZhbHNlfQ%3D%3D\">Cliquez pour plus de d\u00e9tails<\/a><\/p>\n<h2>Panda Mech<\/h2>\n<p>Panda Mech est un fabricant chinois de remorques basculantes pour agr\u00e9gats. Nous fournissons des agr\u00e9gats <a href=\"https:\/\/www.pandamech.com\/france\/category\/tipper-trailer\/\" target=\"_blank\" rel=\"noopener\">remorques \u00e0 benne basculante \u00e0 vendre<\/a>. Les fabricants de PANDA MECH ont connu le succ\u00e8s en Asie du Sud-Est, au Moyen-Orient, en Afrique et en Am\u00e9rique du Sud, notamment aux Philippines, en Tanzanie, au Nigeria, etc...<\/p>\n<p><a href=\"\/france\/contact-us\/\" rel=\"nofollow\"><img decoding=\"async\" src=\"https:\/\/pandamech.com\/wp-content\/uploads\/u_file\/db8ce19fe3.jpg\" alt=\"Semi-remorques \u00e0 benne basculante \u00e0 vendre\" title=\"\"><\/a><\/p>\n<p>En rapport :<\/p>\n<p><span style=\"color: #0000ff;\"><a style=\"color: #0000ff;\" href=\"https:\/\/www.pandamech.com\/france\/product\/80-ton-dump-truck-trailer\/\" target=\"_blank\" rel=\"noopener\">Remorque de camion-benne de 80 tonnes<\/a><\/span><\/p>\n<p><span style=\"color: #0000ff;\"><a style=\"color: #0000ff;\" href=\"https:\/\/www.pandamech.com\/product\/50-ton-tipper-truck-trailer\/\" target=\"_blank\" rel=\"noopener\">Remorque \u00e0 benne basculante de 50 tonnes<\/a><\/span><\/p>\n<p><span style=\"color: #0000ff;\"><a style=\"color: #0000ff;\" href=\"https:\/\/www.pandamech.com\/product\/container-tipper-chassis-for-sale-p00253p1-html\/\">Vente de remorques squelettiques basculantes<\/a><\/span><\/p>\n<p><span style=\"color: #0000ff;\"><a style=\"color: #0000ff;\" href=\"https:\/\/www.pandamech.com\/france\/product\/china-45m3-tipper-trailer-wholesale\/\">Fourniture d'une remorque \u00e0 benne basculante 45m3<\/a><\/span><\/p>\n<p><span style=\"color: #0000ff;\"><a style=\"color: #0000ff;\" href=\"https:\/\/www.pandamech.com\/france\/product\/a-double-tipper-trailer-p00251p1-html\/\">Remorque basculante \u00e0 barre d'attelage \u00e0 vendre<\/a><\/span><\/p>\n<p><span style=\"color: #0000ff;\"><a style=\"color: #0000ff;\" href=\"https:\/\/www.pandamech.com\/france\/product\/3-axle-rear-end-tipper-semi-trailer-price\/\">Semi-remorque \u00e0 benne basculante 3axl bon march\u00e9<\/a><\/span><\/p>\n<p><span style=\"color: #0000ff;\"><a style=\"color: #0000ff;\" href=\"https:\/\/haletrailer.com\/used\/tipper\/\" target=\"_blank\" rel=\"noopener\">Semi-remorques basculantes d'occasion<\/a><\/span><\/p>\n<p>R\u00e9f\u00e9rence :<\/p>\n<p><a href=\"https:\/\/www.tdi.texas.gov\/pubs\/videoresource\/fsdumptrucktip.pdf\" target=\"_blank\" rel=\"nofollow noopener\">https:\/\/www.tdi.texas.gov\/pubs\/videoresource\/fsdumptrucktip.pdf<\/a><\/p>","protected":false},"excerpt":{"rendered":"<p><strong>Mod\u00e8le<\/strong>: 3 essieux 30-60 tonnes<\/p>\n<p><strong>Fourchette de prix<\/strong>: 13 000-29 000 USD<\/p>\n<p><strong>Date de livraison<\/strong>7-25 jours<\/p>\n<p><strong>Application<\/strong>: agr\u00e9gat de transport<\/p>\n<p><strong>Angle d'inclinaison<\/strong>: 45\u00b0<\/p>\n<p><strong>Syst\u00e8me hydraulique<\/strong>: Cylindre HYVA<\/p>","protected":false},"featured_media":57743,"template":"","meta":{"_acf_changed":false,"_kad_blocks_custom_css":"","_kad_blocks_head_custom_js":"","_kad_blocks_body_custom_js":"","_kad_blocks_footer_custom_js":"","_kad_post_transparent":"default","_kad_post_title":"","_kad_post_layout":"default","_kad_post_sidebar_id":"","_kad_post_content_style":"default","_kad_post_vertical_padding":"default","_kad_post_feature":"","_kad_post_feature_position":"","_kad_post_header":false,"_kad_post_footer":false,"_kad_post_classname":""},"product_brand":[],"product_cat":[106],"product_tag":[],"class_list":{"0":"post-21381","1":"product","2":"type-product","3":"status-publish","4":"has-post-thumbnail","6":"product_cat-semi-dump-trailer","8":"first","9":"instock","10":"sold-individually","11":"shipping-taxable","12":"purchasable","13":"product-type-simple","14":"entry","15":"content-bg","16":"loop-entry"},"acf":[],"taxonomy_info":{"product_cat":[{"value":106,"label":"End Dump Trailer"}]},"featured_image_src_large":["https:\/\/www.pandamech.com\/wp-content\/uploads\/2022\/08\/2-21-500x500.jpg",500,500,true],"author_info":[],"comment_info":"","_links":{"self":[{"href":"https:\/\/www.pandamech.com\/france\/wp-json\/wp\/v2\/product\/21381","targetHints":{"allow":["GET"]}}],"collection":[{"href":"https:\/\/www.pandamech.com\/france\/wp-json\/wp\/v2\/product"}],"about":[{"href":"https:\/\/www.pandamech.com\/france\/wp-json\/wp\/v2\/types\/product"}],"version-history":[{"count":5,"href":"https:\/\/www.pandamech.com\/france\/wp-json\/wp\/v2\/product\/21381\/revisions"}],"predecessor-version":[{"id":91531,"href":"https:\/\/www.pandamech.com\/france\/wp-json\/wp\/v2\/product\/21381\/revisions\/91531"}],"wp:featuredmedia":[{"embeddable":true,"href":"https:\/\/www.pandamech.com\/france\/wp-json\/wp\/v2\/media\/57743"}],"wp:attachment":[{"href":"https:\/\/www.pandamech.com\/france\/wp-json\/wp\/v2\/media?parent=21381"}],"wp:term":[{"taxonomy":"product_brand","embeddable":true,"href":"https:\/\/www.pandamech.com\/france\/wp-json\/wp\/v2\/product_brand?post=21381"},{"taxonomy":"product_cat","embeddable":true,"href":"https:\/\/www.pandamech.com\/france\/wp-json\/wp\/v2\/product_cat?post=21381"},{"taxonomy":"product_tag","embeddable":true,"href":"https:\/\/www.pandamech.com\/france\/wp-json\/wp\/v2\/product_tag?post=21381"}],"curies":[{"name":"wp","href":"https:\/\/api.w.org\/{rel}","templated":true}]}}