{"id":21380,"date":"2022-06-01T19:02:47","date_gmt":"2022-06-01T11:02:47","guid":{"rendered":"http:\/\/pandamech.com\/?post_type=product&#038;p=21380"},"modified":"2025-08-23T01:08:26","modified_gmt":"2025-08-22T17:08:26","slug":"extendable-trailer-p00282p1-html","status":"publish","type":"product","link":"https:\/\/www.pandamech.com\/france\/product\/extendable-trailer-p00282p1-html\/","title":{"rendered":"Remorque \u00e0 plateau extensible de 40 pieds"},"content":{"rendered":"<p>La remorque \u00e0 plateau extensible est connue sous le nom de \"stretch\". <span style=\"color: #0000ff;\"><a style=\"color: #0000ff;\" href=\"https:\/\/www.pandamech.com\/france\/category\/cargo-trailer\/flatbed-semi-trailer\/\" target=\"_blank\" rel=\"noopener\">remorque \u00e0 plateau<\/a><\/span>. La remorque \u00e0 plateau extensible est g\u00e9n\u00e9ralement utilis\u00e9e pour transporter des machines de construction et des \u00e9quipements de grande taille. En g\u00e9n\u00e9ral, de nombreux endroits sont limit\u00e9s, en particulier sur certains ponts. L'utilisation de la remorque \u00e0 plateau extensible ne peut pas \u00eatre transport\u00e9e, les gens utilisent donc une remorque \u00e0 plateau extensible pour le transport.<\/p>\n<h2>Caract\u00e9ristique de la remorque \u00e0 plateau extensible<\/h2>\n<p><strong>Pi\u00e8ces multi-supports<\/strong><\/p>\n<p>8, 12 jeux de serrures de conteneurs pour le transport d'un conteneur de 20 pieds 40 pieds 45 pieds.<\/p>\n<p>Les euphros de corde et les crochets permettent d'attacher la cargaison, ce qui convient au transport de plusieurs cargaisons.<\/p>\n<p><strong>Bonne peinture<\/strong><\/p>\n<p>Les surfaces sont nettoy\u00e9es par grenaillage : une couche d'\u00e9poxy et une couche de finition acrylique.<\/p>\n<p>R\u00e9sistant \u00e0 la rouille, il prolonge l'aspect et la dur\u00e9e de vie du produit.<\/p>\n<p><strong>Soudage automatique<\/strong><\/p>\n<p>Le soudage par immersion est une m\u00e9thode de soudage automatique, qui renforce le point cl\u00e9 et \u00e9vite de perdre certaines pi\u00e8ces. L'exp\u00e9rience acquise permet de prolonger la dur\u00e9e de vie du v\u00e9hicule sans r\u00e9paration.<\/p>\n<p><strong>Essieux de qualit\u00e9, suspensions et syst\u00e8mes de freinage<\/strong><\/p>\n<p>Les essieux BPW et FUWA, les meilleurs au monde, sont \u00e9quip\u00e9s d'une valve de freinage WABCO, ce qui permet de freiner plus efficacement, d'assurer la s\u00e9curit\u00e9 et d'\u00e9conomiser le co\u00fbt des pneus.<\/p>\n<p style=\"text-align: center;\"><a class=\"product_button\" href=\"#elementor-action%3Aaction%3Dpopup%3Aopen%26settings%3DeyJpZCI6Ijk5MDciLCJ0b2dnbGUiOmZhbHNlfQ%3D%3D\">Cliquez pour plus de d\u00e9tails<\/a><\/p>\n<h2>40Ft extended flatbed trailer image<\/h2>\n<p><img fetchpriority=\"high\" decoding=\"async\" class=\"alignnone size-full wp-image-32303\" src=\"https:\/\/pandamech.com\/wp-content\/uploads\/2022\/09\/Extendable-flatbed-7.jpg\" alt=\"remorque \u00e0 plateau extensible\" width=\"750\" height=\"399\" title=\"\"><\/p>\n<p>Semi-remorque \u00e0 plateau extensible de 40 pieds<\/p>\n<p><img decoding=\"async\" class=\"alignnone size-full wp-image-32304\" src=\"https:\/\/pandamech.com\/wp-content\/uploads\/2022\/09\/Extendable-flatbed-8.jpg\" alt=\"remorque \u00e0 plateau extensible\" width=\"750\" height=\"399\" title=\"\"><\/p>\n<p>remorque de transport de conteneurs \u00e0 trois essieux 40ft extended flatbed \u00e0 vendre<\/p>\n<p style=\"text-align: center;\"><a class=\"product_button\" href=\"#elementor-action%3Aaction%3Dpopup%3Aopen%26settings%3DeyJpZCI6Ijk5MDciLCJ0b2dnbGUiOmZhbHNlfQ%3D%3D\">Cliquez pour plus de d\u00e9tails<\/a><\/p>\n<h2>Sp\u00e9cification de la remorque \u00e0 plateau extensible<\/h2>\n<h3>Marques de remorques extensibles pour camions \u00e0 plateau<\/h3>\n<p>- Panda Mech<\/p>\n<h3>Capacit\u00e9 de chargement d'un conteneur extensible ou d'une remorque plate : 20-120 tonnes<\/h3>\n<p>- 2 essieux : 20-40 tonnes<\/p>\n<p>- 3 essieux : 40-70 tonnes<\/p>\n<p>- 4 essieux : 70-90 tonnes<\/p>\n<h3>Taille de la remorque \u00e0 plateau extensible<\/h3>\n<p>- Remorque \u00e0 plateau extensible \u00e0 2 essieux dimensions : 13000x3000x1750\/1250 mm<\/p>\n<h3>Remorque \u00e0 plateau extensible<\/h3>\n<h3>poids<\/h3>\n<p>- Remorque \u00e0 plateau extensible \u00e0 2 essieux : 9-11 tonnes<\/p>\n<p>- Remorque \u00e0 plateau extensible \u00e0 3 essieux : 10-12 tonnes<\/p>\n<p>- Remorque \u00e0 plateau extensible \u00e0 4 essieux : 11-13 tonnes<\/p>\n<h3>Largeur<\/h3>\n<p>- 3000 mm, 3 m\u00e8tres, les plus utilis\u00e9s<\/p>\n<h3>Hauteur du sol<\/h3>\n<p>- 1250mm<\/p>\n<h3>Hauteur :<\/h3>\n<p>- hauteur : 850-1250 mm<\/p>\n<p>- Hauteur maximale : 1750 mm<\/p>\n<h3>Longueur<\/h3>\n<p>- 850-1250 mm, adaptable \u00e0 vos besoins.<\/p>\n<p>- Hauteur maximale : 1250 mm, 1,25 m\u00e8tre<\/p>\n<h3>Roues<\/h3>\n<p>- 2 essieux : 8+1<\/p>\n<p>- 3 essieux : 12+1<\/p>\n<p>- 4 essieux : 16+1<\/p>\n<h3>Soupape<\/h3>\n<p>- BPW, FUWA<\/p>\n<h3>Suspension<\/h3>\n<p>- Suspension m\u00e9canique\/ suspension pneumatique<\/p>\n<h3>Pneus<\/h3>\n<p>- 235\/70 R 17.5<\/p>\n<p>- 245\/70 R 17.5<\/p>\n<p>- 295\/60 R 22.5<\/p>\n<p>- 11 R 22.5<\/p>\n<p>- 12 R 22.5<\/p>\n<p>- 315\/80 R 22.5<\/p>\n<h3>Pi\u00e8ces\/accessoires<\/h3>\n<p>- Rampes hydrauliques, pompe hydraulique, valve de semi-remorque surbaiss\u00e9e, booster, sabots de frein, tambours de frein, stabilisateurs, suspension, train d'atterrissage, pneus, feux,<\/p>\n<h3>Types de remorques \u00e0 plateau extensible<\/h3>\n<p>- Remorques surbaiss\u00e9es \u00e0 col de cygne amovibles, remorques surbaiss\u00e9es \u00e0 col de cygne, semi-remorques surbaiss\u00e9es \u00e0 marche, semi-remorques surbaiss\u00e9es avec rampes hydrauliques, semi-remorques surbaiss\u00e9es sp\u00e9ciales (sur mesure).<\/p>\n<p style=\"text-align: center;\"><a class=\"product_button\" href=\"#elementor-action%3Aaction%3Dpopup%3Aopen%26settings%3DeyJpZCI6Ijk5MDciLCJ0b2dnbGUiOmZhbHNlfQ%3D%3D\">Cliquez pour plus de d\u00e9tails<\/a><\/p>\n<h2>Panda Mech<\/h2>\n<p>Panda Mech est un fabricant chinois de remorques \u00e0 plateau extensible. Nous fournissons des remorques \u00e0 plateau extensible pour la vente. Nous pouvons les personnaliser en fonction de vos besoins. Les fabricants de Panda Mech ont connu le succ\u00e8s en Asie du Sud-Est, au Moyen-Orient, en Afrique et en Am\u00e9rique du Sud, notamment aux Philippines, en Tanzanie, etc...<\/p>\n<p><a href=\"https:\/\/www.pandamech.com\/france\/contact-us\/\" target=\"_blank\" rel=\"noopener\"><img decoding=\"async\" src=\"https:\/\/pandamech.com\/wp-content\/uploads\/2021\/08\/quotation.jpg\" alt=\"cotation\" width=\"864\" height=\"213\" title=\"\"><\/a><\/p>\n<p>En rapport :<\/p>\n<p><span style=\"color: #0000ff;\"><a style=\"color: #0000ff;\" href=\"https:\/\/www.pandamech.com\/france\/product\/3-axle-40-foot-flatbed-semi-trailer\/\" target=\"_blank\" rel=\"noopener\">Camion semi-remorque \u00e0 plateau de 40 pieds<\/a><\/span><\/p>\n<p><a href=\"https:\/\/www.pandamech.com\/product\/20-ft-platform-semi-trailer\/\" target=\"_blank\" rel=\"noopener\"><span style=\"color: #0000ff;\">Semi-remorque \u00e0 plate-forme de 20 pieds<\/span><\/a><\/p>","protected":false},"excerpt":{"rendered":"<p>Type : Remorque \u00e0 plateau extensible de 40 pieds<\/p>\n<p>Gamme de prix : $12 990-20 500<\/p>\n<p>Livraison : 7-25 jours<\/p>\n<p>Capacit\u00e9 de charge : 20-100 tonnes<\/p>\n<p>Application : marchandises en vrac, conteneurs<\/p>","protected":false},"featured_media":58037,"template":"","meta":{"_acf_changed":false,"_kad_blocks_custom_css":"","_kad_blocks_head_custom_js":"","_kad_blocks_body_custom_js":"","_kad_blocks_footer_custom_js":"","_kad_post_transparent":"default","_kad_post_title":"","_kad_post_layout":"default","_kad_post_sidebar_id":"","_kad_post_content_style":"default","_kad_post_vertical_padding":"default","_kad_post_feature":"","_kad_post_feature_position":"","_kad_post_header":false,"_kad_post_footer":false,"_kad_post_classname":""},"product_brand":[],"product_cat":[77],"product_tag":[],"class_list":{"0":"post-21380","1":"product","2":"type-product","3":"status-publish","4":"has-post-thumbnail","6":"product_cat-flatbed-semi-trailer","8":"first","9":"instock","10":"sold-individually","11":"shipping-taxable","12":"purchasable","13":"product-type-simple","14":"entry","15":"content-bg","16":"loop-entry"},"acf":[],"taxonomy_info":{"product_cat":[{"value":77,"label":"Flatbed Semi Trailer"}]},"featured_image_src_large":["https:\/\/www.pandamech.com\/wp-content\/uploads\/2022\/09\/Extendable-flatbed-3-500x500.jpg",500,500,true],"author_info":[],"comment_info":"","_links":{"self":[{"href":"https:\/\/www.pandamech.com\/france\/wp-json\/wp\/v2\/product\/21380","targetHints":{"allow":["GET"]}}],"collection":[{"href":"https:\/\/www.pandamech.com\/france\/wp-json\/wp\/v2\/product"}],"about":[{"href":"https:\/\/www.pandamech.com\/france\/wp-json\/wp\/v2\/types\/product"}],"version-history":[{"count":1,"href":"https:\/\/www.pandamech.com\/france\/wp-json\/wp\/v2\/product\/21380\/revisions"}],"predecessor-version":[{"id":91398,"href":"https:\/\/www.pandamech.com\/france\/wp-json\/wp\/v2\/product\/21380\/revisions\/91398"}],"wp:featuredmedia":[{"embeddable":true,"href":"https:\/\/www.pandamech.com\/france\/wp-json\/wp\/v2\/media\/58037"}],"wp:attachment":[{"href":"https:\/\/www.pandamech.com\/france\/wp-json\/wp\/v2\/media?parent=21380"}],"wp:term":[{"taxonomy":"product_brand","embeddable":true,"href":"https:\/\/www.pandamech.com\/france\/wp-json\/wp\/v2\/product_brand?post=21380"},{"taxonomy":"product_cat","embeddable":true,"href":"https:\/\/www.pandamech.com\/france\/wp-json\/wp\/v2\/product_cat?post=21380"},{"taxonomy":"product_tag","embeddable":true,"href":"https:\/\/www.pandamech.com\/france\/wp-json\/wp\/v2\/product_tag?post=21380"}],"curies":[{"name":"wp","href":"https:\/\/api.w.org\/{rel}","templated":true}]}}