{"id":21377,"date":"2022-05-19T19:02:46","date_gmt":"2022-05-19T11:02:46","guid":{"rendered":"http:\/\/pandamech.com\/?post_type=product&#038;p=21377"},"modified":"2025-08-23T01:08:27","modified_gmt":"2025-08-22T17:08:27","slug":"10-axle-lowboy-trailer","status":"publish","type":"product","link":"https:\/\/www.pandamech.com\/france\/product\/10-axle-lowboy-trailer\/","title":{"rendered":"Remorque surbaiss\u00e9e \u00e0 10 essieux"},"content":{"rendered":"<p>La remorque \u00e0 plate-forme surbaiss\u00e9e \u00e0 10 essieux est g\u00e9n\u00e9ralement utilis\u00e9e pour le transport d'\u00e9oliennes, de navires, d'\u00e9quipements de construction, d'entr\u00e9es de pont, de grues, de transformateurs et d'autres machines et \u00e9quipements similaires. La remorque \u00e0 plate-forme surbaiss\u00e9e de 100 tonnes est dot\u00e9e d'une structure \u00e0 10 essieux, ce qui lui conf\u00e8re une hauteur globale inf\u00e9rieure \u00e0 celle des autres remorques \u00e0 plate-forme, ce qui la rend plus pratique \u00e0 transporter.<\/p>\n<h2>10 Axle lowboy trailer image<\/h2>\n<p><img fetchpriority=\"high\" decoding=\"async\" class=\"wp-image-57726 size-full\" src=\"https:\/\/pandamech.com\/wp-content\/uploads\/2022\/08\/10-axle-lowbed-trailer-e1665709862210.jpg\" alt=\"Remorque surbaiss\u00e9e \u00e0 10 essieux\" width=\"800\" height=\"534\" title=\"\" srcset=\"https:\/\/www.pandamech.com\/wp-content\/uploads\/2022\/08\/10-axle-lowbed-trailer-e1665709862210.jpg 800w, https:\/\/www.pandamech.com\/wp-content\/uploads\/2022\/08\/10-axle-lowbed-trailer-e1665709862210-300x200.jpg 300w, https:\/\/www.pandamech.com\/wp-content\/uploads\/2022\/08\/10-axle-lowbed-trailer-e1665709862210-500x334.jpg 500w, https:\/\/www.pandamech.com\/wp-content\/uploads\/2022\/08\/10-axle-lowbed-trailer-e1665709862210-18x12.jpg 18w\" sizes=\"(max-width: 800px) 100vw, 800px\" \/><\/p>\n<p>10 essieux 100\/120 tonnes lowboy camion remorque de transport \u00e0 vendre<\/p>\n<h2>Sp\u00e9cifications de la remorque \u00e0 plate-forme surbaiss\u00e9e de 100 tonnes \u00e0 10 essieux<\/h2>\n<p><strong>Capacit\u00e9 de la remorque surbaiss\u00e9e \u00e0 10 essieux<\/strong>: 100 \u00e0 120 tonnes<\/p>\n<p><strong>Essieux<\/strong>: BPW, FUWA ou marque chinoise certifi\u00e9e<\/p>\n<p><strong>Direction<\/strong>: Essieux autodirecteurs ou essieux directeurs hydrauliques<\/p>\n<p><strong>Accessoires<\/strong>: JOST ou la marque chinoise de la jambe de stationnement et du pivot.<\/p>\n<p><strong>Ch\u00e2ssis<\/strong>: Utilisation de l'acier de qualit\u00e9 ST<\/p>\n<p><strong>Suspension<\/strong>: Suspension pneumatique ou m\u00e9canique<\/p>\n<p><strong>Freins<\/strong>: Syst\u00e8me de freinage ABS et EBS<\/p>\n<p><strong>Jantes<\/strong>: Jantes en acier<\/p>\n<p><strong>Pneus<\/strong>: Pneus de marque Pirelli, Bridgestone, Goodyear<\/p>\n<p><strong>Rampe de chargement<\/strong>: Rampe hydraulique ou pneumatique<\/p>\n<p><strong>Rampe de chargement<\/strong><\/p>\n<p>- Il s'agit d'un syst\u00e8me pneumatique ou hydraulique. Le mouvement de la rampe est assur\u00e9 par l'installation d'un bouton couvert sur la partie arri\u00e8re. La largeur de la rampe doit \u00eatre de 800 ou 1000 mm selon le lit bas.<\/p>\n<p><strong>Ch\u00e2ssis<\/strong><\/p>\n<p>- Le rack pour chargeur surbaiss\u00e9 est soud\u00e9 par une machine \u00e0 souder submerg\u00e9e \u00e0 partir d'acier plat de 20 mm x 150 mm (qualit\u00e9 ST 52.3 A) en bas et en haut et d'une plaque de moyeu ST 52.3 de 10 mm. Il a une section en \u201cI\u201d et comporte \u00e9galement 4 pi\u00e8ces.<\/p>\n<p><strong>Plate-forme<\/strong><\/p>\n<p>- La partie centrale sup\u00e9rieure de la plate-forme doit \u00eatre recouverte d'une t\u00f4le de 3\/4 mm d'\u00e9paisseur conform\u00e9ment \u00e0 l'utilisation. Des rev\u00eatements en caoutchouc ou en bois dur doivent \u00eatre install\u00e9s sur les c\u00f4t\u00e9s de la plate-forme (aux endroits o\u00f9 se trouvent les palettes ou les roues) afin d'assurer une friction maximale.<\/p>\n<p><strong>Syst\u00e8me de freinage<\/strong><\/p>\n<p>- Mat\u00e9riel de freinage \u00e0 double circuit, 24\u201d Soufflet de frein de service mont\u00e9 sur l'essieu 3 24\u00d730\u201d Urgence<\/p>\n<p>Frein mont\u00e9 sur l'essieu 1 et l'essieu 2 Valve de r\u00e9partition de l'\u00e9quilibrage de la charge, R\u00e9gulateurs de frein automatiques ou manuels<\/p>\n<p>- ABS WAbco, freins EBS<\/p>\n<h2>Caract\u00e9ristiques de la remorque surbaiss\u00e9e de 100 tonnes<\/h2>\n<p><strong>Mat\u00e9riau<\/strong><\/p>\n<p>Capacit\u00e9 de charge sup\u00e9rieure, structure raisonnable, le cadre principal est fabriqu\u00e9 en acier \u00e0 haute r\u00e9sistance 16Mn, qui ne produit pas de d\u00e9formation permanente ; il peut \u00eatre renforc\u00e9 en fonction de la situation r\u00e9elle.<\/p>\n<p><strong>Conception<\/strong><\/p>\n<p>La remorque \u00e0 plate-forme surbaiss\u00e9e \u00e0 10 essieux adopte une structure \u00e0 grand col de cygne, le centre de gravit\u00e9 global est plus bas, la plate-forme de chargement est plus forte, la plate-forme de transport est plus grande, elle convient mieux au transport de certaines grandes cargaisons, de machines et d'\u00e9quipements, d'\u00e9quipements de construction. En m\u00eame temps, elle peut \u00e9galement \u00eatre con\u00e7ue comme une rampe hydraulique et \u00e0 ressort et un type de poutre concave, selon l'utilisation r\u00e9elle, nous vous fournirons des suggestions plus appropri\u00e9es.<\/p>\n<p><strong>Structure<\/strong><\/p>\n<p>La structure est constamment am\u00e9lior\u00e9e pour mieux r\u00e9pondre aux exigences de chargement et de d\u00e9chargement, et nous pouvons l'adapter \u00e0 vos besoins, avec une charge utile totale de 100 \u00e0 120 tonnes.<\/p>\n<p><strong>Performance<\/strong><\/p>\n<p>Les essieux, les pneus et les autres accessoires sont fabriqu\u00e9s par des marques r\u00e9put\u00e9es dans le pays et \u00e0 l'\u00e9tranger, avec une dur\u00e9e de vie plus longue et une meilleure qualit\u00e9.<\/p>\n<h2>Panda Mech<\/h2>\n<p>Panda Mech est un fabricant chinois de remorques surbaiss\u00e9es \u00e0 10 essieux. Nous avons une grande exp\u00e9rience dans la fabrication de remorque surbaiss\u00e9e 10 essieux 100\/120 tonnes. Nous offrons une vari\u00e9t\u00e9 de remorque surbaiss\u00e9e \u00e0 10 essieux pour la vente. Nous pouvons les personnaliser selon vos besoins. Nous avons obtenu des succ\u00e8s en Afrique, en Am\u00e9rique du Sud et en Asie du Sud-Est, tels que la Tanzanie, le Nigeria, le Kenya...<\/p>\n<p>Panda Mech fournit des remorques surbaiss\u00e9es de 100 tonnes, des remorques surbaiss\u00e9es de 120 tonnes \u00e0 10 essieux pour la vente, nous pouvons les personnaliser selon vos besoins.<\/p>\n<p><a href=\"https:\/\/www.pandamech.com\/france\/contact-us\/\" target=\"_blank\" rel=\"noopener\"><img decoding=\"async\" src=\"https:\/\/pandamech.com\/wp-content\/uploads\/2021\/08\/quotation.jpg\" alt=\"cotation\" width=\"864\" height=\"213\" title=\"\"><\/a><\/p>","protected":false},"excerpt":{"rendered":"<p>Type : Remorque surbaiss\u00e9e \u00e0 10 essieux de 100\/120 tonnes<\/p>\n<p>Gamme de prix : $19 500-38 500<\/p>\n<p>Livraison : 7-28 jours<\/p>\n<p>Dimensions : sur mesure<\/p>\n<p>Application : pour transporter une pelleteuse, une chargeuse sur pneus ou d'autres machines.<\/p>","protected":false},"featured_media":57727,"template":"","meta":{"_acf_changed":false,"_kad_blocks_custom_css":"","_kad_blocks_head_custom_js":"","_kad_blocks_body_custom_js":"","_kad_blocks_footer_custom_js":"","_kad_post_transparent":"default","_kad_post_title":"","_kad_post_layout":"default","_kad_post_sidebar_id":"","_kad_post_content_style":"default","_kad_post_vertical_padding":"default","_kad_post_feature":"","_kad_post_feature_position":"","_kad_post_header":false,"_kad_post_footer":false,"_kad_post_classname":""},"product_brand":[],"product_cat":[112],"product_tag":[],"class_list":{"0":"post-21377","1":"product","2":"type-product","3":"status-publish","4":"has-post-thumbnail","6":"product_cat-low-boy-trailer","8":"first","9":"instock","10":"sold-individually","11":"shipping-taxable","12":"purchasable","13":"product-type-simple","14":"entry","15":"content-bg","16":"loop-entry"},"acf":[],"taxonomy_info":{"product_cat":[{"value":112,"label":"Low Boy Trailer"}]},"featured_image_src_large":["https:\/\/www.pandamech.com\/wp-content\/uploads\/2022\/08\/10-axle-lowbed-trailer-500x375.jpg",500,375,true],"author_info":[],"comment_info":"","_links":{"self":[{"href":"https:\/\/www.pandamech.com\/france\/wp-json\/wp\/v2\/product\/21377","targetHints":{"allow":["GET"]}}],"collection":[{"href":"https:\/\/www.pandamech.com\/france\/wp-json\/wp\/v2\/product"}],"about":[{"href":"https:\/\/www.pandamech.com\/france\/wp-json\/wp\/v2\/types\/product"}],"version-history":[{"count":1,"href":"https:\/\/www.pandamech.com\/france\/wp-json\/wp\/v2\/product\/21377\/revisions"}],"predecessor-version":[{"id":91411,"href":"https:\/\/www.pandamech.com\/france\/wp-json\/wp\/v2\/product\/21377\/revisions\/91411"}],"wp:featuredmedia":[{"embeddable":true,"href":"https:\/\/www.pandamech.com\/france\/wp-json\/wp\/v2\/media\/57727"}],"wp:attachment":[{"href":"https:\/\/www.pandamech.com\/france\/wp-json\/wp\/v2\/media?parent=21377"}],"wp:term":[{"taxonomy":"product_brand","embeddable":true,"href":"https:\/\/www.pandamech.com\/france\/wp-json\/wp\/v2\/product_brand?post=21377"},{"taxonomy":"product_cat","embeddable":true,"href":"https:\/\/www.pandamech.com\/france\/wp-json\/wp\/v2\/product_cat?post=21377"},{"taxonomy":"product_tag","embeddable":true,"href":"https:\/\/www.pandamech.com\/france\/wp-json\/wp\/v2\/product_tag?post=21377"}],"curies":[{"name":"wp","href":"https:\/\/api.w.org\/{rel}","templated":true}]}}