{"id":21376,"date":"2022-05-20T19:02:46","date_gmt":"2022-05-20T11:02:46","guid":{"rendered":"http:\/\/pandamech.com\/?post_type=product&#038;p=21376"},"modified":"2025-10-13T15:40:26","modified_gmt":"2025-10-13T07:40:26","slug":"lpg-gas-tank-trailer-p00129p1-html","status":"publish","type":"product","link":"https:\/\/www.pandamech.com\/france\/product\/lpg-gas-tank-trailer-p00129p1-html\/","title":{"rendered":"Remorque-citerne GPL \u00e0 vendre"},"content":{"rendered":"<p>GPL est l'abr\u00e9viation de gaz de p\u00e9trole liqu\u00e9fi\u00e9. La remorque-citerne GPL est principalement utilis\u00e9e pour transporter divers gaz liqu\u00e9fi\u00e9s, notamment l'ammoniac liquide, le propane, le propyl\u00e8ne, l'\u00e9ther dim\u00e9thylique, la graisse isobutylique et le butadi\u00e8ne.<\/p>\n<p>Les autres gaz liqu\u00e9fi\u00e9s qui peuvent \u00eatre transport\u00e9s dans les remorques GPL sont la m\u00e9thylamine et l'ac\u00e9tald\u00e9hyde. Dans des conditions id\u00e9ales, la pression maximale de service du transporteur est sup\u00e9rieure ou \u00e9gale \u00e0 0,1 MPa.<\/p>\n<h2>Application<\/h2>\n<p>Selon l'utilisation, il peut \u00eatre divis\u00e9 en semi-remorque de transport de propane, semi-remorque de transport de propyl\u00e8ne, semi-remorque de transport d'\u00e9ther dim\u00e9thylique, semi-remorque de transport d'ammoniac liquide, semi-remorque de transport de m\u00e9thylamine, semi-remorque de transport d'ac\u00e9tald\u00e9hyde.<\/p>\n<p>Le camion-citerne GPL peut contenir 6 000 litres. En r\u00e8gle g\u00e9n\u00e9rale, la remorque-citerne GPL est utilis\u00e9e pour le transport sur de longues distances, tandis que pour le transport sur de courtes distances, on utilise g\u00e9n\u00e9ralement le camion-citerne GPL.<\/p>\n<h2>Images de la remorque GPL<\/h2>\n<p><img fetchpriority=\"high\" decoding=\"async\" class=\"size-full wp-image-22174\" src=\"https:\/\/pandamech.com\/wp-content\/uploads\/2021\/08\/8-62-1.jpg\" alt=\"remorque \u00e0 gaz liqu\u00e9fi\u00e9 \u00e0 vendre\" width=\"800\" height=\"533\" title=\"\"><br \/>\nRemorque-citerne GPL<\/p>\n<p><img decoding=\"async\" class=\"size-full wp-image-22175\" src=\"https:\/\/pandamech.com\/wp-content\/uploads\/2021\/08\/9-31-1.jpg\" alt=\"remorque \u00e0 gaz liqu\u00e9fi\u00e9 \u00e0 vendre\" width=\"800\" height=\"533\" title=\"\"><br \/>\nVente de remorques-citernes pour gaz de p\u00e9trole liqu\u00e9fi\u00e9<\/p>\n<p><img decoding=\"async\" class=\"size-full wp-image-22176\" src=\"https:\/\/pandamech.com\/wp-content\/uploads\/2021\/08\/10-5-1.jpg\" alt=\"remorque \u00e0 gaz liqu\u00e9fi\u00e9 \u00e0 vendre\" width=\"800\" height=\"533\" title=\"\"><\/p>\n<p><a href=\"\/category\/gas-tanker\/lpg\/\">Remorque GPL<\/a> fabricants<\/p>\n<h2>Sp\u00e9cifications des remorques GPL<\/h2>\n<table style=\"width: 800px;\" border=\"1\" cellspacing=\"1\" cellpadding=\"1\">\n<tbody>\n<tr style=\"height: 30px;\">\n<td style=\"height: 30px;\" width=\"306\">\u00a0Fabricant<\/td>\n<td style=\"height: 30px;\" width=\"421\">\u00a0Remorque Panda Mech LPG<\/td>\n<\/tr>\n<tr style=\"height: 106px;\">\n<td style=\"height: 106px;\">\u00a0Code de conception et de fabrication<\/td>\n<td style=\"height: 106px;\">\u00a0Norme ASME<\/td>\n<\/tr>\n<tr style=\"height: 30px;\">\n<td style=\"height: 30px;\">\u00a0Capacit\u00e9 de la citerne \u00e0 gaz<\/td>\n<td style=\"height: 30px;\">\u00a057.5m3, 59.5 m3, 60.3 m3, 10000-16000 gallons.<\/td>\n<\/tr>\n<tr style=\"height: 46px;\">\n<td style=\"height: 46px;\">\u00a0Liquide<\/td>\n<td style=\"height: 46px;\">\u00a0LP. GAZ (non corrosif)<\/td>\n<\/tr>\n<tr style=\"height: 46px;\">\n<td style=\"height: 46px;\">\u00a0Essieu<\/td>\n<td style=\"height: 46px;\">\u00a02 essieux, 3 essieux, 4 essieux<\/td>\n<\/tr>\n<tr style=\"height: 106px;\">\n<td style=\"height: 106px;\">\u00a0Poids \u00e0 vide d'un camion-citerne de propane<\/td>\n<td style=\"height: 106px;\">\u00a017300kg<\/td>\n<\/tr>\n<tr style=\"height: 106px;\">\n<td style=\"height: 106px;\">\u00a0Masse maximale autoris\u00e9e<\/td>\n<td style=\"height: 106px;\">\u00a026130kg<\/td>\n<\/tr>\n<tr style=\"height: 30px;\">\n<td style=\"height: 30px;\">\u00a0Poids brut du v\u00e9hicule<\/td>\n<td style=\"height: 30px;\">\u00a043430kg<\/td>\n<\/tr>\n<tr style=\"height: 46px;\">\n<td style=\"height: 46px;\">\u00a0Roi Ping<\/td>\n<td style=\"height: 46px;\">\u00a017300kg<\/td>\n<\/tr>\n<tr style=\"height: 46px;\">\n<td style=\"height: 46px;\">\u00a0Mat\u00e9riel de course<\/td>\n<td style=\"height: 46px;\">\u00a026130kg<\/td>\n<\/tr>\n<tr style=\"height: 46px;\">\n<td style=\"height: 46px;\">\u00a0Poids du r\u00e9servoir<\/td>\n<td style=\"height: 46px;\">\u00a011700kg<\/td>\n<\/tr>\n<tr style=\"height: 30px;\">\n<td style=\"height: 30px;\">\u00a0Pression nominale<\/td>\n<td style=\"height: 30px;\">\u00a01,724 MPa<\/td>\n<\/tr>\n<tr style=\"height: 30px;\">\n<td style=\"height: 30px;\">\u00a0Temp\u00e9rature de conception<\/td>\n<td style=\"height: 30px;\">\u00a0-23.3\/51.7,<\/td>\n<\/tr>\n<tr style=\"height: 30px;\">\n<td style=\"height: 30px;\">\u00a0Diam\u00e8tre int\u00e9rieur<\/td>\n<td style=\"height: 30px;\">\u00a02470mm<\/td>\n<\/tr>\n<tr style=\"height: 30px;\">\n<td style=\"height: 30px;\">\u00a0Longueur totale du navire<\/td>\n<td style=\"height: 30px;\">\u00a012938 mm<\/td>\n<\/tr>\n<tr style=\"height: 30px;\">\n<td style=\"height: 30px;\">\u00a0Essai de pression hydrostatique<\/td>\n<td style=\"height: 30px;\">\u00a02,25MPa<\/td>\n<\/tr>\n<tr style=\"height: 30px;\">\n<td style=\"height: 30px;\">\u00a0Pression d'essai d'\u00e9tanch\u00e9it\u00e9 \u00e0 l'air<\/td>\n<td style=\"height: 30px;\">\u00a01,724 MPa<\/td>\n<\/tr>\n<tr style=\"height: 30px;\">\n<td style=\"height: 30px;\">\u00a0\u00c9paisseur nominale<\/td>\n<td style=\"height: 30px;\">\u00a014 Coquilles \/8mm<\/td>\n<\/tr>\n<tr style=\"height: 30px;\">\n<td style=\"height: 30px;\">\u00a0Taille des citernes de propane<\/td>\n<td style=\"height: 30px;\">\u00a013238(L)\/2640(L)\/4050(H) mm<\/td>\n<\/tr>\n<tr style=\"height: 46px;\">\n<td style=\"height: 46px;\">\u00a0Entretoise de roue<\/td>\n<td style=\"height: 46px;\">\u00a07785+1320+1320 mm<\/td>\n<\/tr>\n<tr style=\"height: 46px;\">\n<td style=\"height: 46px;\">\u00a0Mat\u00e9riaux<\/td>\n<td style=\"height: 46px;\">\u00a0SA-612M(N)<\/td>\n<\/tr>\n<tr style=\"height: 46px;\">\n<td style=\"height: 46px;\"><a href=\"\/france\/contact-us\/\">Demande de renseignements<\/a><\/td>\n<td style=\"height: 46px;\"><a href=\"\/france\/contact-us\/\">Obtenir un devis gratuit<\/a><\/td>\n<\/tr>\n<\/tbody>\n<\/table>\n<h2>Caract\u00e9ristiques des remorques GPL<\/h2>\n<ul>\n<li>Entra\u00eenement de la pompe hydraulique<\/li>\n<li>Syst\u00e8me de verrouillage des freins<\/li>\n<li>Suspension pneumatique<\/li>\n<li>Vannes internes pneumatiques<\/li>\n<li>Acier inoxydable<\/li>\n<li>ch\u00e2ssis<\/li>\n<li>Essieu de levage<\/li>\n<li>Charge utile maximale gr\u00e2ce \u00e0<\/li>\n<li>poids \u00e9gal<\/li>\n<li>r\u00e9partition entre<\/li>\n<li>essieux<\/li>\n<li>Peinture personnalis\u00e9e<\/li>\n<\/ul>\n<h2>Prix des camions-citernes de GPL :<\/h2>\n<p>Prix de la citerne de gaz GPL : $22,500-45,000 (Les taux de fret maritime changent fr\u00e9quemment et nous vous recommanderons le bon moment pour acheter).<\/p>\n<h2>Panda Mech - Fabricant de remorques-citernes GPL<\/h2>\n<p>Panda Mech est un fabricant chinois de remorques porte-citernes GPL. Nous fournissons 59.6 CBM de remorque de transport de r\u00e9servoir de GPL \u00e0 vendre. Nous pouvons la personnaliser selon vos besoins.<\/p>\n<p>Les fabricants de Panda Mech ont r\u00e9ussi \u00e0 s'imposer en Asie du Sud-Est, au Moyen-Orient, en Afrique et en Am\u00e9rique du Sud, notamment aux Philippines, en Tanzanie, etc...\u00a0<u><a href=\"https:\/\/www.pandamech.com\/france\/about\/\" rel=\"nofollow noopener\" name=\"662ae8fb-4e4e-4cc5-876a-6bfaecae5a2d\" target=\"_blank\">En savoir plus sur le panda<\/a><\/u><\/p>","protected":false},"excerpt":{"rendered":"<p>Type : Remorque citerne GPL<\/p>\n<p>Gamme de prix : $22 500-45 000<\/p>\n<p>Livraison : 7-25 jours<\/p>\n<p>Certification : ISO9001, CCC<\/p>\n<p>Application : transport de gpl, d'ammoniac liquide, de propane, de propyl\u00e8ne, d'\u00e9ther dim\u00e9thylique, de graisse isobutylique et de butadi\u00e8ne.<\/p>","protected":false},"featured_media":57774,"template":"","meta":{"_acf_changed":false,"_kad_blocks_custom_css":"","_kad_blocks_head_custom_js":"","_kad_blocks_body_custom_js":"","_kad_blocks_footer_custom_js":"","_kad_post_transparent":"default","_kad_post_title":"","_kad_post_layout":"default","_kad_post_sidebar_id":"","_kad_post_content_style":"default","_kad_post_vertical_padding":"default","_kad_post_feature":"","_kad_post_feature_position":"","_kad_post_header":false,"_kad_post_footer":false,"_kad_post_classname":""},"product_brand":[],"product_cat":[15],"product_tag":[],"class_list":{"0":"post-21376","1":"product","2":"type-product","3":"status-publish","4":"has-post-thumbnail","6":"product_cat-uncategorized","8":"first","9":"instock","10":"sold-individually","11":"shipping-taxable","12":"purchasable","13":"product-type-simple","14":"entry","15":"content-bg","16":"loop-entry"},"acf":[],"taxonomy_info":{"product_cat":[{"value":15,"label":"Uncategorized"}]},"featured_image_src_large":["https:\/\/www.pandamech.com\/wp-content\/uploads\/2022\/08\/2-77-500x500.jpg",500,500,true],"author_info":[],"comment_info":"","_links":{"self":[{"href":"https:\/\/www.pandamech.com\/france\/wp-json\/wp\/v2\/product\/21376","targetHints":{"allow":["GET"]}}],"collection":[{"href":"https:\/\/www.pandamech.com\/france\/wp-json\/wp\/v2\/product"}],"about":[{"href":"https:\/\/www.pandamech.com\/france\/wp-json\/wp\/v2\/types\/product"}],"version-history":[{"count":1,"href":"https:\/\/www.pandamech.com\/france\/wp-json\/wp\/v2\/product\/21376\/revisions"}],"predecessor-version":[{"id":91410,"href":"https:\/\/www.pandamech.com\/france\/wp-json\/wp\/v2\/product\/21376\/revisions\/91410"}],"wp:featuredmedia":[{"embeddable":true,"href":"https:\/\/www.pandamech.com\/france\/wp-json\/wp\/v2\/media\/57774"}],"wp:attachment":[{"href":"https:\/\/www.pandamech.com\/france\/wp-json\/wp\/v2\/media?parent=21376"}],"wp:term":[{"taxonomy":"product_brand","embeddable":true,"href":"https:\/\/www.pandamech.com\/france\/wp-json\/wp\/v2\/product_brand?post=21376"},{"taxonomy":"product_cat","embeddable":true,"href":"https:\/\/www.pandamech.com\/france\/wp-json\/wp\/v2\/product_cat?post=21376"},{"taxonomy":"product_tag","embeddable":true,"href":"https:\/\/www.pandamech.com\/france\/wp-json\/wp\/v2\/product_tag?post=21376"}],"curies":[{"name":"wp","href":"https:\/\/api.w.org\/{rel}","templated":true}]}}