{"id":21375,"date":"2025-09-02T17:02:46","date_gmt":"2025-09-02T09:02:46","guid":{"rendered":"http:\/\/pandamech.com\/?post_type=product&#038;p=21375"},"modified":"2025-09-06T15:20:43","modified_gmt":"2025-09-06T07:20:43","slug":"coal-side-tipper-trailer-p00248p1-html","status":"publish","type":"product","link":"https:\/\/www.pandamech.com\/france\/product\/coal-side-tipper-trailer-p00248p1-html\/","title":{"rendered":"Remorque \u00e0 benne basculante pour charbon \u00e0 vendre"},"content":{"rendered":"<p>La remorque \u00e0 benne \u00e0 charbon est \u00e9galement connue sous le nom de camion \u00e0 benne \u00e0 charbon. La remorque \u00e0 benne basculante est principalement utilis\u00e9e pour le transport du charbon, car elle pr\u00e9sente des caract\u00e9ristiques uniques. On la voit souvent dans les mines. Le principal avantage de ce camion par rapport \u00e0 une semi-remorque \u00e0 benne basculante standard est sa plus grande capacit\u00e9 de transport et sa plus grande efficacit\u00e9. Selon lui, chaque transport permet d'\u00e9conomiser environ 5% par rapport aux m\u00e9thodes pr\u00e9c\u00e9dentes. C'est ce que m'a dit mon premier client.<\/p>\n<p>&nbsp;<\/p>\n<h2>Images de la remorque de la benne \u00e0 charbon<\/h2>\n<p><img fetchpriority=\"high\" decoding=\"async\" class=\"alignnone\" src=\"\/wp-content\/uploads\/u_file\/a07996dc2e.jpg\" alt=\"Fabricant de remorques de camions \u00e0 benne basculante pour le charbon\" width=\"800\" height=\"533\" title=\"\"><\/p>\n<p>Semi-remorque \u00e0 benne basculante pour charbon \u00e0 vendre en Chine<\/p>\n<p><img decoding=\"async\" class=\"alignnone\" src=\"\/wp-content\/uploads\/u_file\/565902e265.jpg\" alt=\"Remorque \u00e0 benne basculante pour charbon usine en Chine\" width=\"800\" height=\"533\" title=\"\"><\/p>\n<p>Charbon \u00e0 trois essieux <a href=\"https:\/\/www.pandamech.com\/france\/category\/tipper-trailer\/\" target=\"_blank\" rel=\"noopener\">remorques \u00e0 benne basculante \u00e0 vendre<\/a><\/p>\n<p>&nbsp;<\/p>\n<h2>Sp\u00e9cification de la remorque \u00e0 benne basculante pour le charbon<\/h2>\n<table style=\"width: 800px;\" border=\"1\" cellspacing=\"1\" cellpadding=\"1\">\n<tbody>\n<tr>\n<td width=\"313\" height=\"34\">\u00a0Fabricant<\/td>\n<td width=\"425\">\u00a0Panda Mech<\/td>\n<\/tr>\n<tr>\n<td height=\"34\">\u00a0Dimension<\/td>\n<td>\u00a010230\u00d72 500\u00d73 230mm * 2<\/td>\n<\/tr>\n<tr>\n<td height=\"34\">\u00a0Corps \u00e0 l'int\u00e9rieur<\/td>\n<td><\/td>\n<\/tr>\n<tr>\n<td height=\"34\">\u00a0Volume<\/td>\n<td>\u00a040-100 tonnes<\/td>\n<\/tr>\n<tr>\n<td height=\"34\">\u00a0Plancher<\/td>\n<td>\u00a06-8mm Acier \u00e0 haute r\u00e9sistance<\/td>\n<\/tr>\n<tr>\n<td height=\"34\">\u00a0Paroi lat\u00e9rale<\/td>\n<td>\u00a03-5mm Acier \u00e0 haute r\u00e9sistance<\/td>\n<\/tr>\n<tr>\n<td height=\"34\">\u00a0Poutre<\/td>\n<td>\u00a0Domex 600 ou \u00e9quivalent, section \u201cI\u201d en acier, double \u00e2me<\/td>\n<\/tr>\n<tr>\n<td height=\"34\">\u00a0Cylindre<\/td>\n<td>\u00a06 jeux de cylindres inf\u00e9rieurs<\/td>\n<\/tr>\n<tr>\n<td height=\"34\">\u00a0Essieu<\/td>\n<td>\u00a03 essieux, essieu tandem<\/td>\n<\/tr>\n<tr>\n<td height=\"34\">\u00a0Pneu<\/td>\n<td>\u00a012.00R20 \/ 13R22.5 ou personnalis\u00e9<\/td>\n<\/tr>\n<tr>\n<td height=\"34\">\u00a0Suspension<\/td>\n<td>\u00a0M\u00e9canique \/ Air \/ Bogie en option<\/td>\n<\/tr>\n<tr>\n<td height=\"34\">\u00a0Jambes<\/td>\n<td>\u00a0Type interchangeable JOST<\/td>\n<\/tr>\n<tr>\n<td height=\"34\">\u00a0Frein<\/td>\n<td>\u00a0Syst\u00e8me de freinage pneumatique double, chambre et valve WABCO<\/td>\n<\/tr>\n<tr>\n<td height=\"34\">\u00a0Syst\u00e8me \u00e9lectrique<\/td>\n<td>\u00a012v\/24v, c\u00e2ble 7 lignes, lumi\u00e8re Led<\/td>\n<\/tr>\n<tr>\n<td height=\"28\">\u00a0 Pi\u00e8ces d\u00e9tach\u00e9es<\/td>\n<td>\u00a0Syst\u00e8me \u00e9lectrique, syst\u00e8me de freinage, essieu, pneu, suspension, verrou, kit.<\/td>\n<\/tr>\n<tr>\n<td height=\"28\"><a href=\"\/france\/contact-us\/\">Demande de renseignements<\/a><\/td>\n<td><a href=\"\/france\/contact-us\/\">Obtenir un devis gratuit<\/a><\/td>\n<\/tr>\n<\/tbody>\n<\/table>\n<p>&nbsp;<\/p>\n<h2>Avantage de la remorque \u00e0 charbon<\/h2>\n<h3>1. Grande capacit\u00e9 de transport de charbon en vrac<\/h3>\n<p>Les remorques \u00e0 benne basculante pour le charbon sont construites avec des carrosseries \u00e0 grand volume, ce qui permet aux op\u00e9rateurs de d\u00e9placer une grande quantit\u00e9 de charbon en un seul voyage. Cela permet de r\u00e9duire les trajets aller-retour, de diminuer la consommation de carburant et de maximiser l'efficacit\u00e9 du transport. Le co\u00fbt du transport peut \u00eatre r\u00e9duit d'environ 5% \u00e0 chaque fois.<\/p>\n<h3>2. D\u00e9chargement rapide et efficace<\/h3>\n<p>La remorque basculante pour charbon est \u00e9quip\u00e9e d'un puissant syst\u00e8me hydraulique avant (v\u00e9rins HYVA), qui permet de soulever rapidement la benne et de d\u00e9verser le charbon en douceur par l'arri\u00e8re. L'angle de basculement tr\u00e8s prononc\u00e9 emp\u00eache les mat\u00e9riaux de coller \u00e0 l'int\u00e9rieur, ce qui permet de gagner du temps lors du d\u00e9chargement et de r\u00e9duire les co\u00fbts de main-d'\u0153uvre.<\/p>\n<h3>3. Conception robuste et durabilit\u00e9 \u00e0 long terme<\/h3>\n<p>La carrosserie de la remorque du camion-benne \u00e0 charbon est fabriqu\u00e9e en acier r\u00e9sistant \u00e0 l'usure, avec une plaque de fond de 8 mm et des parois lat\u00e9rales renforc\u00e9es, con\u00e7ues pour r\u00e9sister \u00e0 la nature abrasive du charbon. La forme en U ou la conception en caisson augmente la r\u00e9sistance structurelle, tandis que les essieux et les suspensions robustes garantissent la stabilit\u00e9, m\u00eame \u00e0 pleine charge.<\/p>\n<h3>4. S\u00e9curit\u00e9 accrue en fonctionnement<\/h3>\n<p>Les remorques \u00e0 benne \u00e0 charbon sont \u00e9quip\u00e9es de freins pneumatiques \u00e0 double circuit, d'\u00e9chelles antid\u00e9rapantes et de soupapes de s\u00e9curit\u00e9 hydrauliques pour \u00e9viter les chutes soudaines. Des marquages r\u00e9fl\u00e9chissants et des dispositifs de protection anti-encastrement garantissent \u00e9galement la s\u00e9curit\u00e9 pendant le transport routier et sur les sites de chargement.<\/p>\n<p>&nbsp;<\/p>\n<h2>Panda Mech<\/h2>\n<p>Panda Mech est un fabricant chinois de remorques basculantes pour charbon. Nous fournissons des remorques de camion \u00e0 benne basculante pour charbon \u00e0 vendre. Les fabricants de Panda Mech ont connu le succ\u00e8s en Asie du Sud-Est, au Moyen-Orient, en Afrique et en Am\u00e9rique du Sud, notamment aux Philippines, en Tanzanie, au Nigeria, etc.<u><a href=\"https:\/\/www.pandamech.com\/france\/about\/\" rel=\"nofollow noopener\" name=\"662ae8fb-4e4e-4cc5-876a-6bfaecae5a2d\" target=\"_blank\">En savoir plus sur le panda<\/a><\/u><\/p>\n<p><a href=\"\/france\/contact-us\/\" rel=\"nofollow\"><img decoding=\"async\" src=\"https:\/\/pandamech.com\/wp-content\/uploads\/u_file\/db8ce19fe3.jpg\" alt=\"camion \u00e0 benne lat\u00e9rale semi-remorque \u00e0 vendre\" title=\"\"><\/a><\/p>\n<p>En rapport :<\/p>\n<p><a href=\"https:\/\/www.pandamech.com\/france\/product\/40-ton-half-round-end-dump-trailer\/\">Semi-remorque benne de 40 tonnes<\/a><\/p>\n<p><a href=\"https:\/\/www.pandamech.com\/france\/product\/50-ton-high-side-end-dump-trailer\/\">Semi-remorque benne de 50 tonnes<\/a><\/p>\n<p><a href=\"https:\/\/www.pandamech.com\/france\/product\/4-axle-tipper-trailer-for-sale\/\">Semi-remorque \u00e0 benne basculante \u00e0 4 essieux<\/a><\/p>","protected":false},"excerpt":{"rendered":"<p><strong>Mod\u00e8le<\/strong>: benne lat\u00e9rale \u00e0 charbon<\/p>\n<p><strong>Fourchette de prix<\/strong>: 25 000-59 000 USD<\/p>\n<p><strong>Date de livraison<\/strong>7-25 jours<\/p>\n<p><strong>Application<\/strong>Transport Charbon<\/p>\n<p><strong>Syst\u00e8me hydraulique<\/strong>: Marque HYVA Holland<\/p>\n<p><strong>Corps de la bo\u00eete<\/strong>: Hardox450 et \u00e9quivalent<\/p>","protected":false},"featured_media":57752,"template":"","meta":{"_acf_changed":false,"_kad_blocks_custom_css":"","_kad_blocks_head_custom_js":"","_kad_blocks_body_custom_js":"","_kad_blocks_footer_custom_js":"","_kad_post_transparent":"default","_kad_post_title":"","_kad_post_layout":"default","_kad_post_sidebar_id":"","_kad_post_content_style":"default","_kad_post_vertical_padding":"default","_kad_post_feature":"","_kad_post_feature_position":"","_kad_post_header":false,"_kad_post_footer":false,"_kad_post_classname":""},"product_brand":[],"product_cat":[113],"product_tag":[],"class_list":{"0":"post-21375","1":"product","2":"type-product","3":"status-publish","4":"has-post-thumbnail","6":"product_cat-side-tipper","8":"first","9":"instock","10":"sold-individually","11":"shipping-taxable","12":"purchasable","13":"product-type-simple","14":"entry","15":"content-bg","16":"loop-entry"},"acf":[],"taxonomy_info":{"product_cat":[{"value":113,"label":"Side Tipper"}]},"featured_image_src_large":["https:\/\/www.pandamech.com\/wp-content\/uploads\/2022\/08\/2-30-500x500.jpg",500,500,true],"author_info":[],"comment_info":"","_links":{"self":[{"href":"https:\/\/www.pandamech.com\/france\/wp-json\/wp\/v2\/product\/21375","targetHints":{"allow":["GET"]}}],"collection":[{"href":"https:\/\/www.pandamech.com\/france\/wp-json\/wp\/v2\/product"}],"about":[{"href":"https:\/\/www.pandamech.com\/france\/wp-json\/wp\/v2\/types\/product"}],"version-history":[{"count":5,"href":"https:\/\/www.pandamech.com\/france\/wp-json\/wp\/v2\/product\/21375\/revisions"}],"predecessor-version":[{"id":91540,"href":"https:\/\/www.pandamech.com\/france\/wp-json\/wp\/v2\/product\/21375\/revisions\/91540"}],"wp:featuredmedia":[{"embeddable":true,"href":"https:\/\/www.pandamech.com\/france\/wp-json\/wp\/v2\/media\/57752"}],"wp:attachment":[{"href":"https:\/\/www.pandamech.com\/france\/wp-json\/wp\/v2\/media?parent=21375"}],"wp:term":[{"taxonomy":"product_brand","embeddable":true,"href":"https:\/\/www.pandamech.com\/france\/wp-json\/wp\/v2\/product_brand?post=21375"},{"taxonomy":"product_cat","embeddable":true,"href":"https:\/\/www.pandamech.com\/france\/wp-json\/wp\/v2\/product_cat?post=21375"},{"taxonomy":"product_tag","embeddable":true,"href":"https:\/\/www.pandamech.com\/france\/wp-json\/wp\/v2\/product_tag?post=21375"}],"curies":[{"name":"wp","href":"https:\/\/api.w.org\/{rel}","templated":true}]}}